{"id":275,"date":"2015-12-03T23:52:43","date_gmt":"2015-12-03T22:52:43","guid":{"rendered":"http:\/\/agora.xtec.cat\/esc-jmaragall\/?page_id=275"},"modified":"2022-11-25T12:32:02","modified_gmt":"2022-11-25T11:32:02","slug":"qui-som","status":"publish","type":"page","link":"https:\/\/agora.xtec.cat\/esc-jmaragall\/lescola\/qui-som\/","title":{"rendered":"QUI SOM?"},"content":{"rendered":"<p style=\"text-align: justify;\">Som una escola p\u00fablica, catalana, acollidora i inclusiva, que eduquem persones amb l\u2019objectiu que arribin a ser competents, solid\u00e0ries, creatives, aut\u00f2nomes, cr\u00edtiques, felices, responsables, respectuoses i, integrades i compromeses amb l\u2019entorn que ens envolta i amb una societat plural i en constant transformaci\u00f3.<\/p>\n<p style=\"text-align: justify;\">Com a escola, ens caracteritza la integraci\u00f3 de les noves tecnologies en totes les \u00e0rees curriculars, l\u2019aprofitament de recursos espec\u00edfics per garantir una inclusi\u00f3 de qualitat (SIEI), l&#8217;aposta per l&#8217;educaci\u00f3 art\u00edstica com a foment de la creativitat&#8230; I la utilitzaci\u00f3 de metodologies de treball que portin a un aprenentatge cooperatiu i globalitzat.<\/p>\n<p style=\"text-align: justify;\">Tot aix\u00f2 comptant amb els suport, la implicaci\u00f3 i la cooperaci\u00f3 de tota la comunitat educativa.<\/p>\n<h1 style=\"text-align: left;\"><span style=\"font-size: 24pt;\">Qu\u00e8 pretenem?<\/span><\/h1>\n<p style=\"text-align: justify;\"><strong>Promoure<\/strong> la metodologia de treball cooperatiu tant en l\u2019\u00e0mbit dels professionals de l\u2019educaci\u00f3 com dels alumnes, fomentant la cultura de l\u2019esfor\u00e7 i fent extensives a tots els nivells, estrat\u00e8gies globalitzadores i que afavoreixin la iniciativa personal com: el treball per projectes, el treball transversal i els racons, amb l\u2019objectiu de formar l&#8217;alumnat aut\u00f2nom, motivat, creatiu i competent.<\/p>\n<p style=\"text-align: justify;\"><strong>Fomentar<\/strong> la col\u00b7laboraci\u00f3 i participaci\u00f3 de les fam\u00edlies en tots els cicles; sent una escola flexible, oberta, participativa i propera a la comunitat i a l\u2019entorn.<\/p>\n<p style=\"text-align: justify;\"><strong>Vetllar<\/strong> per a optimitzar i renovar els recursos humans i materials necessaris per a avan\u00e7ar vers una educaci\u00f3 inclusiva de qualitat, generalitzar l\u2019\u00fas de les TIC en tots els \u00e0mbits i consolidar els projectes d&#8217;innovaci\u00f3 realitzats a l\u2019escola<\/p>\n<h1 style=\"text-align: justify;\"><span style=\"font-size: 24pt;\">Els nostres valors<\/span><\/h1>\n<p>Els valors que ens caracteritzen son:<\/p>\n<ul>\n<li>Ser aut\u00f2noms i responsables davant de les tasques.<\/li>\n<li>Mostrar esfor\u00e7 per millorar davant de qualsevol activitat.<\/li>\n<li>Respectar la difer\u00e8ncia mostrant empatia vers els altres.<\/li>\n<li>Mostrar-se obert i respectu\u00f3s amb les aportacions dels altres, els canvis i les innovacions.<\/li>\n<li>Treballar amb il\u00b7lusi\u00f3 i optimisme.<\/li>\n<li>Mantenir un clima agradable i respectu\u00f3s.<\/li>\n<li>Mantenir una actitud de di\u00e0leg i de mediaci\u00f3 davant els conflictes.<\/li>\n<li>Tractar correctament les instal\u00b7lacions i el material com\u00fa.<\/li>\n<li>Participar en la recollida selectiva dels materials i les deixalles.<\/li>\n<\/ul>\n","protected":false},"excerpt":{"rendered":"<p>Som una escola p\u00fablica, catalana, acollidora i inclusiva, que eduquem persones amb l\u2019objectiu que arribin a ser competents, solid\u00e0ries, creatives, aut\u00f2nomes, cr\u00edtiques, felices, responsables, respectuoses i, integrades i compromeses amb l\u2019entorn que ens envolta i amb una societat plural i en constant transformaci\u00f3. Com a escola, ens caracteritza la integraci\u00f3 de les noves tecnologies en [&hellip;]<\/p>\n","protected":false},"author":1,"featured_media":0,"parent":8450,"menu_order":1,"comment_status":"closed","ping_status":"closed","template":"page-templates\/side-menu.php","meta":{"_bbp_topic_count":0,"_bbp_reply_count":0,"_bbp_total_topic_count":0,"_bbp_total_reply_count":0,"_bbp_voice_count":0,"_bbp_anonymous_reply_count":0,"_bbp_topic_count_hidden":0,"_bbp_reply_count_hidden":0,"_bbp_forum_subforum_count":0,"site-sidebar-layout":"default","site-content-layout":"","ast-site-content-layout":"","site-content-style":"default","site-sidebar-style":"default","ast-global-header-display":"","ast-banner-title-visibility":"","ast-main-header-display":"","ast-hfb-above-header-display":"","ast-hfb-below-header-display":"","ast-hfb-mobile-header-display":"","site-post-title":"","ast-breadcrumbs-content":"","ast-featured-img":"","footer-sml-layout":"","theme-transparent-header-meta":"","adv-header-id-meta":"","stick-header-meta":"","header-above-stick-meta":"","header-main-stick-meta":"","header-below-stick-meta":"","astra-migrate-meta-layouts":"default","ast-page-background-enabled":"default","ast-page-background-meta":{"desktop":{"background-color":"var(--ast-global-color-4)","background-image":"","background-repeat":"repeat","background-position":"center center","background-size":"auto","background-attachment":"scroll","background-type":"","background-media":"","overlay-type":"","overlay-color":"","overlay-opacity":"","overlay-gradient":""},"tablet":{"background-color":"","background-image":"","background-repeat":"repeat","background-position":"center center","background-size":"auto","background-attachment":"scroll","background-type":"","background-media":"","overlay-type":"","overlay-color":"","overlay-opacity":"","overlay-gradient":""},"mobile":{"background-color":"","background-image":"","background-repeat":"repeat","background-position":"center center","background-size":"auto","background-attachment":"scroll","background-type":"","background-media":"","overlay-type":"","overlay-color":"","overlay-opacity":"","overlay-gradient":""}},"ast-content-background-meta":{"desktop":{"background-color":"var(--ast-global-color-5)","background-image":"","background-repeat":"repeat","background-position":"center center","background-size":"auto","background-attachment":"scroll","background-type":"","background-media":"","overlay-type":"","overlay-color":"","overlay-opacity":"","overlay-gradient":""},"tablet":{"background-color":"var(--ast-global-color-5)","background-image":"","background-repeat":"repeat","background-position":"center center","background-size":"auto","background-attachment":"scroll","background-type":"","background-media":"","overlay-type":"","overlay-color":"","overlay-opacity":"","overlay-gradient":""},"mobile":{"background-color":"var(--ast-global-color-5)","background-image":"","background-repeat":"repeat","background-position":"center center","background-size":"auto","background-attachment":"scroll","background-type":"","background-media":"","overlay-type":"","overlay-color":"","overlay-opacity":"","overlay-gradient":""}},"footnotes":""},"class_list":["post-275","page","type-page","status-publish","hentry"],"post_mailing_queue_ids":[],"_links":{"self":[{"href":"https:\/\/agora.xtec.cat\/esc-jmaragall\/wp-json\/wp\/v2\/pages\/275","targetHints":{"allow":["GET"]}}],"collection":[{"href":"https:\/\/agora.xtec.cat\/esc-jmaragall\/wp-json\/wp\/v2\/pages"}],"about":[{"href":"https:\/\/agora.xtec.cat\/esc-jmaragall\/wp-json\/wp\/v2\/types\/page"}],"author":[{"embeddable":true,"href":"https:\/\/agora.xtec.cat\/esc-jmaragall\/wp-json\/wp\/v2\/users\/1"}],"replies":[{"embeddable":true,"href":"https:\/\/agora.xtec.cat\/esc-jmaragall\/wp-json\/wp\/v2\/comments?post=275"}],"version-history":[{"count":4,"href":"https:\/\/agora.xtec.cat\/esc-jmaragall\/wp-json\/wp\/v2\/pages\/275\/revisions"}],"predecessor-version":[{"id":8456,"href":"https:\/\/agora.xtec.cat\/esc-jmaragall\/wp-json\/wp\/v2\/pages\/275\/revisions\/8456"}],"up":[{"embeddable":true,"href":"https:\/\/agora.xtec.cat\/esc-jmaragall\/wp-json\/wp\/v2\/pages\/8450"}],"wp:attachment":[{"href":"https:\/\/agora.xtec.cat\/esc-jmaragall\/wp-json\/wp\/v2\/media?parent=275"}],"curies":[{"name":"wp","href":"https:\/\/api.w.org\/{rel}","templated":true}]}}