{"id":4970,"date":"2022-06-07T11:09:32","date_gmt":"2022-06-07T09:09:32","guid":{"rendered":"https:\/\/agora.xtec.cat\/esc-jmaragall-sabadell\/?page_id=4970"},"modified":"2022-06-09T16:04:58","modified_gmt":"2022-06-09T14:04:58","slug":"estrategia-digital","status":"publish","type":"page","link":"https:\/\/agora.xtec.cat\/esc-jmaragall-sabadell\/estrategia-digital-de-centre\/estrategia-digital\/","title":{"rendered":"Estrat\u00e8gia"},"content":{"rendered":"<p>Amb la finalitat de simplificar, per\u00f2 tenint en compte els models de disseny estrat\u00e8gic, l\u2019EDC es concreta en quatre fases:<\/p>\n<ol>\n<li style=\"list-style-type: none;\">\n<ol>\n<li><a href=\"https:\/\/agora.xtec.cat\/esc-jmaragall-sabadell\/estrategia-digital-de-centre\/estrategia-digital\/diagnosi\/\">Diagnosi<\/a><\/li>\n<li><a href=\"https:\/\/agora.xtec.cat\/esc-jmaragall-sabadell\/estrategia-digital-de-centre\/estrategia-digital\/objectius\/\">Objectius<\/a><\/li>\n<li><a href=\"https:\/\/agora.xtec.cat\/esc-jmaragall-sabadell\/estrategia-digital-de-centre\/estrategia-digital\/planificacio\/\">Planificaci\u00f3<\/a><\/li>\n<li><a href=\"https:\/\/agora.xtec.cat\/esc-jmaragall-sabadell\/estrategia-digital-de-centre\/estrategia-digital\/avaluacio\/\">Avaluaci\u00f3<\/a><\/li>\n<\/ol>\n<\/li>\n<\/ol>\n<p><a href=\"https:\/\/agora.xtec.cat\/esc-jmaragall-sabadell\/wp-content\/uploads\/usu1082\/2022\/06\/edc2.png\"><img loading=\"lazy\" decoding=\"async\" class=\"alignnone size-full wp-image-5008\" src=\"https:\/\/agora.xtec.cat\/esc-jmaragall-sabadell\/wp-content\/uploads\/usu1082\/2022\/06\/edc2.png\" alt=\"\" width=\"798\" height=\"404\" srcset=\"https:\/\/agora.xtec.cat\/esc-jmaragall-sabadell\/wp-content\/uploads\/usu1082\/2022\/06\/edc2.png 798w, https:\/\/agora.xtec.cat\/esc-jmaragall-sabadell\/wp-content\/uploads\/usu1082\/2022\/06\/edc2-300x152.png 300w, https:\/\/agora.xtec.cat\/esc-jmaragall-sabadell\/wp-content\/uploads\/usu1082\/2022\/06\/edc2-768x389.png 768w\" sizes=\"auto, (max-width: 798px) 100vw, 798px\" \/><\/a><\/p>\n","protected":false},"excerpt":{"rendered":"<p>Amb la finalitat de simplificar, per\u00f2 tenint en compte els models de disseny estrat\u00e8gic, l\u2019EDC es concreta en quatre fases:<\/p>\n<ol>\n<li style=\"list-style-type: none;\">\n<ol>\n<li><a href=\"https:\/\/agora.xtec.cat\/esc-jmaragall-sabadell\/estrategia-digital-de-centre\/estrategia-digital\/diagnosi\/\">Diagnosi<\/a><\/li>\n<li><a href=\"https:\/\/agora.xtec.cat\/esc-jmaragall-sabadell\/estrategia-digital-de-centre\/estrategia-digital\/objectius\/\">Objectius<\/a><\/li>\n<li><a href=\"https:\/\/agora.xtec.cat\/esc-jmaragall-sabadell\/estrategia-digital-de-centre\/estrategia-digital\/planificacio\/\">Planificaci\u00f3<\/a><\/li>\n<li><a href=\"https:\/\/agora.xtec.cat\/esc-jmaragall-sabadell\/estrategia-digital-de-centre\/estrategia-digital\/avaluacio\/\">Avaluaci\u00f3<\/a><\/li>\n<\/ol>\n<\/li>\n<\/ol>\n<p><a href=\"https:\/\/agora.xtec.cat\/esc-jmaragall-sabadell\/wp-content\/uploads\/usu1082\/2022\/06\/edc2.png\"><\/a><\/p>\n","protected":false},"author":11,"featured_media":0,"parent":4919,"menu_order":0,"comment_status":"closed","ping_status":"closed","template":"page-templates\/side-menu.php","meta":{"_bbp_topic_count":0,"_bbp_reply_count":0,"_bbp_total_topic_count":0,"_bbp_total_reply_count":0,"_bbp_voice_count":0,"_bbp_anonymous_reply_count":0,"_bbp_topic_count_hidden":0,"_bbp_reply_count_hidden":0,"_bbp_forum_subforum_count":0,"footnotes":""},"class_list":["post-4970","page","type-page","status-publish","hentry"],"post_mailing_queue_ids":[],"_links":{"self":[{"href":"https:\/\/agora.xtec.cat\/esc-jmaragall-sabadell\/wp-json\/wp\/v2\/pages\/4970","targetHints":{"allow":["GET"]}}],"collection":[{"href":"https:\/\/agora.xtec.cat\/esc-jmaragall-sabadell\/wp-json\/wp\/v2\/pages"}],"about":[{"href":"https:\/\/agora.xtec.cat\/esc-jmaragall-sabadell\/wp-json\/wp\/v2\/types\/page"}],"author":[{"embeddable":true,"href":"https:\/\/agora.xtec.cat\/esc-jmaragall-sabadell\/wp-json\/wp\/v2\/users\/11"}],"replies":[{"embeddable":true,"href":"https:\/\/agora.xtec.cat\/esc-jmaragall-sabadell\/wp-json\/wp\/v2\/comments?post=4970"}],"version-history":[{"count":3,"href":"https:\/\/agora.xtec.cat\/esc-jmaragall-sabadell\/wp-json\/wp\/v2\/pages\/4970\/revisions"}],"predecessor-version":[{"id":5014,"href":"https:\/\/agora.xtec.cat\/esc-jmaragall-sabadell\/wp-json\/wp\/v2\/pages\/4970\/revisions\/5014"}],"up":[{"embeddable":true,"href":"https:\/\/agora.xtec.cat\/esc-jmaragall-sabadell\/wp-json\/wp\/v2\/pages\/4919"}],"wp:attachment":[{"href":"https:\/\/agora.xtec.cat\/esc-jmaragall-sabadell\/wp-json\/wp\/v2\/media?parent=4970"}],"curies":[{"name":"wp","href":"https:\/\/api.w.org\/{rel}","templated":true}]}}