{"id":4928,"date":"2022-05-12T13:27:16","date_gmt":"2022-05-12T11:27:16","guid":{"rendered":"https:\/\/agora.xtec.cat\/esc-jmaragall-sabadell\/?page_id=4928"},"modified":"2023-10-09T15:14:45","modified_gmt":"2023-10-09T13:14:45","slug":"avaluacio","status":"publish","type":"page","link":"https:\/\/agora.xtec.cat\/esc-jmaragall-sabadell\/estrategia-digital-de-centre\/estrategia-digital\/avaluacio\/","title":{"rendered":"Avaluaci\u00f3"},"content":{"rendered":"<p>El centre ha iniciat l\u2019avaluaci\u00f3 de l\u2019estat actual de les activitats, per\u00f2 encara s\u2019han d\u2019acabar<br \/>\nde recollir dades per valorar-ne alguns aspectes i activitats.<\/p>\n<p>Els resultats actuals s\u00f3n:<br \/>\n\u25cf S\u2019han posat en marxa totes les activitats tal com estava previst, excepte l\u2019objectiu 6 que est\u00e0 previst iniciar-lo el curs 2024-2025<br \/>\n\u25cf Activitat 3.2: Creaci\u00f3 d&#8217;un Classroom de claustre amb diferents documents d&#8217;escola que inclogui el pla d&#8217;acollida. \u2192 Fet i assolit amb \u00e8xit el curs 2021-2022<br \/>\n\u25cb Crear el Classroom de claustre. \u2192 Assolit el curs 2021-2022<br \/>\n\u25cb Valorar com a adients els documents inclosos en el Classroom per l&#8217;acolliment digital per part del claustre (\u00e8xit 75%) \u2192 Assolit en un 75%<br \/>\n\u25cf Activitat 3.3: Introducci\u00f3 de les eines GSuite entre els infants per familiaritzar-se amb elles en diverses sessions d&#8217;aula. \u2192 Fet i assolit amb previsi\u00f3 de continuaci\u00f3<br \/>\n\u25cb Percentatge d&#8217;alumnes de cicle mitj\u00e0 i superior que de manera aut\u00f2noma entren a l&#8217;EVA, i a les eines GSuite (\u00e8xit 75%) \u2192 Assolit en un 80%<br \/>\n\u25cb Implementar les sessions planificades (\u00e8xit 80%) \u2192 Assolit al 100%<\/p>\n<div><\/div>\n","protected":false},"excerpt":{"rendered":"<p>El centre ha iniciat l\u2019avaluaci\u00f3 de l\u2019estat actual de les activitats, per\u00f2 encara s\u2019han d\u2019acabar<br \/>\nde recollir dades per valorar-ne alguns aspectes i activitats.<br \/>\nEls resultats actuals s\u00f3n:<br \/>\n\u25cf S\u2019han posat en marxa totes les activitats tal com estava previst, excepte l\u2019objectiu 6 que est\u00e0 previst iniciar-lo el&hellip;  <a href=\"https:\/\/agora.xtec.cat\/esc-jmaragall-sabadell\/estrategia-digital-de-centre\/estrategia-digital\/avaluacio\/\" title=\"Read Avaluaci\u00f3\">Llegeix m\u00e9s\u00bb<\/a><\/p>\n","protected":false},"author":11,"featured_media":0,"parent":4970,"menu_order":4,"comment_status":"closed","ping_status":"closed","template":"page-templates\/side-menu.php","meta":{"_bbp_topic_count":0,"_bbp_reply_count":0,"_bbp_total_topic_count":0,"_bbp_total_reply_count":0,"_bbp_voice_count":0,"_bbp_anonymous_reply_count":0,"_bbp_topic_count_hidden":0,"_bbp_reply_count_hidden":0,"_bbp_forum_subforum_count":0,"footnotes":""},"class_list":["post-4928","page","type-page","status-publish","hentry"],"post_mailing_queue_ids":[],"_links":{"self":[{"href":"https:\/\/agora.xtec.cat\/esc-jmaragall-sabadell\/wp-json\/wp\/v2\/pages\/4928","targetHints":{"allow":["GET"]}}],"collection":[{"href":"https:\/\/agora.xtec.cat\/esc-jmaragall-sabadell\/wp-json\/wp\/v2\/pages"}],"about":[{"href":"https:\/\/agora.xtec.cat\/esc-jmaragall-sabadell\/wp-json\/wp\/v2\/types\/page"}],"author":[{"embeddable":true,"href":"https:\/\/agora.xtec.cat\/esc-jmaragall-sabadell\/wp-json\/wp\/v2\/users\/11"}],"replies":[{"embeddable":true,"href":"https:\/\/agora.xtec.cat\/esc-jmaragall-sabadell\/wp-json\/wp\/v2\/comments?post=4928"}],"version-history":[{"count":4,"href":"https:\/\/agora.xtec.cat\/esc-jmaragall-sabadell\/wp-json\/wp\/v2\/pages\/4928\/revisions"}],"predecessor-version":[{"id":6365,"href":"https:\/\/agora.xtec.cat\/esc-jmaragall-sabadell\/wp-json\/wp\/v2\/pages\/4928\/revisions\/6365"}],"up":[{"embeddable":true,"href":"https:\/\/agora.xtec.cat\/esc-jmaragall-sabadell\/wp-json\/wp\/v2\/pages\/4970"}],"wp:attachment":[{"href":"https:\/\/agora.xtec.cat\/esc-jmaragall-sabadell\/wp-json\/wp\/v2\/media?parent=4928"}],"curies":[{"name":"wp","href":"https:\/\/api.w.org\/{rel}","templated":true}]}}