{"id":73,"date":"2014-09-18T14:01:51","date_gmt":"2014-09-18T13:01:51","guid":{"rendered":"http:\/\/agora.xtec.cat\/esc-jeronidemoragas\/?page_id=73"},"modified":"2023-03-20T09:34:25","modified_gmt":"2023-03-20T08:34:25","slug":"menjador-escolar","status":"publish","type":"page","link":"https:\/\/agora.xtec.cat\/esc-jeronidemoragas\/serveis\/menjador-escolar\/","title":{"rendered":"Menjador escolar"},"content":{"rendered":"<p style=\"text-align: justify;\">Disposem d&#8217;un servei de catering\u00a0 i compta amb 5 monitores.<\/p>\n<p style=\"text-align: justify;\">\u00c9s utilitzat per tot l&#8217;alumnat i \u00e9s considerat un espai on es treballen els h\u00e0bits d\u2019autonomia, d\u2019higiene, d\u2019alimentaci\u00f3.<\/p>\n<p style=\"text-align: justify;\">\u00c9s un servei subvencionat pel Consell Comarcal.<\/p>\n<p style=\"text-align: justify;\">Horari de 13h a 15h:<\/p>\n<p style=\"text-align: justify;\">-De 13h a 14h dinar<\/p>\n<p style=\"text-align: justify;\">&#8211; De 14h a 15h esbarjo.<\/p>\n<p style=\"text-align: justify;\">Els objectius b\u00e0sics d\u2019aquest servei, sempre tenint en compte les capacitats dels alumnes, seran amb car\u00e0cter general els seg\u00fcents:<\/p>\n<ul>\n<li style=\"text-align: justify;\">Acceptar una alimentaci\u00f3 variada i equilibrada.<\/li>\n<li style=\"text-align: justify;\">Progressar en l\u2019adquisici\u00f3 i pr\u00e0ctica d\u2019h\u00e0bits de taula socialment acceptables; tant abans, com al llarg o despr\u00e9s dels \u00e0pats.<\/li>\n<li style=\"text-align: justify;\">Utilitzar els estris de menjar de forma cada cop m\u00e9s efica\u00e7 i\/o aut\u00f2noma possible.<\/li>\n<li style=\"text-align: justify;\">Participar, en la mesura del possible, de la din\u00e0mica del menjador: col\u00b7laborar en parar o desparar taula, ordenar taules i cadires, recollir plats i coberts\u2026<\/li>\n<li style=\"text-align: justify;\">Saber esperar.<\/li>\n<\/ul>\n<p>Es respecten als creients de totes les religions.<\/p>\n<p><a href=\"https:\/\/agora.xtec.cat\/esc-jeronidemoragas\/wp-content\/uploads\/usu1590\/2021\/10\/plafo-primers-plats-1.pdf\">PICTOS PRIMERS PLATS<\/a><\/p>\n<p><a href=\"https:\/\/agora.xtec.cat\/esc-jeronidemoragas\/wp-content\/uploads\/usu1590\/2021\/10\/plafo-primers-plats-2.pdf\">PICTOS SEGONS PLATS<\/a><\/p>\n<p>&nbsp;<\/p>\n","protected":false},"excerpt":{"rendered":"<p>Disposem d&#8217;un servei de catering\u00a0 i compta amb 5 monitores.<br \/>\n\u00c9s utilitzat per tot l&#8217;alumnat i \u00e9s considerat un espai on es treballen els h\u00e0bits d\u2019autonomia, d\u2019higiene, d\u2019alimentaci\u00f3.<br \/>\n\u00c9s un servei subvencionat pel Consell Comarcal.<br \/>\nHorari de 13h a 15h:<br \/>\n-De 13h a 14h dinar<br \/>\n&#8211; De 14h a 15h&hellip;  <a href=\"https:\/\/agora.xtec.cat\/esc-jeronidemoragas\/serveis\/menjador-escolar\/\" title=\"Read Menjador escolar\">Llegeix m\u00e9s\u00bb<\/a><\/p>\n","protected":false},"author":1,"featured_media":0,"parent":66,"menu_order":30,"comment_status":"closed","ping_status":"closed","template":"page-templates\/side-menu.php","meta":{"_bbp_topic_count":0,"_bbp_reply_count":0,"_bbp_total_topic_count":0,"_bbp_total_reply_count":0,"_bbp_voice_count":0,"_bbp_anonymous_reply_count":0,"_bbp_topic_count_hidden":0,"_bbp_reply_count_hidden":0,"_bbp_forum_subforum_count":0,"footnotes":""},"class_list":["post-73","page","type-page","status-publish","hentry"],"post_mailing_queue_ids":[],"_links":{"self":[{"href":"https:\/\/agora.xtec.cat\/esc-jeronidemoragas\/wp-json\/wp\/v2\/pages\/73","targetHints":{"allow":["GET"]}}],"collection":[{"href":"https:\/\/agora.xtec.cat\/esc-jeronidemoragas\/wp-json\/wp\/v2\/pages"}],"about":[{"href":"https:\/\/agora.xtec.cat\/esc-jeronidemoragas\/wp-json\/wp\/v2\/types\/page"}],"author":[{"embeddable":true,"href":"https:\/\/agora.xtec.cat\/esc-jeronidemoragas\/wp-json\/wp\/v2\/users\/1"}],"replies":[{"embeddable":true,"href":"https:\/\/agora.xtec.cat\/esc-jeronidemoragas\/wp-json\/wp\/v2\/comments?post=73"}],"version-history":[{"count":3,"href":"https:\/\/agora.xtec.cat\/esc-jeronidemoragas\/wp-json\/wp\/v2\/pages\/73\/revisions"}],"predecessor-version":[{"id":3133,"href":"https:\/\/agora.xtec.cat\/esc-jeronidemoragas\/wp-json\/wp\/v2\/pages\/73\/revisions\/3133"}],"up":[{"embeddable":true,"href":"https:\/\/agora.xtec.cat\/esc-jeronidemoragas\/wp-json\/wp\/v2\/pages\/66"}],"wp:attachment":[{"href":"https:\/\/agora.xtec.cat\/esc-jeronidemoragas\/wp-json\/wp\/v2\/media?parent=73"}],"curies":[{"name":"wp","href":"https:\/\/api.w.org\/{rel}","templated":true}]}}