{"id":608,"date":"2020-08-29T11:41:12","date_gmt":"2020-08-29T09:41:12","guid":{"rendered":"https:\/\/agora.xtec.cat\/esc-jeronidemoragas\/?page_id=608"},"modified":"2020-10-04T18:31:48","modified_gmt":"2020-10-04T16:31:48","slug":"pec","status":"publish","type":"page","link":"https:\/\/agora.xtec.cat\/esc-jeronidemoragas\/documents-de-centre\/pec\/","title":{"rendered":"PEC"},"content":{"rendered":"<p style=\"text-align: justify;\"><strong>El projecte educatiu de centre<\/strong>\u00a0(PEC) \u00e9s un document que inclou els trets d\u2019identitat del centre, els principis pedag\u00f2gics, els principis organitzatius i el projecte ling\u00fc\u00edstic.<\/p>\n<p style=\"text-align: justify;\">En aquest document s\u2019especifiquen els valors, els objectius i les prioritats d\u2019actuaci\u00f3 del centre, la concreci\u00f3 dels curr\u00edculums que s\u2019imparteixen i el tractament transversal en les \u00e0rees, mat\u00e8ries o m\u00f2duls de l\u2019educaci\u00f3 en valors i altres ensenyaments.<\/p>\n<p style=\"text-align: justify;\">El PEC \u00e9s el document que defineix com funciona un centre educatiu. Inclou els principis rectors que el diferencien d\u2019altres centres, adaptats a la realitat de l\u2019entorn del seu alumnat i d\u2019acord amb les conviccions pedag\u00f2giques dels seus docents; explicita les l\u00ednies d\u2019atenci\u00f3 a la diversitat i els objectius a mitj\u00e0 termini; desglossa les l\u00ednies mestres d\u2019organitzaci\u00f3, que es concretaran al projecte curricular de centre i als horaris i assignacions de grups de cada curs i distribueix funcions entre els membres de la comunitat educativa. Aquest document \u00e9s la base de les programacions dels professors i de qualsevol actuaci\u00f3 singular que es vulgui dur a terme a l\u2019escola i \u00e9s objecte d\u2019inspecci\u00f3 per part de l\u2019administraci\u00f3.<\/p>\n<p><a href=\"https:\/\/agora.xtec.cat\/esc-jeronidemoragas\/wp-content\/uploads\/usu1590\/2020\/10\/PEC.pdf\">Projecte Educatiu de Centre<\/a><\/p>\n","protected":false},"excerpt":{"rendered":"<p>El projecte educatiu de centre\u00a0(PEC) \u00e9s un document que inclou els trets d\u2019identitat del centre, els principis pedag\u00f2gics, els principis organitzatius i el projecte ling\u00fc\u00edstic.<br \/>\nEn aquest document s\u2019especifiquen els valors, els objectius i les prioritats d\u2019actuaci\u00f3 del centre, la concreci\u00f3 dels curr\u00edculums que s\u2019imparteixen i&hellip;  <a href=\"https:\/\/agora.xtec.cat\/esc-jeronidemoragas\/documents-de-centre\/pec\/\" title=\"Read PEC\">Llegeix m\u00e9s\u00bb<\/a><\/p>\n","protected":false},"author":1,"featured_media":0,"parent":537,"menu_order":0,"comment_status":"closed","ping_status":"closed","template":"page-templates\/side-menu.php","meta":{"_bbp_topic_count":0,"_bbp_reply_count":0,"_bbp_total_topic_count":0,"_bbp_total_reply_count":0,"_bbp_voice_count":0,"_bbp_anonymous_reply_count":0,"_bbp_topic_count_hidden":0,"_bbp_reply_count_hidden":0,"_bbp_forum_subforum_count":0,"footnotes":""},"class_list":["post-608","page","type-page","status-publish","hentry"],"post_mailing_queue_ids":[],"_links":{"self":[{"href":"https:\/\/agora.xtec.cat\/esc-jeronidemoragas\/wp-json\/wp\/v2\/pages\/608","targetHints":{"allow":["GET"]}}],"collection":[{"href":"https:\/\/agora.xtec.cat\/esc-jeronidemoragas\/wp-json\/wp\/v2\/pages"}],"about":[{"href":"https:\/\/agora.xtec.cat\/esc-jeronidemoragas\/wp-json\/wp\/v2\/types\/page"}],"author":[{"embeddable":true,"href":"https:\/\/agora.xtec.cat\/esc-jeronidemoragas\/wp-json\/wp\/v2\/users\/1"}],"replies":[{"embeddable":true,"href":"https:\/\/agora.xtec.cat\/esc-jeronidemoragas\/wp-json\/wp\/v2\/comments?post=608"}],"version-history":[{"count":3,"href":"https:\/\/agora.xtec.cat\/esc-jeronidemoragas\/wp-json\/wp\/v2\/pages\/608\/revisions"}],"predecessor-version":[{"id":714,"href":"https:\/\/agora.xtec.cat\/esc-jeronidemoragas\/wp-json\/wp\/v2\/pages\/608\/revisions\/714"}],"up":[{"embeddable":true,"href":"https:\/\/agora.xtec.cat\/esc-jeronidemoragas\/wp-json\/wp\/v2\/pages\/537"}],"wp:attachment":[{"href":"https:\/\/agora.xtec.cat\/esc-jeronidemoragas\/wp-json\/wp\/v2\/media?parent=608"}],"curies":[{"name":"wp","href":"https:\/\/api.w.org\/{rel}","templated":true}]}}