{"id":596,"date":"2020-08-29T11:16:48","date_gmt":"2020-08-29T09:16:48","guid":{"rendered":"https:\/\/agora.xtec.cat\/esc-jeronidemoragas\/?page_id=596"},"modified":"2020-08-29T11:28:29","modified_gmt":"2020-08-29T09:28:29","slug":"compartim-amb-altres-centres","status":"publish","type":"page","link":"https:\/\/agora.xtec.cat\/esc-jeronidemoragas\/projecte-educatiu\/compartim-amb-altres-centres\/","title":{"rendered":"Compartim amb altres centres"},"content":{"rendered":"<p style=\"text-align: justify;\">Aquest projecte forma part del projecte de conviv\u00e8ncia. S\u00f3n trobades amb diferents escoles ordin\u00e0ries de la comarca on fem intercanvi d&#8217;experi\u00e8ncies. S\u2019organitzen jornades de jocs\u00a0 on\u00a0 els nostres alumnes m\u00e9s grans condueixen les activitats.<\/p>\n","protected":false},"excerpt":{"rendered":"<p>Aquest projecte forma part del projecte de conviv\u00e8ncia. S\u00f3n trobades amb diferents escoles ordin\u00e0ries de la comarca on fem intercanvi d&#8217;experi\u00e8ncies. S\u2019organitzen jornades de jocs\u00a0 on\u00a0 els nostres alumnes m\u00e9s grans condueixen les activitats.<\/p>\n","protected":false},"author":1,"featured_media":0,"parent":64,"menu_order":0,"comment_status":"closed","ping_status":"closed","template":"page-templates\/side-menu.php","meta":{"_bbp_topic_count":0,"_bbp_reply_count":0,"_bbp_total_topic_count":0,"_bbp_total_reply_count":0,"_bbp_voice_count":0,"_bbp_anonymous_reply_count":0,"_bbp_topic_count_hidden":0,"_bbp_reply_count_hidden":0,"_bbp_forum_subforum_count":0,"footnotes":""},"class_list":["post-596","page","type-page","status-publish","hentry"],"post_mailing_queue_ids":[],"_links":{"self":[{"href":"https:\/\/agora.xtec.cat\/esc-jeronidemoragas\/wp-json\/wp\/v2\/pages\/596","targetHints":{"allow":["GET"]}}],"collection":[{"href":"https:\/\/agora.xtec.cat\/esc-jeronidemoragas\/wp-json\/wp\/v2\/pages"}],"about":[{"href":"https:\/\/agora.xtec.cat\/esc-jeronidemoragas\/wp-json\/wp\/v2\/types\/page"}],"author":[{"embeddable":true,"href":"https:\/\/agora.xtec.cat\/esc-jeronidemoragas\/wp-json\/wp\/v2\/users\/1"}],"replies":[{"embeddable":true,"href":"https:\/\/agora.xtec.cat\/esc-jeronidemoragas\/wp-json\/wp\/v2\/comments?post=596"}],"version-history":[{"count":2,"href":"https:\/\/agora.xtec.cat\/esc-jeronidemoragas\/wp-json\/wp\/v2\/pages\/596\/revisions"}],"predecessor-version":[{"id":598,"href":"https:\/\/agora.xtec.cat\/esc-jeronidemoragas\/wp-json\/wp\/v2\/pages\/596\/revisions\/598"}],"up":[{"embeddable":true,"href":"https:\/\/agora.xtec.cat\/esc-jeronidemoragas\/wp-json\/wp\/v2\/pages\/64"}],"wp:attachment":[{"href":"https:\/\/agora.xtec.cat\/esc-jeronidemoragas\/wp-json\/wp\/v2\/media?parent=596"}],"curies":[{"name":"wp","href":"https:\/\/api.w.org\/{rel}","templated":true}]}}