{"id":591,"date":"2020-08-29T11:13:41","date_gmt":"2020-08-29T09:13:41","guid":{"rendered":"https:\/\/agora.xtec.cat\/esc-jeronidemoragas\/?page_id=591"},"modified":"2020-08-29T11:27:47","modified_gmt":"2020-08-29T09:27:47","slug":"el-jeroni-a-la-radio","status":"publish","type":"page","link":"https:\/\/agora.xtec.cat\/esc-jeronidemoragas\/projecte-educatiu\/el-jeroni-a-la-radio\/","title":{"rendered":"El Jeroni a la r\u00e0dio"},"content":{"rendered":"<p style=\"text-align: justify;\">L\u2019objectiu \u00e9s donar a con\u00e8ixer el nostre centre a la poblaci\u00f3 mitjan\u00e7ant l\u2019emissi\u00f3 d\u2019un programa setmanal elaborat pels mateixos alumnes del centre. Amb aquesta experi\u00e8ncia aprendran: el funcionament dels mitjans audiovisuals, a treballar en equip, a expresar-se\u00a0 millor i tenir cura del llenguatge, a pensar abans de parlar, elaborar continguts pensats pels altres, desenvolupar la creativitat i imaginaci\u00f3.<\/p>\n","protected":false},"excerpt":{"rendered":"<p>L\u2019objectiu \u00e9s donar a con\u00e8ixer el nostre centre a la poblaci\u00f3 mitjan\u00e7ant l\u2019emissi\u00f3 d\u2019un programa setmanal elaborat pels mateixos alumnes del centre. Amb aquesta experi\u00e8ncia aprendran: el funcionament dels mitjans audiovisuals, a treballar en equip, a expresar-se\u00a0 millor i tenir cura del llenguatge, a pensar&hellip;  <a href=\"https:\/\/agora.xtec.cat\/esc-jeronidemoragas\/projecte-educatiu\/el-jeroni-a-la-radio\/\" title=\"Read El Jeroni a la r\u00e0dio\">Llegeix m\u00e9s\u00bb<\/a><\/p>\n","protected":false},"author":1,"featured_media":0,"parent":64,"menu_order":0,"comment_status":"closed","ping_status":"closed","template":"page-templates\/side-menu.php","meta":{"_bbp_topic_count":0,"_bbp_reply_count":0,"_bbp_total_topic_count":0,"_bbp_total_reply_count":0,"_bbp_voice_count":0,"_bbp_anonymous_reply_count":0,"_bbp_topic_count_hidden":0,"_bbp_reply_count_hidden":0,"_bbp_forum_subforum_count":0,"footnotes":""},"class_list":["post-591","page","type-page","status-publish","hentry"],"post_mailing_queue_ids":[],"_links":{"self":[{"href":"https:\/\/agora.xtec.cat\/esc-jeronidemoragas\/wp-json\/wp\/v2\/pages\/591","targetHints":{"allow":["GET"]}}],"collection":[{"href":"https:\/\/agora.xtec.cat\/esc-jeronidemoragas\/wp-json\/wp\/v2\/pages"}],"about":[{"href":"https:\/\/agora.xtec.cat\/esc-jeronidemoragas\/wp-json\/wp\/v2\/types\/page"}],"author":[{"embeddable":true,"href":"https:\/\/agora.xtec.cat\/esc-jeronidemoragas\/wp-json\/wp\/v2\/users\/1"}],"replies":[{"embeddable":true,"href":"https:\/\/agora.xtec.cat\/esc-jeronidemoragas\/wp-json\/wp\/v2\/comments?post=591"}],"version-history":[{"count":1,"href":"https:\/\/agora.xtec.cat\/esc-jeronidemoragas\/wp-json\/wp\/v2\/pages\/591\/revisions"}],"predecessor-version":[{"id":592,"href":"https:\/\/agora.xtec.cat\/esc-jeronidemoragas\/wp-json\/wp\/v2\/pages\/591\/revisions\/592"}],"up":[{"embeddable":true,"href":"https:\/\/agora.xtec.cat\/esc-jeronidemoragas\/wp-json\/wp\/v2\/pages\/64"}],"wp:attachment":[{"href":"https:\/\/agora.xtec.cat\/esc-jeronidemoragas\/wp-json\/wp\/v2\/media?parent=591"}],"curies":[{"name":"wp","href":"https:\/\/api.w.org\/{rel}","templated":true}]}}