{"id":587,"date":"2020-08-29T11:10:44","date_gmt":"2020-08-29T09:10:44","guid":{"rendered":"https:\/\/agora.xtec.cat\/esc-jeronidemoragas\/?page_id=587"},"modified":"2020-08-29T11:26:56","modified_gmt":"2020-08-29T09:26:56","slug":"anem-a-la-biblioteca","status":"publish","type":"page","link":"https:\/\/agora.xtec.cat\/esc-jeronidemoragas\/projecte-educatiu\/anem-a-la-biblioteca\/","title":{"rendered":"Anem a la biblioteca"},"content":{"rendered":"<p style=\"text-align: justify;\">L\u2019objectiu \u00e9s con\u00e8ixer el funcionament de la biblioteca com a eina b\u00e0sica de suport per a l\u2019aprenentatge. Fer de la biblioteca un servei per fomentar el plaer per la lectura tant com activitat d\u2019oci\u00a0 com \u00a0de recerca d\u2019informaci\u00f3.<\/p>\n<p style=\"text-align: justify;\">Un cop al mes els alumnes visiten la biblioteca de la poblaci\u00f3. Tamb\u00e9 hi assisteixen quan es fa alguna activitat programada per escolars.<\/p>\n","protected":false},"excerpt":{"rendered":"<p>L\u2019objectiu \u00e9s con\u00e8ixer el funcionament de la biblioteca com a eina b\u00e0sica de suport per a l\u2019aprenentatge. Fer de la biblioteca un servei per fomentar el plaer per la lectura tant com activitat d\u2019oci\u00a0 com \u00a0de recerca d\u2019informaci\u00f3.<br \/>\nUn cop al mes els alumnes visiten la&hellip;  <a href=\"https:\/\/agora.xtec.cat\/esc-jeronidemoragas\/projecte-educatiu\/anem-a-la-biblioteca\/\" title=\"Read Anem a la biblioteca\">Llegeix m\u00e9s\u00bb<\/a><\/p>\n","protected":false},"author":1,"featured_media":0,"parent":64,"menu_order":0,"comment_status":"closed","ping_status":"closed","template":"page-templates\/side-menu.php","meta":{"_bbp_topic_count":0,"_bbp_reply_count":0,"_bbp_total_topic_count":0,"_bbp_total_reply_count":0,"_bbp_voice_count":0,"_bbp_anonymous_reply_count":0,"_bbp_topic_count_hidden":0,"_bbp_reply_count_hidden":0,"_bbp_forum_subforum_count":0,"footnotes":""},"class_list":["post-587","page","type-page","status-publish","hentry"],"post_mailing_queue_ids":[],"_links":{"self":[{"href":"https:\/\/agora.xtec.cat\/esc-jeronidemoragas\/wp-json\/wp\/v2\/pages\/587","targetHints":{"allow":["GET"]}}],"collection":[{"href":"https:\/\/agora.xtec.cat\/esc-jeronidemoragas\/wp-json\/wp\/v2\/pages"}],"about":[{"href":"https:\/\/agora.xtec.cat\/esc-jeronidemoragas\/wp-json\/wp\/v2\/types\/page"}],"author":[{"embeddable":true,"href":"https:\/\/agora.xtec.cat\/esc-jeronidemoragas\/wp-json\/wp\/v2\/users\/1"}],"replies":[{"embeddable":true,"href":"https:\/\/agora.xtec.cat\/esc-jeronidemoragas\/wp-json\/wp\/v2\/comments?post=587"}],"version-history":[{"count":1,"href":"https:\/\/agora.xtec.cat\/esc-jeronidemoragas\/wp-json\/wp\/v2\/pages\/587\/revisions"}],"predecessor-version":[{"id":588,"href":"https:\/\/agora.xtec.cat\/esc-jeronidemoragas\/wp-json\/wp\/v2\/pages\/587\/revisions\/588"}],"up":[{"embeddable":true,"href":"https:\/\/agora.xtec.cat\/esc-jeronidemoragas\/wp-json\/wp\/v2\/pages\/64"}],"wp:attachment":[{"href":"https:\/\/agora.xtec.cat\/esc-jeronidemoragas\/wp-json\/wp\/v2\/media?parent=587"}],"curies":[{"name":"wp","href":"https:\/\/api.w.org\/{rel}","templated":true}]}}