{"id":526,"date":"2020-07-30T17:26:18","date_gmt":"2020-07-30T15:26:18","guid":{"rendered":"https:\/\/agora.xtec.cat\/esc-jeronidemoragas\/?page_id=526"},"modified":"2020-09-01T13:28:16","modified_gmt":"2020-09-01T11:28:16","slug":"fisioterapia","status":"publish","type":"page","link":"https:\/\/agora.xtec.cat\/esc-jeronidemoragas\/serveis\/fisioterapia\/","title":{"rendered":"Fisioter\u00e0pia"},"content":{"rendered":"<p style=\"text-align: justify;\">Es treballa en sessions individuals o en petits grups segons les necessitats i habilitats motrius\u00a0 Les sessions de fisioter\u00e0pia van dirigides a afavorir, en tota la seva globalitat, l\u2019evoluci\u00f3 neuromotriu de l\u2019alumnat partint de les seves capacitats f\u00edsiques i habilitats psicomotores per tal de donar funcionalitat al moviment, controlar la postura corporal, estimular i potenciar el despla\u00e7ament i, en definitiva, afavorir el seu benestar i autonom\u00eda.<\/p>\n<p style=\"text-align: justify;\">A m\u00e9s de les eines i t\u00e8cniques propies de la fisioter\u00e0pia es treballa a l\u2019aula multisensorial la respiraci\u00f3, relaxaci\u00f3 i estimulaci\u00f3 dels sentits amb la finalitat de desenvolupar al m\u00e0xim les seves capacitats d\u2019obertura\u00a0 al m\u00f3n de les sensacions i emocions.<\/p>\n<p style=\"text-align: justify;\">S\u2019organitzen setmanes sensorials al voltant d\u2019un centre d\u2019inter\u00e9s programat pel grup format per diferents professionals del centre: fisioterp\u00e9uta, logopeda i la psic\u00f3loga i monitores del centre Ocupacional de l\u2019Associaci\u00f3.<\/p>\n<p style=\"text-align: justify;\">Es coordina amb els altres professionals de l\u2019escola. Assessorant a les tutores i educadores. Es coordina amb altres professionals externs a l\u2019escola que tinguin relaci\u00f3 amb l\u2019alumne\/a, neur\u00f2legs, metges, monitor de ter\u00e0pia amb gossos, monitors de piscina, etc. i orienta a les fam\u00edlies per a poder fer un treball conjunt.<\/p>\n","protected":false},"excerpt":{"rendered":"<p>Es treballa en sessions individuals o en petits grups segons les necessitats i habilitats motrius\u00a0 Les sessions de fisioter\u00e0pia van dirigides a afavorir, en tota la seva globalitat, l\u2019evoluci\u00f3 neuromotriu de l\u2019alumnat partint de les seves capacitats f\u00edsiques i habilitats psicomotores per tal de donar&hellip;  <a href=\"https:\/\/agora.xtec.cat\/esc-jeronidemoragas\/serveis\/fisioterapia\/\" title=\"Read Fisioter\u00e0pia\">Llegeix m\u00e9s\u00bb<\/a><\/p>\n","protected":false},"author":1,"featured_media":0,"parent":66,"menu_order":0,"comment_status":"closed","ping_status":"closed","template":"page-templates\/side-menu.php","meta":{"_bbp_topic_count":0,"_bbp_reply_count":0,"_bbp_total_topic_count":0,"_bbp_total_reply_count":0,"_bbp_voice_count":0,"_bbp_anonymous_reply_count":0,"_bbp_topic_count_hidden":0,"_bbp_reply_count_hidden":0,"_bbp_forum_subforum_count":0,"footnotes":""},"class_list":["post-526","page","type-page","status-publish","hentry"],"post_mailing_queue_ids":[],"_links":{"self":[{"href":"https:\/\/agora.xtec.cat\/esc-jeronidemoragas\/wp-json\/wp\/v2\/pages\/526","targetHints":{"allow":["GET"]}}],"collection":[{"href":"https:\/\/agora.xtec.cat\/esc-jeronidemoragas\/wp-json\/wp\/v2\/pages"}],"about":[{"href":"https:\/\/agora.xtec.cat\/esc-jeronidemoragas\/wp-json\/wp\/v2\/types\/page"}],"author":[{"embeddable":true,"href":"https:\/\/agora.xtec.cat\/esc-jeronidemoragas\/wp-json\/wp\/v2\/users\/1"}],"replies":[{"embeddable":true,"href":"https:\/\/agora.xtec.cat\/esc-jeronidemoragas\/wp-json\/wp\/v2\/comments?post=526"}],"version-history":[{"count":3,"href":"https:\/\/agora.xtec.cat\/esc-jeronidemoragas\/wp-json\/wp\/v2\/pages\/526\/revisions"}],"predecessor-version":[{"id":558,"href":"https:\/\/agora.xtec.cat\/esc-jeronidemoragas\/wp-json\/wp\/v2\/pages\/526\/revisions\/558"}],"up":[{"embeddable":true,"href":"https:\/\/agora.xtec.cat\/esc-jeronidemoragas\/wp-json\/wp\/v2\/pages\/66"}],"wp:attachment":[{"href":"https:\/\/agora.xtec.cat\/esc-jeronidemoragas\/wp-json\/wp\/v2\/media?parent=526"}],"curies":[{"name":"wp","href":"https:\/\/api.w.org\/{rel}","templated":true}]}}