{"id":524,"date":"2020-07-30T17:25:56","date_gmt":"2020-07-30T15:25:56","guid":{"rendered":"https:\/\/agora.xtec.cat\/esc-jeronidemoragas\/?page_id=524"},"modified":"2020-08-10T17:11:36","modified_gmt":"2020-08-10T15:11:36","slug":"logopedia","status":"publish","type":"page","link":"https:\/\/agora.xtec.cat\/esc-jeronidemoragas\/serveis\/logopedia\/","title":{"rendered":"Logop\u00e8dia"},"content":{"rendered":"<p style=\"text-align: justify;\">Es treballa en sessions individuals per\u00f2 tamb\u00e9 es fan intervencions en parelles o petits grups amb la finalitat de posar en pr\u00e0ctica diferents habilitats comunicatives en situacions d\u2019interacci\u00f3 entre iguals.<\/p>\n<p style=\"text-align: justify;\">Es treballa amb t\u00e8cniques alternatives i\/o augmentatives de comunicaci\u00f3, tauletes Android,\u00a0 quaderns de comunicaci\u00f3 per fer-los a m\u00e9s competents a nivel comunicatiu. Els quaderns de comunicaci\u00f3 s\u00f3n una bona eina de\u00a0 suport per l\u2019alumne per a informar de les seves activitats di\u00e0ries a la familia. Es preparen les hist\u00f2ries socials corresponents a diferents situacions de la vida di\u00e0ria, sortides, visites a metges, activitats sobrevingudes\u2026<\/p>\n<p style=\"text-align: justify;\">La seva intervenci\u00f3 est\u00e0 planificada amb la tutora i en coordinaci\u00f3 amb altres professionals que treballen amb l\u2019alumne\/a.<\/p>\n","protected":false},"excerpt":{"rendered":"<p>Es treballa en sessions individuals per\u00f2 tamb\u00e9 es fan intervencions en parelles o petits grups amb la finalitat de posar en pr\u00e0ctica diferents habilitats comunicatives en situacions d\u2019interacci\u00f3 entre iguals.<br \/>\nEs treballa amb t\u00e8cniques alternatives i\/o augmentatives de comunicaci\u00f3, tauletes Android,\u00a0 quaderns de comunicaci\u00f3 per fer-los&hellip;  <a href=\"https:\/\/agora.xtec.cat\/esc-jeronidemoragas\/serveis\/logopedia\/\" title=\"Read Logop\u00e8dia\">Llegeix m\u00e9s\u00bb<\/a><\/p>\n","protected":false},"author":1,"featured_media":0,"parent":66,"menu_order":0,"comment_status":"closed","ping_status":"closed","template":"page-templates\/side-menu.php","meta":{"_bbp_topic_count":0,"_bbp_reply_count":0,"_bbp_total_topic_count":0,"_bbp_total_reply_count":0,"_bbp_voice_count":0,"_bbp_anonymous_reply_count":0,"_bbp_topic_count_hidden":0,"_bbp_reply_count_hidden":0,"_bbp_forum_subforum_count":0,"footnotes":""},"class_list":["post-524","page","type-page","status-publish","hentry"],"post_mailing_queue_ids":[],"_links":{"self":[{"href":"https:\/\/agora.xtec.cat\/esc-jeronidemoragas\/wp-json\/wp\/v2\/pages\/524","targetHints":{"allow":["GET"]}}],"collection":[{"href":"https:\/\/agora.xtec.cat\/esc-jeronidemoragas\/wp-json\/wp\/v2\/pages"}],"about":[{"href":"https:\/\/agora.xtec.cat\/esc-jeronidemoragas\/wp-json\/wp\/v2\/types\/page"}],"author":[{"embeddable":true,"href":"https:\/\/agora.xtec.cat\/esc-jeronidemoragas\/wp-json\/wp\/v2\/users\/1"}],"replies":[{"embeddable":true,"href":"https:\/\/agora.xtec.cat\/esc-jeronidemoragas\/wp-json\/wp\/v2\/comments?post=524"}],"version-history":[{"count":3,"href":"https:\/\/agora.xtec.cat\/esc-jeronidemoragas\/wp-json\/wp\/v2\/pages\/524\/revisions"}],"predecessor-version":[{"id":559,"href":"https:\/\/agora.xtec.cat\/esc-jeronidemoragas\/wp-json\/wp\/v2\/pages\/524\/revisions\/559"}],"up":[{"embeddable":true,"href":"https:\/\/agora.xtec.cat\/esc-jeronidemoragas\/wp-json\/wp\/v2\/pages\/66"}],"wp:attachment":[{"href":"https:\/\/agora.xtec.cat\/esc-jeronidemoragas\/wp-json\/wp\/v2\/media?parent=524"}],"curies":[{"name":"wp","href":"https:\/\/api.w.org\/{rel}","templated":true}]}}