{"id":508,"date":"2020-07-30T16:38:40","date_gmt":"2020-07-30T14:38:40","guid":{"rendered":"https:\/\/agora.xtec.cat\/esc-jeronidemoragas\/?page_id=508"},"modified":"2020-09-05T13:38:16","modified_gmt":"2020-09-05T11:38:16","slug":"terapia-assistida-amb-gossos","status":"publish","type":"page","link":"https:\/\/agora.xtec.cat\/esc-jeronidemoragas\/serveis\/terapia-assistida-amb-gossos\/","title":{"rendered":"Ter\u00e0pia assistida amb gossos"},"content":{"rendered":"<p style=\"text-align: justify;\">La ter\u00e0pia assistida amb gossos pret\u00e9n interaccions en les que un animal \u00e9s incorporat com a part del tractament, amb l\u2019objectiu directe de promoure la milloria de les funcions f\u00edsiques, psicosocials, cognitives i emocionals d\u2019alguns dels nostres alumnes. La paticipaci\u00f3 en aquesta activitat dep\u00e9n de la valoraci\u00f3\u00a0 feta per l\u2019equip docent de quins s\u00f3n els\/les alumnes que en poden sortir m\u00e9s beneficiats.<\/p>\n<p style=\"text-align: justify;\">Es realitza una sessi\u00f3 setmanal dirigida per un monitor extern al centre acompanyat per la tutora dels alumnes que hi participen.<\/p>\n<p style=\"text-align: justify;\">Els objectius d\u2019aquesta activitat s\u00f3n:<\/p>\n<ul>\n<li style=\"text-align: justify;\">Millorar les activitats sensorials i motrius.<\/li>\n<li style=\"text-align: justify;\">Desenvolupar aspectes com la responsabilitat, compartir, cura, temps d\u2019espera\u2026<\/li>\n<li style=\"text-align: justify;\">Motivar la comunicaci\u00f3.<\/li>\n<li style=\"text-align: justify;\">Perdre la por i tolerar la pres\u00e8ncia de l\u2019animal.<\/li>\n<\/ul>\n","protected":false},"excerpt":{"rendered":"<p>La ter\u00e0pia assistida amb gossos pret\u00e9n interaccions en les que un animal \u00e9s incorporat com a part del tractament, amb l\u2019objectiu directe de promoure la milloria de les funcions f\u00edsiques, psicosocials, cognitives i emocionals d\u2019alguns dels nostres alumnes. La paticipaci\u00f3 en aquesta activitat dep\u00e9n de&hellip;  <a href=\"https:\/\/agora.xtec.cat\/esc-jeronidemoragas\/serveis\/terapia-assistida-amb-gossos\/\" title=\"Read Ter\u00e0pia assistida amb gossos\">Llegeix m\u00e9s\u00bb<\/a><\/p>\n","protected":false},"author":1,"featured_media":0,"parent":66,"menu_order":0,"comment_status":"closed","ping_status":"closed","template":"page-templates\/side-menu.php","meta":{"_bbp_topic_count":0,"_bbp_reply_count":0,"_bbp_total_topic_count":0,"_bbp_total_reply_count":0,"_bbp_voice_count":0,"_bbp_anonymous_reply_count":0,"_bbp_topic_count_hidden":0,"_bbp_reply_count_hidden":0,"_bbp_forum_subforum_count":0,"footnotes":""},"class_list":["post-508","page","type-page","status-publish","hentry"],"post_mailing_queue_ids":[],"_links":{"self":[{"href":"https:\/\/agora.xtec.cat\/esc-jeronidemoragas\/wp-json\/wp\/v2\/pages\/508","targetHints":{"allow":["GET"]}}],"collection":[{"href":"https:\/\/agora.xtec.cat\/esc-jeronidemoragas\/wp-json\/wp\/v2\/pages"}],"about":[{"href":"https:\/\/agora.xtec.cat\/esc-jeronidemoragas\/wp-json\/wp\/v2\/types\/page"}],"author":[{"embeddable":true,"href":"https:\/\/agora.xtec.cat\/esc-jeronidemoragas\/wp-json\/wp\/v2\/users\/1"}],"replies":[{"embeddable":true,"href":"https:\/\/agora.xtec.cat\/esc-jeronidemoragas\/wp-json\/wp\/v2\/comments?post=508"}],"version-history":[{"count":3,"href":"https:\/\/agora.xtec.cat\/esc-jeronidemoragas\/wp-json\/wp\/v2\/pages\/508\/revisions"}],"predecessor-version":[{"id":560,"href":"https:\/\/agora.xtec.cat\/esc-jeronidemoragas\/wp-json\/wp\/v2\/pages\/508\/revisions\/560"}],"up":[{"embeddable":true,"href":"https:\/\/agora.xtec.cat\/esc-jeronidemoragas\/wp-json\/wp\/v2\/pages\/66"}],"wp:attachment":[{"href":"https:\/\/agora.xtec.cat\/esc-jeronidemoragas\/wp-json\/wp\/v2\/media?parent=508"}],"curies":[{"name":"wp","href":"https:\/\/api.w.org\/{rel}","templated":true}]}}