{"id":26,"date":"2014-09-18T12:24:32","date_gmt":"2014-09-18T11:24:32","guid":{"rendered":"http:\/\/agora.xtec.cat\/esc-jeronidemoragas\/?page_id=26"},"modified":"2020-08-10T17:12:02","modified_gmt":"2020-08-10T15:12:02","slug":"historia","status":"publish","type":"page","link":"https:\/\/agora.xtec.cat\/esc-jeronidemoragas\/lescola\/historia\/","title":{"rendered":"Hist\u00f2ria"},"content":{"rendered":"<p style=\"text-align: justify;\">L\u2019any 1979 es va crear l\u2019Associaci\u00f3 Jeroni de Moragas per tal d\u2019oferir una proposta\u00a0educativa especialitzada per als infants amb discapacitat intel\u00b7lectual i del desenvolupament. Durant els primers anys, les classes es van iniciar en\u00a0uns locals cedits per una particular i posteriorment a unes aules que havia cedit l\u2019ajuntament.<\/p>\n<p style=\"text-align: justify;\">Amb els anys, i degut al creixement de l\u2019associaci\u00f3 es van comen\u00e7ar les obres d\u2019una nova seu que es va inaugurar l\u2019any 1985. Amb aquesta nova ubicaci\u00f3 s\u2019iniciava una etapa de creixement per donar resposta a les necessitats de les persones\u00a0usu\u00e0ries. Seguint aquesta evoluci\u00f3, nom\u00e9s un any despr\u00e9s s\u2019obriria el Centre Ocupacional, un servei imprescindible per aquelles persones usuaries que ja havien arribat a l\u2019edat adulta i necessitaven una sortida laboral.<\/p>\n<p style=\"text-align: justify;\">Posteriorment, l\u2019any 1995 l\u2019Associaci\u00f3 Jeroni de Moragas crea el Centre Especial de Treball que ofereix treball remunerat a les persones usu\u00e0ries que reben una valoraci\u00f3 laboral per aquest servei i que han adquirit uns bons h\u00e0bits de treball.<\/p>\n<p style=\"text-align: justify;\">L\u2019any 1997, l\u2019Associaci\u00f3 crea la primera Llar-Resid\u00e8ncia dirigida a aquelles persones amb discapacitat que no poden viure amb les seves fam\u00edlies (ja sigui per la seva avan\u00e7ada edat o b\u00e9 perqu\u00e8 els seus pares i familiars no se\u2019n poden fer c\u00e0rrec).\u00a0 Un any despr\u00e9s, es va constituir la fundaci\u00f3 privada AJEM per tal de gestionar les llars-resid\u00e8ncies.<\/p>\n<p style=\"text-align: justify;\">Finalment, l\u2019any 2012 es va posar en funcionament una nova llar-resid\u00e8ncia que ha substitu\u00eft les antigues llars-resid\u00e8ncies. Es tracta d\u2019un equipament modern, totalment adaptat que d\u00f3na resposta a les necessitats actuals i futures dels nostres residents.<\/p>\n","protected":false},"excerpt":{"rendered":"<p>L\u2019any 1979 es va crear l\u2019Associaci\u00f3 Jeroni de Moragas per tal d\u2019oferir una proposta\u00a0educativa especialitzada per als infants amb discapacitat intel\u00b7lectual i del desenvolupament. Durant els primers anys, les classes es van iniciar en\u00a0uns locals cedits per una particular i posteriorment a unes aules que&hellip;  <a href=\"https:\/\/agora.xtec.cat\/esc-jeronidemoragas\/lescola\/historia\/\" title=\"Read Hist\u00f2ria\">Llegeix m\u00e9s\u00bb<\/a><\/p>\n","protected":false},"author":1,"featured_media":0,"parent":22,"menu_order":20,"comment_status":"closed","ping_status":"closed","template":"page-templates\/side-menu.php","meta":{"_bbp_topic_count":0,"_bbp_reply_count":0,"_bbp_total_topic_count":0,"_bbp_total_reply_count":0,"_bbp_voice_count":0,"_bbp_anonymous_reply_count":0,"_bbp_topic_count_hidden":0,"_bbp_reply_count_hidden":0,"_bbp_forum_subforum_count":0,"footnotes":""},"class_list":["post-26","page","type-page","status-publish","hentry"],"post_mailing_queue_ids":[],"_links":{"self":[{"href":"https:\/\/agora.xtec.cat\/esc-jeronidemoragas\/wp-json\/wp\/v2\/pages\/26","targetHints":{"allow":["GET"]}}],"collection":[{"href":"https:\/\/agora.xtec.cat\/esc-jeronidemoragas\/wp-json\/wp\/v2\/pages"}],"about":[{"href":"https:\/\/agora.xtec.cat\/esc-jeronidemoragas\/wp-json\/wp\/v2\/types\/page"}],"author":[{"embeddable":true,"href":"https:\/\/agora.xtec.cat\/esc-jeronidemoragas\/wp-json\/wp\/v2\/users\/1"}],"replies":[{"embeddable":true,"href":"https:\/\/agora.xtec.cat\/esc-jeronidemoragas\/wp-json\/wp\/v2\/comments?post=26"}],"version-history":[{"count":2,"href":"https:\/\/agora.xtec.cat\/esc-jeronidemoragas\/wp-json\/wp\/v2\/pages\/26\/revisions"}],"predecessor-version":[{"id":552,"href":"https:\/\/agora.xtec.cat\/esc-jeronidemoragas\/wp-json\/wp\/v2\/pages\/26\/revisions\/552"}],"up":[{"embeddable":true,"href":"https:\/\/agora.xtec.cat\/esc-jeronidemoragas\/wp-json\/wp\/v2\/pages\/22"}],"wp:attachment":[{"href":"https:\/\/agora.xtec.cat\/esc-jeronidemoragas\/wp-json\/wp\/v2\/media?parent=26"}],"curies":[{"name":"wp","href":"https:\/\/api.w.org\/{rel}","templated":true}]}}