{"id":671,"date":"2018-07-18T16:30:10","date_gmt":"2018-07-18T14:30:10","guid":{"rendered":"http:\/\/agora.xtec.cat\/esc-itacabdn\/?page_id=671"},"modified":"2023-02-12T17:15:19","modified_gmt":"2023-02-12T16:15:19","slug":"pla-de-consum-de-fruita","status":"publish","type":"page","link":"https:\/\/agora.xtec.cat\/esc-itacabdn\/que-mes-fem\/pla-de-consum-de-fruita\/","title":{"rendered":"Pla de consum de fruita"},"content":{"rendered":"<p class=\"separator\" data-blogger-escaped-style=\"clear: both; text-align: center;\"><a href=\"http:\/\/2.bp.blogspot.com\/-3vzfbcgDDQw\/VQmKqZX3yDI\/AAAAAAAAAJc\/pJ8XcDA7x94\/s1600\/base%2Bcopia%2B16.jpg\" data-blogger-escaped-style=\"margin-left: 1em; margin-right: 1em;\"><img loading=\"lazy\" decoding=\"async\" class=\"aligncenter size-large wp-image-4593\" src=\"https:\/\/agora.xtec.cat\/esc-itacabdn\/wp-content\/uploads\/usu1884\/2023\/02\/BANNERS-WEBITACA-7-1024x256.png\" alt=\"\" width=\"1024\" height=\"256\" srcset=\"https:\/\/agora.xtec.cat\/esc-itacabdn\/wp-content\/uploads\/usu1884\/2023\/02\/BANNERS-WEBITACA-7-1024x256.png 1024w, https:\/\/agora.xtec.cat\/esc-itacabdn\/wp-content\/uploads\/usu1884\/2023\/02\/BANNERS-WEBITACA-7-300x75.png 300w, https:\/\/agora.xtec.cat\/esc-itacabdn\/wp-content\/uploads\/usu1884\/2023\/02\/BANNERS-WEBITACA-7-768x192.png 768w, https:\/\/agora.xtec.cat\/esc-itacabdn\/wp-content\/uploads\/usu1884\/2023\/02\/BANNERS-WEBITACA-7-1536x384.png 1536w, https:\/\/agora.xtec.cat\/esc-itacabdn\/wp-content\/uploads\/usu1884\/2023\/02\/BANNERS-WEBITACA-7.png 1920w\" sizes=\"auto, (max-width: 1024px) 100vw, 1024px\" \/><\/a><\/p>\n<h3 data-blogger-escaped-style=\"background-color: white; border: 0px; color: #333333; font-family: Helvetica, sans-serif; font-size: 1.66666666666667em; font-weight: normal; line-height: 1.3em; margin: 0px 0px 15px; outline: 0px; padding: 0px; text-align: center; vertical-align: baseline;\"><\/h3>\n<h3 data-blogger-escaped-style=\"background-color: white; border: 0px; color: #333333; font-family: Helvetica, sans-serif; font-size: 1.66666666666667em; font-weight: normal; line-height: 1.3em; margin: 0px 0px 15px; outline: 0px; padding: 0px; text-align: center; vertical-align: baseline;\"><b data-blogger-escaped-style=\"border: 0px; font-family: inherit; font-size: 20px; font-style: inherit; margin: 0px; outline: 0px; padding: 0px; vertical-align: baseline;\"><span style=\"color: #808080; font-family: inherit;\" data-blogger-escaped-style=\"border: 0px; color: grey; font-family: inherit; font-style: inherit; font-weight: inherit; margin: 0px; outline: 0px; padding: 0px; vertical-align: baseline;\">PARTICIPEM EN EL PLA DE CONSUM DE FRUITA A LES ESCOLES<\/span><\/b><\/h3>\n<div data-blogger-escaped-style=\"background-color: white; border: 0px; color: #444444; font-family: 'Helvetica Neue', Helvetica, Arial, sans-serif; font-size: 12px; line-height: 21px; margin-bottom: 1.75em; outline: 0px; padding: 0px; vertical-align: baseline;\">\n<p>Menjar fruita \u00e9s sa i divertit! I els m\u00e9s petits ho descobreixen amb el\u00a0<b data-blogger-escaped-style=\"border: 0px; font-family: inherit; font-style: inherit; margin: 0px; outline: 0px; padding: 0px; vertical-align: baseline;\">Pla de consum de fruita a les escoles<\/b>, una iniciativa de la Uni\u00f3 Europea que a Catalunya es fa efectiva mitjan\u00e7ant una acci\u00f3 coordinada dels departaments\u00a0d\u2019Agricultura, Salut i Ensenyament de la Generalitat de Catalunya.<\/p>\n<\/div>\n<div data-blogger-escaped-style=\"background-color: white; border: 0px; color: #444444; font-family: 'Helvetica Neue', Helvetica, Arial, sans-serif; font-size: 12px; line-height: 21px; margin-bottom: 1.75em; outline: 0px; padding: 0px; vertical-align: baseline;\">\n<p>La nostra escola participa en el \u201cPla de consum de fruita a les escoles\u201d , informant els nens sobre els beneficis del consum de fruites i sobre la seva diversitat, producci\u00f3, estacionalitat\u2026\u00a0 i proposant el consum de fruites com una alternativa excel\u00b7lent al consum d\u2019altres aliments amb menys qualitat nutricional.<\/p>\n<\/div>\n<div data-blogger-escaped-style=\"background-color: white; border: 0px; color: #444444; font-family: 'Helvetica Neue', Helvetica, Arial, sans-serif; font-size: 12px; line-height: 21px; margin-bottom: 1.75em; outline: 0px; padding: 0px; vertical-align: baseline;\">\n<div data-blogger-escaped-style=\"text-align: center;\">\n<p><a href=\"https:\/\/escolaitacabadalona.files.wordpress.com\/2012\/11\/2012_2013_cartell_pla_consum_fruita_escoles.jpg\" data-blogger-escaped-style=\"-webkit-transition: all 0.18s ease-out; border: 0px; color: #0da4d3; font-family: inherit; font-style: inherit; font-weight: inherit; margin: 0px; outline: none; padding: 0px; text-decoration: none; transition: all 0.18s ease-out; vertical-align: baseline;\"><img loading=\"lazy\" decoding=\"async\" class=\"aligncenter wp-image-281\" src=\"https:\/\/escolaitacabadalona.files.wordpress.com\/2012\/11\/2012_2013_cartell_pla_consum_fruita_escoles.jpg?w=132&amp;h=192\" alt=\"2012_2013_cartell_pla_consum_fruita_escoles\" width=\"220\" height=\"320\" data-blogger-escaped-style=\"-webkit-transition: all 0.18s ease-out; border: 0px; clear: both; display: block; margin: 0px auto 1.75em !important; max-width: 100%; transition: all 0.18s ease-out; vertical-align: middle;\" \/><\/a><\/p>\n<\/div>\n<\/div>\n","protected":false},"excerpt":{"rendered":"<p>PARTICIPEM EN EL PLA DE CONSUM DE FRUITA A LES ESCOLES Menjar fruita \u00e9s sa i divertit! I els m\u00e9s petits ho descobreixen amb el\u00a0Pla de consum de fruita a les escoles, una iniciativa de la Uni\u00f3 Europea que a Catalunya es fa efectiva mitjan\u00e7ant una acci\u00f3 coordinada dels departaments\u00a0d\u2019Agricultura, Salut i Ensenyament de la [&hellip;]<\/p>\n","protected":false},"author":1,"featured_media":0,"parent":619,"menu_order":0,"comment_status":"closed","ping_status":"closed","template":"page-templates\/side-menu.php","meta":{"_bbp_topic_count":0,"_bbp_reply_count":0,"_bbp_total_topic_count":0,"_bbp_total_reply_count":0,"_bbp_voice_count":0,"_bbp_anonymous_reply_count":0,"_bbp_topic_count_hidden":0,"_bbp_reply_count_hidden":0,"_bbp_forum_subforum_count":0,"site-sidebar-layout":"default","site-content-layout":"","ast-site-content-layout":"","site-content-style":"default","site-sidebar-style":"default","ast-global-header-display":"","ast-banner-title-visibility":"","ast-main-header-display":"","ast-hfb-above-header-display":"","ast-hfb-below-header-display":"","ast-hfb-mobile-header-display":"","site-post-title":"","ast-breadcrumbs-content":"","ast-featured-img":"","footer-sml-layout":"","theme-transparent-header-meta":"","adv-header-id-meta":"","stick-header-meta":"","header-above-stick-meta":"","header-main-stick-meta":"","header-below-stick-meta":"","astra-migrate-meta-layouts":"default","ast-page-background-enabled":"default","ast-page-background-meta":{"desktop":{"background-color":"var(--ast-global-color-4)","background-image":"","background-repeat":"repeat","background-position":"center center","background-size":"auto","background-attachment":"scroll","background-type":"","background-media":"","overlay-type":"","overlay-color":"","overlay-opacity":"","overlay-gradient":""},"tablet":{"background-color":"","background-image":"","background-repeat":"repeat","background-position":"center center","background-size":"auto","background-attachment":"scroll","background-type":"","background-media":"","overlay-type":"","overlay-color":"","overlay-opacity":"","overlay-gradient":""},"mobile":{"background-color":"","background-image":"","background-repeat":"repeat","background-position":"center center","background-size":"auto","background-attachment":"scroll","background-type":"","background-media":"","overlay-type":"","overlay-color":"","overlay-opacity":"","overlay-gradient":""}},"ast-content-background-meta":{"desktop":{"background-color":"var(--ast-global-color-5)","background-image":"","background-repeat":"repeat","background-position":"center center","background-size":"auto","background-attachment":"scroll","background-type":"","background-media":"","overlay-type":"","overlay-color":"","overlay-opacity":"","overlay-gradient":""},"tablet":{"background-color":"var(--ast-global-color-5)","background-image":"","background-repeat":"repeat","background-position":"center center","background-size":"auto","background-attachment":"scroll","background-type":"","background-media":"","overlay-type":"","overlay-color":"","overlay-opacity":"","overlay-gradient":""},"mobile":{"background-color":"var(--ast-global-color-5)","background-image":"","background-repeat":"repeat","background-position":"center center","background-size":"auto","background-attachment":"scroll","background-type":"","background-media":"","overlay-type":"","overlay-color":"","overlay-opacity":"","overlay-gradient":""}},"footnotes":""},"class_list":["post-671","page","type-page","status-publish","hentry"],"post_mailing_queue_ids":[],"_links":{"self":[{"href":"https:\/\/agora.xtec.cat\/esc-itacabdn\/wp-json\/wp\/v2\/pages\/671","targetHints":{"allow":["GET"]}}],"collection":[{"href":"https:\/\/agora.xtec.cat\/esc-itacabdn\/wp-json\/wp\/v2\/pages"}],"about":[{"href":"https:\/\/agora.xtec.cat\/esc-itacabdn\/wp-json\/wp\/v2\/types\/page"}],"author":[{"embeddable":true,"href":"https:\/\/agora.xtec.cat\/esc-itacabdn\/wp-json\/wp\/v2\/users\/1"}],"replies":[{"embeddable":true,"href":"https:\/\/agora.xtec.cat\/esc-itacabdn\/wp-json\/wp\/v2\/comments?post=671"}],"version-history":[{"count":3,"href":"https:\/\/agora.xtec.cat\/esc-itacabdn\/wp-json\/wp\/v2\/pages\/671\/revisions"}],"predecessor-version":[{"id":4594,"href":"https:\/\/agora.xtec.cat\/esc-itacabdn\/wp-json\/wp\/v2\/pages\/671\/revisions\/4594"}],"up":[{"embeddable":true,"href":"https:\/\/agora.xtec.cat\/esc-itacabdn\/wp-json\/wp\/v2\/pages\/619"}],"wp:attachment":[{"href":"https:\/\/agora.xtec.cat\/esc-itacabdn\/wp-json\/wp\/v2\/media?parent=671"}],"curies":[{"name":"wp","href":"https:\/\/api.w.org\/{rel}","templated":true}]}}