{"id":667,"date":"2018-07-18T16:28:00","date_gmt":"2018-07-18T14:28:00","guid":{"rendered":"http:\/\/agora.xtec.cat\/esc-itacabdn\/?page_id=667"},"modified":"2023-02-05T17:41:35","modified_gmt":"2023-02-05T16:41:35","slug":"projecte-interdisciplinari","status":"publish","type":"page","link":"https:\/\/agora.xtec.cat\/esc-itacabdn\/projectes\/projecte-interdisciplinari\/","title":{"rendered":"Projecte interdisciplinari"},"content":{"rendered":"<h1 class=\"entry-title\" data-blogger-escaped-style=\"text-align: center;\"><img loading=\"lazy\" decoding=\"async\" class=\"aligncenter size-large wp-image-4492\" src=\"https:\/\/agora.xtec.cat\/esc-itacabdn\/wp-content\/uploads\/usu1884\/2023\/02\/BANNERS-WEBITACA-1024x256.png\" alt=\"\" width=\"1024\" height=\"256\" srcset=\"https:\/\/agora.xtec.cat\/esc-itacabdn\/wp-content\/uploads\/usu1884\/2023\/02\/BANNERS-WEBITACA-1024x256.png 1024w, https:\/\/agora.xtec.cat\/esc-itacabdn\/wp-content\/uploads\/usu1884\/2023\/02\/BANNERS-WEBITACA-300x75.png 300w, https:\/\/agora.xtec.cat\/esc-itacabdn\/wp-content\/uploads\/usu1884\/2023\/02\/BANNERS-WEBITACA-768x192.png 768w, https:\/\/agora.xtec.cat\/esc-itacabdn\/wp-content\/uploads\/usu1884\/2023\/02\/BANNERS-WEBITACA-1536x384.png 1536w, https:\/\/agora.xtec.cat\/esc-itacabdn\/wp-content\/uploads\/usu1884\/2023\/02\/BANNERS-WEBITACA.png 1920w\" sizes=\"auto, (max-width: 1024px) 100vw, 1024px\" \/><\/h1>\n<p>&nbsp;<\/p>\n<p>Des de l\u2019Escola \u00cdtaca tenim ben present que ens trobem davant d\u2019una societat en constant canvi, en la que els docents han de buscar noves metodologies mitjan\u00e7ant les quals donar respostes als nous reptes que sorgeixen a l\u2019aula. Per aix\u00f2 hem considerat molt adient la realitzaci\u00f3 d\u2019un treball interdisciplinari, amb la participaci\u00f3 de tots els cursos de la nostra escola, sobre diferents temes, tal com especifica el Decret 142\/2007 Cap\u00edtol III article 9.<\/p>\n<p>La utilitzaci\u00f3 d\u2019aquesta metodologia de treball, a partir de la pluralitat de recursos did\u00e0ctics que genera, ofereix no nom\u00e9s un conjunt inesgotable de possibilitats per abordar els diferents continguts curriculars, sin\u00f3 que les estrat\u00e8gies desenvolupades entorn a activitats interdisciplin\u00e0ries contribueixen, de manera clara, a la formaci\u00f3 integral de les persones, ja que abasten els pl\u00e0nols afectiu, cognitiu, est\u00e8tic, f\u00edsic, moral i social.<\/p>\n<p>Hem de destacar, aix\u00ed mateix, el desig manifest que l\u2019alumnat participi no nom\u00e9s com a subjecte passiu en les activitats proposades, sin\u00f3 que adopti un paper actiu en l\u2019elaboraci\u00f3 dels diferents recursos i materials pedag\u00f2gics que aquesta metodologia comporta. D\u2019aquesta manera, a m\u00e9s de consolidar el sentit del treball en equip, es vol aconseguir que els alumnes, alhora que, com a investigadors i creadors experimentin i aprofundeixin en les seves diferents habilitats, participin de manera emprenedora en el seu propi aprenentatge.<\/p>\n<p>&nbsp;<\/p>\n<p>&nbsp;<\/p>\n<p>&nbsp;<\/p>\n<p>&nbsp;<\/p>\n<p>&nbsp;<\/p>\n<p>&nbsp;<\/p>\n<p>&nbsp;<\/p>\n<p>&nbsp;<\/p>\n<p>&nbsp;<\/p>\n<p>&nbsp;<\/p>\n<p>&nbsp;<\/p>\n<p>&nbsp;<\/p>\n<p>&nbsp;<\/p>\n<p>&nbsp;<\/p>\n<p>&nbsp;<\/p>\n<p>&nbsp;<\/p>\n<p>&nbsp;<\/p>\n<p>&nbsp;<\/p>\n<p>&nbsp;<\/p>\n<p>&nbsp;<\/p>\n<p>&nbsp;<\/p>\n<p>&nbsp;<\/p>\n<p>&nbsp;<\/p>\n<p>&nbsp;<\/p>\n<p>&nbsp;<\/p>\n<p>&nbsp;<\/p>\n<p>&nbsp;<\/p>\n<p>&nbsp;<\/p>\n<p>&nbsp;<\/p>\n<p>&nbsp;<\/p>\n<p>&nbsp;<\/p>\n","protected":false},"excerpt":{"rendered":"<p>&nbsp; Des de l\u2019Escola \u00cdtaca tenim ben present que ens trobem davant d\u2019una societat en constant canvi, en la que els docents han de buscar noves metodologies mitjan\u00e7ant les quals donar respostes als nous reptes que sorgeixen a l\u2019aula. Per aix\u00f2 hem considerat molt adient la realitzaci\u00f3 d\u2019un treball interdisciplinari, amb la participaci\u00f3 de tots [&hellip;]<\/p>\n","protected":false},"author":1,"featured_media":0,"parent":615,"menu_order":0,"comment_status":"closed","ping_status":"closed","template":"page-templates\/side-menu.php","meta":{"_bbp_topic_count":0,"_bbp_reply_count":0,"_bbp_total_topic_count":0,"_bbp_total_reply_count":0,"_bbp_voice_count":0,"_bbp_anonymous_reply_count":0,"_bbp_topic_count_hidden":0,"_bbp_reply_count_hidden":0,"_bbp_forum_subforum_count":0,"site-sidebar-layout":"default","site-content-layout":"","ast-site-content-layout":"","site-content-style":"default","site-sidebar-style":"default","ast-global-header-display":"","ast-banner-title-visibility":"","ast-main-header-display":"","ast-hfb-above-header-display":"","ast-hfb-below-header-display":"","ast-hfb-mobile-header-display":"","site-post-title":"","ast-breadcrumbs-content":"","ast-featured-img":"","footer-sml-layout":"","theme-transparent-header-meta":"","adv-header-id-meta":"","stick-header-meta":"","header-above-stick-meta":"","header-main-stick-meta":"","header-below-stick-meta":"","astra-migrate-meta-layouts":"default","ast-page-background-enabled":"default","ast-page-background-meta":{"desktop":{"background-color":"var(--ast-global-color-4)","background-image":"","background-repeat":"repeat","background-position":"center center","background-size":"auto","background-attachment":"scroll","background-type":"","background-media":"","overlay-type":"","overlay-color":"","overlay-opacity":"","overlay-gradient":""},"tablet":{"background-color":"","background-image":"","background-repeat":"repeat","background-position":"center center","background-size":"auto","background-attachment":"scroll","background-type":"","background-media":"","overlay-type":"","overlay-color":"","overlay-opacity":"","overlay-gradient":""},"mobile":{"background-color":"","background-image":"","background-repeat":"repeat","background-position":"center center","background-size":"auto","background-attachment":"scroll","background-type":"","background-media":"","overlay-type":"","overlay-color":"","overlay-opacity":"","overlay-gradient":""}},"ast-content-background-meta":{"desktop":{"background-color":"var(--ast-global-color-5)","background-image":"","background-repeat":"repeat","background-position":"center center","background-size":"auto","background-attachment":"scroll","background-type":"","background-media":"","overlay-type":"","overlay-color":"","overlay-opacity":"","overlay-gradient":""},"tablet":{"background-color":"var(--ast-global-color-5)","background-image":"","background-repeat":"repeat","background-position":"center center","background-size":"auto","background-attachment":"scroll","background-type":"","background-media":"","overlay-type":"","overlay-color":"","overlay-opacity":"","overlay-gradient":""},"mobile":{"background-color":"var(--ast-global-color-5)","background-image":"","background-repeat":"repeat","background-position":"center center","background-size":"auto","background-attachment":"scroll","background-type":"","background-media":"","overlay-type":"","overlay-color":"","overlay-opacity":"","overlay-gradient":""}},"footnotes":""},"class_list":["post-667","page","type-page","status-publish","hentry"],"post_mailing_queue_ids":[],"_links":{"self":[{"href":"https:\/\/agora.xtec.cat\/esc-itacabdn\/wp-json\/wp\/v2\/pages\/667","targetHints":{"allow":["GET"]}}],"collection":[{"href":"https:\/\/agora.xtec.cat\/esc-itacabdn\/wp-json\/wp\/v2\/pages"}],"about":[{"href":"https:\/\/agora.xtec.cat\/esc-itacabdn\/wp-json\/wp\/v2\/types\/page"}],"author":[{"embeddable":true,"href":"https:\/\/agora.xtec.cat\/esc-itacabdn\/wp-json\/wp\/v2\/users\/1"}],"replies":[{"embeddable":true,"href":"https:\/\/agora.xtec.cat\/esc-itacabdn\/wp-json\/wp\/v2\/comments?post=667"}],"version-history":[{"count":3,"href":"https:\/\/agora.xtec.cat\/esc-itacabdn\/wp-json\/wp\/v2\/pages\/667\/revisions"}],"predecessor-version":[{"id":4493,"href":"https:\/\/agora.xtec.cat\/esc-itacabdn\/wp-json\/wp\/v2\/pages\/667\/revisions\/4493"}],"up":[{"embeddable":true,"href":"https:\/\/agora.xtec.cat\/esc-itacabdn\/wp-json\/wp\/v2\/pages\/615"}],"wp:attachment":[{"href":"https:\/\/agora.xtec.cat\/esc-itacabdn\/wp-json\/wp\/v2\/media?parent=667"}],"curies":[{"name":"wp","href":"https:\/\/api.w.org\/{rel}","templated":true}]}}