{"id":66,"date":"2014-09-18T12:40:47","date_gmt":"2014-09-18T11:40:47","guid":{"rendered":"http:\/\/agora.xtec.cat\/esc-itacabdn\/?page_id=66"},"modified":"2018-07-18T15:42:58","modified_gmt":"2018-07-18T13:42:58","slug":"serveis","status":"publish","type":"page","link":"https:\/\/agora.xtec.cat\/esc-itacabdn\/serveis\/","title":{"rendered":"Serveis"},"content":{"rendered":"<p>En aquesta secci\u00f3 trobareu informaci\u00f3 relacionada amb 2 serveis que l&#8217;escola posa a disposici\u00f3 de l&#8217;alumnat:<\/p>\n<ul>\n<li><a href=\"http:\/\/agora.xtec.cat\/esc-itacabdn\/serveis\/serveis-digitals\/\">ITACAnet (serveis digitals)<\/a>: s\u00f3n els nostres blocs de treball. Estan dividits per edats. Tamb\u00e9 hi ha blocs d&#8217;algunes especialitats de prim\u00e0ria.<\/li>\n<li><a href=\"http:\/\/agora.xtec.cat\/esc-itacabdn\/serveis\/menjador-escolar\/\">el menjador escolar<\/a>: informaci\u00f3 sobre condicions i la possibilitat de veure el men\u00fa mensual.<\/li>\n<li><a href=\"http:\/\/agora.xtec.cat\/esc-itacabdn\/el-servei-dacollida\/\">el servei d&#8217;acollida<\/a>: servei ofert als alumnes d&#8217;educaci\u00f3 infantil (fer-hi <em>clic<\/em> per m\u00e9s informaci\u00f3).<\/li>\n<\/ul>\n","protected":false},"excerpt":{"rendered":"<p>En aquesta secci\u00f3 trobareu informaci\u00f3 relacionada amb 2 serveis que l&#8217;escola posa a disposici\u00f3 de l&#8217;alumnat: ITACAnet (serveis digitals): s\u00f3n els nostres blocs de treball. Estan dividits per edats. Tamb\u00e9 hi ha blocs d&#8217;algunes especialitats de prim\u00e0ria. el menjador escolar: informaci\u00f3 sobre condicions i la possibilitat de veure el men\u00fa mensual. el servei d&#8217;acollida: servei [&hellip;]<\/p>\n","protected":false},"author":1,"featured_media":0,"parent":0,"menu_order":0,"comment_status":"closed","ping_status":"closed","template":"page-templates\/side-menu.php","meta":{"_bbp_topic_count":0,"_bbp_reply_count":0,"_bbp_total_topic_count":0,"_bbp_total_reply_count":0,"_bbp_voice_count":0,"_bbp_anonymous_reply_count":0,"_bbp_topic_count_hidden":0,"_bbp_reply_count_hidden":0,"_bbp_forum_subforum_count":0,"site-sidebar-layout":"default","site-content-layout":"","ast-site-content-layout":"","site-content-style":"default","site-sidebar-style":"default","ast-global-header-display":"","ast-banner-title-visibility":"","ast-main-header-display":"","ast-hfb-above-header-display":"","ast-hfb-below-header-display":"","ast-hfb-mobile-header-display":"","site-post-title":"","ast-breadcrumbs-content":"","ast-featured-img":"","footer-sml-layout":"","theme-transparent-header-meta":"","adv-header-id-meta":"","stick-header-meta":"","header-above-stick-meta":"","header-main-stick-meta":"","header-below-stick-meta":"","astra-migrate-meta-layouts":"default","ast-page-background-enabled":"default","ast-page-background-meta":{"desktop":{"background-color":"var(--ast-global-color-4)","background-image":"","background-repeat":"repeat","background-position":"center center","background-size":"auto","background-attachment":"scroll","background-type":"","background-media":"","overlay-type":"","overlay-color":"","overlay-opacity":"","overlay-gradient":""},"tablet":{"background-color":"","background-image":"","background-repeat":"repeat","background-position":"center center","background-size":"auto","background-attachment":"scroll","background-type":"","background-media":"","overlay-type":"","overlay-color":"","overlay-opacity":"","overlay-gradient":""},"mobile":{"background-color":"","background-image":"","background-repeat":"repeat","background-position":"center center","background-size":"auto","background-attachment":"scroll","background-type":"","background-media":"","overlay-type":"","overlay-color":"","overlay-opacity":"","overlay-gradient":""}},"ast-content-background-meta":{"desktop":{"background-color":"var(--ast-global-color-5)","background-image":"","background-repeat":"repeat","background-position":"center center","background-size":"auto","background-attachment":"scroll","background-type":"","background-media":"","overlay-type":"","overlay-color":"","overlay-opacity":"","overlay-gradient":""},"tablet":{"background-color":"var(--ast-global-color-5)","background-image":"","background-repeat":"repeat","background-position":"center center","background-size":"auto","background-attachment":"scroll","background-type":"","background-media":"","overlay-type":"","overlay-color":"","overlay-opacity":"","overlay-gradient":""},"mobile":{"background-color":"var(--ast-global-color-5)","background-image":"","background-repeat":"repeat","background-position":"center center","background-size":"auto","background-attachment":"scroll","background-type":"","background-media":"","overlay-type":"","overlay-color":"","overlay-opacity":"","overlay-gradient":""}},"footnotes":""},"class_list":["post-66","page","type-page","status-publish","hentry"],"post_mailing_queue_ids":[],"_links":{"self":[{"href":"https:\/\/agora.xtec.cat\/esc-itacabdn\/wp-json\/wp\/v2\/pages\/66","targetHints":{"allow":["GET"]}}],"collection":[{"href":"https:\/\/agora.xtec.cat\/esc-itacabdn\/wp-json\/wp\/v2\/pages"}],"about":[{"href":"https:\/\/agora.xtec.cat\/esc-itacabdn\/wp-json\/wp\/v2\/types\/page"}],"author":[{"embeddable":true,"href":"https:\/\/agora.xtec.cat\/esc-itacabdn\/wp-json\/wp\/v2\/users\/1"}],"replies":[{"embeddable":true,"href":"https:\/\/agora.xtec.cat\/esc-itacabdn\/wp-json\/wp\/v2\/comments?post=66"}],"version-history":[{"count":3,"href":"https:\/\/agora.xtec.cat\/esc-itacabdn\/wp-json\/wp\/v2\/pages\/66\/revisions"}],"predecessor-version":[{"id":585,"href":"https:\/\/agora.xtec.cat\/esc-itacabdn\/wp-json\/wp\/v2\/pages\/66\/revisions\/585"}],"wp:attachment":[{"href":"https:\/\/agora.xtec.cat\/esc-itacabdn\/wp-json\/wp\/v2\/media?parent=66"}],"curies":[{"name":"wp","href":"https:\/\/api.w.org\/{rel}","templated":true}]}}