{"id":6547,"date":"2026-04-30T13:59:57","date_gmt":"2026-04-30T11:59:57","guid":{"rendered":"https:\/\/agora.xtec.cat\/esc-itacabdn\/?page_id=6547"},"modified":"2026-04-30T13:59:59","modified_gmt":"2026-04-30T11:59:59","slug":"curs-2023-2024-laigua-es-vida","status":"publish","type":"page","link":"https:\/\/agora.xtec.cat\/esc-itacabdn\/projectes\/projecte-interdisciplinari\/curs-2023-2024-laigua-es-vida\/","title":{"rendered":"Curs 2023-2024: L&#8217;aigua \u00e9s vida!"},"content":{"rendered":"\n<p>Durant el curs 2023-2024, el nostre centre ha desenvolupat un projecte interdisciplinari centrat en l\u2019aigua, motivat per la situaci\u00f3 de sequera que estem vivint. Ha estat una gran oportunitat per conscienciar l\u2019alumnat sobre la import\u00e0ncia d\u2019aquest recurs essencial i la necessitat de fer-ne un \u00fas responsable.<\/p>\n\n\n\n<p>Els grups de m\u00e9s grans han treballat a partir de capses d\u2019aprenentatge, amb propostes variades i experimentals al voltant de l\u2019aigua: el cicle de l\u2019aigua, els rius de Catalunya, la flotabilitat (objectes que suren o s\u2019enfonsen), els estats de l\u2019aigua, la densitat dels l\u00edquids, la mesura de l\u00edquids i el proc\u00e9s de filtraci\u00f3, aix\u00ed com l\u2019origen de l\u2019aigua que arriba a les nostres aixetes.<\/p>\n\n\n\n<p>Per als m\u00e9s petits, aquestes activitats s\u2019han adaptat per fer-les m\u00e9s manipulatives i significatives, afavorint l\u2019experimentaci\u00f3 i el descobriment a trav\u00e9s del joc i l\u2019observaci\u00f3.<\/p>\n\n\n\n<p>A m\u00e9s, s\u2019ha dut a terme una activitat de conscienciaci\u00f3 molt significativa: cada alumne\/a disposava d\u2019unes targetes on registrava quantes vegades anava al lavabo o es rentava les mans al llarg del dia. A partir d\u2019aquestes dades, es va calcular el consum d\u2019aigua de cada classe, visualitzant-lo amb una ampolla gegant per comprovar si s\u2019arribava a omplir. Aquesta experi\u00e8ncia ha ajudat a fer visible l\u2019impacte dels nostres h\u00e0bits quotidians.<\/p>\n\n\n\n<p>Cal destacar tamb\u00e9 el treball realitzat per l\u2019alumnat sord, que ha apr\u00e8s i treballat tot el vocabulari relacionat amb l\u2019aigua en llengua de signes, promovent aix\u00ed una educaci\u00f3 inclusiva i accessible per a tothom.<\/p>\n\n\n\n<p>El v\u00eddeo que us compartim recull un resum de totes aquestes experi\u00e8ncies, aix\u00ed com el comprom\u00eds i la implicaci\u00f3 de l\u2019alumnat en aquest projecte tan necessari.<\/p>\n\n\n\n<p>Entre tots i totes, cuidem l\u2019aigua avui per garantir-la dem\u00e0!<\/p>\n\n\n\n<figure class=\"wp-block-embed is-type-video is-provider-youtube wp-block-embed-youtube wp-embed-aspect-16-9 wp-has-aspect-ratio\"><div class=\"wp-block-embed__wrapper\">\n<div class=\"ast-oembed-container \" style=\"height: 100%;\"><iframe loading=\"lazy\" title=\"Projecte de l\u2019aigua\" width=\"500\" height=\"281\" src=\"https:\/\/www.youtube.com\/embed\/uS3ObPrwx7k?feature=oembed\" frameborder=\"0\" allow=\"accelerometer; autoplay; clipboard-write; encrypted-media; gyroscope; picture-in-picture; web-share\" referrerpolicy=\"strict-origin-when-cross-origin\" allowfullscreen><\/iframe><\/div>\n<\/div><\/figure>\n","protected":false},"excerpt":{"rendered":"<p>Durant el curs 2023-2024, el nostre centre ha desenvolupat un projecte interdisciplinari centrat en l\u2019aigua, motivat per la situaci\u00f3 de sequera que estem vivint. Ha estat una gran oportunitat per conscienciar l\u2019alumnat sobre la import\u00e0ncia d\u2019aquest recurs essencial i la necessitat de fer-ne un \u00fas responsable. Els grups de m\u00e9s grans han treballat a partir [&hellip;]<\/p>\n","protected":false},"author":1,"featured_media":0,"parent":667,"menu_order":0,"comment_status":"closed","ping_status":"close","template":"","meta":{"_bbp_topic_count":0,"_bbp_reply_count":0,"_bbp_total_topic_count":0,"_bbp_total_reply_count":0,"_bbp_voice_count":0,"_bbp_anonymous_reply_count":0,"_bbp_topic_count_hidden":0,"_bbp_reply_count_hidden":0,"_bbp_forum_subforum_count":0,"site-sidebar-layout":"default","site-content-layout":"","ast-site-content-layout":"default","site-content-style":"default","site-sidebar-style":"default","ast-global-header-display":"","ast-banner-title-visibility":"","ast-main-header-display":"","ast-hfb-above-header-display":"","ast-hfb-below-header-display":"","ast-hfb-mobile-header-display":"","site-post-title":"","ast-breadcrumbs-content":"","ast-featured-img":"","footer-sml-layout":"","theme-transparent-header-meta":"","adv-header-id-meta":"","stick-header-meta":"","header-above-stick-meta":"","header-main-stick-meta":"","header-below-stick-meta":"","astra-migrate-meta-layouts":"set","ast-page-background-enabled":"default","ast-page-background-meta":{"desktop":{"background-color":"var(--ast-global-color-4)","background-image":"","background-repeat":"repeat","background-position":"center center","background-size":"auto","background-attachment":"scroll","background-type":"","background-media":"","overlay-type":"","overlay-color":"","overlay-opacity":"","overlay-gradient":""},"tablet":{"background-color":"","background-image":"","background-repeat":"repeat","background-position":"center center","background-size":"auto","background-attachment":"scroll","background-type":"","background-media":"","overlay-type":"","overlay-color":"","overlay-opacity":"","overlay-gradient":""},"mobile":{"background-color":"","background-image":"","background-repeat":"repeat","background-position":"center center","background-size":"auto","background-attachment":"scroll","background-type":"","background-media":"","overlay-type":"","overlay-color":"","overlay-opacity":"","overlay-gradient":""}},"ast-content-background-meta":{"desktop":{"background-color":"var(--ast-global-color-5)","background-image":"","background-repeat":"repeat","background-position":"center center","background-size":"auto","background-attachment":"scroll","background-type":"","background-media":"","overlay-type":"","overlay-color":"","overlay-opacity":"","overlay-gradient":""},"tablet":{"background-color":"var(--ast-global-color-5)","background-image":"","background-repeat":"repeat","background-position":"center center","background-size":"auto","background-attachment":"scroll","background-type":"","background-media":"","overlay-type":"","overlay-color":"","overlay-opacity":"","overlay-gradient":""},"mobile":{"background-color":"var(--ast-global-color-5)","background-image":"","background-repeat":"repeat","background-position":"center center","background-size":"auto","background-attachment":"scroll","background-type":"","background-media":"","overlay-type":"","overlay-color":"","overlay-opacity":"","overlay-gradient":""}},"footnotes":""},"class_list":["post-6547","page","type-page","status-publish","hentry"],"post_mailing_queue_ids":[],"_links":{"self":[{"href":"https:\/\/agora.xtec.cat\/esc-itacabdn\/wp-json\/wp\/v2\/pages\/6547","targetHints":{"allow":["GET"]}}],"collection":[{"href":"https:\/\/agora.xtec.cat\/esc-itacabdn\/wp-json\/wp\/v2\/pages"}],"about":[{"href":"https:\/\/agora.xtec.cat\/esc-itacabdn\/wp-json\/wp\/v2\/types\/page"}],"author":[{"embeddable":true,"href":"https:\/\/agora.xtec.cat\/esc-itacabdn\/wp-json\/wp\/v2\/users\/1"}],"replies":[{"embeddable":true,"href":"https:\/\/agora.xtec.cat\/esc-itacabdn\/wp-json\/wp\/v2\/comments?post=6547"}],"version-history":[{"count":1,"href":"https:\/\/agora.xtec.cat\/esc-itacabdn\/wp-json\/wp\/v2\/pages\/6547\/revisions"}],"predecessor-version":[{"id":6548,"href":"https:\/\/agora.xtec.cat\/esc-itacabdn\/wp-json\/wp\/v2\/pages\/6547\/revisions\/6548"}],"up":[{"embeddable":true,"href":"https:\/\/agora.xtec.cat\/esc-itacabdn\/wp-json\/wp\/v2\/pages\/667"}],"wp:attachment":[{"href":"https:\/\/agora.xtec.cat\/esc-itacabdn\/wp-json\/wp\/v2\/media?parent=6547"}],"curies":[{"name":"wp","href":"https:\/\/api.w.org\/{rel}","templated":true}]}}