{"id":6165,"date":"2025-04-23T12:50:28","date_gmt":"2025-04-23T10:50:28","guid":{"rendered":"https:\/\/agora.xtec.cat\/esc-itacabdn\/?page_id=6165"},"modified":"2025-05-13T11:17:41","modified_gmt":"2025-05-13T09:17:41","slug":"curs-2023-2024-la-taca","status":"publish","type":"page","link":"https:\/\/agora.xtec.cat\/esc-itacabdn\/projectes\/itaca-art\/curs-2023-2024-la-taca\/","title":{"rendered":"Curs 2023-2024: La taca"},"content":{"rendered":"<p><img loading=\"lazy\" decoding=\"async\" class=\"aligncenter size-large wp-image-6166\" src=\"https:\/\/agora.xtec.cat\/esc-itacabdn\/wp-content\/uploads\/usu1884\/2025\/04\/IMG_1698-1024x522.jpg\" alt=\"\" width=\"1024\" height=\"522\" srcset=\"https:\/\/agora.xtec.cat\/esc-itacabdn\/wp-content\/uploads\/usu1884\/2025\/04\/IMG_1698-1024x522.jpg 1024w, https:\/\/agora.xtec.cat\/esc-itacabdn\/wp-content\/uploads\/usu1884\/2025\/04\/IMG_1698-300x153.jpg 300w, https:\/\/agora.xtec.cat\/esc-itacabdn\/wp-content\/uploads\/usu1884\/2025\/04\/IMG_1698-768x392.jpg 768w, https:\/\/agora.xtec.cat\/esc-itacabdn\/wp-content\/uploads\/usu1884\/2025\/04\/IMG_1698-1536x784.jpg 1536w, https:\/\/agora.xtec.cat\/esc-itacabdn\/wp-content\/uploads\/usu1884\/2025\/04\/IMG_1698-2048x1045.jpg 2048w\" sizes=\"auto, (max-width: 1024px) 100vw, 1024px\" \/><\/p>\n<p class=\"\" data-start=\"190\" data-end=\"518\">Aquest curs (2023-2024), l\u2019alumnat ha explorat el m\u00f3n lliure i expressiu de la <strong data-start=\"257\" data-end=\"279\">t\u00e8cnica de la taca<\/strong>, una proposta art\u00edstica que convida a deixar-se portar pel moviment, el color i la sorpresa. Aquesta t\u00e8cnica, aparentment senzilla, permet treballar la <strong data-start=\"432\" data-end=\"478\">intu\u00efci\u00f3, la creativitat i l\u2019expressivitat<\/strong>, alliberant la imaginaci\u00f3 sense l\u00edmits.<\/p>\n<p class=\"\" data-start=\"520\" data-end=\"805\">Amb gotes d\u2019aigua, pinzellades espont\u00e0nies i colors que dansen sobre el paper, els infants han apr\u00e8s que l\u2019art tamb\u00e9 pot n\u00e9ixer de l\u2019atzar. Han descobert que una taca no \u00e9s nom\u00e9s una taca, sin\u00f3 el <strong data-start=\"717\" data-end=\"754\">comen\u00e7ament d\u2019una hist\u00f2ria visual<\/strong> que cadasc\u00fa pot interpretar d\u2019una manera diferent.<\/p>\n<p class=\"\" data-start=\"807\" data-end=\"1023\">Durant aquest proc\u00e9s art\u00edstic, han apr\u00e8s a <strong data-start=\"850\" data-end=\"883\">observar, transformar i crear<\/strong>, tot experimentant amb materials diversos i compartint les seves creacions en un ambient de curiositat i respecte per la mirada de l\u2019altre.<\/p>\n<p class=\"\" data-start=\"1025\" data-end=\"1176\">El resultat? Un univers de formes, textures i emocions que reflecteix la riquesa de cada mirada i la m\u00e0gia que s\u2019amaga darrere d\u2019una simple taca.<\/p>\n<p class=\"\" data-start=\"1178\" data-end=\"1324\">Us convidem a veure el v\u00eddeo que compartim amb vosaltres a continuaci\u00f3, on podreu veure com una taca es transforma en art a trav\u00e9s dels ulls dels nostres artistes!<\/p>\n<div class=\"ast-oembed-container \" style=\"height: 100%;\"><iframe loading=\"lazy\" title=\"\u00cdtaca Art: La taca\" width=\"500\" height=\"375\" src=\"https:\/\/www.youtube.com\/embed\/KF2g4jPKbNw?feature=oembed\" frameborder=\"0\" allow=\"accelerometer; autoplay; clipboard-write; encrypted-media; gyroscope; picture-in-picture; web-share\" referrerpolicy=\"strict-origin-when-cross-origin\" allowfullscreen><\/iframe><\/div>\n","protected":false},"excerpt":{"rendered":"<p>Aquest curs (2023-2024), l\u2019alumnat ha explorat el m\u00f3n lliure i expressiu de la t\u00e8cnica de la taca, una proposta art\u00edstica que convida a deixar-se portar pel moviment, el color i la sorpresa. Aquesta t\u00e8cnica, aparentment senzilla, permet treballar la intu\u00efci\u00f3, la creativitat i l\u2019expressivitat, alliberant la imaginaci\u00f3 sense l\u00edmits. Amb gotes d\u2019aigua, pinzellades espont\u00e0nies i [&hellip;]<\/p>\n","protected":false},"author":1,"featured_media":0,"parent":665,"menu_order":9,"comment_status":"closed","ping_status":"closed","template":"page-templates\/side-menu.php","meta":{"_bbp_topic_count":0,"_bbp_reply_count":0,"_bbp_total_topic_count":0,"_bbp_total_reply_count":0,"_bbp_voice_count":0,"_bbp_anonymous_reply_count":0,"_bbp_topic_count_hidden":0,"_bbp_reply_count_hidden":0,"_bbp_forum_subforum_count":0,"site-sidebar-layout":"default","site-content-layout":"","ast-site-content-layout":"","site-content-style":"default","site-sidebar-style":"default","ast-global-header-display":"","ast-banner-title-visibility":"","ast-main-header-display":"","ast-hfb-above-header-display":"","ast-hfb-below-header-display":"","ast-hfb-mobile-header-display":"","site-post-title":"","ast-breadcrumbs-content":"","ast-featured-img":"","footer-sml-layout":"","theme-transparent-header-meta":"","adv-header-id-meta":"","stick-header-meta":"","header-above-stick-meta":"","header-main-stick-meta":"","header-below-stick-meta":"","astra-migrate-meta-layouts":"default","ast-page-background-enabled":"default","ast-page-background-meta":{"desktop":{"background-color":"var(--ast-global-color-4)","background-image":"","background-repeat":"repeat","background-position":"center center","background-size":"auto","background-attachment":"scroll","background-type":"","background-media":"","overlay-type":"","overlay-color":"","overlay-opacity":"","overlay-gradient":""},"tablet":{"background-color":"","background-image":"","background-repeat":"repeat","background-position":"center center","background-size":"auto","background-attachment":"scroll","background-type":"","background-media":"","overlay-type":"","overlay-color":"","overlay-opacity":"","overlay-gradient":""},"mobile":{"background-color":"","background-image":"","background-repeat":"repeat","background-position":"center center","background-size":"auto","background-attachment":"scroll","background-type":"","background-media":"","overlay-type":"","overlay-color":"","overlay-opacity":"","overlay-gradient":""}},"ast-content-background-meta":{"desktop":{"background-color":"var(--ast-global-color-5)","background-image":"","background-repeat":"repeat","background-position":"center center","background-size":"auto","background-attachment":"scroll","background-type":"","background-media":"","overlay-type":"","overlay-color":"","overlay-opacity":"","overlay-gradient":""},"tablet":{"background-color":"var(--ast-global-color-5)","background-image":"","background-repeat":"repeat","background-position":"center center","background-size":"auto","background-attachment":"scroll","background-type":"","background-media":"","overlay-type":"","overlay-color":"","overlay-opacity":"","overlay-gradient":""},"mobile":{"background-color":"var(--ast-global-color-5)","background-image":"","background-repeat":"repeat","background-position":"center center","background-size":"auto","background-attachment":"scroll","background-type":"","background-media":"","overlay-type":"","overlay-color":"","overlay-opacity":"","overlay-gradient":""}},"footnotes":""},"class_list":["post-6165","page","type-page","status-publish","hentry"],"post_mailing_queue_ids":[],"_links":{"self":[{"href":"https:\/\/agora.xtec.cat\/esc-itacabdn\/wp-json\/wp\/v2\/pages\/6165","targetHints":{"allow":["GET"]}}],"collection":[{"href":"https:\/\/agora.xtec.cat\/esc-itacabdn\/wp-json\/wp\/v2\/pages"}],"about":[{"href":"https:\/\/agora.xtec.cat\/esc-itacabdn\/wp-json\/wp\/v2\/types\/page"}],"author":[{"embeddable":true,"href":"https:\/\/agora.xtec.cat\/esc-itacabdn\/wp-json\/wp\/v2\/users\/1"}],"replies":[{"embeddable":true,"href":"https:\/\/agora.xtec.cat\/esc-itacabdn\/wp-json\/wp\/v2\/comments?post=6165"}],"version-history":[{"count":2,"href":"https:\/\/agora.xtec.cat\/esc-itacabdn\/wp-json\/wp\/v2\/pages\/6165\/revisions"}],"predecessor-version":[{"id":6168,"href":"https:\/\/agora.xtec.cat\/esc-itacabdn\/wp-json\/wp\/v2\/pages\/6165\/revisions\/6168"}],"up":[{"embeddable":true,"href":"https:\/\/agora.xtec.cat\/esc-itacabdn\/wp-json\/wp\/v2\/pages\/665"}],"wp:attachment":[{"href":"https:\/\/agora.xtec.cat\/esc-itacabdn\/wp-json\/wp\/v2\/media?parent=6165"}],"curies":[{"name":"wp","href":"https:\/\/api.w.org\/{rel}","templated":true}]}}