{"id":606,"date":"2018-07-18T10:54:23","date_gmt":"2018-07-18T08:54:23","guid":{"rendered":"http:\/\/agora.xtec.cat\/esc-itacabdn\/?page_id=606"},"modified":"2018-11-20T20:23:44","modified_gmt":"2018-11-20T19:23:44","slug":"per-aprendre-i-divertir-te","status":"publish","type":"page","link":"https:\/\/agora.xtec.cat\/esc-itacabdn\/per-aprendre-i-divertir-te\/","title":{"rendered":"Per aprendre i divertir-te!"},"content":{"rendered":"<p>Hola, estimat alumne\/a de l&#8217;Escola Itaca,<\/p>\n<p>a continuaci\u00f3 et proposem algunes p\u00e0gines web educatives on podr\u00e0s divertir-te alhora que aprens.<\/p>\n<p>Que t&#8217;ho passis d&#8217;all\u00f2 m\u00e9s b\u00e9!! <em>(et recomanem entrar-hi amb el navegador <strong>Mozilla Firefox<\/strong>).<\/em><\/p>\n<p><a href=\"http:\/\/www.edu365.cat\/\" target=\"_blank\" rel=\"noopener noreferrer\"><br \/>\n<\/a><a href=\"http:\/\/www.edu365.cat\/\" target=\"_blank\" rel=\"noopener noreferrer\"><img loading=\"lazy\" decoding=\"async\" class=\"irc_mi\" src=\"http:\/\/www.flashbrowser.com\/APN\/image\/pconnect\/cache\/escolasadako.cat\/edu365-500x500.jpg\" alt=\"Resultado de imagen de edu365\" width=\"188\" height=\"188\" \/><\/a><a href=\"http:\/\/www.edu3.cat\/\" target=\"_blank\" rel=\"noopener noreferrer\">\u00a0\u00a0\u00a0\u00a0\u00a0\u00a0\u00a0\u00a0\u00a0\u00a0\u00a0\u00a0\u00a0\u00a0\u00a0\u00a0\u00a0\u00a0 <img loading=\"lazy\" decoding=\"async\" class=\"irc_mi alignnone\" src=\"http:\/\/s3.amazonaws.com\/s3.timetoast.com\/public\/uploads\/photos\/233343\/edu3_color.png?1473378692\" alt=\"Resultat d'imatges de edu3\" width=\"134\" height=\"117\" \/>\u00a0\u00a0\u00a0\u00a0\u00a0\u00a0\u00a0\u00a0 <\/a><a href=\"https:\/\/clic.xtec.cat\/repo\/\" target=\"_blank\" rel=\"noopener noreferrer\"><img loading=\"lazy\" decoding=\"async\" class=\"irc_mi alignnone\" src=\"https:\/\/i.ytimg.com\/vi\/V90mhpA4xIg\/maxresdefault.jpg\" alt=\"Resultat d'imatges de jclic\" width=\"276\" height=\"161\" \/><\/a><\/p>\n<p>&nbsp;<\/p>\n<p><a href=\"http:\/\/www.ccma.cat\/tv3\/super3\/\" target=\"_blank\" rel=\"noopener noreferrer\"><img loading=\"lazy\" decoding=\"async\" class=\"irc_mi alignnone\" src=\"http:\/\/www.accialt.com\/sites\/default\/files\/styles\/large\/public\/field\/image\/super3.jpg?itok=D2MbDfUW\" alt=\"Resultat d'imatges de super 3\" width=\"205\" height=\"149\" \/><\/a><a href=\"http:\/\/www.ccma.cat\/tv3\/super3\/\">\u00a0\u00a0\u00a0\u00a0\u00a0\u00a0\u00a0 <\/a><a href=\"http:\/\/www.ccma.cat\/tv3\/super3\/infok\/\" target=\"_blank\" rel=\"noopener noreferrer\"><img loading=\"lazy\" decoding=\"async\" class=\"irc_mi alignnone\" src=\"http:\/\/www.premiadedalt.cat\/news\/++theme++ajpremiadedalt\/img\/news\/ARXIUS\/2016\/MUSEU\/EXPOSICIONSTEMPORALS\/CLICKSDEPLAYMOBIL\/Logotip_Info_K.jpg\" alt=\"Resultat d'imatges de info k\" width=\"200\" height=\"113\" \/><\/a><\/p>\n","protected":false},"excerpt":{"rendered":"<p>Hola, estimat alumne\/a de l&#8217;Escola Itaca, a continuaci\u00f3 et proposem algunes p\u00e0gines web educatives on podr\u00e0s divertir-te alhora que aprens. Que t&#8217;ho passis d&#8217;all\u00f2 m\u00e9s b\u00e9!! (et recomanem entrar-hi amb el navegador Mozilla Firefox). \u00a0\u00a0\u00a0\u00a0\u00a0\u00a0\u00a0\u00a0\u00a0\u00a0\u00a0\u00a0\u00a0\u00a0\u00a0\u00a0\u00a0\u00a0 \u00a0\u00a0\u00a0\u00a0\u00a0\u00a0\u00a0\u00a0 &nbsp; \u00a0\u00a0\u00a0\u00a0\u00a0\u00a0\u00a0<\/p>\n","protected":false},"author":1,"featured_media":0,"parent":0,"menu_order":0,"comment_status":"closed","ping_status":"closed","template":"page-templates\/side-menu.php","meta":{"_bbp_topic_count":0,"_bbp_reply_count":0,"_bbp_total_topic_count":0,"_bbp_total_reply_count":0,"_bbp_voice_count":0,"_bbp_anonymous_reply_count":0,"_bbp_topic_count_hidden":0,"_bbp_reply_count_hidden":0,"_bbp_forum_subforum_count":0,"site-sidebar-layout":"default","site-content-layout":"","ast-site-content-layout":"","site-content-style":"default","site-sidebar-style":"default","ast-global-header-display":"","ast-banner-title-visibility":"","ast-main-header-display":"","ast-hfb-above-header-display":"","ast-hfb-below-header-display":"","ast-hfb-mobile-header-display":"","site-post-title":"","ast-breadcrumbs-content":"","ast-featured-img":"","footer-sml-layout":"","theme-transparent-header-meta":"","adv-header-id-meta":"","stick-header-meta":"","header-above-stick-meta":"","header-main-stick-meta":"","header-below-stick-meta":"","astra-migrate-meta-layouts":"default","ast-page-background-enabled":"default","ast-page-background-meta":{"desktop":{"background-color":"var(--ast-global-color-4)","background-image":"","background-repeat":"repeat","background-position":"center center","background-size":"auto","background-attachment":"scroll","background-type":"","background-media":"","overlay-type":"","overlay-color":"","overlay-opacity":"","overlay-gradient":""},"tablet":{"background-color":"","background-image":"","background-repeat":"repeat","background-position":"center center","background-size":"auto","background-attachment":"scroll","background-type":"","background-media":"","overlay-type":"","overlay-color":"","overlay-opacity":"","overlay-gradient":""},"mobile":{"background-color":"","background-image":"","background-repeat":"repeat","background-position":"center center","background-size":"auto","background-attachment":"scroll","background-type":"","background-media":"","overlay-type":"","overlay-color":"","overlay-opacity":"","overlay-gradient":""}},"ast-content-background-meta":{"desktop":{"background-color":"var(--ast-global-color-5)","background-image":"","background-repeat":"repeat","background-position":"center center","background-size":"auto","background-attachment":"scroll","background-type":"","background-media":"","overlay-type":"","overlay-color":"","overlay-opacity":"","overlay-gradient":""},"tablet":{"background-color":"var(--ast-global-color-5)","background-image":"","background-repeat":"repeat","background-position":"center center","background-size":"auto","background-attachment":"scroll","background-type":"","background-media":"","overlay-type":"","overlay-color":"","overlay-opacity":"","overlay-gradient":""},"mobile":{"background-color":"var(--ast-global-color-5)","background-image":"","background-repeat":"repeat","background-position":"center center","background-size":"auto","background-attachment":"scroll","background-type":"","background-media":"","overlay-type":"","overlay-color":"","overlay-opacity":"","overlay-gradient":""}},"footnotes":""},"class_list":["post-606","page","type-page","status-publish","hentry"],"post_mailing_queue_ids":[],"_links":{"self":[{"href":"https:\/\/agora.xtec.cat\/esc-itacabdn\/wp-json\/wp\/v2\/pages\/606","targetHints":{"allow":["GET"]}}],"collection":[{"href":"https:\/\/agora.xtec.cat\/esc-itacabdn\/wp-json\/wp\/v2\/pages"}],"about":[{"href":"https:\/\/agora.xtec.cat\/esc-itacabdn\/wp-json\/wp\/v2\/types\/page"}],"author":[{"embeddable":true,"href":"https:\/\/agora.xtec.cat\/esc-itacabdn\/wp-json\/wp\/v2\/users\/1"}],"replies":[{"embeddable":true,"href":"https:\/\/agora.xtec.cat\/esc-itacabdn\/wp-json\/wp\/v2\/comments?post=606"}],"version-history":[{"count":3,"href":"https:\/\/agora.xtec.cat\/esc-itacabdn\/wp-json\/wp\/v2\/pages\/606\/revisions"}],"predecessor-version":[{"id":871,"href":"https:\/\/agora.xtec.cat\/esc-itacabdn\/wp-json\/wp\/v2\/pages\/606\/revisions\/871"}],"wp:attachment":[{"href":"https:\/\/agora.xtec.cat\/esc-itacabdn\/wp-json\/wp\/v2\/media?parent=606"}],"curies":[{"name":"wp","href":"https:\/\/api.w.org\/{rel}","templated":true}]}}