{"id":587,"date":"2018-07-17T11:48:09","date_gmt":"2018-07-17T09:48:09","guid":{"rendered":"http:\/\/agora.xtec.cat\/esc-itacabdn\/?page_id=587"},"modified":"2024-10-02T13:49:34","modified_gmt":"2024-10-02T11:49:34","slug":"funcionament","status":"publish","type":"page","link":"https:\/\/agora.xtec.cat\/esc-itacabdn\/lescola\/funcionament\/","title":{"rendered":"Funcionament"},"content":{"rendered":"<header class=\"entry-header\" data-blogger-escaped-style=\"background-color: white; color: #444444; float: none; font-family: 'Helvetica Neue', Helvetica, Arial, sans-serif; font-size: 12px; line-height: 21px; width: auto;\">\n<div class=\"entry-content clear-fix\" data-blogger-escaped-style=\"border: 0px; color: #444444; font-family: 'Helvetica Neue', Helvetica, Arial, sans-serif; font-size: 12px; line-height: 21px; margin: 0px; outline: 0px; padding: 0px; text-transform: none; vertical-align: baseline; word-spacing: 0px;\">\n<div data-blogger-escaped-style=\"border: 0px; font-family: inherit; font-style: inherit; font-weight: inherit; margin-bottom: 1.75em; outline: 0px; padding: 0px; vertical-align: baseline;\">\n<div data-blogger-escaped-style=\"text-align: center;\">\n<p><a href=\"https:\/\/escolaitacabadalona.files.wordpress.com\/2012\/11\/funcionament-basic1.jpg\" data-blogger-escaped-style=\"-webkit-transition: all 0.18s ease-out; border: 0px; color: #0da4d3; font-family: inherit; font-style: inherit; font-weight: inherit; margin: 0px; outline: 0px; padding: 0px; text-decoration: none; transition: all 0.18s ease-out; vertical-align: baseline;\"><img loading=\"lazy\" decoding=\"async\" class=\"aligncenter size-large wp-image-4581\" src=\"https:\/\/agora.xtec.cat\/esc-itacabdn\/wp-content\/uploads\/usu1884\/2023\/02\/BANNERS-WEBITACA-2-1-1024x256.png\" alt=\"\" width=\"1024\" height=\"256\" srcset=\"https:\/\/agora.xtec.cat\/esc-itacabdn\/wp-content\/uploads\/usu1884\/2023\/02\/BANNERS-WEBITACA-2-1-1024x256.png 1024w, https:\/\/agora.xtec.cat\/esc-itacabdn\/wp-content\/uploads\/usu1884\/2023\/02\/BANNERS-WEBITACA-2-1-300x75.png 300w, https:\/\/agora.xtec.cat\/esc-itacabdn\/wp-content\/uploads\/usu1884\/2023\/02\/BANNERS-WEBITACA-2-1-768x192.png 768w, https:\/\/agora.xtec.cat\/esc-itacabdn\/wp-content\/uploads\/usu1884\/2023\/02\/BANNERS-WEBITACA-2-1-1536x384.png 1536w, https:\/\/agora.xtec.cat\/esc-itacabdn\/wp-content\/uploads\/usu1884\/2023\/02\/BANNERS-WEBITACA-2-1.png 1920w\" sizes=\"auto, (max-width: 1024px) 100vw, 1024px\" \/><\/a><\/p>\n<\/div>\n<\/div>\n<\/div>\n<pre data-blogger-escaped-style=\"border: 0px; color: #333333; font-family: Helvetica, sans-serif; font-size: 1.66666666666667em; font-weight: normal; line-height: 1.3em; margin: 0px 0px 15px; outline: 0px; padding: 0px; vertical-align: baseline;\"><img loading=\"lazy\" decoding=\"async\" class=\"aligncenter  wp-image-5561\" src=\"https:\/\/agora.xtec.cat\/esc-itacabdn\/wp-content\/uploads\/usu1884\/2024\/03\/1-1024x724.png\" alt=\"\" width=\"516\" height=\"365\" srcset=\"https:\/\/agora.xtec.cat\/esc-itacabdn\/wp-content\/uploads\/usu1884\/2024\/03\/1-1024x724.png 1024w, https:\/\/agora.xtec.cat\/esc-itacabdn\/wp-content\/uploads\/usu1884\/2024\/03\/1-300x212.png 300w, https:\/\/agora.xtec.cat\/esc-itacabdn\/wp-content\/uploads\/usu1884\/2024\/03\/1-768x543.png 768w, https:\/\/agora.xtec.cat\/esc-itacabdn\/wp-content\/uploads\/usu1884\/2024\/03\/1-1536x1086.png 1536w, https:\/\/agora.xtec.cat\/esc-itacabdn\/wp-content\/uploads\/usu1884\/2024\/03\/1.png 2000w\" sizes=\"auto, (max-width: 516px) 100vw, 516px\" \/>\r\n<\/pre>\n<\/header>\n<div class=\"entry-content clear-fix\" data-blogger-escaped-style=\"border: 0px; color: #444444; font-family: 'Helvetica Neue', Helvetica, Arial, sans-serif; font-size: 12px; line-height: 21px; margin: 0px; outline: 0px; padding: 0px; text-transform: none; vertical-align: baseline; word-spacing: 0px;\">\n<div data-blogger-escaped-style=\"border: 0px; font-family: inherit; font-style: inherit; font-weight: inherit; margin-bottom: 1.75em; outline: 0px; padding: 0px; vertical-align: baseline;\">\n<p><i data-blogger-escaped-style=\"border: 0px; font-family: inherit; font-weight: inherit; margin: 0px; outline: 0px; padding: 0px; vertical-align: baseline;\">* Els alumnes sempre estaran acompanyats pel mestre o la mestra a la sortida.<\/i><\/p>\n<\/div>\n<div data-blogger-escaped-style=\"border: 0px; font-family: inherit; font-style: inherit; font-weight: inherit; margin-bottom: 1.75em; outline: 0px; padding: 0px; vertical-align: baseline;\">\n<p><i data-blogger-escaped-style=\"border: 0px; font-family: inherit; font-weight: inherit; margin: 0px; outline: 0px; padding: 0px; vertical-align: baseline;\">** <\/i><i style=\"font-family: inherit; font-size: 1em;\" data-blogger-escaped-style=\"border: 0px; font-family: inherit; font-weight: inherit; margin: 0px; outline: 0px; padding: 0px; vertical-align: baseline;\">Nom\u00e9s els nens que tinguin autoritzaci\u00f3 signada (a la comunitat de grans) poden marxar sols.<\/i><\/p>\n<\/div>\n<\/div>\n<h3 style=\"text-align: center;\" data-blogger-escaped-style=\"border: 0px; color: #333333; font-family: Helvetica, sans-serif; font-size: 1.66666666666667em; font-weight: normal; line-height: 1.3em; margin: 0px 0px 15px; outline: 0px; padding: 0px; vertical-align: baseline;\"><b data-blogger-escaped-style=\"border: 0px; font-family: inherit; font-style: inherit; margin: 0px; outline: 0px; padding: 0px; vertical-align: baseline;\"><span style=\"font-family: inherit;\" data-blogger-escaped-style=\"border: 0px; font-family: inherit; font-style: inherit; font-weight: inherit; margin: 0px; outline: 0px; padding: 0px; vertical-align: baseline;\"><img loading=\"lazy\" decoding=\"async\" class=\"aligncenter  wp-image-5562\" src=\"https:\/\/agora.xtec.cat\/esc-itacabdn\/wp-content\/uploads\/usu1884\/2024\/03\/2-1024x724.png\" alt=\"\" width=\"508\" height=\"359\" srcset=\"https:\/\/agora.xtec.cat\/esc-itacabdn\/wp-content\/uploads\/usu1884\/2024\/03\/2-1024x724.png 1024w, https:\/\/agora.xtec.cat\/esc-itacabdn\/wp-content\/uploads\/usu1884\/2024\/03\/2-300x212.png 300w, https:\/\/agora.xtec.cat\/esc-itacabdn\/wp-content\/uploads\/usu1884\/2024\/03\/2-768x543.png 768w, https:\/\/agora.xtec.cat\/esc-itacabdn\/wp-content\/uploads\/usu1884\/2024\/03\/2-1536x1086.png 1536w, https:\/\/agora.xtec.cat\/esc-itacabdn\/wp-content\/uploads\/usu1884\/2024\/03\/2.png 2000w\" sizes=\"auto, (max-width: 508px) 100vw, 508px\" \/><\/span><\/b><\/h3>\n<p><i>*Per incid\u00e8ncies, urg\u00e8ncies o dificultats per adaptar-se en aquest horari, podeu demanar hora al tel\u00e8fon <strong>93 383 85 52 \/ 634 779 585<\/strong><\/i><\/p>\n","protected":false},"excerpt":{"rendered":"<p>* Els alumnes sempre estaran acompanyats pel mestre o la mestra a la sortida. ** Nom\u00e9s els nens que tinguin autoritzaci\u00f3 signada (a la comunitat de grans) poden marxar sols. *Per incid\u00e8ncies, urg\u00e8ncies o dificultats per adaptar-se en aquest horari, podeu demanar hora al tel\u00e8fon 93 383 85 52 \/ 634 779 585<\/p>\n","protected":false},"author":1,"featured_media":0,"parent":22,"menu_order":40,"comment_status":"closed","ping_status":"closed","template":"page-templates\/side-menu.php","meta":{"_bbp_topic_count":0,"_bbp_reply_count":0,"_bbp_total_topic_count":0,"_bbp_total_reply_count":0,"_bbp_voice_count":0,"_bbp_anonymous_reply_count":0,"_bbp_topic_count_hidden":0,"_bbp_reply_count_hidden":0,"_bbp_forum_subforum_count":0,"site-sidebar-layout":"default","site-content-layout":"","ast-site-content-layout":"","site-content-style":"default","site-sidebar-style":"default","ast-global-header-display":"","ast-banner-title-visibility":"","ast-main-header-display":"","ast-hfb-above-header-display":"","ast-hfb-below-header-display":"","ast-hfb-mobile-header-display":"","site-post-title":"","ast-breadcrumbs-content":"","ast-featured-img":"","footer-sml-layout":"","theme-transparent-header-meta":"","adv-header-id-meta":"","stick-header-meta":"","header-above-stick-meta":"","header-main-stick-meta":"","header-below-stick-meta":"","astra-migrate-meta-layouts":"default","ast-page-background-enabled":"default","ast-page-background-meta":{"desktop":{"background-color":"var(--ast-global-color-4)","background-image":"","background-repeat":"repeat","background-position":"center center","background-size":"auto","background-attachment":"scroll","background-type":"","background-media":"","overlay-type":"","overlay-color":"","overlay-opacity":"","overlay-gradient":""},"tablet":{"background-color":"","background-image":"","background-repeat":"repeat","background-position":"center center","background-size":"auto","background-attachment":"scroll","background-type":"","background-media":"","overlay-type":"","overlay-color":"","overlay-opacity":"","overlay-gradient":""},"mobile":{"background-color":"","background-image":"","background-repeat":"repeat","background-position":"center center","background-size":"auto","background-attachment":"scroll","background-type":"","background-media":"","overlay-type":"","overlay-color":"","overlay-opacity":"","overlay-gradient":""}},"ast-content-background-meta":{"desktop":{"background-color":"var(--ast-global-color-5)","background-image":"","background-repeat":"repeat","background-position":"center center","background-size":"auto","background-attachment":"scroll","background-type":"","background-media":"","overlay-type":"","overlay-color":"","overlay-opacity":"","overlay-gradient":""},"tablet":{"background-color":"var(--ast-global-color-5)","background-image":"","background-repeat":"repeat","background-position":"center center","background-size":"auto","background-attachment":"scroll","background-type":"","background-media":"","overlay-type":"","overlay-color":"","overlay-opacity":"","overlay-gradient":""},"mobile":{"background-color":"var(--ast-global-color-5)","background-image":"","background-repeat":"repeat","background-position":"center center","background-size":"auto","background-attachment":"scroll","background-type":"","background-media":"","overlay-type":"","overlay-color":"","overlay-opacity":"","overlay-gradient":""}},"footnotes":""},"class_list":["post-587","page","type-page","status-publish","hentry"],"post_mailing_queue_ids":[],"_links":{"self":[{"href":"https:\/\/agora.xtec.cat\/esc-itacabdn\/wp-json\/wp\/v2\/pages\/587","targetHints":{"allow":["GET"]}}],"collection":[{"href":"https:\/\/agora.xtec.cat\/esc-itacabdn\/wp-json\/wp\/v2\/pages"}],"about":[{"href":"https:\/\/agora.xtec.cat\/esc-itacabdn\/wp-json\/wp\/v2\/types\/page"}],"author":[{"embeddable":true,"href":"https:\/\/agora.xtec.cat\/esc-itacabdn\/wp-json\/wp\/v2\/users\/1"}],"replies":[{"embeddable":true,"href":"https:\/\/agora.xtec.cat\/esc-itacabdn\/wp-json\/wp\/v2\/comments?post=587"}],"version-history":[{"count":6,"href":"https:\/\/agora.xtec.cat\/esc-itacabdn\/wp-json\/wp\/v2\/pages\/587\/revisions"}],"predecessor-version":[{"id":5844,"href":"https:\/\/agora.xtec.cat\/esc-itacabdn\/wp-json\/wp\/v2\/pages\/587\/revisions\/5844"}],"up":[{"embeddable":true,"href":"https:\/\/agora.xtec.cat\/esc-itacabdn\/wp-json\/wp\/v2\/pages\/22"}],"wp:attachment":[{"href":"https:\/\/agora.xtec.cat\/esc-itacabdn\/wp-json\/wp\/v2\/media?parent=587"}],"curies":[{"name":"wp","href":"https:\/\/api.w.org\/{rel}","templated":true}]}}