{"id":578,"date":"2018-07-17T11:40:28","date_gmt":"2018-07-17T09:40:28","guid":{"rendered":"http:\/\/agora.xtec.cat\/esc-itacabdn\/?page_id=578"},"modified":"2026-04-29T16:16:04","modified_gmt":"2026-04-29T14:16:04","slug":"menu-mensual-menjador","status":"publish","type":"page","link":"https:\/\/agora.xtec.cat\/esc-itacabdn\/serveis\/menu-mensual-menjador\/","title":{"rendered":"Men\u00fa mensual (menjador)"},"content":{"rendered":"<div data-blogger-escaped-style=\"background-color: white; border: 0px; color: #444444; font-family: 'Helvetica Neue', Helvetica, Arial, sans-serif; font-size: 12px; line-height: 21px; margin-bottom: 1.75em; outline: 0px; padding: 0px; vertical-align: baseline;\">\n<div data-blogger-escaped-style=\"text-align: center;\">\n<p><b data-blogger-escaped-style=\"border: 0px; font-family: inherit; font-style: inherit; margin: 0px; outline: 0px; padding: 0px; vertical-align: baseline;\"><span style=\"color: #000000; font-family: inherit;\" data-blogger-escaped-style=\"border: 0px; color: black; font-family: inherit; font-style: inherit; font-weight: inherit; margin: 0px; outline: 0px; padding: 0px; vertical-align: baseline;\">Consulteu el men\u00fa de menjador del mes, fent clic en la imatge corresponent.<\/span><\/b><\/p>\n<p style=\"text-align: center;\"><span style=\"text-decoration: underline;\"><strong style=\"font-size: 1.4375em; text-align: center;\">MAIG DE 2026<\/strong><\/span><\/p>\n<p style=\"text-align: center;\"><img loading=\"lazy\" decoding=\"async\" class=\"aligncenter wp-image-5799\" src=\"https:\/\/agora.xtec.cat\/esc-itacabdn\/wp-content\/uploads\/usu1884\/2024\/09\/menus-web-01-1024x251.png\" alt=\"\" width=\"322\" height=\"79\" srcset=\"https:\/\/agora.xtec.cat\/esc-itacabdn\/wp-content\/uploads\/usu1884\/2024\/09\/menus-web-01-1024x251.png 1024w, https:\/\/agora.xtec.cat\/esc-itacabdn\/wp-content\/uploads\/usu1884\/2024\/09\/menus-web-01-300x73.png 300w, https:\/\/agora.xtec.cat\/esc-itacabdn\/wp-content\/uploads\/usu1884\/2024\/09\/menus-web-01-768x188.png 768w, https:\/\/agora.xtec.cat\/esc-itacabdn\/wp-content\/uploads\/usu1884\/2024\/09\/menus-web-01-1536x376.png 1536w, https:\/\/agora.xtec.cat\/esc-itacabdn\/wp-content\/uploads\/usu1884\/2024\/09\/menus-web-01-2048x502.png 2048w\" sizes=\"auto, (max-width: 322px) 100vw, 322px\" \/><\/p>\n<p><a href=\"https:\/\/drive.google.com\/file\/d\/1dzB4advrys9myzplBHr53NufjkmjNSmc\/view?usp=drive_link\"><img loading=\"lazy\" decoding=\"async\" class=\"aligncenter size-large wp-image-6536\" src=\"https:\/\/agora.xtec.cat\/esc-itacabdn\/wp-content\/uploads\/usu1884\/2026\/04\/Basal_Itaca_Maig_26_enderconsell_page-0001-1024x724.jpg\" alt=\"\" width=\"1024\" height=\"724\" srcset=\"https:\/\/agora.xtec.cat\/esc-itacabdn\/wp-content\/uploads\/usu1884\/2026\/04\/Basal_Itaca_Maig_26_enderconsell_page-0001-1024x724.jpg 1024w, https:\/\/agora.xtec.cat\/esc-itacabdn\/wp-content\/uploads\/usu1884\/2026\/04\/Basal_Itaca_Maig_26_enderconsell_page-0001-300x212.jpg 300w, https:\/\/agora.xtec.cat\/esc-itacabdn\/wp-content\/uploads\/usu1884\/2026\/04\/Basal_Itaca_Maig_26_enderconsell_page-0001-768x543.jpg 768w, https:\/\/agora.xtec.cat\/esc-itacabdn\/wp-content\/uploads\/usu1884\/2026\/04\/Basal_Itaca_Maig_26_enderconsell_page-0001-1536x1085.jpg 1536w, https:\/\/agora.xtec.cat\/esc-itacabdn\/wp-content\/uploads\/usu1884\/2026\/04\/Basal_Itaca_Maig_26_enderconsell_page-0001.jpg 1755w\" sizes=\"auto, (max-width: 1024px) 100vw, 1024px\" \/><br \/>\n<img loading=\"lazy\" decoding=\"async\" class=\"aligncenter wp-image-5800\" src=\"https:\/\/agora.xtec.cat\/esc-itacabdn\/wp-content\/uploads\/usu1884\/2024\/09\/menus-web-02-1024x251.png\" alt=\"\" width=\"322\" height=\"79\" srcset=\"https:\/\/agora.xtec.cat\/esc-itacabdn\/wp-content\/uploads\/usu1884\/2024\/09\/menus-web-02-1024x251.png 1024w, https:\/\/agora.xtec.cat\/esc-itacabdn\/wp-content\/uploads\/usu1884\/2024\/09\/menus-web-02-300x73.png 300w, https:\/\/agora.xtec.cat\/esc-itacabdn\/wp-content\/uploads\/usu1884\/2024\/09\/menus-web-02-768x188.png 768w, https:\/\/agora.xtec.cat\/esc-itacabdn\/wp-content\/uploads\/usu1884\/2024\/09\/menus-web-02-1536x376.png 1536w, https:\/\/agora.xtec.cat\/esc-itacabdn\/wp-content\/uploads\/usu1884\/2024\/09\/menus-web-02-2048x502.png 2048w\" sizes=\"auto, (max-width: 322px) 100vw, 322px\" \/><\/a><\/p>\n<p style=\"text-align: center;\"><img loading=\"lazy\" decoding=\"async\" class=\"aligncenter size-large wp-image-6537\" src=\"https:\/\/agora.xtec.cat\/esc-itacabdn\/wp-content\/uploads\/usu1884\/2026\/04\/Halal_Itaca_Maig_26_enderconsell_page-0001-1024x724.jpg\" alt=\"\" width=\"1024\" height=\"724\" srcset=\"https:\/\/agora.xtec.cat\/esc-itacabdn\/wp-content\/uploads\/usu1884\/2026\/04\/Halal_Itaca_Maig_26_enderconsell_page-0001-1024x724.jpg 1024w, https:\/\/agora.xtec.cat\/esc-itacabdn\/wp-content\/uploads\/usu1884\/2026\/04\/Halal_Itaca_Maig_26_enderconsell_page-0001-300x212.jpg 300w, https:\/\/agora.xtec.cat\/esc-itacabdn\/wp-content\/uploads\/usu1884\/2026\/04\/Halal_Itaca_Maig_26_enderconsell_page-0001-768x543.jpg 768w, https:\/\/agora.xtec.cat\/esc-itacabdn\/wp-content\/uploads\/usu1884\/2026\/04\/Halal_Itaca_Maig_26_enderconsell_page-0001-1536x1085.jpg 1536w, https:\/\/agora.xtec.cat\/esc-itacabdn\/wp-content\/uploads\/usu1884\/2026\/04\/Halal_Itaca_Maig_26_enderconsell_page-0001.jpg 1755w\" sizes=\"auto, (max-width: 1024px) 100vw, 1024px\" \/><br \/>\n<img loading=\"lazy\" decoding=\"async\" class=\"aligncenter wp-image-5798\" src=\"https:\/\/agora.xtec.cat\/esc-itacabdn\/wp-content\/uploads\/usu1884\/2024\/09\/menus-web-06-1024x251.png\" alt=\"\" width=\"322\" height=\"79\" srcset=\"https:\/\/agora.xtec.cat\/esc-itacabdn\/wp-content\/uploads\/usu1884\/2024\/09\/menus-web-06-1024x251.png 1024w, https:\/\/agora.xtec.cat\/esc-itacabdn\/wp-content\/uploads\/usu1884\/2024\/09\/menus-web-06-300x73.png 300w, https:\/\/agora.xtec.cat\/esc-itacabdn\/wp-content\/uploads\/usu1884\/2024\/09\/menus-web-06-768x188.png 768w, https:\/\/agora.xtec.cat\/esc-itacabdn\/wp-content\/uploads\/usu1884\/2024\/09\/menus-web-06-1536x376.png 1536w, https:\/\/agora.xtec.cat\/esc-itacabdn\/wp-content\/uploads\/usu1884\/2024\/09\/menus-web-06-2048x502.png 2048w\" sizes=\"auto, (max-width: 322px) 100vw, 322px\" \/><\/p>\n<p><img loading=\"lazy\" decoding=\"async\" class=\"aligncenter size-large wp-image-6538\" src=\"https:\/\/agora.xtec.cat\/esc-itacabdn\/wp-content\/uploads\/usu1884\/2026\/04\/Sense_lactosa_Itaca_Maig_26_enderconsell_page-0001-1024x724.jpg\" alt=\"\" width=\"1024\" height=\"724\" srcset=\"https:\/\/agora.xtec.cat\/esc-itacabdn\/wp-content\/uploads\/usu1884\/2026\/04\/Sense_lactosa_Itaca_Maig_26_enderconsell_page-0001-1024x724.jpg 1024w, https:\/\/agora.xtec.cat\/esc-itacabdn\/wp-content\/uploads\/usu1884\/2026\/04\/Sense_lactosa_Itaca_Maig_26_enderconsell_page-0001-300x212.jpg 300w, https:\/\/agora.xtec.cat\/esc-itacabdn\/wp-content\/uploads\/usu1884\/2026\/04\/Sense_lactosa_Itaca_Maig_26_enderconsell_page-0001-768x543.jpg 768w, https:\/\/agora.xtec.cat\/esc-itacabdn\/wp-content\/uploads\/usu1884\/2026\/04\/Sense_lactosa_Itaca_Maig_26_enderconsell_page-0001-1536x1085.jpg 1536w, https:\/\/agora.xtec.cat\/esc-itacabdn\/wp-content\/uploads\/usu1884\/2026\/04\/Sense_lactosa_Itaca_Maig_26_enderconsell_page-0001.jpg 1755w\" sizes=\"auto, (max-width: 1024px) 100vw, 1024px\" \/><\/p>\n<p style=\"text-align: center;\"><img loading=\"lazy\" decoding=\"async\" class=\"aligncenter wp-image-5802\" src=\"https:\/\/agora.xtec.cat\/esc-itacabdn\/wp-content\/uploads\/usu1884\/2024\/09\/menus-web-04-1024x251.png\" alt=\"\" width=\"322\" height=\"79\" srcset=\"https:\/\/agora.xtec.cat\/esc-itacabdn\/wp-content\/uploads\/usu1884\/2024\/09\/menus-web-04-1024x251.png 1024w, https:\/\/agora.xtec.cat\/esc-itacabdn\/wp-content\/uploads\/usu1884\/2024\/09\/menus-web-04-300x73.png 300w, https:\/\/agora.xtec.cat\/esc-itacabdn\/wp-content\/uploads\/usu1884\/2024\/09\/menus-web-04-768x188.png 768w, https:\/\/agora.xtec.cat\/esc-itacabdn\/wp-content\/uploads\/usu1884\/2024\/09\/menus-web-04-1536x376.png 1536w, https:\/\/agora.xtec.cat\/esc-itacabdn\/wp-content\/uploads\/usu1884\/2024\/09\/menus-web-04-2048x502.png 2048w\" sizes=\"auto, (max-width: 322px) 100vw, 322px\" \/><\/p>\n<p><img loading=\"lazy\" decoding=\"async\" class=\"aligncenter size-large wp-image-6539\" src=\"https:\/\/agora.xtec.cat\/esc-itacabdn\/wp-content\/uploads\/usu1884\/2026\/04\/Sense_llenties-ni-vedella_Itaca_Maig_26_enderconsell_page-0001-1024x724.jpg\" alt=\"\" width=\"1024\" height=\"724\" srcset=\"https:\/\/agora.xtec.cat\/esc-itacabdn\/wp-content\/uploads\/usu1884\/2026\/04\/Sense_llenties-ni-vedella_Itaca_Maig_26_enderconsell_page-0001-1024x724.jpg 1024w, https:\/\/agora.xtec.cat\/esc-itacabdn\/wp-content\/uploads\/usu1884\/2026\/04\/Sense_llenties-ni-vedella_Itaca_Maig_26_enderconsell_page-0001-300x212.jpg 300w, https:\/\/agora.xtec.cat\/esc-itacabdn\/wp-content\/uploads\/usu1884\/2026\/04\/Sense_llenties-ni-vedella_Itaca_Maig_26_enderconsell_page-0001-768x543.jpg 768w, https:\/\/agora.xtec.cat\/esc-itacabdn\/wp-content\/uploads\/usu1884\/2026\/04\/Sense_llenties-ni-vedella_Itaca_Maig_26_enderconsell_page-0001-1536x1085.jpg 1536w, https:\/\/agora.xtec.cat\/esc-itacabdn\/wp-content\/uploads\/usu1884\/2026\/04\/Sense_llenties-ni-vedella_Itaca_Maig_26_enderconsell_page-0001.jpg 1755w\" sizes=\"auto, (max-width: 1024px) 100vw, 1024px\" \/><\/p>\n<p style=\"text-align: center;\"><img loading=\"lazy\" decoding=\"async\" class=\"aligncenter wp-image-5803\" src=\"https:\/\/agora.xtec.cat\/esc-itacabdn\/wp-content\/uploads\/usu1884\/2024\/09\/menus-web-05-1024x251.png\" alt=\"\" width=\"322\" height=\"79\" srcset=\"https:\/\/agora.xtec.cat\/esc-itacabdn\/wp-content\/uploads\/usu1884\/2024\/09\/menus-web-05-1024x251.png 1024w, https:\/\/agora.xtec.cat\/esc-itacabdn\/wp-content\/uploads\/usu1884\/2024\/09\/menus-web-05-300x73.png 300w, https:\/\/agora.xtec.cat\/esc-itacabdn\/wp-content\/uploads\/usu1884\/2024\/09\/menus-web-05-768x188.png 768w, https:\/\/agora.xtec.cat\/esc-itacabdn\/wp-content\/uploads\/usu1884\/2024\/09\/menus-web-05-1536x376.png 1536w, https:\/\/agora.xtec.cat\/esc-itacabdn\/wp-content\/uploads\/usu1884\/2024\/09\/menus-web-05-2048x502.png 2048w\" sizes=\"auto, (max-width: 322px) 100vw, 322px\" \/><\/p>\n<\/div>\n<\/div>\n<div style=\"text-align: center;\" data-blogger-escaped-style=\"font-size: 12px;\"><img loading=\"lazy\" decoding=\"async\" class=\"aligncenter size-large wp-image-6540\" src=\"https:\/\/agora.xtec.cat\/esc-itacabdn\/wp-content\/uploads\/usu1884\/2026\/04\/Vega_Itaca_Maig_26_enderconsell_page-0001-1024x724.jpg\" alt=\"\" width=\"1024\" height=\"724\" srcset=\"https:\/\/agora.xtec.cat\/esc-itacabdn\/wp-content\/uploads\/usu1884\/2026\/04\/Vega_Itaca_Maig_26_enderconsell_page-0001-1024x724.jpg 1024w, https:\/\/agora.xtec.cat\/esc-itacabdn\/wp-content\/uploads\/usu1884\/2026\/04\/Vega_Itaca_Maig_26_enderconsell_page-0001-300x212.jpg 300w, https:\/\/agora.xtec.cat\/esc-itacabdn\/wp-content\/uploads\/usu1884\/2026\/04\/Vega_Itaca_Maig_26_enderconsell_page-0001-768x543.jpg 768w, https:\/\/agora.xtec.cat\/esc-itacabdn\/wp-content\/uploads\/usu1884\/2026\/04\/Vega_Itaca_Maig_26_enderconsell_page-0001-1536x1085.jpg 1536w, https:\/\/agora.xtec.cat\/esc-itacabdn\/wp-content\/uploads\/usu1884\/2026\/04\/Vega_Itaca_Maig_26_enderconsell_page-0001.jpg 1755w\" sizes=\"auto, (max-width: 1024px) 100vw, 1024px\" \/><\/div>\n<div data-blogger-escaped-style=\"font-size: 12px;\"><span style=\"color: #ffffff;\">.<\/span><\/div>\n<div data-blogger-escaped-style=\"background-color: white; border: 0px; line-height: 21px; margin-bottom: 1.75em; outline: 0px; padding: 0px; vertical-align: baseline;\">\n<div data-blogger-escaped-style=\"color: #444444;\">\n<div data-blogger-escaped-style=\"text-align: center;\">\n<div data-blogger-escaped-style=\"font-size: 12px;\">\n<div data-blogger-escaped-style=\"background-color: white; border: 0px; line-height: 21px; margin-bottom: 1.75em; outline: 0px; padding: 0px; vertical-align: baseline;\">\n<div data-blogger-escaped-style=\"color: #444444;\">\n<div data-blogger-escaped-style=\"text-align: center;\">\n<div data-blogger-escaped-style=\"font-size: 12px;\"><\/div>\n<div data-blogger-escaped-style=\"font-size: 12px;\"><\/div>\n<div data-blogger-escaped-style=\"font-size: 12px;\"><span style=\"font-family: arial, helvetica, sans-serif; font-size: 1em;\">*Per casos d&#8217;<\/span><u style=\"font-family: arial, helvetica, sans-serif; font-size: 1em;\" data-blogger-escaped-style=\"font-weight: bold;\">intoler\u00e0ncies aliment\u00e0ries<\/u><span style=\"font-family: arial, helvetica, sans-serif; font-size: 1em;\">\u00a0(sota justificaci\u00f3 m\u00e8dica), oferim <\/span><u style=\"font-family: arial, helvetica, sans-serif; font-size: 1em;\" data-blogger-escaped-style=\"font-weight: bold;\">men\u00fas personalitzats<\/u><span style=\"font-family: arial, helvetica, sans-serif; font-size: 1em;\">\u00a0adaptats a les necessitats de l&#8217;infant.<\/span><\/div>\n<\/div>\n<\/div>\n<\/div>\n<\/div>\n<p><a href=\"http:\/\/agora.xtec.cat\/esc-itacabdn\/serveis\/menjador-escolar\/\">Condicions del menjador escolar<\/a>.<\/p>\n<\/div>\n<\/div>\n<div data-blogger-escaped-style=\"color: #444444; font-family: 'Helvetica Neue', Helvetica, Arial, sans-serif; font-size: 12px;\"><\/div>\n<\/div>\n","protected":false},"excerpt":{"rendered":"<p>Consulteu el men\u00fa de menjador del mes, fent clic en la imatge corresponent. MAIG DE 2026 . *Per casos d&#8217;intoler\u00e0ncies aliment\u00e0ries\u00a0(sota justificaci\u00f3 m\u00e8dica), oferim men\u00fas personalitzats\u00a0adaptats a les necessitats de l&#8217;infant. Condicions del menjador escolar.<\/p>\n","protected":false},"author":1,"featured_media":0,"parent":66,"menu_order":0,"comment_status":"closed","ping_status":"closed","template":"","meta":{"_bbp_topic_count":0,"_bbp_reply_count":0,"_bbp_total_topic_count":0,"_bbp_total_reply_count":0,"_bbp_voice_count":0,"_bbp_anonymous_reply_count":0,"_bbp_topic_count_hidden":0,"_bbp_reply_count_hidden":0,"_bbp_forum_subforum_count":0,"site-sidebar-layout":"default","site-content-layout":"","ast-site-content-layout":"default","site-content-style":"default","site-sidebar-style":"default","ast-global-header-display":"","ast-banner-title-visibility":"","ast-main-header-display":"","ast-hfb-above-header-display":"","ast-hfb-below-header-display":"","ast-hfb-mobile-header-display":"","site-post-title":"","ast-breadcrumbs-content":"","ast-featured-img":"","footer-sml-layout":"","theme-transparent-header-meta":"","adv-header-id-meta":"","stick-header-meta":"","header-above-stick-meta":"","header-main-stick-meta":"","header-below-stick-meta":"","astra-migrate-meta-layouts":"set","ast-page-background-enabled":"default","ast-page-background-meta":{"desktop":{"background-color":"var(--ast-global-color-4)","background-image":"","background-repeat":"repeat","background-position":"center center","background-size":"auto","background-attachment":"scroll","background-type":"","background-media":"","overlay-type":"","overlay-color":"","overlay-opacity":"","overlay-gradient":""},"tablet":{"background-color":"","background-image":"","background-repeat":"repeat","background-position":"center center","background-size":"auto","background-attachment":"scroll","background-type":"","background-media":"","overlay-type":"","overlay-color":"","overlay-opacity":"","overlay-gradient":""},"mobile":{"background-color":"","background-image":"","background-repeat":"repeat","background-position":"center center","background-size":"auto","background-attachment":"scroll","background-type":"","background-media":"","overlay-type":"","overlay-color":"","overlay-opacity":"","overlay-gradient":""}},"ast-content-background-meta":{"desktop":{"background-color":"var(--ast-global-color-5)","background-image":"","background-repeat":"repeat","background-position":"center center","background-size":"auto","background-attachment":"scroll","background-type":"","background-media":"","overlay-type":"","overlay-color":"","overlay-opacity":"","overlay-gradient":""},"tablet":{"background-color":"var(--ast-global-color-5)","background-image":"","background-repeat":"repeat","background-position":"center center","background-size":"auto","background-attachment":"scroll","background-type":"","background-media":"","overlay-type":"","overlay-color":"","overlay-opacity":"","overlay-gradient":""},"mobile":{"background-color":"var(--ast-global-color-5)","background-image":"","background-repeat":"repeat","background-position":"center center","background-size":"auto","background-attachment":"scroll","background-type":"","background-media":"","overlay-type":"","overlay-color":"","overlay-opacity":"","overlay-gradient":""}},"footnotes":""},"class_list":["post-578","page","type-page","status-publish","hentry"],"post_mailing_queue_ids":[],"_links":{"self":[{"href":"https:\/\/agora.xtec.cat\/esc-itacabdn\/wp-json\/wp\/v2\/pages\/578","targetHints":{"allow":["GET"]}}],"collection":[{"href":"https:\/\/agora.xtec.cat\/esc-itacabdn\/wp-json\/wp\/v2\/pages"}],"about":[{"href":"https:\/\/agora.xtec.cat\/esc-itacabdn\/wp-json\/wp\/v2\/types\/page"}],"author":[{"embeddable":true,"href":"https:\/\/agora.xtec.cat\/esc-itacabdn\/wp-json\/wp\/v2\/users\/1"}],"replies":[{"embeddable":true,"href":"https:\/\/agora.xtec.cat\/esc-itacabdn\/wp-json\/wp\/v2\/comments?post=578"}],"version-history":[{"count":6,"href":"https:\/\/agora.xtec.cat\/esc-itacabdn\/wp-json\/wp\/v2\/pages\/578\/revisions"}],"predecessor-version":[{"id":6542,"href":"https:\/\/agora.xtec.cat\/esc-itacabdn\/wp-json\/wp\/v2\/pages\/578\/revisions\/6542"}],"up":[{"embeddable":true,"href":"https:\/\/agora.xtec.cat\/esc-itacabdn\/wp-json\/wp\/v2\/pages\/66"}],"wp:attachment":[{"href":"https:\/\/agora.xtec.cat\/esc-itacabdn\/wp-json\/wp\/v2\/media?parent=578"}],"curies":[{"name":"wp","href":"https:\/\/api.w.org\/{rel}","templated":true}]}}