{"id":4555,"date":"2023-02-09T13:11:08","date_gmt":"2023-02-09T12:11:08","guid":{"rendered":"https:\/\/agora.xtec.cat\/esc-itacabdn\/?page_id=4555"},"modified":"2023-02-09T13:12:48","modified_gmt":"2023-02-09T12:12:48","slug":"curs-2020-2021-art-naif","status":"publish","type":"page","link":"https:\/\/agora.xtec.cat\/esc-itacabdn\/projectes\/itaca-art\/curs-2020-2021-art-naif\/","title":{"rendered":"Curs 2020-2021: Art Na\u00eff"},"content":{"rendered":"<h2 style=\"text-align: center;\"><span data-blogger-escaped-style=\"font-size: large;\"><b>\u00a0<span style=\"color: #0000ff;\">Art Na\u00eff<\/span><\/b><\/span><\/h2>\n<p><span style=\"color: #000000;\">L\u2019art Na\u00eff \u00e9s un corrent art\u00edstic caracteritzat per la ingenu\u00eftat i l\u2019espontane\u00eftat. La majoria d\u2019artistes pinten sense haver rebut cap formaci\u00f3. De fet, la majoria de quadres ens fan pensar en l\u2019art dels infants.<\/span><\/p>\n<p><span style=\"color: #000000;\">Les obres fan servir colors brillants i vius. No s\u2019utilitzen les tonalitats ni les ombres. Les obres Na\u00eff tenen molts detalls; sovint es repeteixen elements com senefes, puntets, espirals i l\u00ednies.<\/span><\/p>\n<p><span style=\"color: #000000;\">Les figures i els personatges poden arribar a donar la sensaci\u00f3 que estan flotant.<\/span><\/p>\n<p>Cliqueu\u00a0<a href=\"https:\/\/drive.google.com\/drive\/folders\/1fmZATpPRNaAP_HFUHg6zxfR5KEjmOMo6?usp=sharing\">aqu\u00ed<\/a>\u00a0o a la imatge podreu veure tot el que vam fer:<\/p>\n<p><a href=\"https:\/\/drive.google.com\/drive\/folders\/1fmZATpPRNaAP_HFUHg6zxfR5KEjmOMo6?usp=sharing\"><img loading=\"lazy\" decoding=\"async\" class=\"aligncenter size-full wp-image-4557\" src=\"https:\/\/agora.xtec.cat\/esc-itacabdn\/wp-content\/uploads\/usu1884\/2023\/02\/DSC5638-Copy.jpg\" alt=\"\" width=\"1024\" height=\"682\" srcset=\"https:\/\/agora.xtec.cat\/esc-itacabdn\/wp-content\/uploads\/usu1884\/2023\/02\/DSC5638-Copy.jpg 1024w, https:\/\/agora.xtec.cat\/esc-itacabdn\/wp-content\/uploads\/usu1884\/2023\/02\/DSC5638-Copy-300x200.jpg 300w, https:\/\/agora.xtec.cat\/esc-itacabdn\/wp-content\/uploads\/usu1884\/2023\/02\/DSC5638-Copy-768x512.jpg 768w\" sizes=\"auto, (max-width: 1024px) 100vw, 1024px\" \/><\/a><\/p>\n","protected":false},"excerpt":{"rendered":"<p>\u00a0Art Na\u00eff L\u2019art Na\u00eff \u00e9s un corrent art\u00edstic caracteritzat per la ingenu\u00eftat i l\u2019espontane\u00eftat. La majoria d\u2019artistes pinten sense haver rebut cap formaci\u00f3. De fet, la majoria de quadres ens fan pensar en l\u2019art dels infants. Les obres fan servir colors brillants i vius. No s\u2019utilitzen les tonalitats ni les ombres. Les obres Na\u00eff tenen [&hellip;]<\/p>\n","protected":false},"author":1,"featured_media":0,"parent":665,"menu_order":95,"comment_status":"closed","ping_status":"closed","template":"page-templates\/side-menu.php","meta":{"_bbp_topic_count":0,"_bbp_reply_count":0,"_bbp_total_topic_count":0,"_bbp_total_reply_count":0,"_bbp_voice_count":0,"_bbp_anonymous_reply_count":0,"_bbp_topic_count_hidden":0,"_bbp_reply_count_hidden":0,"_bbp_forum_subforum_count":0,"site-sidebar-layout":"default","site-content-layout":"","ast-site-content-layout":"","site-content-style":"default","site-sidebar-style":"default","ast-global-header-display":"","ast-banner-title-visibility":"","ast-main-header-display":"","ast-hfb-above-header-display":"","ast-hfb-below-header-display":"","ast-hfb-mobile-header-display":"","site-post-title":"","ast-breadcrumbs-content":"","ast-featured-img":"","footer-sml-layout":"","theme-transparent-header-meta":"","adv-header-id-meta":"","stick-header-meta":"","header-above-stick-meta":"","header-main-stick-meta":"","header-below-stick-meta":"","astra-migrate-meta-layouts":"default","ast-page-background-enabled":"default","ast-page-background-meta":{"desktop":{"background-color":"var(--ast-global-color-4)","background-image":"","background-repeat":"repeat","background-position":"center center","background-size":"auto","background-attachment":"scroll","background-type":"","background-media":"","overlay-type":"","overlay-color":"","overlay-opacity":"","overlay-gradient":""},"tablet":{"background-color":"","background-image":"","background-repeat":"repeat","background-position":"center center","background-size":"auto","background-attachment":"scroll","background-type":"","background-media":"","overlay-type":"","overlay-color":"","overlay-opacity":"","overlay-gradient":""},"mobile":{"background-color":"","background-image":"","background-repeat":"repeat","background-position":"center center","background-size":"auto","background-attachment":"scroll","background-type":"","background-media":"","overlay-type":"","overlay-color":"","overlay-opacity":"","overlay-gradient":""}},"ast-content-background-meta":{"desktop":{"background-color":"var(--ast-global-color-5)","background-image":"","background-repeat":"repeat","background-position":"center center","background-size":"auto","background-attachment":"scroll","background-type":"","background-media":"","overlay-type":"","overlay-color":"","overlay-opacity":"","overlay-gradient":""},"tablet":{"background-color":"var(--ast-global-color-5)","background-image":"","background-repeat":"repeat","background-position":"center center","background-size":"auto","background-attachment":"scroll","background-type":"","background-media":"","overlay-type":"","overlay-color":"","overlay-opacity":"","overlay-gradient":""},"mobile":{"background-color":"var(--ast-global-color-5)","background-image":"","background-repeat":"repeat","background-position":"center center","background-size":"auto","background-attachment":"scroll","background-type":"","background-media":"","overlay-type":"","overlay-color":"","overlay-opacity":"","overlay-gradient":""}},"footnotes":""},"class_list":["post-4555","page","type-page","status-publish","hentry"],"post_mailing_queue_ids":[],"_links":{"self":[{"href":"https:\/\/agora.xtec.cat\/esc-itacabdn\/wp-json\/wp\/v2\/pages\/4555","targetHints":{"allow":["GET"]}}],"collection":[{"href":"https:\/\/agora.xtec.cat\/esc-itacabdn\/wp-json\/wp\/v2\/pages"}],"about":[{"href":"https:\/\/agora.xtec.cat\/esc-itacabdn\/wp-json\/wp\/v2\/types\/page"}],"author":[{"embeddable":true,"href":"https:\/\/agora.xtec.cat\/esc-itacabdn\/wp-json\/wp\/v2\/users\/1"}],"replies":[{"embeddable":true,"href":"https:\/\/agora.xtec.cat\/esc-itacabdn\/wp-json\/wp\/v2\/comments?post=4555"}],"version-history":[{"count":3,"href":"https:\/\/agora.xtec.cat\/esc-itacabdn\/wp-json\/wp\/v2\/pages\/4555\/revisions"}],"predecessor-version":[{"id":4559,"href":"https:\/\/agora.xtec.cat\/esc-itacabdn\/wp-json\/wp\/v2\/pages\/4555\/revisions\/4559"}],"up":[{"embeddable":true,"href":"https:\/\/agora.xtec.cat\/esc-itacabdn\/wp-json\/wp\/v2\/pages\/665"}],"wp:attachment":[{"href":"https:\/\/agora.xtec.cat\/esc-itacabdn\/wp-json\/wp\/v2\/media?parent=4555"}],"curies":[{"name":"wp","href":"https:\/\/api.w.org\/{rel}","templated":true}]}}