{"id":4531,"date":"2023-02-09T12:53:48","date_gmt":"2023-02-09T11:53:48","guid":{"rendered":"https:\/\/agora.xtec.cat\/esc-itacabdn\/?page_id=4531"},"modified":"2023-03-01T18:09:57","modified_gmt":"2023-03-01T17:09:57","slug":"curs-2018-19-antoni-gaudi","status":"publish","type":"page","link":"https:\/\/agora.xtec.cat\/esc-itacabdn\/projectes\/itaca-art\/curs-2018-19-antoni-gaudi\/","title":{"rendered":"Curs 2018-19: Antoni Gaud\u00ed"},"content":{"rendered":"<h2 style=\"text-align: center;\"><span style=\"color: #ff6600;\">Antoni Gaud\u00ed<\/span><\/h2>\n<p>Antoni Gaud\u00ed va ser un arquitecte catal\u00e0, que va viure durant l&#8217;\u00e8poca del Modernisme. Va revolucionar el concepte de l&#8217;arquitectura, amb formes impossibles, amb multitud d&#8217;elements de la natura en les seves creacions. Un geni del que valia la pena estudiar la seva traject\u00f2ria.<\/p>\n<p>Com a gran artista que va ser, va treballar diferents tipus de t\u00e8cniques. Aix\u00f2 en ha servit per treballar amb els alumnes i fer molt\u00edssimes produccions de tot tipus amb les que hem gaudit i guarnit l&#8217;escola.<\/p>\n<p>I, sobretot, donar la oportunitat als nostres infants d&#8217;expressar-se i donar-li el seu toc<br \/>\na trav\u00e9s del llenguatge art\u00edstic, sempre gaudint de l&#8217;aprenentatge.<\/p>\n<p>Cliqueu\u00a0<a href=\"https:\/\/drive.google.com\/drive\/folders\/1KMcU941MH8VZd0gGG4z11na4Rb4p4N65?usp=sharing\">aqu\u00ed\u00a0<\/a>o a la imatge podreu veure tot el que vam fer:<\/p>\n<p><a href=\"https:\/\/drive.google.com\/drive\/folders\/1KMcU941MH8VZd0gGG4z11na4Rb4p4N65?usp=share_link\"><img loading=\"lazy\" decoding=\"async\" class=\"aligncenter size-full wp-image-4681\" src=\"https:\/\/agora.xtec.cat\/esc-itacabdn\/wp-content\/uploads\/usu1884\/2023\/03\/02-Copy-1024x682-1.jpg\" alt=\"\" width=\"1024\" height=\"682\" srcset=\"https:\/\/agora.xtec.cat\/esc-itacabdn\/wp-content\/uploads\/usu1884\/2023\/03\/02-Copy-1024x682-1.jpg 1024w, https:\/\/agora.xtec.cat\/esc-itacabdn\/wp-content\/uploads\/usu1884\/2023\/03\/02-Copy-1024x682-1-300x200.jpg 300w, https:\/\/agora.xtec.cat\/esc-itacabdn\/wp-content\/uploads\/usu1884\/2023\/03\/02-Copy-1024x682-1-768x512.jpg 768w\" sizes=\"auto, (max-width: 1024px) 100vw, 1024px\" \/><\/a><\/p>\n<p>&nbsp;<\/p>\n","protected":false},"excerpt":{"rendered":"<p>Antoni Gaud\u00ed Antoni Gaud\u00ed va ser un arquitecte catal\u00e0, que va viure durant l&#8217;\u00e8poca del Modernisme. Va revolucionar el concepte de l&#8217;arquitectura, amb formes impossibles, amb multitud d&#8217;elements de la natura en les seves creacions. Un geni del que valia la pena estudiar la seva traject\u00f2ria. Com a gran artista que va ser, va treballar [&hellip;]<\/p>\n","protected":false},"author":1,"featured_media":0,"parent":665,"menu_order":97,"comment_status":"closed","ping_status":"closed","template":"page-templates\/side-menu.php","meta":{"_bbp_topic_count":0,"_bbp_reply_count":0,"_bbp_total_topic_count":0,"_bbp_total_reply_count":0,"_bbp_voice_count":0,"_bbp_anonymous_reply_count":0,"_bbp_topic_count_hidden":0,"_bbp_reply_count_hidden":0,"_bbp_forum_subforum_count":0,"site-sidebar-layout":"default","site-content-layout":"","ast-site-content-layout":"","site-content-style":"default","site-sidebar-style":"default","ast-global-header-display":"","ast-banner-title-visibility":"","ast-main-header-display":"","ast-hfb-above-header-display":"","ast-hfb-below-header-display":"","ast-hfb-mobile-header-display":"","site-post-title":"","ast-breadcrumbs-content":"","ast-featured-img":"","footer-sml-layout":"","theme-transparent-header-meta":"","adv-header-id-meta":"","stick-header-meta":"","header-above-stick-meta":"","header-main-stick-meta":"","header-below-stick-meta":"","astra-migrate-meta-layouts":"default","ast-page-background-enabled":"default","ast-page-background-meta":{"desktop":{"background-color":"var(--ast-global-color-4)","background-image":"","background-repeat":"repeat","background-position":"center center","background-size":"auto","background-attachment":"scroll","background-type":"","background-media":"","overlay-type":"","overlay-color":"","overlay-opacity":"","overlay-gradient":""},"tablet":{"background-color":"","background-image":"","background-repeat":"repeat","background-position":"center center","background-size":"auto","background-attachment":"scroll","background-type":"","background-media":"","overlay-type":"","overlay-color":"","overlay-opacity":"","overlay-gradient":""},"mobile":{"background-color":"","background-image":"","background-repeat":"repeat","background-position":"center center","background-size":"auto","background-attachment":"scroll","background-type":"","background-media":"","overlay-type":"","overlay-color":"","overlay-opacity":"","overlay-gradient":""}},"ast-content-background-meta":{"desktop":{"background-color":"var(--ast-global-color-5)","background-image":"","background-repeat":"repeat","background-position":"center center","background-size":"auto","background-attachment":"scroll","background-type":"","background-media":"","overlay-type":"","overlay-color":"","overlay-opacity":"","overlay-gradient":""},"tablet":{"background-color":"var(--ast-global-color-5)","background-image":"","background-repeat":"repeat","background-position":"center center","background-size":"auto","background-attachment":"scroll","background-type":"","background-media":"","overlay-type":"","overlay-color":"","overlay-opacity":"","overlay-gradient":""},"mobile":{"background-color":"var(--ast-global-color-5)","background-image":"","background-repeat":"repeat","background-position":"center center","background-size":"auto","background-attachment":"scroll","background-type":"","background-media":"","overlay-type":"","overlay-color":"","overlay-opacity":"","overlay-gradient":""}},"footnotes":""},"class_list":["post-4531","page","type-page","status-publish","hentry"],"post_mailing_queue_ids":[],"_links":{"self":[{"href":"https:\/\/agora.xtec.cat\/esc-itacabdn\/wp-json\/wp\/v2\/pages\/4531","targetHints":{"allow":["GET"]}}],"collection":[{"href":"https:\/\/agora.xtec.cat\/esc-itacabdn\/wp-json\/wp\/v2\/pages"}],"about":[{"href":"https:\/\/agora.xtec.cat\/esc-itacabdn\/wp-json\/wp\/v2\/types\/page"}],"author":[{"embeddable":true,"href":"https:\/\/agora.xtec.cat\/esc-itacabdn\/wp-json\/wp\/v2\/users\/1"}],"replies":[{"embeddable":true,"href":"https:\/\/agora.xtec.cat\/esc-itacabdn\/wp-json\/wp\/v2\/comments?post=4531"}],"version-history":[{"count":2,"href":"https:\/\/agora.xtec.cat\/esc-itacabdn\/wp-json\/wp\/v2\/pages\/4531\/revisions"}],"predecessor-version":[{"id":4682,"href":"https:\/\/agora.xtec.cat\/esc-itacabdn\/wp-json\/wp\/v2\/pages\/4531\/revisions\/4682"}],"up":[{"embeddable":true,"href":"https:\/\/agora.xtec.cat\/esc-itacabdn\/wp-json\/wp\/v2\/pages\/665"}],"wp:attachment":[{"href":"https:\/\/agora.xtec.cat\/esc-itacabdn\/wp-json\/wp\/v2\/media?parent=4531"}],"curies":[{"name":"wp","href":"https:\/\/api.w.org\/{rel}","templated":true}]}}