{"id":4488,"date":"2023-02-05T17:19:42","date_gmt":"2023-02-05T16:19:42","guid":{"rendered":"https:\/\/agora.xtec.cat\/esc-itacabdn\/?page_id=4488"},"modified":"2023-02-05T17:31:57","modified_gmt":"2023-02-05T16:31:57","slug":"curs-2020-2021-badalona-la-nostra-ciutat","status":"publish","type":"page","link":"https:\/\/agora.xtec.cat\/esc-itacabdn\/projectes\/projecte-interdisciplinari\/curs-2020-2021-badalona-la-nostra-ciutat\/","title":{"rendered":"Curs 2020-2021: Badalona, la nostra ciutat"},"content":{"rendered":"<h4><strong>BADALONA, LA NOSTRA CIUTAT<br \/>\n<\/strong><\/h4>\n<p>Aquest curs el nostre projecte ha girat entorn a un tema molt interessant: Badalona, la nostra ciutat.<\/p>\n<p>La nostra ciutat t\u00e9 segles d\u2019hist\u00f2ria, havent arribat a formar part fins i tot de l\u2019Imperi rom\u00e0. \u00c9s una ciutat plena de curiositats que val la pena con\u00e8ixer, amb tradicions i festes d\u2019all\u00f2 m\u00e9s boniques que tenen el seu origen i ra\u00f3 de ser. Tamb\u00e9 t\u00e9 molts edificis i empla\u00e7aments importants que el nostre alumnat ha pogut descobrir. \u00c9s, per tant, un tema que ofereix un gran ventall de possibilitats d\u2019estudi.<br \/>\nA m\u00e9s, val la pena con\u00e8ixer tot all\u00f2 que ens ofereix la ciutat on vivim.<\/p>\n<p>Cada classe ha fet un apartat concret del tema i ho ha compartit amb la resta de l\u2019escola mitjan\u00e7ant un v\u00eddeo amb una exposici\u00f3 oral. Podeu veure les diferents exposicions\u00a0<a href=\"https:\/\/drive.google.com\/drive\/folders\/1mjAChA_12BmwLOmDqZKqs2A1UexdYiHU?usp=sharing\" target=\"_blank\" rel=\"noopener noreferrer\"><strong>FENT CLIC AQU\u00cd<\/strong><\/a>.<br \/>\nTamb\u00e9 hem realitzat enigmes molt divertits per a que les altres classes els haguessin d\u2019endevinar.<\/p>\n<p>I la festa de Carnestoltes ens va servir per poder disfressar-nos d\u2019all\u00f2 que hav\u00edem estudiat, des de dimonis fins a castellers.<\/p>\n<p>Tamb\u00e9 compartirem el banc de recursos utilitzat durant el projecte:\u00a0<a href=\"https:\/\/www.symbaloo.com\/shared\/AAAABGPDXjQAA41_lZJz_g==\" target=\"_blank\" rel=\"noopener noreferrer\">https:\/\/www.symbaloo.com\/shared\/AAAABGPDXjQAA41_lZJz_g==<\/a><\/p>\n<p>A continuaci\u00f3, clicant a la imatge, podreu veure com vam omplir els espais de l\u2019escola amb les produccions i aprenentatges dels nostres infants:<\/p>\n<p><a href=\"https:\/\/drive.google.com\/drive\/folders\/1kbWg47U9Fy6Fq24Y8FAZXLLRJ2eBZus8?usp=sharing\"><img loading=\"lazy\" decoding=\"async\" class=\"aligncenter size-full wp-image-4490\" src=\"https:\/\/agora.xtec.cat\/esc-itacabdn\/wp-content\/uploads\/usu1884\/2023\/02\/DSC6109-Copy.jpg\" alt=\"\" width=\"1024\" height=\"682\" srcset=\"https:\/\/agora.xtec.cat\/esc-itacabdn\/wp-content\/uploads\/usu1884\/2023\/02\/DSC6109-Copy.jpg 1024w, https:\/\/agora.xtec.cat\/esc-itacabdn\/wp-content\/uploads\/usu1884\/2023\/02\/DSC6109-Copy-300x200.jpg 300w, https:\/\/agora.xtec.cat\/esc-itacabdn\/wp-content\/uploads\/usu1884\/2023\/02\/DSC6109-Copy-768x512.jpg 768w\" sizes=\"auto, (max-width: 1024px) 100vw, 1024px\" \/><\/a><\/p>\n","protected":false},"excerpt":{"rendered":"<p>BADALONA, LA NOSTRA CIUTAT Aquest curs el nostre projecte ha girat entorn a un tema molt interessant: Badalona, la nostra ciutat. La nostra ciutat t\u00e9 segles d\u2019hist\u00f2ria, havent arribat a formar part fins i tot de l\u2019Imperi rom\u00e0. \u00c9s una ciutat plena de curiositats que val la pena con\u00e8ixer, amb tradicions i festes d\u2019all\u00f2 m\u00e9s [&hellip;]<\/p>\n","protected":false},"author":1,"featured_media":0,"parent":667,"menu_order":94,"comment_status":"closed","ping_status":"closed","template":"page-templates\/side-menu.php","meta":{"_bbp_topic_count":0,"_bbp_reply_count":0,"_bbp_total_topic_count":0,"_bbp_total_reply_count":0,"_bbp_voice_count":0,"_bbp_anonymous_reply_count":0,"_bbp_topic_count_hidden":0,"_bbp_reply_count_hidden":0,"_bbp_forum_subforum_count":0,"site-sidebar-layout":"default","site-content-layout":"","ast-site-content-layout":"","site-content-style":"default","site-sidebar-style":"default","ast-global-header-display":"","ast-banner-title-visibility":"","ast-main-header-display":"","ast-hfb-above-header-display":"","ast-hfb-below-header-display":"","ast-hfb-mobile-header-display":"","site-post-title":"","ast-breadcrumbs-content":"","ast-featured-img":"","footer-sml-layout":"","theme-transparent-header-meta":"","adv-header-id-meta":"","stick-header-meta":"","header-above-stick-meta":"","header-main-stick-meta":"","header-below-stick-meta":"","astra-migrate-meta-layouts":"default","ast-page-background-enabled":"default","ast-page-background-meta":{"desktop":{"background-color":"var(--ast-global-color-4)","background-image":"","background-repeat":"repeat","background-position":"center center","background-size":"auto","background-attachment":"scroll","background-type":"","background-media":"","overlay-type":"","overlay-color":"","overlay-opacity":"","overlay-gradient":""},"tablet":{"background-color":"","background-image":"","background-repeat":"repeat","background-position":"center center","background-size":"auto","background-attachment":"scroll","background-type":"","background-media":"","overlay-type":"","overlay-color":"","overlay-opacity":"","overlay-gradient":""},"mobile":{"background-color":"","background-image":"","background-repeat":"repeat","background-position":"center center","background-size":"auto","background-attachment":"scroll","background-type":"","background-media":"","overlay-type":"","overlay-color":"","overlay-opacity":"","overlay-gradient":""}},"ast-content-background-meta":{"desktop":{"background-color":"var(--ast-global-color-5)","background-image":"","background-repeat":"repeat","background-position":"center center","background-size":"auto","background-attachment":"scroll","background-type":"","background-media":"","overlay-type":"","overlay-color":"","overlay-opacity":"","overlay-gradient":""},"tablet":{"background-color":"var(--ast-global-color-5)","background-image":"","background-repeat":"repeat","background-position":"center center","background-size":"auto","background-attachment":"scroll","background-type":"","background-media":"","overlay-type":"","overlay-color":"","overlay-opacity":"","overlay-gradient":""},"mobile":{"background-color":"var(--ast-global-color-5)","background-image":"","background-repeat":"repeat","background-position":"center center","background-size":"auto","background-attachment":"scroll","background-type":"","background-media":"","overlay-type":"","overlay-color":"","overlay-opacity":"","overlay-gradient":""}},"footnotes":""},"class_list":["post-4488","page","type-page","status-publish","hentry"],"post_mailing_queue_ids":[],"_links":{"self":[{"href":"https:\/\/agora.xtec.cat\/esc-itacabdn\/wp-json\/wp\/v2\/pages\/4488","targetHints":{"allow":["GET"]}}],"collection":[{"href":"https:\/\/agora.xtec.cat\/esc-itacabdn\/wp-json\/wp\/v2\/pages"}],"about":[{"href":"https:\/\/agora.xtec.cat\/esc-itacabdn\/wp-json\/wp\/v2\/types\/page"}],"author":[{"embeddable":true,"href":"https:\/\/agora.xtec.cat\/esc-itacabdn\/wp-json\/wp\/v2\/users\/1"}],"replies":[{"embeddable":true,"href":"https:\/\/agora.xtec.cat\/esc-itacabdn\/wp-json\/wp\/v2\/comments?post=4488"}],"version-history":[{"count":2,"href":"https:\/\/agora.xtec.cat\/esc-itacabdn\/wp-json\/wp\/v2\/pages\/4488\/revisions"}],"predecessor-version":[{"id":4491,"href":"https:\/\/agora.xtec.cat\/esc-itacabdn\/wp-json\/wp\/v2\/pages\/4488\/revisions\/4491"}],"up":[{"embeddable":true,"href":"https:\/\/agora.xtec.cat\/esc-itacabdn\/wp-json\/wp\/v2\/pages\/667"}],"wp:attachment":[{"href":"https:\/\/agora.xtec.cat\/esc-itacabdn\/wp-json\/wp\/v2\/media?parent=4488"}],"curies":[{"name":"wp","href":"https:\/\/api.w.org\/{rel}","templated":true}]}}