{"id":4484,"date":"2023-02-05T17:15:38","date_gmt":"2023-02-05T16:15:38","guid":{"rendered":"https:\/\/agora.xtec.cat\/esc-itacabdn\/?page_id=4484"},"modified":"2023-02-05T17:17:15","modified_gmt":"2023-02-05T16:17:15","slug":"curs-2019-2020-el-mediterrani","status":"publish","type":"page","link":"https:\/\/agora.xtec.cat\/esc-itacabdn\/projectes\/projecte-interdisciplinari\/curs-2019-2020-el-mediterrani\/","title":{"rendered":"Curs 2019-2020: El Mediterrani"},"content":{"rendered":"<p style=\"text-align: center;\"><b>EL MEDITERRANI<\/b><\/p>\n<p style=\"text-align: center;\"><span style=\"font-weight: 400;\">Aquest curs el nostre projecte ha girat entorn a un tema molt interessant: El Mediterrani.<\/span><\/p>\n<p style=\"text-align: center;\"><span style=\"font-weight: 400;\">El Mediterrani \u00e9s un mar que uneix 3 continents: Europa, \u00c0frica i \u00c0sia. \u00c9s el mar &#8220;en mig de terres&#8221;, \u00e9s a dir, &#8220;Medi terraneus&#8221;; d&#8217;aqu\u00ed ve el seu nom.<\/span><\/p>\n<p style=\"text-align: center;\"><span style=\"font-weight: 400;\">\u00c9s un tema que ofereix un gran ventall de possibilitats d&#8217;estudi, des de la fauna i flora marina, fins a l&#8217;estudi de la geografia o la hist\u00f2ria que ha tingut en el desenvolupament de les diverses civilitzacions hist\u00f2riques que coneixem, com l&#8217;eg\u00edpcia, la grega, la romana, l&#8217;\u00e0rab&#8230;<\/span><\/p>\n<p style=\"text-align: center;\"><span style=\"font-weight: 400;\">A m\u00e9s, cada classe s\u2019ha centrat en un aspecte concret del tema, per poder-ho explicar a les altres classes. Tamb\u00e9 hem realitzat enigmes molt divertits per a que les altres classes els haguessin d\u2019endevinar.<\/span><\/p>\n<p style=\"text-align: center;\"><span style=\"font-weight: 400;\">I la festa de Carnestoltes ens va servir per poder disfressar-nos d&#8217;all\u00f2 que hav\u00edem estudiat, des d&#8217;animals marins fins a turistes, tot relacionat amb el Mediterrani.<\/span><\/p>\n<p><a href=\"https:\/\/drive.google.com\/drive\/folders\/1azcsaC0apCaEGwYMDBp3IkaiPgkexSfK?usp=sharing\"><img loading=\"lazy\" decoding=\"async\" class=\"aligncenter size-full wp-image-4485\" src=\"https:\/\/agora.xtec.cat\/esc-itacabdn\/wp-content\/uploads\/usu1884\/2023\/02\/DSC5191-Copy.jpg\" alt=\"\" width=\"1024\" height=\"682\" srcset=\"https:\/\/agora.xtec.cat\/esc-itacabdn\/wp-content\/uploads\/usu1884\/2023\/02\/DSC5191-Copy.jpg 1024w, https:\/\/agora.xtec.cat\/esc-itacabdn\/wp-content\/uploads\/usu1884\/2023\/02\/DSC5191-Copy-300x200.jpg 300w, https:\/\/agora.xtec.cat\/esc-itacabdn\/wp-content\/uploads\/usu1884\/2023\/02\/DSC5191-Copy-768x512.jpg 768w\" sizes=\"auto, (max-width: 1024px) 100vw, 1024px\" \/><\/a><\/p>\n","protected":false},"excerpt":{"rendered":"<p>EL MEDITERRANI Aquest curs el nostre projecte ha girat entorn a un tema molt interessant: El Mediterrani. El Mediterrani \u00e9s un mar que uneix 3 continents: Europa, \u00c0frica i \u00c0sia. \u00c9s el mar &#8220;en mig de terres&#8221;, \u00e9s a dir, &#8220;Medi terraneus&#8221;; d&#8217;aqu\u00ed ve el seu nom. \u00c9s un tema que ofereix un gran ventall [&hellip;]<\/p>\n","protected":false},"author":1,"featured_media":0,"parent":667,"menu_order":95,"comment_status":"closed","ping_status":"closed","template":"page-templates\/side-menu.php","meta":{"_bbp_topic_count":0,"_bbp_reply_count":0,"_bbp_total_topic_count":0,"_bbp_total_reply_count":0,"_bbp_voice_count":0,"_bbp_anonymous_reply_count":0,"_bbp_topic_count_hidden":0,"_bbp_reply_count_hidden":0,"_bbp_forum_subforum_count":0,"site-sidebar-layout":"default","site-content-layout":"","ast-site-content-layout":"","site-content-style":"default","site-sidebar-style":"default","ast-global-header-display":"","ast-banner-title-visibility":"","ast-main-header-display":"","ast-hfb-above-header-display":"","ast-hfb-below-header-display":"","ast-hfb-mobile-header-display":"","site-post-title":"","ast-breadcrumbs-content":"","ast-featured-img":"","footer-sml-layout":"","theme-transparent-header-meta":"","adv-header-id-meta":"","stick-header-meta":"","header-above-stick-meta":"","header-main-stick-meta":"","header-below-stick-meta":"","astra-migrate-meta-layouts":"default","ast-page-background-enabled":"default","ast-page-background-meta":{"desktop":{"background-color":"var(--ast-global-color-4)","background-image":"","background-repeat":"repeat","background-position":"center center","background-size":"auto","background-attachment":"scroll","background-type":"","background-media":"","overlay-type":"","overlay-color":"","overlay-opacity":"","overlay-gradient":""},"tablet":{"background-color":"","background-image":"","background-repeat":"repeat","background-position":"center center","background-size":"auto","background-attachment":"scroll","background-type":"","background-media":"","overlay-type":"","overlay-color":"","overlay-opacity":"","overlay-gradient":""},"mobile":{"background-color":"","background-image":"","background-repeat":"repeat","background-position":"center center","background-size":"auto","background-attachment":"scroll","background-type":"","background-media":"","overlay-type":"","overlay-color":"","overlay-opacity":"","overlay-gradient":""}},"ast-content-background-meta":{"desktop":{"background-color":"var(--ast-global-color-5)","background-image":"","background-repeat":"repeat","background-position":"center center","background-size":"auto","background-attachment":"scroll","background-type":"","background-media":"","overlay-type":"","overlay-color":"","overlay-opacity":"","overlay-gradient":""},"tablet":{"background-color":"var(--ast-global-color-5)","background-image":"","background-repeat":"repeat","background-position":"center center","background-size":"auto","background-attachment":"scroll","background-type":"","background-media":"","overlay-type":"","overlay-color":"","overlay-opacity":"","overlay-gradient":""},"mobile":{"background-color":"var(--ast-global-color-5)","background-image":"","background-repeat":"repeat","background-position":"center center","background-size":"auto","background-attachment":"scroll","background-type":"","background-media":"","overlay-type":"","overlay-color":"","overlay-opacity":"","overlay-gradient":""}},"footnotes":""},"class_list":["post-4484","page","type-page","status-publish","hentry"],"post_mailing_queue_ids":[],"_links":{"self":[{"href":"https:\/\/agora.xtec.cat\/esc-itacabdn\/wp-json\/wp\/v2\/pages\/4484","targetHints":{"allow":["GET"]}}],"collection":[{"href":"https:\/\/agora.xtec.cat\/esc-itacabdn\/wp-json\/wp\/v2\/pages"}],"about":[{"href":"https:\/\/agora.xtec.cat\/esc-itacabdn\/wp-json\/wp\/v2\/types\/page"}],"author":[{"embeddable":true,"href":"https:\/\/agora.xtec.cat\/esc-itacabdn\/wp-json\/wp\/v2\/users\/1"}],"replies":[{"embeddable":true,"href":"https:\/\/agora.xtec.cat\/esc-itacabdn\/wp-json\/wp\/v2\/comments?post=4484"}],"version-history":[{"count":1,"href":"https:\/\/agora.xtec.cat\/esc-itacabdn\/wp-json\/wp\/v2\/pages\/4484\/revisions"}],"predecessor-version":[{"id":4486,"href":"https:\/\/agora.xtec.cat\/esc-itacabdn\/wp-json\/wp\/v2\/pages\/4484\/revisions\/4486"}],"up":[{"embeddable":true,"href":"https:\/\/agora.xtec.cat\/esc-itacabdn\/wp-json\/wp\/v2\/pages\/667"}],"wp:attachment":[{"href":"https:\/\/agora.xtec.cat\/esc-itacabdn\/wp-json\/wp\/v2\/media?parent=4484"}],"curies":[{"name":"wp","href":"https:\/\/api.w.org\/{rel}","templated":true}]}}