{"id":22,"date":"2014-09-18T12:19:57","date_gmt":"2014-09-18T10:19:57","guid":{"rendered":"http:\/\/agora.xtec.cat\/esc-itacabdn\/?page_id=22"},"modified":"2018-07-18T15:46:33","modified_gmt":"2018-07-18T13:46:33","slug":"lescola","status":"publish","type":"page","link":"https:\/\/agora.xtec.cat\/esc-itacabdn\/lescola\/","title":{"rendered":"L&#8217;escola"},"content":{"rendered":"<div data-blogger-escaped-style=\"background-color: white; border: 0px; color: #444444; font-family: 'Helvetica Neue', Helvetica, Arial, sans-serif; font-size: 12px; line-height: 21px; margin-bottom: 1.75em; outline: 0px; padding: 0px; vertical-align: baseline;\">\n<p><a href=\"https:\/\/escolaitacabadalona.files.wordpress.com\/2012\/11\/presentacic3b3.jpg\" data-blogger-escaped-style=\"-webkit-transition: all 0.18s ease-out; border: 0px; color: #0da4d3; font-family: inherit; font-style: inherit; font-weight: inherit; margin: 0px; outline: none; padding: 0px; text-decoration: none; transition: all 0.18s ease-out; vertical-align: baseline;\"><img loading=\"lazy\" decoding=\"async\" class=\"aligncenter size-full wp-image-641\" src=\"https:\/\/escolaitacabadalona.files.wordpress.com\/2012\/11\/presentacic3b3.jpg?w=470&amp;h=219\" alt=\"PRESENTACI\u00d3\" width=\"640\" height=\"298\" data-blogger-escaped-style=\"-webkit-transition: all 0.18s ease-out; border: 0px; clear: both; display: block; height: auto; margin: 0px auto 1.75em !important; max-width: 100%; transition: all 0.18s ease-out; vertical-align: middle;\" \/><\/a><\/p>\n<\/div>\n<div data-blogger-escaped-style=\"background-color: white; border: 0px; color: #444444; font-family: 'Helvetica Neue', Helvetica, Arial, sans-serif; font-size: 12px; line-height: 21px; margin-bottom: 1.75em; outline: 0px; padding: 0px; vertical-align: baseline;\">\n<div data-blogger-escaped-style=\"text-align: center;\">\n<div data-blogger-escaped-style=\"text-align: justify;\">\n<p><b data-blogger-escaped-style=\"border: 0px; font-family: inherit; font-style: inherit; margin: 0px; outline: 0px; padding: 0px; vertical-align: baseline;\">L\u2019escola ITACA \u00e9s un centre educatiu p\u00fablic, dins del Departament d\u2019Ensenyament de la Generalitat de Catalunya, on s\u2019imparteix doc\u00e8ncia a les etapes d\u2019Educaci\u00f3 Infantil i Educaci\u00f3 Prim\u00e0ria.<\/b><\/p>\n<\/div>\n<\/div>\n<\/div>\n<div data-blogger-escaped-style=\"background-color: white; border: 0px; color: #444444; font-family: 'Helvetica Neue', Helvetica, Arial, sans-serif; font-size: 12px; line-height: 21px; margin-bottom: 1.75em; outline: 0px; padding: 0px; vertical-align: baseline;\">\n<div data-blogger-escaped-style=\"text-align: center;\">\n<div data-blogger-escaped-style=\"text-align: center;\">\n<p><a href=\"https:\/\/escolaitacabadalona.files.wordpress.com\/2012\/11\/presentacioweb.jpg\" data-blogger-escaped-style=\"-webkit-transition: all 0.18s ease-out; border: 0px; color: #0da4d3; font-family: inherit; font-style: inherit; font-weight: inherit; margin: 0px; outline: 0px; padding: 0px; text-decoration: none; transition: all 0.18s ease-out; vertical-align: baseline;\"><img loading=\"lazy\" decoding=\"async\" class=\"aligncenter wp-image-606\" src=\"https:\/\/escolaitacabadalona.files.wordpress.com\/2012\/11\/presentacioweb.jpg?w=410&amp;h=136\" alt=\"presentacioWEB\" width=\"410\" height=\"136\" data-blogger-escaped-style=\"-webkit-transition: all 0.18s ease-out; border: 0px; clear: both; display: block; height: auto; margin: 0px auto 1.75em !important; max-width: 100%; transition: all 0.18s ease-out; vertical-align: middle;\" \/><\/a>\u00b7<\/p>\n<\/div>\n<\/div>\n<\/div>\n<div data-blogger-escaped-style=\"background-color: white; border: 0px; color: #444444; font-family: 'Helvetica Neue', Helvetica, Arial, sans-serif; font-size: 12px; line-height: 21px; margin-bottom: 1.75em; outline: 0px; padding: 0px; vertical-align: baseline;\">\n<div data-blogger-escaped-style=\"text-align: center;\">\n<div data-blogger-escaped-style=\"text-align: justify;\">\n<p><b data-blogger-escaped-style=\"border: 0px; font-family: inherit; font-style: inherit; margin: 0px; outline: 0px; padding: 0px; vertical-align: baseline;\">Som una escola que proporciona recursos a l\u2019alumnat per tal d\u2019adaptar-se i desenvolupar-se amb \u00e8xit, tant a nivell personal com social.\u00a0<\/b><b data-blogger-escaped-style=\"border: 0px; font-family: inherit; font-style: inherit; margin: 0px; outline: 0px; padding: 0px; vertical-align: baseline;\">Valors com la solidaritat, la inclusi\u00f3, l\u2019esfor\u00e7, l\u2019actitud democr\u00e0tica i l\u2019esperit cr\u00edtic impregnen el nostre model d\u2019escola.<\/b><\/p>\n<\/div>\n<div data-blogger-escaped-style=\"text-align: justify;\">\n<p><b data-blogger-escaped-style=\"border: 0px; font-family: inherit; font-style: inherit; margin: 0px; outline: 0px; padding: 0px; vertical-align: baseline;\">Estem oberts als canvis i fomentem un bon clima de conviv\u00e8ncia implicant a tota la comunitat educativa.\u00a0<\/b><b data-blogger-escaped-style=\"border: 0px; font-family: inherit; font-style: inherit; margin: 0px; outline: 0px; padding: 0px; vertical-align: baseline;\">L\u2019escola d\u00f3na resposta als reptes socials i at\u00e9n tant la compet\u00e8ncia tecnol\u00f2gica, com la social i personal.<br \/>\n<\/b> <b data-blogger-escaped-style=\"border: 0px; font-family: inherit; font-style: inherit; margin: 0px; outline: 0px; padding: 0px; vertical-align: baseline;\"><br \/>\n<\/b><\/p>\n<\/div>\n<\/div>\n<\/div>\n","protected":false},"excerpt":{"rendered":"<p>L\u2019escola ITACA \u00e9s un centre educatiu p\u00fablic, dins del Departament d\u2019Ensenyament de la Generalitat de Catalunya, on s\u2019imparteix doc\u00e8ncia a les etapes d\u2019Educaci\u00f3 Infantil i Educaci\u00f3 Prim\u00e0ria. \u00b7 Som una escola que proporciona recursos a l\u2019alumnat per tal d\u2019adaptar-se i desenvolupar-se amb \u00e8xit, tant a nivell personal com social.\u00a0Valors com la solidaritat, la inclusi\u00f3, l\u2019esfor\u00e7, [&hellip;]<\/p>\n","protected":false},"author":1,"featured_media":0,"parent":0,"menu_order":0,"comment_status":"closed","ping_status":"closed","template":"page-templates\/side-menu.php","meta":{"_bbp_topic_count":0,"_bbp_reply_count":0,"_bbp_total_topic_count":0,"_bbp_total_reply_count":0,"_bbp_voice_count":0,"_bbp_anonymous_reply_count":0,"_bbp_topic_count_hidden":0,"_bbp_reply_count_hidden":0,"_bbp_forum_subforum_count":0,"site-sidebar-layout":"default","site-content-layout":"","ast-site-content-layout":"","site-content-style":"default","site-sidebar-style":"default","ast-global-header-display":"","ast-banner-title-visibility":"","ast-main-header-display":"","ast-hfb-above-header-display":"","ast-hfb-below-header-display":"","ast-hfb-mobile-header-display":"","site-post-title":"","ast-breadcrumbs-content":"","ast-featured-img":"","footer-sml-layout":"","theme-transparent-header-meta":"","adv-header-id-meta":"","stick-header-meta":"","header-above-stick-meta":"","header-main-stick-meta":"","header-below-stick-meta":"","astra-migrate-meta-layouts":"default","ast-page-background-enabled":"default","ast-page-background-meta":{"desktop":{"background-color":"var(--ast-global-color-4)","background-image":"","background-repeat":"repeat","background-position":"center center","background-size":"auto","background-attachment":"scroll","background-type":"","background-media":"","overlay-type":"","overlay-color":"","overlay-opacity":"","overlay-gradient":""},"tablet":{"background-color":"","background-image":"","background-repeat":"repeat","background-position":"center center","background-size":"auto","background-attachment":"scroll","background-type":"","background-media":"","overlay-type":"","overlay-color":"","overlay-opacity":"","overlay-gradient":""},"mobile":{"background-color":"","background-image":"","background-repeat":"repeat","background-position":"center center","background-size":"auto","background-attachment":"scroll","background-type":"","background-media":"","overlay-type":"","overlay-color":"","overlay-opacity":"","overlay-gradient":""}},"ast-content-background-meta":{"desktop":{"background-color":"var(--ast-global-color-5)","background-image":"","background-repeat":"repeat","background-position":"center center","background-size":"auto","background-attachment":"scroll","background-type":"","background-media":"","overlay-type":"","overlay-color":"","overlay-opacity":"","overlay-gradient":""},"tablet":{"background-color":"var(--ast-global-color-5)","background-image":"","background-repeat":"repeat","background-position":"center center","background-size":"auto","background-attachment":"scroll","background-type":"","background-media":"","overlay-type":"","overlay-color":"","overlay-opacity":"","overlay-gradient":""},"mobile":{"background-color":"var(--ast-global-color-5)","background-image":"","background-repeat":"repeat","background-position":"center center","background-size":"auto","background-attachment":"scroll","background-type":"","background-media":"","overlay-type":"","overlay-color":"","overlay-opacity":"","overlay-gradient":""}},"footnotes":""},"class_list":["post-22","page","type-page","status-publish","hentry"],"post_mailing_queue_ids":[],"_links":{"self":[{"href":"https:\/\/agora.xtec.cat\/esc-itacabdn\/wp-json\/wp\/v2\/pages\/22","targetHints":{"allow":["GET"]}}],"collection":[{"href":"https:\/\/agora.xtec.cat\/esc-itacabdn\/wp-json\/wp\/v2\/pages"}],"about":[{"href":"https:\/\/agora.xtec.cat\/esc-itacabdn\/wp-json\/wp\/v2\/types\/page"}],"author":[{"embeddable":true,"href":"https:\/\/agora.xtec.cat\/esc-itacabdn\/wp-json\/wp\/v2\/users\/1"}],"replies":[{"embeddable":true,"href":"https:\/\/agora.xtec.cat\/esc-itacabdn\/wp-json\/wp\/v2\/comments?post=22"}],"version-history":[{"count":3,"href":"https:\/\/agora.xtec.cat\/esc-itacabdn\/wp-json\/wp\/v2\/pages\/22\/revisions"}],"predecessor-version":[{"id":550,"href":"https:\/\/agora.xtec.cat\/esc-itacabdn\/wp-json\/wp\/v2\/pages\/22\/revisions\/550"}],"wp:attachment":[{"href":"https:\/\/agora.xtec.cat\/esc-itacabdn\/wp-json\/wp\/v2\/media?parent=22"}],"curies":[{"name":"wp","href":"https:\/\/api.w.org\/{rel}","templated":true}]}}