{"id":1874,"date":"2020-05-08T19:22:32","date_gmt":"2020-05-08T17:22:32","guid":{"rendered":"http:\/\/agora.xtec.cat\/esc-itacabdn\/?page_id=1874"},"modified":"2023-10-11T17:31:53","modified_gmt":"2023-10-11T15:31:53","slug":"qui-som","status":"publish","type":"page","link":"https:\/\/agora.xtec.cat\/esc-itacabdn\/lescola\/qui-som\/","title":{"rendered":"Qui som?"},"content":{"rendered":"<h4><\/h4>\n<p>L\u2019escola \u00cdTACA \u00e9s un centre educatiu p\u00fablic, dins del Departament d\u2019Ensenyament de la Generalitat de Catalunya, on s\u2019imparteix doc\u00e8ncia a les etapes d\u2019Educaci\u00f3 Infantil i Educaci\u00f3 Prim\u00e0ria.<\/p>\n<p>Som una escola que proporciona recursos a l\u2019alumnat per tal d\u2019adaptar-se i desenvolupar-se amb \u00e8xit, tant a nivell personal com social.\u00a0Valors com la inclusi\u00f3, l\u2019esfor\u00e7, l\u2019actitud democr\u00e0tica i el respecte defineix el nostre model d\u2019escola. Treballem amb metodologies amb enfocament globalitzat mitjan\u00e7ant els projectes, els ambients d\u2019aprenentatge, i els tallers manipulatius. L\u2019infant \u00e9s l\u2019agent actiu del seu aprenentatge guiat en tot moment pel professorat. Propiciem\u00a0 la socialitzaci\u00f3 dels infants, augmentant la compet\u00e8ncia social i la capacitat de treballar en grup (aprenentatge cooperatiu). L\u2019apadrinament lector \u00e9s una manera\u00a0 m\u00e9s d\u2019establir vincles entre els membres de la comunitat escolar.<\/p>\n<p>Per convertir els nostres infants en persones amb capacitat per treballar en la nova era de la informaci\u00f3, l\u2019\u00fas de les TIC-TAC (noves tecnologies) est\u00e0 integrat en el nostre dia a dia a l\u2019aula. La creativitat i el treball de les emocions ocupa una part important en les activitats de l\u2019escola.<\/p>\n<p>Valors com la inclusi\u00f3, l\u2019esfor\u00e7 i el respecte impregnen el nostre model d\u2019escola. Com a col\u00b7lectiu tenim espais, moments i valors per compartir. Fem\u00a0 seguiment emocional dels infants i un ensenyament personalitzat. L\u2019escola \u00e9s un entorn d\u2019aprenentatge global, on es desenvolupa des de la vessant cognitiva fins l\u2019emocional i social. Busquem l\u2019\u00e8xit dels nostres infants en tots els vessants. Fomentem la conviv\u00e8ncia i la cohesi\u00f3 social per arribar a una transformaci\u00f3 social.<\/p>\n<p>Estem oberts als canvis i fomentem un bon clima de conviv\u00e8ncia implicant a tota la comunitat educativa.\u00a0L\u2019escola d\u00f3na resposta als reptes socials i at\u00e9n tant la compet\u00e8ncia tecnol\u00f2gica, com la social i personal.<\/p>\n<p>&nbsp;<\/p>\n<h4><span style=\"text-decoration: underline; color: #008080;\"><strong>EXTRAESCOLARS<\/strong><\/span><\/h4>\n<p>L\u2019escola gaudeix de l\u2019activitat del 3X3 b\u00e0squet amb Nomadball, ja que participem al PROA+. \u00c9s un programa d\u2019Orientaci\u00f3, Avan\u00e7 i Enriquiment educatiu que arriba del Ministerio i ens<br \/>\npermet oferir aquesta activitats als nens i nenes des de 1r fina a 6\u00e8 de Prim\u00e0ria els dimarts i dijous de 17 a 18h de la tarda.<\/p>\n<p>&nbsp;<\/p>\n<h4><span style=\"color: #008080;\"><strong><span style=\"text-decoration: underline;\">Instituts adscrits:<\/span><\/strong><\/span><\/h4>\n<p>08076431 Institut Escola Baldomer Sol\u00e0 (Badalona)<\/p>\n<p>08001443 Institut Eugeni d&#8217;Ors (Badalona)<\/p>\n<p>08076443 Institut Escola Rafael Alberti (Badalona)<\/p>\n<p>08044995 Institut Barres i Ones (Badalona)<\/p>\n<p>08052888 Institut J\u00falia Minguell (Badalona)<\/p>\n","protected":false},"excerpt":{"rendered":"<p>L\u2019escola \u00cdTACA \u00e9s un centre educatiu p\u00fablic, dins del Departament d\u2019Ensenyament de la Generalitat de Catalunya, on s\u2019imparteix doc\u00e8ncia a les etapes d\u2019Educaci\u00f3 Infantil i Educaci\u00f3 Prim\u00e0ria. Som una escola que proporciona recursos a l\u2019alumnat per tal d\u2019adaptar-se i desenvolupar-se amb \u00e8xit, tant a nivell personal com social.\u00a0Valors com la inclusi\u00f3, l\u2019esfor\u00e7, l\u2019actitud democr\u00e0tica i [&hellip;]<\/p>\n","protected":false},"author":1,"featured_media":0,"parent":22,"menu_order":30,"comment_status":"closed","ping_status":"closed","template":"page-templates\/side-menu.php","meta":{"_bbp_topic_count":0,"_bbp_reply_count":0,"_bbp_total_topic_count":0,"_bbp_total_reply_count":0,"_bbp_voice_count":0,"_bbp_anonymous_reply_count":0,"_bbp_topic_count_hidden":0,"_bbp_reply_count_hidden":0,"_bbp_forum_subforum_count":0,"site-sidebar-layout":"default","site-content-layout":"","ast-site-content-layout":"","site-content-style":"default","site-sidebar-style":"default","ast-global-header-display":"","ast-banner-title-visibility":"","ast-main-header-display":"","ast-hfb-above-header-display":"","ast-hfb-below-header-display":"","ast-hfb-mobile-header-display":"","site-post-title":"","ast-breadcrumbs-content":"","ast-featured-img":"","footer-sml-layout":"","theme-transparent-header-meta":"","adv-header-id-meta":"","stick-header-meta":"","header-above-stick-meta":"","header-main-stick-meta":"","header-below-stick-meta":"","astra-migrate-meta-layouts":"default","ast-page-background-enabled":"default","ast-page-background-meta":{"desktop":{"background-color":"var(--ast-global-color-4)","background-image":"","background-repeat":"repeat","background-position":"center center","background-size":"auto","background-attachment":"scroll","background-type":"","background-media":"","overlay-type":"","overlay-color":"","overlay-opacity":"","overlay-gradient":""},"tablet":{"background-color":"","background-image":"","background-repeat":"repeat","background-position":"center center","background-size":"auto","background-attachment":"scroll","background-type":"","background-media":"","overlay-type":"","overlay-color":"","overlay-opacity":"","overlay-gradient":""},"mobile":{"background-color":"","background-image":"","background-repeat":"repeat","background-position":"center center","background-size":"auto","background-attachment":"scroll","background-type":"","background-media":"","overlay-type":"","overlay-color":"","overlay-opacity":"","overlay-gradient":""}},"ast-content-background-meta":{"desktop":{"background-color":"var(--ast-global-color-5)","background-image":"","background-repeat":"repeat","background-position":"center center","background-size":"auto","background-attachment":"scroll","background-type":"","background-media":"","overlay-type":"","overlay-color":"","overlay-opacity":"","overlay-gradient":""},"tablet":{"background-color":"var(--ast-global-color-5)","background-image":"","background-repeat":"repeat","background-position":"center center","background-size":"auto","background-attachment":"scroll","background-type":"","background-media":"","overlay-type":"","overlay-color":"","overlay-opacity":"","overlay-gradient":""},"mobile":{"background-color":"var(--ast-global-color-5)","background-image":"","background-repeat":"repeat","background-position":"center center","background-size":"auto","background-attachment":"scroll","background-type":"","background-media":"","overlay-type":"","overlay-color":"","overlay-opacity":"","overlay-gradient":""}},"footnotes":""},"class_list":["post-1874","page","type-page","status-publish","hentry"],"post_mailing_queue_ids":[],"_links":{"self":[{"href":"https:\/\/agora.xtec.cat\/esc-itacabdn\/wp-json\/wp\/v2\/pages\/1874","targetHints":{"allow":["GET"]}}],"collection":[{"href":"https:\/\/agora.xtec.cat\/esc-itacabdn\/wp-json\/wp\/v2\/pages"}],"about":[{"href":"https:\/\/agora.xtec.cat\/esc-itacabdn\/wp-json\/wp\/v2\/types\/page"}],"author":[{"embeddable":true,"href":"https:\/\/agora.xtec.cat\/esc-itacabdn\/wp-json\/wp\/v2\/users\/1"}],"replies":[{"embeddable":true,"href":"https:\/\/agora.xtec.cat\/esc-itacabdn\/wp-json\/wp\/v2\/comments?post=1874"}],"version-history":[{"count":4,"href":"https:\/\/agora.xtec.cat\/esc-itacabdn\/wp-json\/wp\/v2\/pages\/1874\/revisions"}],"predecessor-version":[{"id":5119,"href":"https:\/\/agora.xtec.cat\/esc-itacabdn\/wp-json\/wp\/v2\/pages\/1874\/revisions\/5119"}],"up":[{"embeddable":true,"href":"https:\/\/agora.xtec.cat\/esc-itacabdn\/wp-json\/wp\/v2\/pages\/22"}],"wp:attachment":[{"href":"https:\/\/agora.xtec.cat\/esc-itacabdn\/wp-json\/wp\/v2\/media?parent=1874"}],"curies":[{"name":"wp","href":"https:\/\/api.w.org\/{rel}","templated":true}]}}