{"id":28,"date":"2014-09-18T12:29:35","date_gmt":"2014-09-18T11:29:35","guid":{"rendered":"http:\/\/agora.xtec.cat\/esc-ignasiperaire\/?page_id=28"},"modified":"2025-11-18T14:00:14","modified_gmt":"2025-11-18T13:00:14","slug":"consell-escolar","status":"publish","type":"page","link":"https:\/\/agora.xtec.cat\/esc-ignasiperaire\/lescola\/consell-escolar\/","title":{"rendered":"Consell escolar"},"content":{"rendered":"<table style=\"height: 466px; width: 100%;\" width=\"539\">\n<tbody>\n<tr style=\"height: 31px;\">\n<td style=\"width: 265px; height: 31px;\"><span style=\"font-family: 'andale mono', monospace;\"><strong>PRESIDENTA<\/strong><\/span><\/td>\n<td style=\"width: 266px; height: 31px;\">\n<ul style=\"list-style-type: circle;\">\n<li><span style=\"font-family: 'andale mono', monospace;\">Mariona Vall\u00e9s<\/span><\/li>\n<\/ul>\n<\/td>\n<\/tr>\n<tr style=\"height: 31px;\">\n<td style=\"width: 265px; height: 31px;\"><span style=\"font-family: 'andale mono', monospace;\"><strong>CAP D&#8217;ESTUDIS<\/strong><\/span><\/td>\n<td style=\"width: 266px; height: 31px;\">\n<ul style=\"list-style-type: circle;\">\n<li><span style=\"font-family: 'andale mono', monospace;\">Toni Chac\u00f3n<\/span><\/li>\n<\/ul>\n<\/td>\n<\/tr>\n<tr style=\"height: 31px;\">\n<td style=\"width: 265px; height: 31px;\"><span style=\"font-family: 'andale mono', monospace;\"><strong>SECRETARI<\/strong><\/span><\/td>\n<td style=\"width: 266px; height: 31px;\">\n<ul style=\"list-style-type: circle;\">\n<li><span style=\"font-family: 'andale mono', monospace;\">Elena Aymerich<\/span><\/li>\n<\/ul>\n<\/td>\n<\/tr>\n<tr style=\"height: 148px;\">\n<td style=\"width: 265px; text-align: left; height: 148px;\"><span style=\"font-family: 'andale mono', monospace;\"><strong>REPRESENTANTS DEL PROFESSORAT<\/strong><\/span><\/td>\n<td style=\"width: 266px; height: 148px;\">\n<ul style=\"list-style-type: circle;\">\n<li><span style=\"font-family: 'andale mono', monospace;\">Marc Giribet<\/span><\/li>\n<li><span style=\"font-family: 'andale mono', monospace;\">Teresa Sol<\/span><\/li>\n<li><span style=\"font-family: 'andale mono', monospace;\">Xavier Curc\u00f3<\/span><\/li>\n<li><span style=\"font-family: 'andale mono', monospace;\">Magda Capdevila<\/span><\/li>\n<li><span style=\"font-family: 'andale mono', monospace;\">Alba Delgado<\/span><\/li>\n<li><span style=\"font-family: 'andale mono', monospace;\">Dolors Bonjorn<\/span><\/li>\n<\/ul>\n<\/td>\n<\/tr>\n<tr style=\"height: 46px;\">\n<td style=\"width: 265px; height: 46px;\"><span style=\"font-family: 'andale mono', monospace;\"><strong>REPRESENTANTS DELS PARES\/MARES<\/strong><\/span><\/td>\n<td style=\"width: 266px; height: 46px;\">\n<ul style=\"list-style-type: circle;\">\n<li><span style=\"font-family: 'andale mono', monospace;\">Yolanda Segura<\/span><\/li>\n<li><span style=\"font-family: 'andale mono', monospace;\">Gemma Porta<\/span><\/li>\n<li><span style=\"font-family: 'andale mono', monospace;\">Llu\u00eds Calv\u00eds<\/span><\/li>\n<li><span style=\"font-family: 'andale mono', monospace;\">Judith Mill\u00e1n<\/span><\/li>\n<li><span style=\"font-family: 'andale mono', monospace;\">Ruth Artigas<\/span><\/li>\n<\/ul>\n<\/td>\n<\/tr>\n<tr style=\"height: 31px;\">\n<td style=\"width: 265px; height: 31px;\"><span style=\"font-family: 'andale mono', monospace;\"><strong>REPRESENTANT DE L&#8217;AFA<\/strong><\/span><\/td>\n<td style=\"width: 266px; height: 31px;\">\n<ul style=\"list-style-type: circle;\">\n<li><span style=\"font-family: 'andale mono', monospace;\">Lola Armenta<\/span><\/li>\n<\/ul>\n<\/td>\n<\/tr>\n<tr style=\"height: 102px;\">\n<td style=\"width: 265px; height: 102px;\"><span style=\"font-family: 'andale mono', monospace;\"><strong>REPRESENTANT DEL PAS I DEL PAE<\/strong><\/span><\/td>\n<td style=\"width: 266px; height: 102px;\">\n<ul>\n<li><span style=\"font-family: 'andale mono', monospace;\">Maria G\u00e1zquez i Consol Ballest\u00e9<\/span><\/li>\n<\/ul>\n<\/td>\n<\/tr>\n<tr style=\"height: 46px;\">\n<td style=\"width: 265px; height: 46px;\"><span style=\"font-family: 'andale mono', monospace;\"><strong>REPRESENTANT DE L&#8217;AJUNTAMENT<\/strong><\/span><\/td>\n<td style=\"width: 266px; height: 46px;\">\n<ul style=\"list-style-type: circle;\">\n<li><span style=\"font-family: 'andale mono', monospace;\">Raul Aguilar<\/span><\/li>\n<\/ul>\n<\/td>\n<\/tr>\n<\/tbody>\n<\/table>\n","protected":false},"excerpt":{"rendered":"<p>PRESIDENTA Mariona Vall\u00e9s CAP D&#8217;ESTUDIS Toni Chac\u00f3n SECRETARI Elena Aymerich REPRESENTANTS DEL PROFESSORAT Marc Giribet Teresa Sol Xavier Curc\u00f3 Magda Capdevila Alba Delgado Dolors Bonjorn REPRESENTANTS DELS PARES\/MARES Yolanda Segura Gemma Porta Llu\u00eds Calv\u00eds Judith Mill\u00e1n Ruth Artigas REPRESENTANT DE L&#8217;AFA Lola Armenta REPRESENTANT DEL PAS I DEL PAE Maria G\u00e1zquez i Consol Ballest\u00e9 REPRESENTANT [&hellip;]<\/p>\n","protected":false},"author":1,"featured_media":0,"parent":22,"menu_order":30,"comment_status":"closed","ping_status":"closed","template":"","meta":{"_bbp_topic_count":0,"_bbp_reply_count":0,"_bbp_total_topic_count":0,"_bbp_total_reply_count":0,"_bbp_voice_count":0,"_bbp_anonymous_reply_count":0,"_bbp_topic_count_hidden":0,"_bbp_reply_count_hidden":0,"_bbp_forum_subforum_count":0,"site-sidebar-layout":"default","site-content-layout":"","ast-site-content-layout":"default","site-content-style":"default","site-sidebar-style":"default","ast-global-header-display":"","ast-banner-title-visibility":"","ast-main-header-display":"","ast-hfb-above-header-display":"","ast-hfb-below-header-display":"","ast-hfb-mobile-header-display":"","site-post-title":"","ast-breadcrumbs-content":"","ast-featured-img":"","footer-sml-layout":"","theme-transparent-header-meta":"","adv-header-id-meta":"","stick-header-meta":"","header-above-stick-meta":"","header-main-stick-meta":"","header-below-stick-meta":"","astra-migrate-meta-layouts":"set","ast-page-background-enabled":"default","ast-page-background-meta":{"desktop":{"background-color":"var(--ast-global-color-4)","background-image":"","background-repeat":"repeat","background-position":"center center","background-size":"auto","background-attachment":"scroll","background-type":"","background-media":"","overlay-type":"","overlay-color":"","overlay-opacity":"","overlay-gradient":""},"tablet":{"background-color":"","background-image":"","background-repeat":"repeat","background-position":"center center","background-size":"auto","background-attachment":"scroll","background-type":"","background-media":"","overlay-type":"","overlay-color":"","overlay-opacity":"","overlay-gradient":""},"mobile":{"background-color":"","background-image":"","background-repeat":"repeat","background-position":"center center","background-size":"auto","background-attachment":"scroll","background-type":"","background-media":"","overlay-type":"","overlay-color":"","overlay-opacity":"","overlay-gradient":""}},"ast-content-background-meta":{"desktop":{"background-color":"var(--ast-global-color-5)","background-image":"","background-repeat":"repeat","background-position":"center center","background-size":"auto","background-attachment":"scroll","background-type":"","background-media":"","overlay-type":"","overlay-color":"","overlay-opacity":"","overlay-gradient":""},"tablet":{"background-color":"var(--ast-global-color-5)","background-image":"","background-repeat":"repeat","background-position":"center center","background-size":"auto","background-attachment":"scroll","background-type":"","background-media":"","overlay-type":"","overlay-color":"","overlay-opacity":"","overlay-gradient":""},"mobile":{"background-color":"var(--ast-global-color-5)","background-image":"","background-repeat":"repeat","background-position":"center center","background-size":"auto","background-attachment":"scroll","background-type":"","background-media":"","overlay-type":"","overlay-color":"","overlay-opacity":"","overlay-gradient":""}},"footnotes":""},"class_list":["post-28","page","type-page","status-publish","hentry"],"post_mailing_queue_ids":[],"_links":{"self":[{"href":"https:\/\/agora.xtec.cat\/esc-ignasiperaire\/wp-json\/wp\/v2\/pages\/28","targetHints":{"allow":["GET"]}}],"collection":[{"href":"https:\/\/agora.xtec.cat\/esc-ignasiperaire\/wp-json\/wp\/v2\/pages"}],"about":[{"href":"https:\/\/agora.xtec.cat\/esc-ignasiperaire\/wp-json\/wp\/v2\/types\/page"}],"author":[{"embeddable":true,"href":"https:\/\/agora.xtec.cat\/esc-ignasiperaire\/wp-json\/wp\/v2\/users\/1"}],"replies":[{"embeddable":true,"href":"https:\/\/agora.xtec.cat\/esc-ignasiperaire\/wp-json\/wp\/v2\/comments?post=28"}],"version-history":[{"count":6,"href":"https:\/\/agora.xtec.cat\/esc-ignasiperaire\/wp-json\/wp\/v2\/pages\/28\/revisions"}],"predecessor-version":[{"id":24452,"href":"https:\/\/agora.xtec.cat\/esc-ignasiperaire\/wp-json\/wp\/v2\/pages\/28\/revisions\/24452"}],"up":[{"embeddable":true,"href":"https:\/\/agora.xtec.cat\/esc-ignasiperaire\/wp-json\/wp\/v2\/pages\/22"}],"wp:attachment":[{"href":"https:\/\/agora.xtec.cat\/esc-ignasiperaire\/wp-json\/wp\/v2\/media?parent=28"}],"curies":[{"name":"wp","href":"https:\/\/api.w.org\/{rel}","templated":true}]}}