{"id":24244,"date":"2025-10-29T16:16:12","date_gmt":"2025-10-29T15:16:12","guid":{"rendered":"https:\/\/agora.xtec.cat\/esc-ignasiperaire\/?page_id=24244"},"modified":"2025-11-19T18:58:48","modified_gmt":"2025-11-19T17:58:48","slug":"projecte-cooperacio","status":"publish","type":"page","link":"https:\/\/agora.xtec.cat\/esc-ignasiperaire\/grans-i-petits-fem-cami\/projecte-cooperacio\/","title":{"rendered":"PROJECTE COOPERACI\u00d3"},"content":{"rendered":"\n<p>L&#8217;alumnat de cicle mitj\u00e0 i cicle superior comen\u00e7a aquest curs el Projecte &#8220;Grans i petits fem cam\u00ed&#8221;.<\/p>\n\n\n\n<p id=\"https:\/\/agora.xtec.cat\/esc-ignasiperaire\/grans-i-petits-fem-cami\/\">La cooperaci\u00f3 amb l\u2019entorn \u00e9s un element clau per afavorir la cohesi\u00f3 social i l\u2019aprenentatge significatiu. Posar en contacte l\u2019alumnat de cicle mitj\u00e0 i superior amb els infants de les llars d\u2019infants de Mollerussa permet establir vincles positius entre edats, fomentar la responsabilitat dels m\u00e9s grans i oferir moments d\u2019aprenentatge compartit als m\u00e9s petits. Aquesta experi\u00e8ncia contribueix a refor\u00e7ar la idea de comunitat educativa i a fer cr\u00e9ixer valors de solidaritat, respecte i empatia.<\/p>\n\n\n\n<div class=\"wp-block-columns is-layout-flex wp-container-core-columns-is-layout-1 wp-block-columns-is-layout-flex\">\n<div class=\"wp-block-column is-layout-flow wp-block-column-is-layout-flow\" style=\"flex-basis:100%\">\n        <div class=\"wp-block-getwid-post-carousel custom-post-type-post has-slides-gap-small is-carousel has-arrows-inside has-dots-inside\">\n            <div data-slider-option=\"{&quot;sliderSlidesToShowDesktop&quot;:&quot;2&quot;,&quot;getwid_slidesToShowLaptop&quot;:&quot;1&quot;,&quot;getwid_slidesToShowTablet&quot;:&quot;1&quot;,&quot;getwid_slidesToShowMobile&quot;:&quot;1&quot;,&quot;getwid_autoplay_speed&quot;:6000,&quot;getwid_animation_speed&quot;:800,&quot;getwid_slidesToScroll&quot;:&quot;1&quot;,&quot;getwid_autoplay&quot;:false,&quot;getwid_pause_on_hover&quot;:false,&quot;getwid_infinite&quot;:true,&quot;getwid_center_mode&quot;:false,&quot;getwid_arrows&quot;:&quot;inside&quot;,&quot;getwid_dots&quot;:&quot;inside&quot;}\" class=\"wp-block-getwid-post-carousel__wrapper\">\n                \t\t\t\t\t\t\t<div class=\"wp-block-getwid-post-carousel__slide\">\n\t\t\t\t\t\t\t\t\n<div class=\"wp-block-getwid-post-carousel__post\">\n        <div class=\"wp-block-getwid-post-carousel__post-content-wrapper\">\n        <div class=\"wp-block-getwid-post-carousel__post-header\">\n            <h3 class=\"wp-block-getwid-post-carousel__post-title\"><a href=\"https:\/\/agora.xtec.cat\/esc-ignasiperaire\/general\/gaudint-dels-infants-a-les-escoles-bressol%f0%9f%91%a5%f0%9f%98%8d\/\">GAUDINT DELS INFANTS A LES ESCOLES BRESSOL\ud83d\udc65\ud83d\ude0d<\/a><\/h3>        <\/div>\n        <div class=\"wp-block-getwid-post-carousel__post-excerpt\"><p>Apropant-se la primavera, l\u2019alumnat de 3r curs hem visitat de nou les escoles bressol de Mollerussa: el Para-sol, la Quitxalla i el Niu. \ud83d\udc63Amb molta il\u00b7lusi\u00f3 vam recollir branquetes, pedres i flors als voltants de la nostra escola. \ud83c\udf3a\ud83c\udf37Vam endur-nos aquests materials de la natura i als patis de les escoles bressol, vam crear una [&hellip;]<\/p>\n<\/div>\n    <\/div>\n<\/div>\n\n\t\t\t\t\t\t\t<\/div>\n\t\t\t\t\t\t\t\t\t\t\t\t\t<div class=\"wp-block-getwid-post-carousel__slide\">\n\t\t\t\t\t\t\t\t\n<div class=\"wp-block-getwid-post-carousel__post\">\n            <div class=\"wp-block-getwid-post-carousel__post-thumbnail\">\n            <a href=\"https:\/\/agora.xtec.cat\/esc-ignasiperaire\/general\/cooperemjocs-motrius-i-manualitat\/\"><img loading=\"lazy\" decoding=\"async\" width=\"1575\" height=\"2100\" src=\"https:\/\/agora.xtec.cat\/esc-ignasiperaire\/wp-content\/uploads\/usu1735\/2026\/01\/IMG_2432.jpg\" class=\"attachment-post-thumbnail size-post-thumbnail wp-post-image\" alt=\"\" srcset=\"https:\/\/agora.xtec.cat\/esc-ignasiperaire\/wp-content\/uploads\/usu1735\/2026\/01\/IMG_2432.jpg 1575w, https:\/\/agora.xtec.cat\/esc-ignasiperaire\/wp-content\/uploads\/usu1735\/2026\/01\/IMG_2432-225x300.jpg 225w, https:\/\/agora.xtec.cat\/esc-ignasiperaire\/wp-content\/uploads\/usu1735\/2026\/01\/IMG_2432-768x1024.jpg 768w, https:\/\/agora.xtec.cat\/esc-ignasiperaire\/wp-content\/uploads\/usu1735\/2026\/01\/IMG_2432-1152x1536.jpg 1152w, https:\/\/agora.xtec.cat\/esc-ignasiperaire\/wp-content\/uploads\/usu1735\/2026\/01\/IMG_2432-1536x2048.jpg 1536w\" sizes=\"auto, (max-width: 1575px) 100vw, 1575px\" \/><\/a>\n        <\/div>\n        <div class=\"wp-block-getwid-post-carousel__post-content-wrapper\">\n        <div class=\"wp-block-getwid-post-carousel__post-header\">\n            <h3 class=\"wp-block-getwid-post-carousel__post-title\"><a href=\"https:\/\/agora.xtec.cat\/esc-ignasiperaire\/general\/cooperemjocs-motrius-i-manualitat\/\">COOPEREM:JOCS MOTRIUS I MANUALITAT<\/a><\/h3>        <\/div>\n        <div class=\"wp-block-getwid-post-carousel__post-excerpt\"><p>Avui, l\u2019alumnat de 4t hem viscut una experi\u00e8ncia molt especial dins del projecte de cooperaci\u00f3. Hem anat a l\u2019escola bressol El Niu i El Para-Sol per compartir una activitat conjunta amb els infants m\u00e9s petits, fomentant la conviv\u00e8ncia, l\u2019ajuda m\u00fatua i l\u2019aprenentatge entre etapes. \ud83d\ude42\ud83e\udde9 La jornada ha comen\u00e7at amb un circuit de jocs motrius, [&hellip;]<\/p>\n<\/div>\n    <\/div>\n<\/div>\n\n\t\t\t\t\t\t\t<\/div>\n\t\t\t\t\t\t\t\t\t\t\t\t\t<div class=\"wp-block-getwid-post-carousel__slide\">\n\t\t\t\t\t\t\t\t\n<div class=\"wp-block-getwid-post-carousel__post\">\n            <div class=\"wp-block-getwid-post-carousel__post-thumbnail\">\n            <a href=\"https:\/\/agora.xtec.cat\/esc-ignasiperaire\/general\/visita-a-la-residencia-can-jaques\/\"><img loading=\"lazy\" decoding=\"async\" width=\"2000\" height=\"1309\" src=\"https:\/\/agora.xtec.cat\/esc-ignasiperaire\/wp-content\/uploads\/usu1735\/2025\/12\/IMG_20251210_152234.jpg\" class=\"attachment-post-thumbnail size-post-thumbnail wp-post-image\" alt=\"\" srcset=\"https:\/\/agora.xtec.cat\/esc-ignasiperaire\/wp-content\/uploads\/usu1735\/2025\/12\/IMG_20251210_152234.jpg 2000w, https:\/\/agora.xtec.cat\/esc-ignasiperaire\/wp-content\/uploads\/usu1735\/2025\/12\/IMG_20251210_152234-300x196.jpg 300w, https:\/\/agora.xtec.cat\/esc-ignasiperaire\/wp-content\/uploads\/usu1735\/2025\/12\/IMG_20251210_152234-1024x670.jpg 1024w, https:\/\/agora.xtec.cat\/esc-ignasiperaire\/wp-content\/uploads\/usu1735\/2025\/12\/IMG_20251210_152234-768x503.jpg 768w, https:\/\/agora.xtec.cat\/esc-ignasiperaire\/wp-content\/uploads\/usu1735\/2025\/12\/IMG_20251210_152234-1536x1005.jpg 1536w\" sizes=\"auto, (max-width: 2000px) 100vw, 2000px\" \/><\/a>\n        <\/div>\n        <div class=\"wp-block-getwid-post-carousel__post-content-wrapper\">\n        <div class=\"wp-block-getwid-post-carousel__post-header\">\n            <h3 class=\"wp-block-getwid-post-carousel__post-title\"><a href=\"https:\/\/agora.xtec.cat\/esc-ignasiperaire\/general\/visita-a-la-residencia-can-jaques\/\">VISITA A LA RESID\u00c8NCIA CAN JAQUES<\/a><\/h3>        <\/div>\n        <div class=\"wp-block-getwid-post-carousel__post-excerpt\"><p>L\u2019alumnat de 3rA i 3rB vam anar d\u2019excursi\u00f3 a \u201cCan Jaques\u201d. \u00c9s una resid\u00e8ncia on hi ha padrins i padrines que la seva fam\u00edlia no pot cuidar a casa. \ud83d\ude42\ud83e\udec2 Fent una coreografia, vam cantar i ballar les nadales: Caga ti\u00f3, La llum del fanalet, Fum-fum-fum i finalment, Cam\u00ed de Betlem.\u00a0\ud83c\udfb6\ud83d\udd7a Tot seguit, vam cantar [&hellip;]<\/p>\n<\/div>\n    <\/div>\n<\/div>\n\n\t\t\t\t\t\t\t<\/div>\n\t\t\t\t\t\t            <\/div>\n        <\/div>\n        <\/div>\n<\/div>\n\n\n\n<p><\/p>\n\n\n\n<p><\/p>\n\n\n\n<p><\/p>\n\n\n\n<p><\/p>\n","protected":false},"excerpt":{"rendered":"<p>L&#8217;alumnat de cicle mitj\u00e0 i cicle superior comen\u00e7a aquest curs el Projecte &#8220;Grans i petits fem cam\u00ed&#8221;. La cooperaci\u00f3 amb l\u2019entorn \u00e9s un element clau per afavorir la cohesi\u00f3 social i l\u2019aprenentatge significatiu. Posar en contacte l\u2019alumnat de cicle mitj\u00e0 i superior amb els infants de les llars d\u2019infants de Mollerussa permet establir vincles positius [&hellip;]<\/p>\n","protected":false},"author":42,"featured_media":0,"parent":24234,"menu_order":0,"comment_status":"closed","ping_status":"close","template":"","meta":{"_bbp_topic_count":0,"_bbp_reply_count":0,"_bbp_total_topic_count":0,"_bbp_total_reply_count":0,"_bbp_voice_count":0,"_bbp_anonymous_reply_count":0,"_bbp_topic_count_hidden":0,"_bbp_reply_count_hidden":0,"_bbp_forum_subforum_count":0,"site-sidebar-layout":"default","site-content-layout":"","ast-site-content-layout":"default","site-content-style":"default","site-sidebar-style":"default","ast-global-header-display":"","ast-banner-title-visibility":"","ast-main-header-display":"","ast-hfb-above-header-display":"","ast-hfb-below-header-display":"","ast-hfb-mobile-header-display":"","site-post-title":"","ast-breadcrumbs-content":"","ast-featured-img":"","footer-sml-layout":"","theme-transparent-header-meta":"","adv-header-id-meta":"","stick-header-meta":"","header-above-stick-meta":"","header-main-stick-meta":"","header-below-stick-meta":"","astra-migrate-meta-layouts":"set","ast-page-background-enabled":"default","ast-page-background-meta":{"desktop":{"background-color":"var(--ast-global-color-4)","background-image":"","background-repeat":"repeat","background-position":"center center","background-size":"auto","background-attachment":"scroll","background-type":"","background-media":"","overlay-type":"","overlay-color":"","overlay-opacity":"","overlay-gradient":""},"tablet":{"background-color":"","background-image":"","background-repeat":"repeat","background-position":"center center","background-size":"auto","background-attachment":"scroll","background-type":"","background-media":"","overlay-type":"","overlay-color":"","overlay-opacity":"","overlay-gradient":""},"mobile":{"background-color":"","background-image":"","background-repeat":"repeat","background-position":"center center","background-size":"auto","background-attachment":"scroll","background-type":"","background-media":"","overlay-type":"","overlay-color":"","overlay-opacity":"","overlay-gradient":""}},"ast-content-background-meta":{"desktop":{"background-color":"var(--ast-global-color-5)","background-image":"","background-repeat":"repeat","background-position":"center center","background-size":"auto","background-attachment":"scroll","background-type":"","background-media":"","overlay-type":"","overlay-color":"","overlay-opacity":"","overlay-gradient":""},"tablet":{"background-color":"var(--ast-global-color-5)","background-image":"","background-repeat":"repeat","background-position":"center center","background-size":"auto","background-attachment":"scroll","background-type":"","background-media":"","overlay-type":"","overlay-color":"","overlay-opacity":"","overlay-gradient":""},"mobile":{"background-color":"var(--ast-global-color-5)","background-image":"","background-repeat":"repeat","background-position":"center center","background-size":"auto","background-attachment":"scroll","background-type":"","background-media":"","overlay-type":"","overlay-color":"","overlay-opacity":"","overlay-gradient":""}},"footnotes":""},"class_list":["post-24244","page","type-page","status-publish","hentry"],"post_mailing_queue_ids":[],"_links":{"self":[{"href":"https:\/\/agora.xtec.cat\/esc-ignasiperaire\/wp-json\/wp\/v2\/pages\/24244","targetHints":{"allow":["GET"]}}],"collection":[{"href":"https:\/\/agora.xtec.cat\/esc-ignasiperaire\/wp-json\/wp\/v2\/pages"}],"about":[{"href":"https:\/\/agora.xtec.cat\/esc-ignasiperaire\/wp-json\/wp\/v2\/types\/page"}],"author":[{"embeddable":true,"href":"https:\/\/agora.xtec.cat\/esc-ignasiperaire\/wp-json\/wp\/v2\/users\/42"}],"replies":[{"embeddable":true,"href":"https:\/\/agora.xtec.cat\/esc-ignasiperaire\/wp-json\/wp\/v2\/comments?post=24244"}],"version-history":[{"count":5,"href":"https:\/\/agora.xtec.cat\/esc-ignasiperaire\/wp-json\/wp\/v2\/pages\/24244\/revisions"}],"predecessor-version":[{"id":24470,"href":"https:\/\/agora.xtec.cat\/esc-ignasiperaire\/wp-json\/wp\/v2\/pages\/24244\/revisions\/24470"}],"up":[{"embeddable":true,"href":"https:\/\/agora.xtec.cat\/esc-ignasiperaire\/wp-json\/wp\/v2\/pages\/24234"}],"wp:attachment":[{"href":"https:\/\/agora.xtec.cat\/esc-ignasiperaire\/wp-json\/wp\/v2\/media?parent=24244"}],"curies":[{"name":"wp","href":"https:\/\/api.w.org\/{rel}","templated":true}]}}