{"id":21403,"date":"2023-05-13T11:36:42","date_gmt":"2023-05-13T09:36:42","guid":{"rendered":"https:\/\/agora.xtec.cat\/esc-ignasiperaire\/?page_id=21403"},"modified":"2023-05-13T11:41:19","modified_gmt":"2023-05-13T09:41:19","slug":"emprenedores-de-ponent","status":"publish","type":"page","link":"https:\/\/agora.xtec.cat\/esc-ignasiperaire\/emprenedores-de-ponent\/","title":{"rendered":"Emprenedores de Ponent"},"content":{"rendered":"<p>L&#8217;alumnat de sis\u00e8 ha elaborat al llarg del curs un projecte de georeferenciaci\u00f3 \ud83d\uddfa que t\u00e9 per nom: Emprenedores de Ponent \ud83d\udc9c<\/p>\n<p>Hem conegut la traject\u00f2ria de deu \ud83d\udc69 <a href=\"https:\/\/xtec.gencat.cat\/ca\/projectes\/emprenedoriaprimaria\/objectius\/\">emprenedores<\/a> del nostre entorn proper que han mostrat una actitud de superaci\u00f3 \ud83d\udcc8 davant els reptes que els ha presentat la vida.<\/p>\n<p>En un entorn rural on les oportunitats de brillar en l&#8217;\u00e0mbit laboral, s\u00f3n molt m\u00e9s escasses que en una gran ciutat, elles han aconseguit trobar el seu cam\u00ed \ud83d\udee4 i molts cops <a href=\"https:\/\/www.nuvol.com\/llibres\/la-importancia-de-trencar-els-estereotips-58928\">trencant estereotips<\/a> que venen marcats per la societat actual en qu\u00e8 vivim.<\/p>\n<p>Nom\u00e9s ens resta convidar-vos que gaudiu tant com nosaltres d&#8217;aquest projecte \ud83d\ude82<\/p>\n<div class=\"ast-oembed-container \" style=\"height: 100%;\"><iframe loading=\"lazy\" title=\"V\u00eddeo Resum Emprenedores de Ponent\" width=\"500\" height=\"281\" src=\"https:\/\/www.youtube.com\/embed\/o06QFIOL5-g?feature=oembed\" frameborder=\"0\" allow=\"accelerometer; autoplay; clipboard-write; encrypted-media; gyroscope; picture-in-picture; web-share\" referrerpolicy=\"strict-origin-when-cross-origin\" allowfullscreen><\/iframe><\/div>\n<div class=\"ast-oembed-container \" style=\"height: 100%;\"><iframe loading=\"lazy\" title=\"V\u00eddeo promocional Emprenedores de Ponent\" width=\"500\" height=\"281\" src=\"https:\/\/www.youtube.com\/embed\/rigSXy1USxU?feature=oembed\" frameborder=\"0\" allow=\"accelerometer; autoplay; clipboard-write; encrypted-media; gyroscope; picture-in-picture; web-share\" referrerpolicy=\"strict-origin-when-cross-origin\" allowfullscreen><\/iframe><\/div>\n<p>&nbsp;<\/p>\n<p>#mSchools<\/p>\n<p>&nbsp;<\/p>\n","protected":false},"excerpt":{"rendered":"<p>L&#8217;alumnat de sis\u00e8 ha elaborat al llarg del curs un projecte de georeferenciaci\u00f3 \ud83d\uddfa que t\u00e9 per nom: Emprenedores de Ponent \ud83d\udc9c Hem conegut la traject\u00f2ria de deu \ud83d\udc69 emprenedores del nostre entorn proper que han mostrat una actitud de superaci\u00f3 \ud83d\udcc8 davant els reptes que els ha presentat la vida. En un entorn rural [&hellip;]<\/p>\n","protected":false},"author":8,"featured_media":0,"parent":0,"menu_order":0,"comment_status":"closed","ping_status":"closed","template":"","meta":{"_bbp_topic_count":0,"_bbp_reply_count":0,"_bbp_total_topic_count":0,"_bbp_total_reply_count":0,"_bbp_voice_count":0,"_bbp_anonymous_reply_count":0,"_bbp_topic_count_hidden":0,"_bbp_reply_count_hidden":0,"_bbp_forum_subforum_count":0,"site-sidebar-layout":"default","site-content-layout":"","ast-site-content-layout":"","site-content-style":"default","site-sidebar-style":"default","ast-global-header-display":"","ast-banner-title-visibility":"","ast-main-header-display":"","ast-hfb-above-header-display":"","ast-hfb-below-header-display":"","ast-hfb-mobile-header-display":"","site-post-title":"","ast-breadcrumbs-content":"","ast-featured-img":"","footer-sml-layout":"","theme-transparent-header-meta":"","adv-header-id-meta":"","stick-header-meta":"","header-above-stick-meta":"","header-main-stick-meta":"","header-below-stick-meta":"","astra-migrate-meta-layouts":"default","ast-page-background-enabled":"default","ast-page-background-meta":{"desktop":{"background-color":"var(--ast-global-color-4)","background-image":"","background-repeat":"repeat","background-position":"center center","background-size":"auto","background-attachment":"scroll","background-type":"","background-media":"","overlay-type":"","overlay-color":"","overlay-opacity":"","overlay-gradient":""},"tablet":{"background-color":"","background-image":"","background-repeat":"repeat","background-position":"center center","background-size":"auto","background-attachment":"scroll","background-type":"","background-media":"","overlay-type":"","overlay-color":"","overlay-opacity":"","overlay-gradient":""},"mobile":{"background-color":"","background-image":"","background-repeat":"repeat","background-position":"center center","background-size":"auto","background-attachment":"scroll","background-type":"","background-media":"","overlay-type":"","overlay-color":"","overlay-opacity":"","overlay-gradient":""}},"ast-content-background-meta":{"desktop":{"background-color":"var(--ast-global-color-5)","background-image":"","background-repeat":"repeat","background-position":"center center","background-size":"auto","background-attachment":"scroll","background-type":"","background-media":"","overlay-type":"","overlay-color":"","overlay-opacity":"","overlay-gradient":""},"tablet":{"background-color":"var(--ast-global-color-5)","background-image":"","background-repeat":"repeat","background-position":"center center","background-size":"auto","background-attachment":"scroll","background-type":"","background-media":"","overlay-type":"","overlay-color":"","overlay-opacity":"","overlay-gradient":""},"mobile":{"background-color":"var(--ast-global-color-5)","background-image":"","background-repeat":"repeat","background-position":"center center","background-size":"auto","background-attachment":"scroll","background-type":"","background-media":"","overlay-type":"","overlay-color":"","overlay-opacity":"","overlay-gradient":""}},"footnotes":""},"class_list":["post-21403","page","type-page","status-publish","hentry"],"post_mailing_queue_ids":[],"_links":{"self":[{"href":"https:\/\/agora.xtec.cat\/esc-ignasiperaire\/wp-json\/wp\/v2\/pages\/21403","targetHints":{"allow":["GET"]}}],"collection":[{"href":"https:\/\/agora.xtec.cat\/esc-ignasiperaire\/wp-json\/wp\/v2\/pages"}],"about":[{"href":"https:\/\/agora.xtec.cat\/esc-ignasiperaire\/wp-json\/wp\/v2\/types\/page"}],"author":[{"embeddable":true,"href":"https:\/\/agora.xtec.cat\/esc-ignasiperaire\/wp-json\/wp\/v2\/users\/8"}],"replies":[{"embeddable":true,"href":"https:\/\/agora.xtec.cat\/esc-ignasiperaire\/wp-json\/wp\/v2\/comments?post=21403"}],"version-history":[{"count":2,"href":"https:\/\/agora.xtec.cat\/esc-ignasiperaire\/wp-json\/wp\/v2\/pages\/21403\/revisions"}],"predecessor-version":[{"id":21410,"href":"https:\/\/agora.xtec.cat\/esc-ignasiperaire\/wp-json\/wp\/v2\/pages\/21403\/revisions\/21410"}],"wp:attachment":[{"href":"https:\/\/agora.xtec.cat\/esc-ignasiperaire\/wp-json\/wp\/v2\/media?parent=21403"}],"curies":[{"name":"wp","href":"https:\/\/api.w.org\/{rel}","templated":true}]}}