{"id":17908,"date":"2020-05-10T10:11:53","date_gmt":"2020-05-10T08:11:53","guid":{"rendered":"http:\/\/agora.xtec.cat\/esc-ignasiperaire\/?page_id=17908"},"modified":"2026-02-17T16:17:08","modified_gmt":"2026-02-17T15:17:08","slug":"preinscripcio-20-21","status":"publish","type":"page","link":"https:\/\/agora.xtec.cat\/esc-ignasiperaire\/preinscripcio-20-21\/","title":{"rendered":"Preinscripci\u00f3 26-27"},"content":{"rendered":"<h4><a href=\"https:\/\/preinscripcio.gencat.cat\/ca\/inici\/\"><span style=\"text-decoration: underline; color: #1ba184;\"><strong>En aquest apartat trobareu tota la informaci\u00f3 necess\u00e0ria per poder dur a terme la preinscripci\u00f3 per al curs escolar 26-27<\/strong><\/span><\/a><\/h4>\n<p><a href=\"https:\/\/agora.xtec.cat\/esc-ignasiperaire\/wp-content\/uploads\/usu1735\/2026\/02\/Portes-Obertes-1.png\"><img loading=\"lazy\" decoding=\"async\" class=\"alignnone size-large wp-image-24877\" src=\"https:\/\/agora.xtec.cat\/esc-ignasiperaire\/wp-content\/uploads\/usu1735\/2026\/02\/Portes-Obertes-1-1024x724.png\" alt=\"\" width=\"1024\" height=\"724\" srcset=\"https:\/\/agora.xtec.cat\/esc-ignasiperaire\/wp-content\/uploads\/usu1735\/2026\/02\/Portes-Obertes-1-1024x724.png 1024w, https:\/\/agora.xtec.cat\/esc-ignasiperaire\/wp-content\/uploads\/usu1735\/2026\/02\/Portes-Obertes-1-300x212.png 300w, https:\/\/agora.xtec.cat\/esc-ignasiperaire\/wp-content\/uploads\/usu1735\/2026\/02\/Portes-Obertes-1-768x543.png 768w, https:\/\/agora.xtec.cat\/esc-ignasiperaire\/wp-content\/uploads\/usu1735\/2026\/02\/Portes-Obertes-1-1536x1086.png 1536w, https:\/\/agora.xtec.cat\/esc-ignasiperaire\/wp-content\/uploads\/usu1735\/2026\/02\/Portes-Obertes-1.png 2000w\" sizes=\"auto, (max-width: 1024px) 100vw, 1024px\" \/><\/a><\/p>\n<p><strong>1. Calendari i terminis. <\/strong>\u2b07\ufe0f<\/p>\n<p><a href=\"https:\/\/preinscripcio.gencat.cat\/ca\/inici\/\">Calendari preinscripci\u00f3 2025-2026_Obligatoria<\/a><\/p>\n<p><strong>2. Preinscripci\u00f3 escolar. \u2b07\ufe0f<\/strong><\/p>\n<p><a href=\"https:\/\/educacio.gencat.cat\/ca\/tramits\/tramits-temes\/perinscripcio-obligatoris?&amp;moda=1\">Enlla\u00e7 directe per fer la preinscripci\u00f3<\/a><\/p>\n<p><strong>3. Documentaci\u00f3 que cal tenir preparada. \u2b07\ufe0f<\/strong><\/p>\n<p><a href=\"https:\/\/preinscripcio.gencat.cat\/ca\/estudis\/infantil-3-6\/informat\/prepara-documentacio\/\">https:\/\/preinscripcio.gencat.cat\/ca\/estudis\/infantil-3-6\/informat\/prepara-documentacio\/<\/a><\/p>\n<p><strong>4. Com emplenar la sol\u00b7licitud de preinscripci\u00f3. \u2b07\ufe0f<\/strong><\/p>\n<div class=\"ast-oembed-container \" style=\"height: 100%;\"><iframe loading=\"lazy\" title=\"Com emplenar la sol\u00b7licitud de preinscripcio\u0301 escolar. Curs 2025-2026\" width=\"500\" height=\"281\" src=\"https:\/\/www.youtube.com\/embed\/9xMdvXoFR_4?feature=oembed\" frameborder=\"0\" allow=\"accelerometer; autoplay; clipboard-write; encrypted-media; gyroscope; picture-in-picture; web-share\" referrerpolicy=\"strict-origin-when-cross-origin\" allowfullscreen><\/iframe><\/div>\n<p><a href=\"https:\/\/agora.xtec.cat\/esc-ignasiperaire\/wp-content\/uploads\/usu1735\/2022\/02\/1645434232131-1.jpg\">\u00a0 \u00a0 \u00a0 \u00a0 \u00a0 \u00a0 \u00a0 \u00a0 \u00a0 \u00a0 \u00a0 \u00a0 \u00a0 \u00a0 \u00a0 \u00a0 \u00a0 \u00a0 \u00a0 \u00a0 \u00a0 <\/a><\/p>\n<h3 style=\"text-align: center;\"><span style=\"color: #1ba184;\"><strong>Per qualsevol pregunta o q\u00fcesti\u00f3 no dubteu en \ud83d\udeb6\ud83c\udffb\u200d\u2640\ufe0f\u260e\ufe0f al MIP, us atendrem amb molt de gust \u263a\ufe0f<\/strong><\/span><\/h3>\n","protected":false},"excerpt":{"rendered":"<p>En aquest apartat trobareu tota la informaci\u00f3 necess\u00e0ria per poder dur a terme la preinscripci\u00f3 per al curs escolar 26-27 1. Calendari i terminis. \u2b07\ufe0f Calendari preinscripci\u00f3 2025-2026_Obligatoria 2. Preinscripci\u00f3 escolar. \u2b07\ufe0f Enlla\u00e7 directe per fer la preinscripci\u00f3 3. Documentaci\u00f3 que cal tenir preparada. \u2b07\ufe0f https:\/\/preinscripcio.gencat.cat\/ca\/estudis\/infantil-3-6\/informat\/prepara-documentacio\/ 4. Com emplenar la sol\u00b7licitud de preinscripci\u00f3. \u2b07\ufe0f \u00a0 [&hellip;]<\/p>\n","protected":false},"author":8,"featured_media":0,"parent":0,"menu_order":0,"comment_status":"closed","ping_status":"closed","template":"","meta":{"_bbp_topic_count":0,"_bbp_reply_count":0,"_bbp_total_topic_count":0,"_bbp_total_reply_count":0,"_bbp_voice_count":0,"_bbp_anonymous_reply_count":0,"_bbp_topic_count_hidden":0,"_bbp_reply_count_hidden":0,"_bbp_forum_subforum_count":0,"site-sidebar-layout":"default","site-content-layout":"","ast-site-content-layout":"default","site-content-style":"default","site-sidebar-style":"default","ast-global-header-display":"","ast-banner-title-visibility":"","ast-main-header-display":"","ast-hfb-above-header-display":"","ast-hfb-below-header-display":"","ast-hfb-mobile-header-display":"","site-post-title":"","ast-breadcrumbs-content":"","ast-featured-img":"","footer-sml-layout":"","theme-transparent-header-meta":"","adv-header-id-meta":"","stick-header-meta":"","header-above-stick-meta":"","header-main-stick-meta":"","header-below-stick-meta":"","astra-migrate-meta-layouts":"set","ast-page-background-enabled":"default","ast-page-background-meta":{"desktop":{"background-color":"var(--ast-global-color-4)","background-image":"","background-repeat":"repeat","background-position":"center center","background-size":"auto","background-attachment":"scroll","background-type":"","background-media":"","overlay-type":"","overlay-color":"","overlay-opacity":"","overlay-gradient":""},"tablet":{"background-color":"","background-image":"","background-repeat":"repeat","background-position":"center center","background-size":"auto","background-attachment":"scroll","background-type":"","background-media":"","overlay-type":"","overlay-color":"","overlay-opacity":"","overlay-gradient":""},"mobile":{"background-color":"","background-image":"","background-repeat":"repeat","background-position":"center center","background-size":"auto","background-attachment":"scroll","background-type":"","background-media":"","overlay-type":"","overlay-color":"","overlay-opacity":"","overlay-gradient":""}},"ast-content-background-meta":{"desktop":{"background-color":"var(--ast-global-color-5)","background-image":"","background-repeat":"repeat","background-position":"center center","background-size":"auto","background-attachment":"scroll","background-type":"","background-media":"","overlay-type":"","overlay-color":"","overlay-opacity":"","overlay-gradient":""},"tablet":{"background-color":"var(--ast-global-color-5)","background-image":"","background-repeat":"repeat","background-position":"center center","background-size":"auto","background-attachment":"scroll","background-type":"","background-media":"","overlay-type":"","overlay-color":"","overlay-opacity":"","overlay-gradient":""},"mobile":{"background-color":"var(--ast-global-color-5)","background-image":"","background-repeat":"repeat","background-position":"center center","background-size":"auto","background-attachment":"scroll","background-type":"","background-media":"","overlay-type":"","overlay-color":"","overlay-opacity":"","overlay-gradient":""}},"footnotes":""},"class_list":["post-17908","page","type-page","status-publish","hentry"],"post_mailing_queue_ids":[],"_links":{"self":[{"href":"https:\/\/agora.xtec.cat\/esc-ignasiperaire\/wp-json\/wp\/v2\/pages\/17908","targetHints":{"allow":["GET"]}}],"collection":[{"href":"https:\/\/agora.xtec.cat\/esc-ignasiperaire\/wp-json\/wp\/v2\/pages"}],"about":[{"href":"https:\/\/agora.xtec.cat\/esc-ignasiperaire\/wp-json\/wp\/v2\/types\/page"}],"author":[{"embeddable":true,"href":"https:\/\/agora.xtec.cat\/esc-ignasiperaire\/wp-json\/wp\/v2\/users\/8"}],"replies":[{"embeddable":true,"href":"https:\/\/agora.xtec.cat\/esc-ignasiperaire\/wp-json\/wp\/v2\/comments?post=17908"}],"version-history":[{"count":6,"href":"https:\/\/agora.xtec.cat\/esc-ignasiperaire\/wp-json\/wp\/v2\/pages\/17908\/revisions"}],"predecessor-version":[{"id":24885,"href":"https:\/\/agora.xtec.cat\/esc-ignasiperaire\/wp-json\/wp\/v2\/pages\/17908\/revisions\/24885"}],"wp:attachment":[{"href":"https:\/\/agora.xtec.cat\/esc-ignasiperaire\/wp-json\/wp\/v2\/media?parent=17908"}],"curies":[{"name":"wp","href":"https:\/\/api.w.org\/{rel}","templated":true}]}}