{"id":677,"date":"2023-09-26T13:07:20","date_gmt":"2023-09-26T11:07:20","guid":{"rendered":"https:\/\/agora.xtec.cat\/esc-hortsavinya\/?page_id=677"},"modified":"2025-09-30T09:11:14","modified_gmt":"2025-09-30T07:11:14","slug":"1r-trimestre","status":"publish","type":"page","link":"https:\/\/agora.xtec.cat\/esc-hortsavinya\/activitats\/el-dia-a-dia-a-lescola\/curs-24-25\/1r-trimestre\/","title":{"rendered":"1r Trimestre"},"content":{"rendered":"<p><strong>COL\u00d2NIES<\/strong><\/p>\n<p><span style=\"font-weight: 400;\">Els dies 8,9,10, vam anar tota l&#8217;escola de col\u00f2nies. Vam agafar el autob\u00fas fins arribar al poble del Figar\u00f3, all\u00e0 vam agafar un caminet fins la casa de col\u00f2nies.<\/span><\/p>\n<p><span style=\"font-weight: 400;\">Un temps despr\u00e9s\u00a0 van arribar els petits, i ja hi vam ser tots.\u00a0<\/span><\/p>\n<p><span style=\"font-weight: 400;\">L\u2019activitat que m\u00e9s ens va agradar son la primera activitat de nit, que era un joc de nit on un grup eren els ca\u00e7adors furtius, i un altre eren guardes forestals. Els ca\u00e7adors furtius havien de buscar animals i escriure el nom dels animals que anaven trobant, per\u00f2 si els guardes troben els ca\u00e7adors, els ficaven una esp\u00e8cie de multa i havien d\u2019esperar a la pres\u00f3.\u00a0\u00a0\u00a0<\/span><\/p>\n<p>Abril i Neizan<a href=\"https:\/\/agora.xtec.cat\/esc-hortsavinya\/wp-content\/uploads\/usu2361\/2023\/11\/colonies.jpg\"><img loading=\"lazy\" decoding=\"async\" class=\"wp-image-3128 aligncenter\" src=\"https:\/\/agora.xtec.cat\/esc-hortsavinya\/wp-content\/uploads\/usu2361\/2023\/11\/colonies.jpg\" alt=\"\" width=\"603\" height=\"603\" srcset=\"https:\/\/agora.xtec.cat\/esc-hortsavinya\/wp-content\/uploads\/usu2361\/2023\/11\/colonies.jpg 675w, https:\/\/agora.xtec.cat\/esc-hortsavinya\/wp-content\/uploads\/usu2361\/2023\/11\/colonies-300x300.jpg 300w, https:\/\/agora.xtec.cat\/esc-hortsavinya\/wp-content\/uploads\/usu2361\/2023\/11\/colonies-150x150.jpg 150w\" sizes=\"auto, (max-width: 603px) 100vw, 603px\" \/><\/a><\/p>\n<p><b>Setmana del 13 al 17 de novembre<\/b><\/p>\n<p>&nbsp;<\/p>\n<p><span style=\"font-weight: 400;\">Als petits els hi ha agradat molt anar al teatre, a la biblioteca i anar en autob\u00fas.<\/span><\/p>\n<p><span style=\"font-weight: 400;\">A 1r 2n, a projecte estan\u00a0 estudiant les edats de la prehist\u00f2ria. Tamb\u00e9 els va agradar fer pl\u00e0stica, per qu\u00e8 van jugar al sorral, i angl\u00e8s van fer el kaboom. <\/span><\/p>\n<p><span style=\"font-weight: 400;\">I a 3r 4rt els ha agradat\u00a0 tallers, castell\u00e0 i a projecte van fer una exposici\u00f3.\u00a0<\/span><\/p>\n<p>&nbsp;<\/p>\n<p>&nbsp;<\/p>\n<p><strong>LA TARDOR<\/strong><\/p>\n<p>3r i 4r Divendres a primera hora fan jocs de taula y estan molt emocionats amb la lectura de Pycto de l\u2019avia petita.<\/p>\n<p>Els de 1r i 2n els hi ha agradat fer plataforma, rob\u00f2tica, hi a pl\u00e0stica van representar coses que li agradaven a una foto.<\/p>\n<p>I els petits van fer una passejada i van recollir coses de la tardor.<\/p>\n<p>&nbsp;<\/p>\n<div id='gallery-1' class='gallery galleryid-677 gallery-columns-3 gallery-size-thumbnail'><figure class='gallery-item'>\n\t\t\t<div class='gallery-icon landscape'>\n\t\t\t\t<a href='https:\/\/agora.xtec.cat\/esc-hortsavinya\/activitats\/el-dia-a-dia-a-lescola\/curs-24-25\/1r-trimestre\/attachment\/901bd0e0-e44d-4f3f-83b2-cdd68f9e35fb\/'><img loading=\"lazy\" decoding=\"async\" width=\"150\" height=\"150\" src=\"https:\/\/agora.xtec.cat\/esc-hortsavinya\/wp-content\/uploads\/usu2361\/2023\/10\/901bd0e0-e44d-4f3f-83b2-cdd68f9e35fb-150x150.jpg\" class=\"attachment-thumbnail size-thumbnail\" alt=\"\" \/><\/a>\n\t\t\t<\/div><\/figure><figure class='gallery-item'>\n\t\t\t<div class='gallery-icon portrait'>\n\t\t\t\t<a href='https:\/\/agora.xtec.cat\/esc-hortsavinya\/activitats\/el-dia-a-dia-a-lescola\/curs-24-25\/1r-trimestre\/attachment\/7cc95078-d737-4daa-9414-b300cb6469f1\/'><img loading=\"lazy\" decoding=\"async\" width=\"150\" height=\"150\" src=\"https:\/\/agora.xtec.cat\/esc-hortsavinya\/wp-content\/uploads\/usu2361\/2023\/10\/7cc95078-d737-4daa-9414-b300cb6469f1-150x150.jpg\" class=\"attachment-thumbnail size-thumbnail\" alt=\"\" \/><\/a>\n\t\t\t<\/div><\/figure>\n\t\t<\/div>\n\n<p>&nbsp;<\/p>\n<p>Aquesta setmana els grans hem celebrat l&#8217;arribada de la tardor a pl\u00e0stica. Vam utilitzar elements de la natura per a fer un dibuix lliure! Aqui teniu algunes fotos:<\/p>\n<div id='gallery-2' class='gallery galleryid-677 gallery-columns-3 gallery-size-thumbnail'><figure class='gallery-item'>\n\t\t\t<div class='gallery-icon portrait'>\n\t\t\t\t<a href='https:\/\/agora.xtec.cat\/esc-hortsavinya\/activitats\/el-dia-a-dia-a-lescola\/curs-24-25\/1r-trimestre\/attachment\/img_4614\/'><img loading=\"lazy\" decoding=\"async\" width=\"150\" height=\"150\" src=\"https:\/\/agora.xtec.cat\/esc-hortsavinya\/wp-content\/uploads\/usu2361\/2023\/09\/IMG_4614-150x150.jpg\" class=\"attachment-thumbnail size-thumbnail\" alt=\"\" \/><\/a>\n\t\t\t<\/div><\/figure><figure class='gallery-item'>\n\t\t\t<div class='gallery-icon portrait'>\n\t\t\t\t<a href='https:\/\/agora.xtec.cat\/esc-hortsavinya\/activitats\/el-dia-a-dia-a-lescola\/curs-24-25\/1r-trimestre\/attachment\/img_4615\/'><img loading=\"lazy\" decoding=\"async\" width=\"150\" height=\"150\" src=\"https:\/\/agora.xtec.cat\/esc-hortsavinya\/wp-content\/uploads\/usu2361\/2023\/09\/IMG_4615-150x150.jpg\" class=\"attachment-thumbnail size-thumbnail\" alt=\"\" \/><\/a>\n\t\t\t<\/div><\/figure><figure class='gallery-item'>\n\t\t\t<div class='gallery-icon portrait'>\n\t\t\t\t<a href='https:\/\/agora.xtec.cat\/esc-hortsavinya\/activitats\/el-dia-a-dia-a-lescola\/curs-24-25\/1r-trimestre\/attachment\/img_4616\/'><img loading=\"lazy\" decoding=\"async\" width=\"150\" height=\"150\" src=\"https:\/\/agora.xtec.cat\/esc-hortsavinya\/wp-content\/uploads\/usu2361\/2023\/09\/IMG_4616-150x150.jpg\" class=\"attachment-thumbnail size-thumbnail\" alt=\"\" \/><\/a>\n\t\t\t<\/div><\/figure><figure class='gallery-item'>\n\t\t\t<div class='gallery-icon portrait'>\n\t\t\t\t<a href='https:\/\/agora.xtec.cat\/esc-hortsavinya\/activitats\/el-dia-a-dia-a-lescola\/curs-24-25\/1r-trimestre\/attachment\/img_4618\/'><img loading=\"lazy\" decoding=\"async\" width=\"150\" height=\"150\" src=\"https:\/\/agora.xtec.cat\/esc-hortsavinya\/wp-content\/uploads\/usu2361\/2023\/09\/IMG_4618-150x150.jpg\" class=\"attachment-thumbnail size-thumbnail\" alt=\"\" \/><\/a>\n\t\t\t<\/div><\/figure>\n\t\t<\/div>\n\n","protected":false},"excerpt":{"rendered":"<p>COL\u00d2NIES Els dies 8,9,10, vam anar tota l&#8217;escola de col\u00f2nies. Vam agafar el autob\u00fas fins arribar al poble del Figar\u00f3, all\u00e0 vam agafar un caminet fins la casa de col\u00f2nies. Un temps despr\u00e9s\u00a0 van arribar els petits, i ja hi vam ser tots.\u00a0 L\u2019activitat que m\u00e9s ens va agradar son la primera activitat de nit, [&hellip;]<\/p>\n","protected":false},"author":1,"featured_media":0,"parent":3309,"menu_order":0,"comment_status":"closed","ping_status":"closed","template":"","meta":{"_bbp_topic_count":0,"_bbp_reply_count":0,"_bbp_total_topic_count":0,"_bbp_total_reply_count":0,"_bbp_voice_count":0,"_bbp_anonymous_reply_count":0,"_bbp_topic_count_hidden":0,"_bbp_reply_count_hidden":0,"_bbp_forum_subforum_count":0,"site-sidebar-layout":"default","site-content-layout":"","ast-site-content-layout":"default","site-content-style":"default","site-sidebar-style":"default","ast-global-header-display":"","ast-banner-title-visibility":"","ast-main-header-display":"","ast-hfb-above-header-display":"","ast-hfb-below-header-display":"","ast-hfb-mobile-header-display":"","site-post-title":"","ast-breadcrumbs-content":"","ast-featured-img":"","footer-sml-layout":"","theme-transparent-header-meta":"default","adv-header-id-meta":"","stick-header-meta":"","header-above-stick-meta":"","header-main-stick-meta":"","header-below-stick-meta":"","astra-migrate-meta-layouts":"set","ast-page-background-enabled":"default","ast-page-background-meta":{"desktop":{"background-color":"var(--ast-global-color-4)","background-image":"","background-repeat":"repeat","background-position":"center center","background-size":"auto","background-attachment":"scroll","background-type":"","background-media":"","overlay-type":"","overlay-color":"","overlay-opacity":"","overlay-gradient":""},"tablet":{"background-color":"","background-image":"","background-repeat":"repeat","background-position":"center center","background-size":"auto","background-attachment":"scroll","background-type":"","background-media":"","overlay-type":"","overlay-color":"","overlay-opacity":"","overlay-gradient":""},"mobile":{"background-color":"","background-image":"","background-repeat":"repeat","background-position":"center center","background-size":"auto","background-attachment":"scroll","background-type":"","background-media":"","overlay-type":"","overlay-color":"","overlay-opacity":"","overlay-gradient":""}},"ast-content-background-meta":{"desktop":{"background-color":"var(--ast-global-color-5)","background-image":"","background-repeat":"repeat","background-position":"center center","background-size":"auto","background-attachment":"scroll","background-type":"","background-media":"","overlay-type":"","overlay-color":"","overlay-opacity":"","overlay-gradient":""},"tablet":{"background-color":"var(--ast-global-color-5)","background-image":"","background-repeat":"repeat","background-position":"center center","background-size":"auto","background-attachment":"scroll","background-type":"","background-media":"","overlay-type":"","overlay-color":"","overlay-opacity":"","overlay-gradient":""},"mobile":{"background-color":"var(--ast-global-color-5)","background-image":"","background-repeat":"repeat","background-position":"center center","background-size":"auto","background-attachment":"scroll","background-type":"","background-media":"","overlay-type":"","overlay-color":"","overlay-opacity":"","overlay-gradient":""}},"footnotes":""},"class_list":["post-677","page","type-page","status-publish","hentry"],"post_mailing_queue_ids":[],"_links":{"self":[{"href":"https:\/\/agora.xtec.cat\/esc-hortsavinya\/wp-json\/wp\/v2\/pages\/677","targetHints":{"allow":["GET"]}}],"collection":[{"href":"https:\/\/agora.xtec.cat\/esc-hortsavinya\/wp-json\/wp\/v2\/pages"}],"about":[{"href":"https:\/\/agora.xtec.cat\/esc-hortsavinya\/wp-json\/wp\/v2\/types\/page"}],"author":[{"embeddable":true,"href":"https:\/\/agora.xtec.cat\/esc-hortsavinya\/wp-json\/wp\/v2\/users\/1"}],"replies":[{"embeddable":true,"href":"https:\/\/agora.xtec.cat\/esc-hortsavinya\/wp-json\/wp\/v2\/comments?post=677"}],"version-history":[{"count":6,"href":"https:\/\/agora.xtec.cat\/esc-hortsavinya\/wp-json\/wp\/v2\/pages\/677\/revisions"}],"predecessor-version":[{"id":3132,"href":"https:\/\/agora.xtec.cat\/esc-hortsavinya\/wp-json\/wp\/v2\/pages\/677\/revisions\/3132"}],"up":[{"embeddable":true,"href":"https:\/\/agora.xtec.cat\/esc-hortsavinya\/wp-json\/wp\/v2\/pages\/3309"}],"wp:attachment":[{"href":"https:\/\/agora.xtec.cat\/esc-hortsavinya\/wp-json\/wp\/v2\/media?parent=677"}],"curies":[{"name":"wp","href":"https:\/\/api.w.org\/{rel}","templated":true}]}}