{"id":579,"date":"2023-05-18T13:20:09","date_gmt":"2023-05-18T11:20:09","guid":{"rendered":"https:\/\/agora.xtec.cat\/esc-hortsavinya\/?page_id=579"},"modified":"2026-04-24T11:00:43","modified_gmt":"2026-04-24T09:00:43","slug":"economia","status":"publish","type":"page","link":"https:\/\/agora.xtec.cat\/esc-hortsavinya\/documents-descola\/economia\/","title":{"rendered":"Economia"},"content":{"rendered":"<p><a href=\"https:\/\/drive.google.com\/file\/d\/1r4tB1zBhk0kXkSkdwLojEgWVyIQ0Js8m\/view?usp=share_link\">Economia- Liquidaci\u00f3 de l\u2019exercici 2022<\/a><\/p>\n<p><a href=\"https:\/\/drive.google.com\/file\/d\/1EXvgyK67kHL4o_DCgMuojOrgPQy3aaYX\/view?usp=share_link\">Economia- Pressupost de l\u2019exercici 2023<\/a><\/p>\n<p><a href=\"https:\/\/drive.google.com\/file\/d\/1uEYAUxctnHcOedJH_XDMXTRi49nZIk7P\/view?usp=drive_link\">Economia- Liquidaci\u00f3 de l&#8217;exercici 2023<\/a><\/p>\n<p><a href=\"https:\/\/drive.google.com\/file\/d\/17Xg9hzrfxZBT-kqCMjmJCKJZ37p6kYCl\/view?usp=drive_link\">Economia- Pressupost de l&#8217;exercici 2024<\/a><\/p>\n<p><a href=\"https:\/\/drive.google.com\/file\/d\/15VkVYFtpr-kwGiRt5rAC-MuQrcrrHsbB\/view?usp=drive_link\">Economia- Liquidaci\u00f3 de l&#8217;exercici 2024<\/a><\/p>\n<p><a href=\"https:\/\/drive.google.com\/file\/d\/1rWseiVnyBLi5scKE2SEVL9LdXWOYBgKW\/view?usp=drive_link\">Economia- Pressupost de l&#8217;exercici 2025<\/a><\/p>\n<p><a href=\"https:\/\/drive.google.com\/file\/d\/1RAOxrEMi5nIBGA3ljRyEl_ND4-iBmny5\/view?usp=drive_link\">Economia- Liquidaci\u00f3 de l&#8217;exercici 2025<\/a><\/p>\n<p><a href=\"https:\/\/drive.google.com\/file\/d\/17ECOrznl3DBFYOJRsnoSIN1gn7t322uL\/view?usp=drive_link\">Economia- Pressupost de l&#8217;exercici 2026<\/a><\/p>\n","protected":false},"excerpt":{"rendered":"<p>Economia- Liquidaci\u00f3 de l\u2019exercici 2022 Economia- Pressupost de l\u2019exercici 2023 Economia- Liquidaci\u00f3 de l&#8217;exercici 2023 Economia- Pressupost de l&#8217;exercici 2024 Economia- Liquidaci\u00f3 de l&#8217;exercici 2024 Economia- Pressupost de l&#8217;exercici 2025 Economia- Liquidaci\u00f3 de l&#8217;exercici 2025 Economia- Pressupost de l&#8217;exercici 2026<\/p>\n","protected":false},"author":1,"featured_media":0,"parent":572,"menu_order":0,"comment_status":"closed","ping_status":"closed","template":"","meta":{"_bbp_topic_count":0,"_bbp_reply_count":0,"_bbp_total_topic_count":0,"_bbp_total_reply_count":0,"_bbp_voice_count":0,"_bbp_anonymous_reply_count":0,"_bbp_topic_count_hidden":0,"_bbp_reply_count_hidden":0,"_bbp_forum_subforum_count":0,"site-sidebar-layout":"default","site-content-layout":"","ast-site-content-layout":"default","site-content-style":"default","site-sidebar-style":"default","ast-global-header-display":"","ast-banner-title-visibility":"","ast-main-header-display":"","ast-hfb-above-header-display":"","ast-hfb-below-header-display":"","ast-hfb-mobile-header-display":"","site-post-title":"","ast-breadcrumbs-content":"","ast-featured-img":"","footer-sml-layout":"","theme-transparent-header-meta":"default","adv-header-id-meta":"","stick-header-meta":"","header-above-stick-meta":"","header-main-stick-meta":"","header-below-stick-meta":"","astra-migrate-meta-layouts":"set","ast-page-background-enabled":"default","ast-page-background-meta":{"desktop":{"background-color":"var(--ast-global-color-4)","background-image":"","background-repeat":"repeat","background-position":"center center","background-size":"auto","background-attachment":"scroll","background-type":"","background-media":"","overlay-type":"","overlay-color":"","overlay-opacity":"","overlay-gradient":""},"tablet":{"background-color":"","background-image":"","background-repeat":"repeat","background-position":"center center","background-size":"auto","background-attachment":"scroll","background-type":"","background-media":"","overlay-type":"","overlay-color":"","overlay-opacity":"","overlay-gradient":""},"mobile":{"background-color":"","background-image":"","background-repeat":"repeat","background-position":"center center","background-size":"auto","background-attachment":"scroll","background-type":"","background-media":"","overlay-type":"","overlay-color":"","overlay-opacity":"","overlay-gradient":""}},"ast-content-background-meta":{"desktop":{"background-color":"var(--ast-global-color-5)","background-image":"","background-repeat":"repeat","background-position":"center center","background-size":"auto","background-attachment":"scroll","background-type":"","background-media":"","overlay-type":"","overlay-color":"","overlay-opacity":"","overlay-gradient":""},"tablet":{"background-color":"var(--ast-global-color-5)","background-image":"","background-repeat":"repeat","background-position":"center center","background-size":"auto","background-attachment":"scroll","background-type":"","background-media":"","overlay-type":"","overlay-color":"","overlay-opacity":"","overlay-gradient":""},"mobile":{"background-color":"var(--ast-global-color-5)","background-image":"","background-repeat":"repeat","background-position":"center center","background-size":"auto","background-attachment":"scroll","background-type":"","background-media":"","overlay-type":"","overlay-color":"","overlay-opacity":"","overlay-gradient":""}},"footnotes":""},"class_list":["post-579","page","type-page","status-publish","hentry"],"post_mailing_queue_ids":[],"_links":{"self":[{"href":"https:\/\/agora.xtec.cat\/esc-hortsavinya\/wp-json\/wp\/v2\/pages\/579","targetHints":{"allow":["GET"]}}],"collection":[{"href":"https:\/\/agora.xtec.cat\/esc-hortsavinya\/wp-json\/wp\/v2\/pages"}],"about":[{"href":"https:\/\/agora.xtec.cat\/esc-hortsavinya\/wp-json\/wp\/v2\/types\/page"}],"author":[{"embeddable":true,"href":"https:\/\/agora.xtec.cat\/esc-hortsavinya\/wp-json\/wp\/v2\/users\/1"}],"replies":[{"embeddable":true,"href":"https:\/\/agora.xtec.cat\/esc-hortsavinya\/wp-json\/wp\/v2\/comments?post=579"}],"version-history":[{"count":6,"href":"https:\/\/agora.xtec.cat\/esc-hortsavinya\/wp-json\/wp\/v2\/pages\/579\/revisions"}],"predecessor-version":[{"id":3486,"href":"https:\/\/agora.xtec.cat\/esc-hortsavinya\/wp-json\/wp\/v2\/pages\/579\/revisions\/3486"}],"up":[{"embeddable":true,"href":"https:\/\/agora.xtec.cat\/esc-hortsavinya\/wp-json\/wp\/v2\/pages\/572"}],"wp:attachment":[{"href":"https:\/\/agora.xtec.cat\/esc-hortsavinya\/wp-json\/wp\/v2\/media?parent=579"}],"curies":[{"name":"wp","href":"https:\/\/api.w.org\/{rel}","templated":true}]}}