{"id":3350,"date":"2025-10-20T15:46:29","date_gmt":"2025-10-20T13:46:29","guid":{"rendered":"https:\/\/agora.xtec.cat\/esc-hortsavinya\/?page_id=3350"},"modified":"2025-10-20T15:49:46","modified_gmt":"2025-10-20T13:49:46","slug":"lectures-recomanades","status":"publish","type":"page","link":"https:\/\/agora.xtec.cat\/esc-hortsavinya\/biblioteca\/lectures-recomanades\/","title":{"rendered":"Lectures recomanades"},"content":{"rendered":"<p data-start=\"692\" data-end=\"943\">Llegir \u00e9s una aventura que no s\u2019acaba mai!<\/p>\n<p data-start=\"692\" data-end=\"943\">Aqu\u00ed trobar\u00e0s llibres que ens agraden molt i que recomanem des de la biblioteca: hist\u00f2ries divertides, emocionants, misterioses o plenes de m\u00e0gia.<br data-start=\"886\" data-end=\"889\" \/>Tria\u2019n un, obre\u2019l i deixa\u2019t endur pel plaer de llegir!<\/p>\n<p data-start=\"692\" data-end=\"943\">\n<p data-start=\"692\" data-end=\"943\">\n<h2 data-start=\"261\" data-end=\"294\"><strong data-start=\"267\" data-end=\"294\">Cicle Inicial (1r i 2n)<\/strong><\/h2>\n<p data-start=\"295\" data-end=\"332\"><strong data-start=\"295\" data-end=\"332\">Per comen\u00e7ar a estimar la lectura<\/strong><\/p>\n<ul data-start=\"333\" data-end=\"898\">\n<li data-start=\"333\" data-end=\"422\">\n<p data-start=\"335\" data-end=\"422\"><strong data-start=\"335\" data-end=\"361\"><em data-start=\"337\" data-end=\"359\">El monstre de colors<\/em><\/strong> \u2013 <em data-start=\"364\" data-end=\"377\">Anna Llenas<\/em> (Flamboyant): ideal per parlar d\u2019emocions.<\/p>\n<\/li>\n<li data-start=\"423\" data-end=\"544\">\n<p data-start=\"425\" data-end=\"544\"><strong data-start=\"425\" data-end=\"460\"><em data-start=\"427\" data-end=\"458\">El lle\u00f3 que no sabia escriure<\/em><\/strong> \u2013 <em data-start=\"463\" data-end=\"482\">Martin Baltscheit<\/em> (Alba): una hist\u00f2ria divertida sobre l\u2019amor i les paraules.<\/p>\n<\/li>\n<li data-start=\"545\" data-end=\"687\">\n<p data-start=\"547\" data-end=\"687\"><strong data-start=\"547\" data-end=\"608\"><em data-start=\"549\" data-end=\"606\">La Talpeta que volia saber qui li havia fet all\u00f2 al cap<\/em><\/strong> \u2013 <em data-start=\"611\" data-end=\"645\">Werner Holzwarth i Wolf Erlbruch<\/em> (Kalandraka): un cl\u00e0ssic divertid\u00edssim.<\/p>\n<\/li>\n<li data-start=\"688\" data-end=\"792\">\n<p data-start=\"690\" data-end=\"792\"><strong data-start=\"690\" data-end=\"727\"><em data-start=\"692\" data-end=\"725\">L\u2019ovelleta que va venir a sopar<\/em><\/strong> \u2013 <em data-start=\"730\" data-end=\"746\">Steve Smallman<\/em> (Beascoa): un conte tendre sobre l\u2019amistat.<\/p>\n<\/li>\n<li data-start=\"793\" data-end=\"898\">\n<p data-start=\"795\" data-end=\"898\"><strong data-start=\"795\" data-end=\"828\"><em data-start=\"797\" data-end=\"826\">Les girafes no poden ballar<\/em><\/strong> \u2013 <em data-start=\"831\" data-end=\"846\">Giles Andreae<\/em> (Beascoa): per parlar d\u2019autoestima i difer\u00e8ncies.<\/p>\n<\/li>\n<\/ul>\n<hr data-start=\"900\" data-end=\"903\" \/>\n<h2 data-start=\"905\" data-end=\"936\"><strong data-start=\"911\" data-end=\"936\">Cicle Mitj\u00e0 (3r i 4t)<\/strong><\/h2>\n<p data-start=\"937\" data-end=\"970\"><strong data-start=\"937\" data-end=\"970\">Per consolidar el gust lector<\/strong><\/p>\n<ul data-start=\"971\" data-end=\"1506\">\n<li data-start=\"971\" data-end=\"1078\">\n<p data-start=\"973\" data-end=\"1078\"><strong data-start=\"973\" data-end=\"999\"><em data-start=\"975\" data-end=\"997\">La nena dels llibres<\/em><\/strong> \u2013 <em data-start=\"1002\" data-end=\"1032\">Oliver Jeffers i Sam Winston<\/em> (Andana): un homenatge po\u00e8tic a la lectura.<\/p>\n<\/li>\n<li data-start=\"1079\" data-end=\"1180\">\n<p data-start=\"1081\" data-end=\"1180\"><strong data-start=\"1081\" data-end=\"1127\"><em data-start=\"1083\" data-end=\"1125\">L\u2019home del sac i altres hist\u00f2ries de por<\/em><\/strong> \u2013 <em data-start=\"1130\" data-end=\"1140\">Pep Coll<\/em> (La Galera): contes breus de misteri.<\/p>\n<\/li>\n<li data-start=\"1181\" data-end=\"1262\">\n<p data-start=\"1183\" data-end=\"1262\"><strong data-start=\"1183\" data-end=\"1200\"><em data-start=\"1185\" data-end=\"1198\">Les bruixes<\/em><\/strong> \u2013 <em data-start=\"1203\" data-end=\"1215\">Roald Dahl<\/em> (La Magrana): humor i fantasia en estat pur.<\/p>\n<\/li>\n<li data-start=\"1263\" data-end=\"1396\">\n<p data-start=\"1265\" data-end=\"1396\"><strong data-start=\"1265\" data-end=\"1298\"><em data-start=\"1267\" data-end=\"1296\">La Rita i el drac sense foc<\/em><\/strong> \u2013 <em data-start=\"1301\" data-end=\"1329\">Mireia Vidal i \u00d2scar Julve<\/em> (Babulinka Books): primer volum d\u2019una col\u00b7lecci\u00f3 molt divertida.<\/p>\n<\/li>\n<li data-start=\"1397\" data-end=\"1506\">\n<p data-start=\"1399\" data-end=\"1506\"><strong data-start=\"1399\" data-end=\"1422\"><em data-start=\"1401\" data-end=\"1420\">El zoo d\u2019en Pitus<\/em><\/strong> \u2013 <em data-start=\"1425\" data-end=\"1444\">Sebasti\u00e0 Sorribas<\/em> (La Galera): un cl\u00e0ssic catal\u00e0 ple de valors i companyonia.<\/p>\n<\/li>\n<\/ul>\n<hr data-start=\"1508\" data-end=\"1511\" \/>\n<h2 data-start=\"1513\" data-end=\"1547\"><strong data-start=\"1519\" data-end=\"1547\">Cicle Superior (5\u00e8 i 6\u00e8)<\/strong><\/h2>\n<p data-start=\"1548\" data-end=\"1578\"><strong data-start=\"1548\" data-end=\"1578\">Per cr\u00e9ixer amb la lectura<\/strong><\/p>\n<ul data-start=\"1579\" data-end=\"2122\">\n<li data-start=\"1579\" data-end=\"1691\">\n<p data-start=\"1581\" data-end=\"1691\"><strong data-start=\"1581\" data-end=\"1612\"><em data-start=\"1583\" data-end=\"1610\">Wonder. La lli\u00e7\u00f3 d\u2019August<\/em><\/strong> \u2013 <em data-start=\"1615\" data-end=\"1629\">R.J. Palacio<\/em> (La Campana): una hist\u00f2ria sobre la difer\u00e8ncia i la bondat.<\/p>\n<\/li>\n<li data-start=\"1692\" data-end=\"1810\">\n<p data-start=\"1694\" data-end=\"1810\"><strong data-start=\"1694\" data-end=\"1716\"><em data-start=\"1696\" data-end=\"1714\">El petit pr\u00edncep<\/em><\/strong> \u2013 <em data-start=\"1719\" data-end=\"1745\">Antoine de Saint-Exup\u00e9ry<\/em> (Viena): un cl\u00e0ssic per reflexionar sobre la vida i l\u2019amistat.<\/p>\n<\/li>\n<li data-start=\"1811\" data-end=\"1904\">\n<p data-start=\"1813\" data-end=\"1904\"><strong data-start=\"1813\" data-end=\"1836\"><em data-start=\"1815\" data-end=\"1834\">El diari del Greg<\/em><\/strong> \u2013 <em data-start=\"1839\" data-end=\"1852\">Jeff Kinney<\/em> (Estrella Polar): humor i situacions quotidianes.<\/p>\n<\/li>\n<li data-start=\"1905\" data-end=\"2010\">\n<p data-start=\"1907\" data-end=\"2010\"><strong data-start=\"1907\" data-end=\"1937\"><em data-start=\"1909\" data-end=\"1935\">La porta dels tres panys<\/em><\/strong> \u2013 <em data-start=\"1940\" data-end=\"1963\">S\u00f2nia Fern\u00e1ndez-Vidal<\/em> (La Galera): novel\u00b7la d\u2019aventures i ci\u00e8ncia.<\/p>\n<\/li>\n<li data-start=\"2011\" data-end=\"2122\">\n<p data-start=\"2013\" data-end=\"2122\"><strong data-start=\"2013\" data-end=\"2039\"><em data-start=\"2015\" data-end=\"2037\">L\u2019illa de Paidon\u00e8sia<\/em><\/strong> \u2013 <em data-start=\"2042\" data-end=\"2063\">Joan Manuel Gisbert<\/em> (La Galera): una hist\u00f2ria plena de misteri i imaginaci\u00f3.<\/p>\n<\/li>\n<\/ul>\n<h2 data-start=\"2129\" data-end=\"2160\"><\/h2>\n<h2 data-start=\"2129\" data-end=\"2160\"><strong data-start=\"2135\" data-end=\"2160\">Per llegir en fam\u00edlia<\/strong><\/h2>\n<ul data-start=\"2161\" data-end=\"2527\">\n<li data-start=\"2161\" data-end=\"2278\">\n<p data-start=\"2163\" data-end=\"2278\"><strong data-start=\"2163\" data-end=\"2197\"><em data-start=\"2165\" data-end=\"2195\">Contes per estimar-te millor<\/em><\/strong> \u2013 <em data-start=\"2200\" data-end=\"2233\">\u00c0lex Rovira i Francesc Miralles<\/em> (Estrella Polar): contes curts amb valors.<\/p>\n<\/li>\n<li data-start=\"2279\" data-end=\"2411\">\n<p data-start=\"2281\" data-end=\"2411\"><strong data-start=\"2281\" data-end=\"2337\"><em data-start=\"2283\" data-end=\"2335\">L\u2019ovelleta que va venir a sopar. El joc del menjar<\/em><\/strong> \u2013 <em data-start=\"2340\" data-end=\"2356\">Steve Smallman<\/em> (Beascoa): lectura compartida i rialles assegurades.<\/p>\n<\/li>\n<li data-start=\"2412\" data-end=\"2527\">\n<p data-start=\"2414\" data-end=\"2527\"><strong data-start=\"2414\" data-end=\"2446\"><em data-start=\"2416\" data-end=\"2431\">Petita &amp; Gran<\/em> (col\u00b7lecci\u00f3)<\/strong> \u2013 <em data-start=\"2449\" data-end=\"2478\">Maria Isabel S\u00e1nchez Vegara<\/em> (Alba): biografies inspiradores per a infants.<\/p>\n<\/li>\n<\/ul>\n","protected":false},"excerpt":{"rendered":"<p>Llegir \u00e9s una aventura que no s\u2019acaba mai! Aqu\u00ed trobar\u00e0s llibres que ens agraden molt i que recomanem des de la biblioteca: hist\u00f2ries divertides, emocionants, misterioses o plenes de m\u00e0gia.Tria\u2019n un, obre\u2019l i deixa\u2019t endur pel plaer de llegir! Cicle Inicial (1r i 2n) Per comen\u00e7ar a estimar la lectura El monstre de colors \u2013 [&hellip;]<\/p>\n","protected":false},"author":1,"featured_media":0,"parent":3347,"menu_order":0,"comment_status":"closed","ping_status":"closed","template":"","meta":{"_bbp_topic_count":0,"_bbp_reply_count":0,"_bbp_total_topic_count":0,"_bbp_total_reply_count":0,"_bbp_voice_count":0,"_bbp_anonymous_reply_count":0,"_bbp_topic_count_hidden":0,"_bbp_reply_count_hidden":0,"_bbp_forum_subforum_count":0,"site-sidebar-layout":"default","site-content-layout":"","ast-site-content-layout":"default","site-content-style":"default","site-sidebar-style":"default","ast-global-header-display":"","ast-banner-title-visibility":"","ast-main-header-display":"","ast-hfb-above-header-display":"","ast-hfb-below-header-display":"","ast-hfb-mobile-header-display":"","site-post-title":"","ast-breadcrumbs-content":"","ast-featured-img":"","footer-sml-layout":"","theme-transparent-header-meta":"default","adv-header-id-meta":"","stick-header-meta":"","header-above-stick-meta":"","header-main-stick-meta":"","header-below-stick-meta":"","astra-migrate-meta-layouts":"set","ast-page-background-enabled":"default","ast-page-background-meta":{"desktop":{"background-color":"var(--ast-global-color-4)","background-image":"","background-repeat":"repeat","background-position":"center center","background-size":"auto","background-attachment":"scroll","background-type":"","background-media":"","overlay-type":"","overlay-color":"","overlay-opacity":"","overlay-gradient":""},"tablet":{"background-color":"","background-image":"","background-repeat":"repeat","background-position":"center center","background-size":"auto","background-attachment":"scroll","background-type":"","background-media":"","overlay-type":"","overlay-color":"","overlay-opacity":"","overlay-gradient":""},"mobile":{"background-color":"","background-image":"","background-repeat":"repeat","background-position":"center center","background-size":"auto","background-attachment":"scroll","background-type":"","background-media":"","overlay-type":"","overlay-color":"","overlay-opacity":"","overlay-gradient":""}},"ast-content-background-meta":{"desktop":{"background-color":"var(--ast-global-color-5)","background-image":"","background-repeat":"repeat","background-position":"center center","background-size":"auto","background-attachment":"scroll","background-type":"","background-media":"","overlay-type":"","overlay-color":"","overlay-opacity":"","overlay-gradient":""},"tablet":{"background-color":"var(--ast-global-color-5)","background-image":"","background-repeat":"repeat","background-position":"center center","background-size":"auto","background-attachment":"scroll","background-type":"","background-media":"","overlay-type":"","overlay-color":"","overlay-opacity":"","overlay-gradient":""},"mobile":{"background-color":"var(--ast-global-color-5)","background-image":"","background-repeat":"repeat","background-position":"center center","background-size":"auto","background-attachment":"scroll","background-type":"","background-media":"","overlay-type":"","overlay-color":"","overlay-opacity":"","overlay-gradient":""}},"footnotes":""},"class_list":["post-3350","page","type-page","status-publish","hentry"],"post_mailing_queue_ids":[],"_links":{"self":[{"href":"https:\/\/agora.xtec.cat\/esc-hortsavinya\/wp-json\/wp\/v2\/pages\/3350","targetHints":{"allow":["GET"]}}],"collection":[{"href":"https:\/\/agora.xtec.cat\/esc-hortsavinya\/wp-json\/wp\/v2\/pages"}],"about":[{"href":"https:\/\/agora.xtec.cat\/esc-hortsavinya\/wp-json\/wp\/v2\/types\/page"}],"author":[{"embeddable":true,"href":"https:\/\/agora.xtec.cat\/esc-hortsavinya\/wp-json\/wp\/v2\/users\/1"}],"replies":[{"embeddable":true,"href":"https:\/\/agora.xtec.cat\/esc-hortsavinya\/wp-json\/wp\/v2\/comments?post=3350"}],"version-history":[{"count":2,"href":"https:\/\/agora.xtec.cat\/esc-hortsavinya\/wp-json\/wp\/v2\/pages\/3350\/revisions"}],"predecessor-version":[{"id":3352,"href":"https:\/\/agora.xtec.cat\/esc-hortsavinya\/wp-json\/wp\/v2\/pages\/3350\/revisions\/3352"}],"up":[{"embeddable":true,"href":"https:\/\/agora.xtec.cat\/esc-hortsavinya\/wp-json\/wp\/v2\/pages\/3347"}],"wp:attachment":[{"href":"https:\/\/agora.xtec.cat\/esc-hortsavinya\/wp-json\/wp\/v2\/media?parent=3350"}],"curies":[{"name":"wp","href":"https:\/\/api.w.org\/{rel}","templated":true}]}}