{"id":3307,"date":"2025-09-30T09:10:30","date_gmt":"2025-09-30T07:10:30","guid":{"rendered":"https:\/\/agora.xtec.cat\/esc-hortsavinya\/?page_id=3307"},"modified":"2025-12-09T15:38:57","modified_gmt":"2025-12-09T14:38:57","slug":"1r-trimestre","status":"publish","type":"page","link":"https:\/\/agora.xtec.cat\/esc-hortsavinya\/activitats\/el-dia-a-dia-a-lescola\/curs-25-26\/1r-trimestre\/","title":{"rendered":"1r Trimestre"},"content":{"rendered":"<p>EXCURSI\u00d3 A LA SAGRADA FAM\u00cdLIA<\/p>\n<p><span style=\"font-weight: 400;\">Ahir vam anar a la SAGRADA FAMILIA, perqu\u00e8 hem estat estudiant en Gaud\u00ed. Dins de l&#8217;edifici hi havien molt\u00edssims vitralls de tots els colors,\u00a0<\/span><\/p>\n<p><span style=\"font-weight: 400;\">grans i petits.Tots estan il\u00b7luminats pel sol i brillaven tots, i semblaven un m\u00f3n m\u00e0gic. Hi havien vitralls de moltes formes com un tipus de flor i uns quants arcs.<\/span><\/p>\n<p><a href=\"https:\/\/agora.xtec.cat\/esc-hortsavinya\/activitats\/el-dia-a-dia-a-lescola\/curs-25-26\/1r-trimestre\/attachment\/sagrada_familia-_vitralls_de_joan_vila-grau\/\" rel=\"attachment wp-att-3416\"><img loading=\"lazy\" decoding=\"async\" class=\"wp-image-3416 aligncenter\" src=\"https:\/\/agora.xtec.cat\/esc-hortsavinya\/wp-content\/uploads\/usu2361\/2025\/11\/Sagrada_Familia._Vitralls_de_Joan_Vila-Grau-1024x681.jpg\" alt=\"\" width=\"681\" height=\"453\" srcset=\"https:\/\/agora.xtec.cat\/esc-hortsavinya\/wp-content\/uploads\/usu2361\/2025\/11\/Sagrada_Familia._Vitralls_de_Joan_Vila-Grau-1024x681.jpg 1024w, https:\/\/agora.xtec.cat\/esc-hortsavinya\/wp-content\/uploads\/usu2361\/2025\/11\/Sagrada_Familia._Vitralls_de_Joan_Vila-Grau-300x200.jpg 300w, https:\/\/agora.xtec.cat\/esc-hortsavinya\/wp-content\/uploads\/usu2361\/2025\/11\/Sagrada_Familia._Vitralls_de_Joan_Vila-Grau-768x511.jpg 768w, https:\/\/agora.xtec.cat\/esc-hortsavinya\/wp-content\/uploads\/usu2361\/2025\/11\/Sagrada_Familia._Vitralls_de_Joan_Vila-Grau.jpg 1500w\" sizes=\"auto, (max-width: 681px) 100vw, 681px\" \/><\/a><\/p>\n<p><strong>Candela<\/strong><\/p>\n<p><span style=\"font-weight: 400;\">El dilluns 10 de novembre vam anar a la Sagrada Fam\u00edlia a fer una excursi\u00f3 guiada. Tamb\u00e9 vam poder entrar a dins. Ens van donar un walkie-talkie i uns auriculars. Tamb\u00e9 vam veure un v\u00eddeo molt bonic que<\/span><\/p>\n<p><span style=\"font-weight: 400;\">era sobre la Sagrada Fam\u00edlia i surten moltes imatges.<\/span><\/p>\n<p><span style=\"font-weight: 400;\">La Sagrada Fam\u00edlia encara est\u00e0 en construcci\u00f3.<\/span><\/p>\n<p><strong>Andrea S\u00e1nchez<\/strong><\/p>\n<p><strong>LA CASA MIL\u00c0<\/strong><\/p>\n<p><span style=\"font-weight: 400;\">La casa Mil\u00e0 \u00e9s una casa d&#8217;Antoni Gaud\u00ed que t\u00e9 moltes formes d&#8217;ona a la fa\u00e7ana. Tamb\u00e9 \u00e9s l\u2019\u00fanic edifici d\u2019Antoni Gaud\u00ed que viu gent, i es decora en Sant Jordi. I al costat hi ha bancs de l&#8217;Antoni Gaud\u00ed.<\/span><\/p>\n<p><strong>Paula V\u00e9lez<br \/>\n<a href=\"https:\/\/agora.xtec.cat\/esc-hortsavinya\/activitats\/el-dia-a-dia-a-lescola\/curs-25-26\/1r-trimestre\/attachment\/casa-mila\/\" rel=\"attachment wp-att-3425\"><img loading=\"lazy\" decoding=\"async\" class=\"wp-image-3425 aligncenter\" src=\"https:\/\/agora.xtec.cat\/esc-hortsavinya\/wp-content\/uploads\/usu2361\/2025\/12\/casa-mila.webp\" alt=\"\" width=\"466\" height=\"350\" srcset=\"https:\/\/agora.xtec.cat\/esc-hortsavinya\/wp-content\/uploads\/usu2361\/2025\/12\/casa-mila.webp 960w, https:\/\/agora.xtec.cat\/esc-hortsavinya\/wp-content\/uploads\/usu2361\/2025\/12\/casa-mila-300x225.webp 300w, https:\/\/agora.xtec.cat\/esc-hortsavinya\/wp-content\/uploads\/usu2361\/2025\/12\/casa-mila-768x576.webp 768w\" sizes=\"auto, (max-width: 466px) 100vw, 466px\" \/><\/a><\/strong><\/p>\n<p><span style=\"font-weight: 400;\">Per dinar vam anar a un parc molt guachi piruli mandonguilles vam jugar una estona abans de dinar i despr\u00e9s vam tornar a jugar.<\/span><\/p>\n<p><strong>Leo L\u00f3pez<\/strong><\/p>\n<p>&nbsp;<\/p>\n<p>&nbsp;<\/p>\n<p><b>La classe dels petits<\/b><b>\u00a0\u00a0\u00a0\u00a0\u00a0\u00a0\u00a0\u00a0\u00a0\u00a0\u00a0\u00a0<\/b><\/p>\n<p><b>Els petits a projecte estan estudiant els vampirs . Justament la seva classe \u00e9s la dels vampirs i vampireses . Totes les classes de pl\u00e0stica estan estudiant en Gaud\u00ed.<\/b><\/p>\n<p><b>Andrea\u00a0 i Candela.<\/b><\/p>\n<p><a href=\"https:\/\/agora.xtec.cat\/esc-hortsavinya\/activitats\/el-dia-a-dia-a-lescola\/curs-25-26\/1r-trimestre\/attachment\/porta-infantil\/\" rel=\"attachment wp-att-3413\"><img decoding=\"async\" class=\"alignnone size-full wp-image-3413\" src=\"https:\/\/agora.xtec.cat\/esc-hortsavinya\/wp-content\/uploads\/usu2361\/2025\/11\/porta-infantil.heic\" alt=\"\" \/><\/a><a href=\"https:\/\/agora.xtec.cat\/esc-hortsavinya\/activitats\/el-dia-a-dia-a-lescola\/curs-25-26\/1r-trimestre\/attachment\/porta-infantil-bona\/\" rel=\"attachment wp-att-3414\"><img loading=\"lazy\" decoding=\"async\" class=\"alignnone wp-image-3414\" src=\"https:\/\/agora.xtec.cat\/esc-hortsavinya\/wp-content\/uploads\/usu2361\/2025\/11\/porta-infantil-bona-768x1024.jpg\" alt=\"\" width=\"343\" height=\"458\" srcset=\"https:\/\/agora.xtec.cat\/esc-hortsavinya\/wp-content\/uploads\/usu2361\/2025\/11\/porta-infantil-bona-768x1024.jpg 768w, https:\/\/agora.xtec.cat\/esc-hortsavinya\/wp-content\/uploads\/usu2361\/2025\/11\/porta-infantil-bona-225x300.jpg 225w, https:\/\/agora.xtec.cat\/esc-hortsavinya\/wp-content\/uploads\/usu2361\/2025\/11\/porta-infantil-bona-1152x1536.jpg 1152w, https:\/\/agora.xtec.cat\/esc-hortsavinya\/wp-content\/uploads\/usu2361\/2025\/11\/porta-infantil-bona-1536x2048.jpg 1536w, https:\/\/agora.xtec.cat\/esc-hortsavinya\/wp-content\/uploads\/usu2361\/2025\/11\/porta-infantil-bona-scaled.jpg 1920w\" sizes=\"auto, (max-width: 343px) 100vw, 343px\" \/><\/a><\/p>\n<p><span style=\"font-weight: 400;\">A pl\u00e0stica estem treballant Gaud\u00ed perqu\u00e8 anirem a la Sagrada Fam\u00edlia.<\/span><\/p>\n<p><span style=\"font-weight: 400;\">Hem fet uns vitralls i els hem penjat a les finestres. Primer, vam agafar un paper transparent, despr\u00e9s vam pintar amb retoladors permanents. Despr\u00e9s el nostre profe de pl\u00e0stica va tenir una idea fer la sagrada fam\u00edlia, amb tota la classe vam fer sobretot torres, i quan les vam acabar les vam ajuntar totes les tores junt amb una capsa de cart\u00f3 pintada i aix\u00ed va quedar la sagrada fam\u00edlia.<\/span><\/p>\n<p>&nbsp;<\/p>\n<p><span style=\"font-weight: 400;\">Ada i Leo L\u00f3pez\u00a0<\/span><\/p>\n<p><a href=\"https:\/\/agora.xtec.cat\/esc-hortsavinya\/activitats\/el-dia-a-dia-a-lescola\/curs-25-26\/1r-trimestre\/attachment\/img_6912\/\" rel=\"attachment wp-att-3409\"><img loading=\"lazy\" decoding=\"async\" class=\"wp-image-3409 aligncenter\" src=\"https:\/\/agora.xtec.cat\/esc-hortsavinya\/wp-content\/uploads\/usu2361\/2025\/11\/IMG_6912-1024x717.jpg\" alt=\"\" width=\"473\" height=\"331\" srcset=\"https:\/\/agora.xtec.cat\/esc-hortsavinya\/wp-content\/uploads\/usu2361\/2025\/11\/IMG_6912-1024x717.jpg 1024w, https:\/\/agora.xtec.cat\/esc-hortsavinya\/wp-content\/uploads\/usu2361\/2025\/11\/IMG_6912-300x210.jpg 300w, https:\/\/agora.xtec.cat\/esc-hortsavinya\/wp-content\/uploads\/usu2361\/2025\/11\/IMG_6912-768x538.jpg 768w, https:\/\/agora.xtec.cat\/esc-hortsavinya\/wp-content\/uploads\/usu2361\/2025\/11\/IMG_6912-1536x1076.jpg 1536w, https:\/\/agora.xtec.cat\/esc-hortsavinya\/wp-content\/uploads\/usu2361\/2025\/11\/IMG_6912-2048x1435.jpg 2048w\" sizes=\"auto, (max-width: 473px) 100vw, 473px\" \/><\/a><\/p>\n<p>&nbsp;<\/p>\n<p>&nbsp;<\/p>\n<p>4\/11\/2025<\/p>\n<p>&nbsp;<\/p>\n<p>&nbsp;<\/p>\n<p><span style=\"font-weight: 400;\"> El divendres dia 12 de setembre vam fer una excursi\u00f3 a la roca de gamar\u00fas.<\/span><\/p>\n<p><span style=\"font-weight: 400;\">Al cap de poc temps va comen\u00e7ar a ploure. Ten\u00edem planejat anar despr\u00e9s de la roca<\/span><\/p>\n<p><span style=\"font-weight: 400;\">a les alzines de can Portell, per\u00f2 no vam poder anar perqu\u00e8 plovia. Per\u00f2 abans de tornar vam anar a l&#8217;erola i despr\u00e9s vam tornar a l&#8217;escola.\u00a0\u00a0<\/span><\/p>\n<p><span style=\"font-weight: 400;\">Leo i Lluc\u00a0 \u00a0<\/span><\/p>\n<p><img loading=\"lazy\" decoding=\"async\" class=\"alignnone wp-image-3316\" src=\"https:\/\/agora.xtec.cat\/esc-hortsavinya\/wp-content\/uploads\/usu2361\/2025\/10\/IMG_6642-1-1024x768.jpg\" alt=\"\" width=\"474\" height=\"356\" srcset=\"https:\/\/agora.xtec.cat\/esc-hortsavinya\/wp-content\/uploads\/usu2361\/2025\/10\/IMG_6642-1-1024x768.jpg 1024w, https:\/\/agora.xtec.cat\/esc-hortsavinya\/wp-content\/uploads\/usu2361\/2025\/10\/IMG_6642-1-300x225.jpg 300w, https:\/\/agora.xtec.cat\/esc-hortsavinya\/wp-content\/uploads\/usu2361\/2025\/10\/IMG_6642-1-768x576.jpg 768w, https:\/\/agora.xtec.cat\/esc-hortsavinya\/wp-content\/uploads\/usu2361\/2025\/10\/IMG_6642-1-1536x1152.jpg 1536w, https:\/\/agora.xtec.cat\/esc-hortsavinya\/wp-content\/uploads\/usu2361\/2025\/10\/IMG_6642-1-2048x1536.jpg 2048w\" sizes=\"auto, (max-width: 474px) 100vw, 474px\" \/><\/p>\n<p>&nbsp;<\/p>\n<p>&nbsp;<\/p>\n<p><span style=\"font-weight: 400;\">ELS GRUPS DE LA ESCOLA<\/span><\/p>\n<h2><\/h2>\n<p><span style=\"font-weight: 400;\">Aquest any han vingut nens nous com en Renato, la Blanca, en Baltazar, en Sammy, en Taiel, en John i l\u2019Ali.<\/span><\/p>\n<p><span style=\"font-weight: 400;\">En Baltazar va a 3r, la Blanca va a 2n, i en Sammy, en Renato, en Taliel, en John i l\u2019Ali van a p3.<\/span><\/p>\n<p><span style=\"font-weight: 400;\">La India, en Luciano la Naia i la Carla han pujat a 1r. El John, en Sammy en Taiel i l\u2019Ali han arribat a l&#8217;escola, i l&#8217;Andrea, la Candela, Mar, Lluc i en Leo han pujat a 4rt. I en Neizan, en Blai, l\u2019Elian, la Maia i la Yamila s&#8217;han anat de l&#8217;escola.<\/span><\/p>\n<h2><\/h2>\n<h2><\/h2>\n<h2><\/h2>\n<h2><span style=\"font-weight: 400;\">\u00a0Construcci\u00f3 del nou pati\u00a0 \u00a0 \u00a0 \u00a0 \u00a0 \u00a0 \u00a0<\/span><\/h2>\n<p><span style=\"font-weight: 400;\">El 23 de setembre del 2025 van construir uns gronxadors i un tobogan nou, a m\u00e9s d\u2019un balanc\u00ed.<\/span><\/p>\n<p><span style=\"font-weight: 400;\">\u00a0Els nens i nenes\u00a0 estaven molt feli\u00e7os en veure el nou parc. Tamb\u00e9 han reformat tot all\u00f2 que estava trencat.\u00a0<\/span><\/p>\n<p>Mar, Lilah i Candela<\/p>\n<p><a href=\"https:\/\/agora.xtec.cat\/esc-hortsavinya\/activitats\/el-dia-a-dia-a-lescola\/curs-25-26\/1r-trimestre\/attachment\/img_6678\/\" rel=\"attachment wp-att-3327\"><img loading=\"lazy\" decoding=\"async\" class=\"alignnone wp-image-3327\" src=\"https:\/\/agora.xtec.cat\/esc-hortsavinya\/wp-content\/uploads\/usu2361\/2025\/10\/IMG_6678-1024x768.jpg\" alt=\"\" width=\"370\" height=\"277\" srcset=\"https:\/\/agora.xtec.cat\/esc-hortsavinya\/wp-content\/uploads\/usu2361\/2025\/10\/IMG_6678-1024x768.jpg 1024w, https:\/\/agora.xtec.cat\/esc-hortsavinya\/wp-content\/uploads\/usu2361\/2025\/10\/IMG_6678-300x225.jpg 300w, https:\/\/agora.xtec.cat\/esc-hortsavinya\/wp-content\/uploads\/usu2361\/2025\/10\/IMG_6678-768x576.jpg 768w, https:\/\/agora.xtec.cat\/esc-hortsavinya\/wp-content\/uploads\/usu2361\/2025\/10\/IMG_6678-1536x1152.jpg 1536w, https:\/\/agora.xtec.cat\/esc-hortsavinya\/wp-content\/uploads\/usu2361\/2025\/10\/IMG_6678-2048x1536.jpg 2048w\" sizes=\"auto, (max-width: 370px) 100vw, 370px\" \/><\/a><a href=\"https:\/\/agora.xtec.cat\/esc-hortsavinya\/activitats\/el-dia-a-dia-a-lescola\/curs-25-26\/1r-trimestre\/attachment\/img_6676-2\/\" rel=\"attachment wp-att-3329\"><img loading=\"lazy\" decoding=\"async\" class=\"alignnone wp-image-3329\" src=\"https:\/\/agora.xtec.cat\/esc-hortsavinya\/wp-content\/uploads\/usu2361\/2025\/10\/IMG_6676-1-1024x768.jpg\" alt=\"\" width=\"379\" height=\"284\" srcset=\"https:\/\/agora.xtec.cat\/esc-hortsavinya\/wp-content\/uploads\/usu2361\/2025\/10\/IMG_6676-1-1024x768.jpg 1024w, https:\/\/agora.xtec.cat\/esc-hortsavinya\/wp-content\/uploads\/usu2361\/2025\/10\/IMG_6676-1-300x225.jpg 300w, https:\/\/agora.xtec.cat\/esc-hortsavinya\/wp-content\/uploads\/usu2361\/2025\/10\/IMG_6676-1-768x576.jpg 768w, https:\/\/agora.xtec.cat\/esc-hortsavinya\/wp-content\/uploads\/usu2361\/2025\/10\/IMG_6676-1-1536x1152.jpg 1536w, https:\/\/agora.xtec.cat\/esc-hortsavinya\/wp-content\/uploads\/usu2361\/2025\/10\/IMG_6676-1-2048x1536.jpg 2048w\" sizes=\"auto, (max-width: 379px) 100vw, 379px\" \/><\/a><a href=\"https:\/\/agora.xtec.cat\/esc-hortsavinya\/activitats\/el-dia-a-dia-a-lescola\/curs-25-26\/1r-trimestre\/attachment\/img_6679-2\/\" rel=\"attachment wp-att-3331\"><img loading=\"lazy\" decoding=\"async\" class=\"alignnone wp-image-3331\" src=\"https:\/\/agora.xtec.cat\/esc-hortsavinya\/wp-content\/uploads\/usu2361\/2025\/10\/IMG_6679-1-1024x768.jpg\" alt=\"\" width=\"362\" height=\"272\" srcset=\"https:\/\/agora.xtec.cat\/esc-hortsavinya\/wp-content\/uploads\/usu2361\/2025\/10\/IMG_6679-1-1024x768.jpg 1024w, https:\/\/agora.xtec.cat\/esc-hortsavinya\/wp-content\/uploads\/usu2361\/2025\/10\/IMG_6679-1-300x225.jpg 300w, https:\/\/agora.xtec.cat\/esc-hortsavinya\/wp-content\/uploads\/usu2361\/2025\/10\/IMG_6679-1-768x576.jpg 768w, https:\/\/agora.xtec.cat\/esc-hortsavinya\/wp-content\/uploads\/usu2361\/2025\/10\/IMG_6679-1-1536x1152.jpg 1536w, https:\/\/agora.xtec.cat\/esc-hortsavinya\/wp-content\/uploads\/usu2361\/2025\/10\/IMG_6679-1-2048x1536.jpg 2048w\" sizes=\"auto, (max-width: 362px) 100vw, 362px\" \/><\/a><a href=\"https:\/\/agora.xtec.cat\/esc-hortsavinya\/activitats\/el-dia-a-dia-a-lescola\/curs-25-26\/1r-trimestre\/attachment\/img_6674-2\/\" rel=\"attachment wp-att-3332\"><img loading=\"lazy\" decoding=\"async\" class=\"alignnone wp-image-3332\" src=\"https:\/\/agora.xtec.cat\/esc-hortsavinya\/wp-content\/uploads\/usu2361\/2025\/10\/IMG_6674-1-768x1024.jpg\" alt=\"\" width=\"250\" height=\"333\" srcset=\"https:\/\/agora.xtec.cat\/esc-hortsavinya\/wp-content\/uploads\/usu2361\/2025\/10\/IMG_6674-1-768x1024.jpg 768w, https:\/\/agora.xtec.cat\/esc-hortsavinya\/wp-content\/uploads\/usu2361\/2025\/10\/IMG_6674-1-225x300.jpg 225w, https:\/\/agora.xtec.cat\/esc-hortsavinya\/wp-content\/uploads\/usu2361\/2025\/10\/IMG_6674-1-1152x1536.jpg 1152w, https:\/\/agora.xtec.cat\/esc-hortsavinya\/wp-content\/uploads\/usu2361\/2025\/10\/IMG_6674-1-1536x2048.jpg 1536w, https:\/\/agora.xtec.cat\/esc-hortsavinya\/wp-content\/uploads\/usu2361\/2025\/10\/IMG_6674-1-scaled.jpg 1920w\" sizes=\"auto, (max-width: 250px) 100vw, 250px\" \/><\/a><\/p>\n<p><strong>PROJECTE DELS GRANS\u00a0<\/strong><\/p>\n<p>7\/10\/25<\/p>\n<p><span style=\"font-weight: 400;\">Estem fent un projecte de la vida, per descobrir d&#8217;on va venir la vida i com es va formar. Hem descobert que ve del mar i que eren uns microorganismes.<\/span><\/p>\n<p><span style=\"font-weight: 400;\">L&#8217;\u00faltim que vam aprendre s\u00f3n alguns tipus de virus diferents com el coronavirus.<\/span><\/p>\n<p>&nbsp;<\/p>\n<p><a href=\"https:\/\/agora.xtec.cat\/esc-hortsavinya\/activitats\/el-dia-a-dia-a-lescola\/curs-25-26\/1r-trimestre\/attachment\/img_6779-2\/\" rel=\"attachment wp-att-3322\"><img loading=\"lazy\" decoding=\"async\" class=\"alignnone wp-image-3322\" src=\"https:\/\/agora.xtec.cat\/esc-hortsavinya\/wp-content\/uploads\/usu2361\/2025\/10\/IMG_6779-768x1024.jpg\" alt=\"\" width=\"250\" height=\"334\" srcset=\"https:\/\/agora.xtec.cat\/esc-hortsavinya\/wp-content\/uploads\/usu2361\/2025\/10\/IMG_6779-768x1024.jpg 768w, https:\/\/agora.xtec.cat\/esc-hortsavinya\/wp-content\/uploads\/usu2361\/2025\/10\/IMG_6779-225x300.jpg 225w, https:\/\/agora.xtec.cat\/esc-hortsavinya\/wp-content\/uploads\/usu2361\/2025\/10\/IMG_6779-1152x1536.jpg 1152w, https:\/\/agora.xtec.cat\/esc-hortsavinya\/wp-content\/uploads\/usu2361\/2025\/10\/IMG_6779-1536x2048.jpg 1536w, https:\/\/agora.xtec.cat\/esc-hortsavinya\/wp-content\/uploads\/usu2361\/2025\/10\/IMG_6779-scaled.jpg 1920w\" sizes=\"auto, (max-width: 250px) 100vw, 250px\" \/><\/a> <a href=\"https:\/\/agora.xtec.cat\/esc-hortsavinya\/activitats\/el-dia-a-dia-a-lescola\/curs-25-26\/1r-trimestre\/attachment\/img_6778-2\/\" rel=\"attachment wp-att-3321\"><img loading=\"lazy\" decoding=\"async\" class=\"alignnone wp-image-3321\" src=\"https:\/\/agora.xtec.cat\/esc-hortsavinya\/wp-content\/uploads\/usu2361\/2025\/10\/IMG_6778-768x1024.jpg\" alt=\"\" width=\"254\" height=\"339\" srcset=\"https:\/\/agora.xtec.cat\/esc-hortsavinya\/wp-content\/uploads\/usu2361\/2025\/10\/IMG_6778-768x1024.jpg 768w, https:\/\/agora.xtec.cat\/esc-hortsavinya\/wp-content\/uploads\/usu2361\/2025\/10\/IMG_6778-225x300.jpg 225w, https:\/\/agora.xtec.cat\/esc-hortsavinya\/wp-content\/uploads\/usu2361\/2025\/10\/IMG_6778-1152x1536.jpg 1152w, https:\/\/agora.xtec.cat\/esc-hortsavinya\/wp-content\/uploads\/usu2361\/2025\/10\/IMG_6778-1536x2048.jpg 1536w, https:\/\/agora.xtec.cat\/esc-hortsavinya\/wp-content\/uploads\/usu2361\/2025\/10\/IMG_6778-scaled.jpg 1920w\" sizes=\"auto, (max-width: 254px) 100vw, 254px\" \/><\/a><\/p>\n","protected":false},"excerpt":{"rendered":"<p>EXCURSI\u00d3 A LA SAGRADA FAM\u00cdLIA Ahir vam anar a la SAGRADA FAMILIA, perqu\u00e8 hem estat estudiant en Gaud\u00ed. Dins de l&#8217;edifici hi havien molt\u00edssims vitralls de tots els colors,\u00a0 grans i petits.Tots estan il\u00b7luminats pel sol i brillaven tots, i semblaven un m\u00f3n m\u00e0gic. Hi havien vitralls de moltes formes com un tipus de flor [&hellip;]<\/p>\n","protected":false},"author":1,"featured_media":0,"parent":3305,"menu_order":0,"comment_status":"closed","ping_status":"closed","template":"","meta":{"_bbp_topic_count":0,"_bbp_reply_count":0,"_bbp_total_topic_count":0,"_bbp_total_reply_count":0,"_bbp_voice_count":0,"_bbp_anonymous_reply_count":0,"_bbp_topic_count_hidden":0,"_bbp_reply_count_hidden":0,"_bbp_forum_subforum_count":0,"site-sidebar-layout":"default","site-content-layout":"","ast-site-content-layout":"default","site-content-style":"default","site-sidebar-style":"default","ast-global-header-display":"","ast-banner-title-visibility":"","ast-main-header-display":"","ast-hfb-above-header-display":"","ast-hfb-below-header-display":"","ast-hfb-mobile-header-display":"","site-post-title":"","ast-breadcrumbs-content":"","ast-featured-img":"","footer-sml-layout":"","theme-transparent-header-meta":"default","adv-header-id-meta":"","stick-header-meta":"","header-above-stick-meta":"","header-main-stick-meta":"","header-below-stick-meta":"","astra-migrate-meta-layouts":"set","ast-page-background-enabled":"default","ast-page-background-meta":{"desktop":{"background-color":"var(--ast-global-color-4)","background-image":"","background-repeat":"repeat","background-position":"center center","background-size":"auto","background-attachment":"scroll","background-type":"","background-media":"","overlay-type":"","overlay-color":"","overlay-opacity":"","overlay-gradient":""},"tablet":{"background-color":"","background-image":"","background-repeat":"repeat","background-position":"center center","background-size":"auto","background-attachment":"scroll","background-type":"","background-media":"","overlay-type":"","overlay-color":"","overlay-opacity":"","overlay-gradient":""},"mobile":{"background-color":"","background-image":"","background-repeat":"repeat","background-position":"center center","background-size":"auto","background-attachment":"scroll","background-type":"","background-media":"","overlay-type":"","overlay-color":"","overlay-opacity":"","overlay-gradient":""}},"ast-content-background-meta":{"desktop":{"background-color":"var(--ast-global-color-5)","background-image":"","background-repeat":"repeat","background-position":"center center","background-size":"auto","background-attachment":"scroll","background-type":"","background-media":"","overlay-type":"","overlay-color":"","overlay-opacity":"","overlay-gradient":""},"tablet":{"background-color":"var(--ast-global-color-5)","background-image":"","background-repeat":"repeat","background-position":"center center","background-size":"auto","background-attachment":"scroll","background-type":"","background-media":"","overlay-type":"","overlay-color":"","overlay-opacity":"","overlay-gradient":""},"mobile":{"background-color":"var(--ast-global-color-5)","background-image":"","background-repeat":"repeat","background-position":"center center","background-size":"auto","background-attachment":"scroll","background-type":"","background-media":"","overlay-type":"","overlay-color":"","overlay-opacity":"","overlay-gradient":""}},"footnotes":""},"class_list":["post-3307","page","type-page","status-publish","hentry"],"post_mailing_queue_ids":[],"_links":{"self":[{"href":"https:\/\/agora.xtec.cat\/esc-hortsavinya\/wp-json\/wp\/v2\/pages\/3307","targetHints":{"allow":["GET"]}}],"collection":[{"href":"https:\/\/agora.xtec.cat\/esc-hortsavinya\/wp-json\/wp\/v2\/pages"}],"about":[{"href":"https:\/\/agora.xtec.cat\/esc-hortsavinya\/wp-json\/wp\/v2\/types\/page"}],"author":[{"embeddable":true,"href":"https:\/\/agora.xtec.cat\/esc-hortsavinya\/wp-json\/wp\/v2\/users\/1"}],"replies":[{"embeddable":true,"href":"https:\/\/agora.xtec.cat\/esc-hortsavinya\/wp-json\/wp\/v2\/comments?post=3307"}],"version-history":[{"count":6,"href":"https:\/\/agora.xtec.cat\/esc-hortsavinya\/wp-json\/wp\/v2\/pages\/3307\/revisions"}],"predecessor-version":[{"id":3426,"href":"https:\/\/agora.xtec.cat\/esc-hortsavinya\/wp-json\/wp\/v2\/pages\/3307\/revisions\/3426"}],"up":[{"embeddable":true,"href":"https:\/\/agora.xtec.cat\/esc-hortsavinya\/wp-json\/wp\/v2\/pages\/3305"}],"wp:attachment":[{"href":"https:\/\/agora.xtec.cat\/esc-hortsavinya\/wp-json\/wp\/v2\/media?parent=3307"}],"curies":[{"name":"wp","href":"https:\/\/api.w.org\/{rel}","templated":true}]}}