{"id":3207,"date":"2024-11-05T15:51:47","date_gmt":"2024-11-05T14:51:47","guid":{"rendered":"https:\/\/agora.xtec.cat\/esc-hortsavinya\/?page_id=3207"},"modified":"2025-10-20T16:22:35","modified_gmt":"2025-10-20T14:22:35","slug":"pla-mib","status":"publish","type":"page","link":"https:\/\/agora.xtec.cat\/esc-hortsavinya\/biblioteca\/pla-mib\/","title":{"rendered":"PLAMIB"},"content":{"rendered":"<p>Aquest curs 2024-2025 ens iniciem amb el PLAMIB.<\/p>\n<p>El PLAMIB \u00e9s el Pla de millora de les biblioteques escolars de Catalunya, que es basa en l\u2019impuls de xarxes territorials, fent visibles bones pr\u00e0ctiques, dotant les biblioteques de recursos i posant \u00e8mfasi en la formaci\u00f3 i el reconeixement de les persones responsables.<\/p>\n<p><a href=\"https:\/\/agora.xtec.cat\/esc-hortsavinya\/wp-content\/uploads\/usu2361\/2024\/11\/PLAMIB-presentacio-1-scaled.jpg\"><img loading=\"lazy\" decoding=\"async\" class=\"alignnone size-large wp-image-3214\" src=\"https:\/\/agora.xtec.cat\/esc-hortsavinya\/wp-content\/uploads\/usu2361\/2024\/11\/PLAMIB-presentacio-1-1024x576.jpg\" alt=\"\" width=\"1024\" height=\"576\" srcset=\"https:\/\/agora.xtec.cat\/esc-hortsavinya\/wp-content\/uploads\/usu2361\/2024\/11\/PLAMIB-presentacio-1-1024x576.jpg 1024w, https:\/\/agora.xtec.cat\/esc-hortsavinya\/wp-content\/uploads\/usu2361\/2024\/11\/PLAMIB-presentacio-1-300x169.jpg 300w, https:\/\/agora.xtec.cat\/esc-hortsavinya\/wp-content\/uploads\/usu2361\/2024\/11\/PLAMIB-presentacio-1-768x432.jpg 768w, https:\/\/agora.xtec.cat\/esc-hortsavinya\/wp-content\/uploads\/usu2361\/2024\/11\/PLAMIB-presentacio-1-1536x864.jpg 1536w, https:\/\/agora.xtec.cat\/esc-hortsavinya\/wp-content\/uploads\/usu2361\/2024\/11\/PLAMIB-presentacio-1-2048x1152.jpg 2048w\" sizes=\"auto, (max-width: 1024px) 100vw, 1024px\" \/><\/a><a href=\"https:\/\/agora.xtec.cat\/esc-hortsavinya\/wp-content\/uploads\/usu2361\/2024\/11\/FIC.png\">&lt;link rel=&#8221;alternate&#8221; type=&#8221;application\/rss+xml&#8221; title=&#8221;Escola Santa Susanna \u00bb PLAMIB Canal de les categories&#8221; href=&#8221;https:\/\/agora.xtec.cat\/escolasantasusanna\/categoria\/pla-de-millora-de-les-biblioteques-escolars-de-catalunya\/feed\/&#8221;&gt;<img loading=\"lazy\" decoding=\"async\" class=\"wp-image-3211 aligncenter\" src=\"https:\/\/agora.xtec.cat\/esc-hortsavinya\/wp-content\/uploads\/usu2361\/2024\/11\/FIC.png\" alt=\"\" width=\"232\" height=\"133\" srcset=\"https:\/\/agora.xtec.cat\/esc-hortsavinya\/wp-content\/uploads\/usu2361\/2024\/11\/FIC.png 975w, https:\/\/agora.xtec.cat\/esc-hortsavinya\/wp-content\/uploads\/usu2361\/2024\/11\/FIC-300x173.png 300w, https:\/\/agora.xtec.cat\/esc-hortsavinya\/wp-content\/uploads\/usu2361\/2024\/11\/FIC-768x442.png 768w\" sizes=\"auto, (max-width: 232px) 100vw, 232px\" \/><\/a><\/p>\n","protected":false},"excerpt":{"rendered":"<p>Aquest curs 2024-2025 ens iniciem amb el PLAMIB. El PLAMIB \u00e9s el Pla de millora de les biblioteques escolars de Catalunya, que es basa en l\u2019impuls de xarxes territorials, fent visibles bones pr\u00e0ctiques, dotant les biblioteques de recursos i posant \u00e8mfasi en la formaci\u00f3 i el reconeixement de les persones responsables. &lt;link rel=&#8221;alternate&#8221; type=&#8221;application\/rss+xml&#8221; title=&#8221;Escola [&hellip;]<\/p>\n","protected":false},"author":1,"featured_media":0,"parent":3347,"menu_order":0,"comment_status":"closed","ping_status":"closed","template":"","meta":{"_bbp_topic_count":0,"_bbp_reply_count":0,"_bbp_total_topic_count":0,"_bbp_total_reply_count":0,"_bbp_voice_count":0,"_bbp_anonymous_reply_count":0,"_bbp_topic_count_hidden":0,"_bbp_reply_count_hidden":0,"_bbp_forum_subforum_count":0,"site-sidebar-layout":"default","site-content-layout":"","ast-site-content-layout":"default","site-content-style":"default","site-sidebar-style":"default","ast-global-header-display":"","ast-banner-title-visibility":"","ast-main-header-display":"","ast-hfb-above-header-display":"","ast-hfb-below-header-display":"","ast-hfb-mobile-header-display":"","site-post-title":"","ast-breadcrumbs-content":"","ast-featured-img":"","footer-sml-layout":"","theme-transparent-header-meta":"default","adv-header-id-meta":"","stick-header-meta":"","header-above-stick-meta":"","header-main-stick-meta":"","header-below-stick-meta":"","astra-migrate-meta-layouts":"set","ast-page-background-enabled":"default","ast-page-background-meta":{"desktop":{"background-color":"var(--ast-global-color-4)","background-image":"","background-repeat":"repeat","background-position":"center center","background-size":"auto","background-attachment":"scroll","background-type":"","background-media":"","overlay-type":"","overlay-color":"","overlay-opacity":"","overlay-gradient":""},"tablet":{"background-color":"","background-image":"","background-repeat":"repeat","background-position":"center center","background-size":"auto","background-attachment":"scroll","background-type":"","background-media":"","overlay-type":"","overlay-color":"","overlay-opacity":"","overlay-gradient":""},"mobile":{"background-color":"","background-image":"","background-repeat":"repeat","background-position":"center center","background-size":"auto","background-attachment":"scroll","background-type":"","background-media":"","overlay-type":"","overlay-color":"","overlay-opacity":"","overlay-gradient":""}},"ast-content-background-meta":{"desktop":{"background-color":"var(--ast-global-color-5)","background-image":"","background-repeat":"repeat","background-position":"center center","background-size":"auto","background-attachment":"scroll","background-type":"","background-media":"","overlay-type":"","overlay-color":"","overlay-opacity":"","overlay-gradient":""},"tablet":{"background-color":"var(--ast-global-color-5)","background-image":"","background-repeat":"repeat","background-position":"center center","background-size":"auto","background-attachment":"scroll","background-type":"","background-media":"","overlay-type":"","overlay-color":"","overlay-opacity":"","overlay-gradient":""},"mobile":{"background-color":"var(--ast-global-color-5)","background-image":"","background-repeat":"repeat","background-position":"center center","background-size":"auto","background-attachment":"scroll","background-type":"","background-media":"","overlay-type":"","overlay-color":"","overlay-opacity":"","overlay-gradient":""}},"footnotes":""},"class_list":["post-3207","page","type-page","status-publish","hentry"],"post_mailing_queue_ids":[],"_links":{"self":[{"href":"https:\/\/agora.xtec.cat\/esc-hortsavinya\/wp-json\/wp\/v2\/pages\/3207","targetHints":{"allow":["GET"]}}],"collection":[{"href":"https:\/\/agora.xtec.cat\/esc-hortsavinya\/wp-json\/wp\/v2\/pages"}],"about":[{"href":"https:\/\/agora.xtec.cat\/esc-hortsavinya\/wp-json\/wp\/v2\/types\/page"}],"author":[{"embeddable":true,"href":"https:\/\/agora.xtec.cat\/esc-hortsavinya\/wp-json\/wp\/v2\/users\/1"}],"replies":[{"embeddable":true,"href":"https:\/\/agora.xtec.cat\/esc-hortsavinya\/wp-json\/wp\/v2\/comments?post=3207"}],"version-history":[{"count":6,"href":"https:\/\/agora.xtec.cat\/esc-hortsavinya\/wp-json\/wp\/v2\/pages\/3207\/revisions"}],"predecessor-version":[{"id":3353,"href":"https:\/\/agora.xtec.cat\/esc-hortsavinya\/wp-json\/wp\/v2\/pages\/3207\/revisions\/3353"}],"up":[{"embeddable":true,"href":"https:\/\/agora.xtec.cat\/esc-hortsavinya\/wp-json\/wp\/v2\/pages\/3347"}],"wp:attachment":[{"href":"https:\/\/agora.xtec.cat\/esc-hortsavinya\/wp-json\/wp\/v2\/media?parent=3207"}],"curies":[{"name":"wp","href":"https:\/\/api.w.org\/{rel}","templated":true}]}}