{"id":3122,"date":"2023-11-22T09:20:37","date_gmt":"2023-11-22T08:20:37","guid":{"rendered":"https:\/\/agora.xtec.cat\/esc-hortsavinya\/?page_id=3122"},"modified":"2025-09-30T09:11:29","modified_gmt":"2025-09-30T07:11:29","slug":"colonies","status":"publish","type":"page","link":"https:\/\/agora.xtec.cat\/esc-hortsavinya\/activitats\/el-dia-a-dia-a-lescola\/curs-24-25\/colonies\/","title":{"rendered":"Col\u00f2nies"},"content":{"rendered":"<p><strong>Web escola\u00a0<\/strong><\/p>\n<p>&nbsp;<\/p>\n<p><span style=\"font-weight: 400;\">Els dies 8,9,10, vam anar tota l&#8217;escola de col\u00f2nies. Vam agafar el autob\u00fas fins arribar al poble del Figar\u00f3, all\u00e0 vam agafar un caminet fins la casa de col\u00f2nies.<\/span><\/p>\n<p><span style=\"font-weight: 400;\">Un temps despr\u00e9s\u00a0 van arribar els petits, i ja hi vam ser tots.\u00a0<\/span><\/p>\n<p><span style=\"font-weight: 400;\">L\u2019activitat que m\u00e9s ens va agradar son la primera activitat de nit, que era un joc de nit on un grup eren els ca\u00e7adors furtius, i un altre eren guardes forestals. Els ca\u00e7adors furtius havien de buscar animals i escriure el nom dels animals que anaven trobant, per\u00f2 si els guardes troben els ca\u00e7adors, els ficaven una esp\u00e8cie de multa i havien d\u2019esperar a la pres\u00f3.\u00a0\u00a0<\/span><\/p>\n<p><a href=\"https:\/\/agora.xtec.cat\/esc-hortsavinya\/wp-content\/uploads\/usu2361\/2023\/11\/web-30-10.jpg\"><img loading=\"lazy\" decoding=\"async\" class=\" wp-image-3121 aligncenter\" src=\"https:\/\/agora.xtec.cat\/esc-hortsavinya\/wp-content\/uploads\/usu2361\/2023\/11\/web-30-10.jpg\" alt=\"\" width=\"472\" height=\"472\" srcset=\"https:\/\/agora.xtec.cat\/esc-hortsavinya\/wp-content\/uploads\/usu2361\/2023\/11\/web-30-10.jpg 642w, https:\/\/agora.xtec.cat\/esc-hortsavinya\/wp-content\/uploads\/usu2361\/2023\/11\/web-30-10-300x300.jpg 300w, https:\/\/agora.xtec.cat\/esc-hortsavinya\/wp-content\/uploads\/usu2361\/2023\/11\/web-30-10-150x150.jpg 150w\" sizes=\"auto, (max-width: 472px) 100vw, 472px\" \/><\/a><\/p>\n<p><span style=\"font-weight: 400;\">\u00a0<\/span><\/p>\n","protected":false},"excerpt":{"rendered":"<p>Web escola\u00a0 &nbsp; Els dies 8,9,10, vam anar tota l&#8217;escola de col\u00f2nies. Vam agafar el autob\u00fas fins arribar al poble del Figar\u00f3, all\u00e0 vam agafar un caminet fins la casa de col\u00f2nies. Un temps despr\u00e9s\u00a0 van arribar els petits, i ja hi vam ser tots.\u00a0 L\u2019activitat que m\u00e9s ens va agradar son la primera activitat [&hellip;]<\/p>\n","protected":false},"author":1,"featured_media":0,"parent":3309,"menu_order":0,"comment_status":"closed","ping_status":"closed","template":"","meta":{"_bbp_topic_count":0,"_bbp_reply_count":0,"_bbp_total_topic_count":0,"_bbp_total_reply_count":0,"_bbp_voice_count":0,"_bbp_anonymous_reply_count":0,"_bbp_topic_count_hidden":0,"_bbp_reply_count_hidden":0,"_bbp_forum_subforum_count":0,"site-sidebar-layout":"default","site-content-layout":"","ast-site-content-layout":"default","site-content-style":"default","site-sidebar-style":"default","ast-global-header-display":"","ast-banner-title-visibility":"","ast-main-header-display":"","ast-hfb-above-header-display":"","ast-hfb-below-header-display":"","ast-hfb-mobile-header-display":"","site-post-title":"","ast-breadcrumbs-content":"","ast-featured-img":"","footer-sml-layout":"","theme-transparent-header-meta":"default","adv-header-id-meta":"","stick-header-meta":"","header-above-stick-meta":"","header-main-stick-meta":"","header-below-stick-meta":"","astra-migrate-meta-layouts":"set","ast-page-background-enabled":"default","ast-page-background-meta":{"desktop":{"background-color":"var(--ast-global-color-4)","background-image":"","background-repeat":"repeat","background-position":"center center","background-size":"auto","background-attachment":"scroll","background-type":"","background-media":"","overlay-type":"","overlay-color":"","overlay-opacity":"","overlay-gradient":""},"tablet":{"background-color":"","background-image":"","background-repeat":"repeat","background-position":"center center","background-size":"auto","background-attachment":"scroll","background-type":"","background-media":"","overlay-type":"","overlay-color":"","overlay-opacity":"","overlay-gradient":""},"mobile":{"background-color":"","background-image":"","background-repeat":"repeat","background-position":"center center","background-size":"auto","background-attachment":"scroll","background-type":"","background-media":"","overlay-type":"","overlay-color":"","overlay-opacity":"","overlay-gradient":""}},"ast-content-background-meta":{"desktop":{"background-color":"var(--ast-global-color-5)","background-image":"","background-repeat":"repeat","background-position":"center center","background-size":"auto","background-attachment":"scroll","background-type":"","background-media":"","overlay-type":"","overlay-color":"","overlay-opacity":"","overlay-gradient":""},"tablet":{"background-color":"var(--ast-global-color-5)","background-image":"","background-repeat":"repeat","background-position":"center center","background-size":"auto","background-attachment":"scroll","background-type":"","background-media":"","overlay-type":"","overlay-color":"","overlay-opacity":"","overlay-gradient":""},"mobile":{"background-color":"var(--ast-global-color-5)","background-image":"","background-repeat":"repeat","background-position":"center center","background-size":"auto","background-attachment":"scroll","background-type":"","background-media":"","overlay-type":"","overlay-color":"","overlay-opacity":"","overlay-gradient":""}},"footnotes":""},"class_list":["post-3122","page","type-page","status-publish","hentry"],"post_mailing_queue_ids":[],"_links":{"self":[{"href":"https:\/\/agora.xtec.cat\/esc-hortsavinya\/wp-json\/wp\/v2\/pages\/3122","targetHints":{"allow":["GET"]}}],"collection":[{"href":"https:\/\/agora.xtec.cat\/esc-hortsavinya\/wp-json\/wp\/v2\/pages"}],"about":[{"href":"https:\/\/agora.xtec.cat\/esc-hortsavinya\/wp-json\/wp\/v2\/types\/page"}],"author":[{"embeddable":true,"href":"https:\/\/agora.xtec.cat\/esc-hortsavinya\/wp-json\/wp\/v2\/users\/1"}],"replies":[{"embeddable":true,"href":"https:\/\/agora.xtec.cat\/esc-hortsavinya\/wp-json\/wp\/v2\/comments?post=3122"}],"version-history":[{"count":1,"href":"https:\/\/agora.xtec.cat\/esc-hortsavinya\/wp-json\/wp\/v2\/pages\/3122\/revisions"}],"predecessor-version":[{"id":3123,"href":"https:\/\/agora.xtec.cat\/esc-hortsavinya\/wp-json\/wp\/v2\/pages\/3122\/revisions\/3123"}],"up":[{"embeddable":true,"href":"https:\/\/agora.xtec.cat\/esc-hortsavinya\/wp-json\/wp\/v2\/pages\/3309"}],"wp:attachment":[{"href":"https:\/\/agora.xtec.cat\/esc-hortsavinya\/wp-json\/wp\/v2\/media?parent=3122"}],"curies":[{"name":"wp","href":"https:\/\/api.w.org\/{rel}","templated":true}]}}