{"id":307,"date":"2013-07-29T00:02:03","date_gmt":"2013-07-28T23:02:03","guid":{"rendered":"http:\/\/blocs.xtec.cat\/hortsavinya\/?page_id=307"},"modified":"2013-07-29T00:02:03","modified_gmt":"2013-07-28T23:02:03","slug":"llibres-i-material","status":"publish","type":"page","link":"https:\/\/agora.xtec.cat\/esc-hortsavinya\/lescola-2\/llibres-i-material\/","title":{"rendered":"Llibres i material"},"content":{"rendered":"<p><!-- H2 { margin-top: 0.35cm; margin-bottom: 0cm; direction: ltr; color: rgb(0, 0, 0); font-family: \"Trebuchet MS\"; font-size: 13pt; font-style: normal; line-height: 115%; text-align: left; widows: 2; orphans: 2; text-decoration: none; page-break-before: auto; page-break-after: auto; }H1 { margin-top: 0.35cm; margin-bottom: 0cm; direction: ltr; color: rgb(0, 0, 0); font-family: \"Trebuchet MS\"; font-size: 16pt; font-style: normal; font-weight: normal; line-height: 115%; text-align: left; widows: 2; orphans: 2; text-decoration: none; page-break-before: auto; page-break-after: auto; }P { margin-bottom: 0.21cm; direction: ltr; color: rgb(0, 0, 0); font-family: \"Arial\",sans-serif; font-size: 11pt; font-style: normal; font-weight: normal; line-height: 115%; text-align: left; widows: 2; orphans: 2; text-decoration: none; page-break-before: auto; page-break-after: auto; } --><\/p>\n<h2>Material i llibres per al curs 21\/22<\/h2>\n<p class=\"western\"><span style=\"font-size: small;\">\u00c9s absolutament necessari que els <b>alumnes de cicle inicial<\/b> tinguin a casa llapis, goma, maquineta i colors.<\/span><\/p>\n<p class=\"western\"><span style=\"font-size: small;\">\u00c9s recomanable que els <b>alumnes de cicle mitj\u00e0 i superior<\/b> disposin a casa de:<\/span><\/p>\n<p class=\"western\">\u2013 <span style=\"font-size: small;\">Diccionaris de les 3 lleng\u00fces, bol\u00edgrafs, colors i retoladors, regles, comp\u00e0s i porta-angles (superior nom\u00e9s).<\/span><\/p>\n<p class=\"western\">\u2013 <span style=\"font-size: small;\">Programari gratu\u00eft recomanat per tenir instal\u00b7lat a casa: LibreOffice, Audacity, Gimp, Tuxpaint, Gcompris, VLC, MuseScore, Google Earth&#8230;<\/span><\/p>\n<p class=\"western\"><span style=\"font-size: small;\"><span style=\"color: #000000;\">M<\/span><span style=\"color: #000000;\">aterials <\/span><span style=\"color: #000000;\">com<\/span><span style=\"color: #000000;\"> regles, compassos, colors, material art\u00edstic, impressions i fotoc\u00f2pies, enquadernacions, paper pautat i quadriculat\u2026 l\u2019aportar\u00e0 l\u2019escola mitjan\u00e7ant la quota de material.<\/span><\/span><\/p>\n<p class=\"western\"><span style=\"font-size: small;\"><b>Educaci\u00f3 infantil<\/b><\/span><\/p>\n<p class=\"western\"><span style=\"font-size: small;\">Carpeta \u201cportfoli\u201d mida Din A3 (alumnes nous)<\/span><\/p>\n<p class=\"western\"><span style=\"font-size: small;\">3 paquets de mocadors i 2 paquets de tovalloletes.<\/span><\/p>\n<p class=\"western\"><span style=\"font-size: small;\"><b>1r<\/b><\/span><\/p>\n<p class=\"western\"><span style=\"font-size: small;\">2 carpetes mida foli sense separadors.<\/span><\/p>\n<p class=\"western\"><span style=\"font-size: small;\">Mem\u00f2ria USB<\/span><\/p>\n<p class=\"western\"><span style=\"font-size: small;\">1 paquet de mocadors de paper<\/span><\/p>\n<p class=\"western\"><span style=\"font-size: small;\"><b>2n<\/b><\/span><\/p>\n<p class=\"western\"><span style=\"font-size: small;\">2 carpetes mida foli sense separadors.<\/span><\/p>\n<p class=\"western\"><span style=\"font-size: small;\">Mem\u00f2ria USB.<\/span><\/p>\n<p class=\"western\"><span style=\"font-size: small;\">1 paquet de mocadors de paper<\/span><\/p>\n<p class=\"western\"><span style=\"font-size: small;\">PAI 2000 no. 2 Editorial Cru\u00eflla. ISBN 978-84-8286-901-8<\/span><\/p>\n<p class=\"western\"><span style=\"font-size: small;\"><b>3r<\/b><\/span><\/p>\n<p class=\"western\"><span style=\"font-size: small;\">Carpeta amb separadors.<\/span><\/p>\n<p class=\"western\"><span style=\"font-size: small;\">Mem\u00f2ria USB.<\/span><\/p>\n<p class=\"western\"><span style=\"font-size: small;\">Dos llibres de lectura apropiats a l\u2019edat.<\/span><\/p>\n<p class=\"western\"><span style=\"font-size: small;\">PAI 2000 no. 3 Editorial Cru\u00eflla. ISBN 978-84-661-0144-6<\/span><\/p>\n<p class=\"western\"><span style=\"font-size: small;\">M\u00f3n ortogr\u00e0fic 3r Ed Barcanova. ISBN 978-84-489-2538-3 <\/span><\/p>\n<p class=\"western\"><span style=\"font-size: small;\">Mundo ortogr\u00e0fico 3r Ed Barcanova ISBN 978-84-489-2542-0<\/span><\/p>\n<p class=\"western\"><span style=\"font-size: small;\"><b>4t<\/b><\/span><\/p>\n<p class=\"western\"><span style=\"font-size: small;\">Carpeta amb separadors.<\/span><\/p>\n<p class=\"western\"><span style=\"font-size: small;\">Mem\u00f2ria USB<\/span><\/p>\n<p class=\"western\"><span style=\"font-size: small;\">Dos llibres de lectura apropiats a l\u2019edat.<\/span><\/p>\n<p class=\"western\"><span style=\"font-size: small;\">PAI 2000 no. 4 Editorial Cru\u00eflla. ISBN 978-84-661-0327-9<\/span><\/p>\n<p class=\"western\"><span style=\"font-size: small;\">M\u00f3n ortogr\u00e0fic 4t Ed Barcanova. ISBN 978-84-489-2539-0<\/span><\/p>\n<p class=\"western\"><span style=\"font-size: small;\">Mundo ortogr\u00e0fico 4t Ed Barcanova. ISBN 978-84-489-2543-7<\/span><\/p>\n<p class=\"western\"><span style=\"font-size: small;\"><b><br \/>\n5\u00e8<\/b><\/span><\/p>\n<p class=\"western\"><span style=\"font-size: small;\">Carpeta amb separadors.<\/span><\/p>\n<p class=\"western\"><span style=\"font-size: small;\">Mem\u00f2ria USB<\/span><\/p>\n<p class=\"western\"><span style=\"font-size: small;\">Dos llibres de lectura apropiats a l\u2019edat.<\/span><\/p>\n<p class=\"western\"><span style=\"font-size: small;\">PAI 2000 no. 5 Editorial Cru\u00eflla. ISBN 978-84-661-0566-2<\/span><\/p>\n<p class=\"western\"><span style=\"font-size: small;\">M\u00f3n ortogr\u00e0fic 5\u00e8 Ed Barcanova ISBN 978-84-489-2430-0<\/span><\/p>\n<p class=\"western\"><span style=\"font-size: small;\">Mundo ortogr\u00e1fico 5\u00e8 Ed Barcanova ISBN 978-84-489-2432-4<\/span><\/p>\n<p class=\"western\"><span style=\"font-size: small;\"><b>6\u00e8<\/b><\/span><\/p>\n<p class=\"western\"><span style=\"font-size: small;\">Carpeta amb separadors.<\/span><\/p>\n<p class=\"western\"><span style=\"font-size: small;\">Mem\u00f2ria USB<\/span><\/p>\n<p class=\"western\"><span style=\"font-size: small;\">Dos llibres de lectura apropiats a l\u2019edat.<\/span><\/p>\n<p class=\"western\"><span style=\"font-size: small;\">PAI 2000 no. 6 Editorial Cru\u00eflla. ISBN 978-84-661-0714-2<\/span><\/p>\n<p class=\"western\"><span style=\"font-size: small;\">M\u00f3n ortogr\u00e0fic 6\u00e8 Ed Barcanova ISBN 978-84-489-2431-7<\/span><\/p>\n<p class=\"western\"><span style=\"font-size: small;\">Mundo ortogr\u00e1fico 6\u00e8 Ed Barcanova ISBN 978-84-489-2433-1<\/span><\/p>\n","protected":false},"excerpt":{"rendered":"<p>Material i llibres per al curs 21\/22 \u00c9s absolutament necessari que els alumnes de cicle inicial tinguin a casa llapis, goma, maquineta i colors. \u00c9s recomanable que els alumnes de cicle mitj\u00e0 i superior disposin a casa de: \u2013 Diccionaris de les 3 lleng\u00fces, bol\u00edgrafs, colors i retoladors, regles, comp\u00e0s i porta-angles (superior nom\u00e9s). \u2013 [&hellip;]<\/p>\n","protected":false},"author":3,"featured_media":0,"parent":2856,"menu_order":0,"comment_status":"open","ping_status":"open","template":"","meta":{"_bbp_topic_count":0,"_bbp_reply_count":0,"_bbp_total_topic_count":0,"_bbp_total_reply_count":0,"_bbp_voice_count":0,"_bbp_anonymous_reply_count":0,"_bbp_topic_count_hidden":0,"_bbp_reply_count_hidden":0,"_bbp_forum_subforum_count":0,"site-sidebar-layout":"default","site-content-layout":"","ast-site-content-layout":"","site-content-style":"default","site-sidebar-style":"default","ast-global-header-display":"","ast-banner-title-visibility":"","ast-main-header-display":"","ast-hfb-above-header-display":"","ast-hfb-below-header-display":"","ast-hfb-mobile-header-display":"","site-post-title":"","ast-breadcrumbs-content":"","ast-featured-img":"","footer-sml-layout":"","theme-transparent-header-meta":"","adv-header-id-meta":"","stick-header-meta":"","header-above-stick-meta":"","header-main-stick-meta":"","header-below-stick-meta":"","astra-migrate-meta-layouts":"default","ast-page-background-enabled":"default","ast-page-background-meta":{"desktop":{"background-color":"var(--ast-global-color-4)","background-image":"","background-repeat":"repeat","background-position":"center center","background-size":"auto","background-attachment":"scroll","background-type":"","background-media":"","overlay-type":"","overlay-color":"","overlay-opacity":"","overlay-gradient":""},"tablet":{"background-color":"","background-image":"","background-repeat":"repeat","background-position":"center center","background-size":"auto","background-attachment":"scroll","background-type":"","background-media":"","overlay-type":"","overlay-color":"","overlay-opacity":"","overlay-gradient":""},"mobile":{"background-color":"","background-image":"","background-repeat":"repeat","background-position":"center center","background-size":"auto","background-attachment":"scroll","background-type":"","background-media":"","overlay-type":"","overlay-color":"","overlay-opacity":"","overlay-gradient":""}},"ast-content-background-meta":{"desktop":{"background-color":"var(--ast-global-color-5)","background-image":"","background-repeat":"repeat","background-position":"center center","background-size":"auto","background-attachment":"scroll","background-type":"","background-media":"","overlay-type":"","overlay-color":"","overlay-opacity":"","overlay-gradient":""},"tablet":{"background-color":"var(--ast-global-color-5)","background-image":"","background-repeat":"repeat","background-position":"center center","background-size":"auto","background-attachment":"scroll","background-type":"","background-media":"","overlay-type":"","overlay-color":"","overlay-opacity":"","overlay-gradient":""},"mobile":{"background-color":"var(--ast-global-color-5)","background-image":"","background-repeat":"repeat","background-position":"center center","background-size":"auto","background-attachment":"scroll","background-type":"","background-media":"","overlay-type":"","overlay-color":"","overlay-opacity":"","overlay-gradient":""}},"footnotes":""},"class_list":["post-307","page","type-page","status-publish","hentry"],"post_mailing_queue_ids":[],"_links":{"self":[{"href":"https:\/\/agora.xtec.cat\/esc-hortsavinya\/wp-json\/wp\/v2\/pages\/307","targetHints":{"allow":["GET"]}}],"collection":[{"href":"https:\/\/agora.xtec.cat\/esc-hortsavinya\/wp-json\/wp\/v2\/pages"}],"about":[{"href":"https:\/\/agora.xtec.cat\/esc-hortsavinya\/wp-json\/wp\/v2\/types\/page"}],"author":[{"embeddable":true,"href":"https:\/\/agora.xtec.cat\/esc-hortsavinya\/wp-json\/wp\/v2\/users\/3"}],"replies":[{"embeddable":true,"href":"https:\/\/agora.xtec.cat\/esc-hortsavinya\/wp-json\/wp\/v2\/comments?post=307"}],"version-history":[{"count":0,"href":"https:\/\/agora.xtec.cat\/esc-hortsavinya\/wp-json\/wp\/v2\/pages\/307\/revisions"}],"up":[{"embeddable":true,"href":"https:\/\/agora.xtec.cat\/esc-hortsavinya\/wp-json\/wp\/v2\/pages\/2856"}],"wp:attachment":[{"href":"https:\/\/agora.xtec.cat\/esc-hortsavinya\/wp-json\/wp\/v2\/media?parent=307"}],"curies":[{"name":"wp","href":"https:\/\/api.w.org\/{rel}","templated":true}]}}