{"id":2868,"date":"2022-10-25T16:35:20","date_gmt":"2022-10-25T14:35:20","guid":{"rendered":"http:\/\/blocs.xtec.cat\/hortsavinya\/?page_id=2868"},"modified":"2022-10-25T16:35:20","modified_gmt":"2022-10-25T14:35:20","slug":"fem-radio","status":"publish","type":"page","link":"https:\/\/agora.xtec.cat\/esc-hortsavinya\/alumnes\/fem-radio\/","title":{"rendered":"Fem R\u00e0dio!"},"content":{"rendered":"<p>&nbsp;<\/p>\n<p>Aquest curs 2022-23 l&#8217;alumnat de Prim\u00e0ria gravar\u00e0 podcasts per emetre en el programa de R\u00e0dio Tordera &#8220;Aules en L\u00ednia&#8221;\u00a0\u00a0(aproximadament amb una periodicitat quinzenal)<\/p>\n<p>Aqu\u00ed us els adjuntem perqu\u00e8 els pugueu escoltar:<\/p>\n<p><strong>mar\u00e7\/2023<\/strong>: Recetas de Cocina (Castellano),\u00a0<strong>Grup de Mitjans<\/strong>:<\/p>\n<ul>\n<li><span style=\"text-decoration: underline;\"><em>Macarrones:<\/em><\/span>\u00a0<a href=\"https:\/\/drive.google.com\/file\/d\/1M6jNBNr68v3QCFp4ANehBzsE7k6YFCz_\/view?usp=share_link\">https:\/\/drive.google.com\/file\/d\/1M6jNBNr68v3QCFp4ANehBzsE7k6YFCz_\/view?usp=share_link<\/a><\/li>\n<li><span style=\"text-decoration: underline;\"><em>Sandwich_Jamonero:<\/em><\/span>\u00a0\u00a0<a href=\"https:\/\/drive.google.com\/file\/d\/1Na9lIVpT67EHXjP9T4aEVEClJ39ot9n-\/view?usp=share_link\">https:\/\/drive.google.com\/file\/d\/1Na9lIVpT67EHXjP9T4aEVEClJ39ot9n-\/view?usp=share_link<\/a><\/li>\n<li><span style=\"text-decoration: underline;\"><em>Sandwich_Paraguayo:<\/em><\/span>\u00a0<a href=\"https:\/\/drive.google.com\/file\/d\/1Q_wnkSspFZkRKLyMrgVtlglLBTXsarXc\/view?usp=share_link\">https:\/\/drive.google.com\/file\/d\/1Q_wnkSspFZkRKLyMrgVtlglLBTXsarXc\/view?usp=share_link<\/a><\/li>\n<\/ul>\n<p><strong>25\/novembre\/2022<\/strong>: Les Col\u00f2nies,\u00a0<strong>Grup de Mitjans<\/strong>:<\/p>\n<p><a href=\"https:\/\/drive.google.com\/file\/d\/1X4gYNlH-_v0Lo51wD-CFzvJRDUw9GvQn\/view?usp=share_link\">https:\/\/drive.google.com\/file\/d\/1X4gYNlH-_v0Lo51wD-CFzvJRDUw9GvQn\/view?usp=share_link<\/a><\/p>\n<h6><\/h6>\n<p>&nbsp;<\/p>\n<p><strong>22\/novembre\/2022<\/strong>: Parlem dels germans,\u00a0<strong>Grup de Grans<\/strong>:<\/p>\n<p><a href=\"https:\/\/drive.google.com\/file\/d\/1crrpS0HHj6wb11_6FXMSNSsOC2_7AAsb\/view?usp=sharing\">https:\/\/drive.google.com\/file\/d\/1crrpS0HHj6wb11_6FXMSNSsOC2_7AAsb\/view?usp=sharing<\/a><\/p>\n<h4 style=\"padding-left: 60px;\"><em>Programa sencer:\u00a0<a href=\"https:\/\/alacarta.radiotordera.cat\/programs\/aules-en-linia\/radiotordera_podcast_9496?ref=wa\">https:\/\/alacarta.radiotordera.cat\/programs\/aules-en-linia\/radiotordera_podcast_9496?ref=wa\u00a0<\/a><\/em><\/h4>\n<h6><\/h6>\n<p>&nbsp;<\/p>\n<p><strong>18\/octubre\/2022<\/strong>: El primer mes d&#8217;escola, <strong>Grup de Mitjans<\/strong>:<\/p>\n<p><a href=\"https:\/\/drive.google.com\/file\/d\/19RtHSIbNnKVUi5Bd1FV5LQtlEsNkka4W\/view?usp=sharing\">https:\/\/drive.google.com\/file\/d\/19RtHSIbNnKVUi5Bd1FV5LQtlEsNkka4W\/view?usp=sharing<\/a><\/p>\n<h4 style=\"padding-left: 60px;\"><em>Programa sencer:\u00a0<a href=\"https:\/\/alacarta.radiotordera.cat\/programs\/aules-en-linia\/radiotordera_podcast_9166?ref=wa\">https:\/\/alacarta.radiotordera.cat\/programs\/aules-en-linia\/radiotordera_podcast_9166?ref=wa<\/a><\/em><\/h4>\n<p>&nbsp;<\/p>\n<p>&nbsp;<\/p>\n<p>Per escoltar els programes sencers premeu a l&#8217;enlla\u00e7:\u00a0<a href=\"https:\/\/radiotordera.cat\/radio\/?cat=1455\">https:\/\/radiotordera.cat\/radio\/?cat=1455<\/a><\/p>\n","protected":false},"excerpt":{"rendered":"<p>&nbsp; Aquest curs 2022-23 l&#8217;alumnat de Prim\u00e0ria gravar\u00e0 podcasts per emetre en el programa de R\u00e0dio Tordera &#8220;Aules en L\u00ednia&#8221;\u00a0\u00a0(aproximadament amb una periodicitat quinzenal) Aqu\u00ed us els adjuntem perqu\u00e8 els pugueu escoltar: mar\u00e7\/2023: Recetas de Cocina (Castellano),\u00a0Grup de Mitjans: Macarrones:\u00a0https:\/\/drive.google.com\/file\/d\/1M6jNBNr68v3QCFp4ANehBzsE7k6YFCz_\/view?usp=share_link Sandwich_Jamonero:\u00a0\u00a0https:\/\/drive.google.com\/file\/d\/1Na9lIVpT67EHXjP9T4aEVEClJ39ot9n-\/view?usp=share_link Sandwich_Paraguayo:\u00a0https:\/\/drive.google.com\/file\/d\/1Q_wnkSspFZkRKLyMrgVtlglLBTXsarXc\/view?usp=share_link 25\/novembre\/2022: Les Col\u00f2nies,\u00a0Grup de Mitjans: https:\/\/drive.google.com\/file\/d\/1X4gYNlH-_v0Lo51wD-CFzvJRDUw9GvQn\/view?usp=share_link &nbsp; 22\/novembre\/2022: Parlem dels germans,\u00a0Grup de Grans: [&hellip;]<\/p>\n","protected":false},"author":3,"featured_media":0,"parent":1022,"menu_order":0,"comment_status":"closed","ping_status":"closed","template":"","meta":{"_bbp_topic_count":0,"_bbp_reply_count":0,"_bbp_total_topic_count":0,"_bbp_total_reply_count":0,"_bbp_voice_count":0,"_bbp_anonymous_reply_count":0,"_bbp_topic_count_hidden":0,"_bbp_reply_count_hidden":0,"_bbp_forum_subforum_count":0,"site-sidebar-layout":"default","site-content-layout":"","ast-site-content-layout":"","site-content-style":"default","site-sidebar-style":"default","ast-global-header-display":"","ast-banner-title-visibility":"","ast-main-header-display":"","ast-hfb-above-header-display":"","ast-hfb-below-header-display":"","ast-hfb-mobile-header-display":"","site-post-title":"","ast-breadcrumbs-content":"","ast-featured-img":"","footer-sml-layout":"","theme-transparent-header-meta":"","adv-header-id-meta":"","stick-header-meta":"","header-above-stick-meta":"","header-main-stick-meta":"","header-below-stick-meta":"","astra-migrate-meta-layouts":"default","ast-page-background-enabled":"default","ast-page-background-meta":{"desktop":{"background-color":"var(--ast-global-color-4)","background-image":"","background-repeat":"repeat","background-position":"center center","background-size":"auto","background-attachment":"scroll","background-type":"","background-media":"","overlay-type":"","overlay-color":"","overlay-opacity":"","overlay-gradient":""},"tablet":{"background-color":"","background-image":"","background-repeat":"repeat","background-position":"center center","background-size":"auto","background-attachment":"scroll","background-type":"","background-media":"","overlay-type":"","overlay-color":"","overlay-opacity":"","overlay-gradient":""},"mobile":{"background-color":"","background-image":"","background-repeat":"repeat","background-position":"center center","background-size":"auto","background-attachment":"scroll","background-type":"","background-media":"","overlay-type":"","overlay-color":"","overlay-opacity":"","overlay-gradient":""}},"ast-content-background-meta":{"desktop":{"background-color":"var(--ast-global-color-5)","background-image":"","background-repeat":"repeat","background-position":"center center","background-size":"auto","background-attachment":"scroll","background-type":"","background-media":"","overlay-type":"","overlay-color":"","overlay-opacity":"","overlay-gradient":""},"tablet":{"background-color":"var(--ast-global-color-5)","background-image":"","background-repeat":"repeat","background-position":"center center","background-size":"auto","background-attachment":"scroll","background-type":"","background-media":"","overlay-type":"","overlay-color":"","overlay-opacity":"","overlay-gradient":""},"mobile":{"background-color":"var(--ast-global-color-5)","background-image":"","background-repeat":"repeat","background-position":"center center","background-size":"auto","background-attachment":"scroll","background-type":"","background-media":"","overlay-type":"","overlay-color":"","overlay-opacity":"","overlay-gradient":""}},"footnotes":""},"class_list":["post-2868","page","type-page","status-publish","hentry"],"post_mailing_queue_ids":[],"_links":{"self":[{"href":"https:\/\/agora.xtec.cat\/esc-hortsavinya\/wp-json\/wp\/v2\/pages\/2868","targetHints":{"allow":["GET"]}}],"collection":[{"href":"https:\/\/agora.xtec.cat\/esc-hortsavinya\/wp-json\/wp\/v2\/pages"}],"about":[{"href":"https:\/\/agora.xtec.cat\/esc-hortsavinya\/wp-json\/wp\/v2\/types\/page"}],"author":[{"embeddable":true,"href":"https:\/\/agora.xtec.cat\/esc-hortsavinya\/wp-json\/wp\/v2\/users\/3"}],"replies":[{"embeddable":true,"href":"https:\/\/agora.xtec.cat\/esc-hortsavinya\/wp-json\/wp\/v2\/comments?post=2868"}],"version-history":[{"count":0,"href":"https:\/\/agora.xtec.cat\/esc-hortsavinya\/wp-json\/wp\/v2\/pages\/2868\/revisions"}],"up":[{"embeddable":true,"href":"https:\/\/agora.xtec.cat\/esc-hortsavinya\/wp-json\/wp\/v2\/pages\/1022"}],"wp:attachment":[{"href":"https:\/\/agora.xtec.cat\/esc-hortsavinya\/wp-json\/wp\/v2\/media?parent=2868"}],"curies":[{"name":"wp","href":"https:\/\/api.w.org\/{rel}","templated":true}]}}