{"id":2856,"date":"2011-03-14T18:44:33","date_gmt":"2011-03-14T17:44:33","guid":{"rendered":"http:\/\/blocs.xtec.cat\/hortsavinya\/?page_id=5"},"modified":"2024-02-20T13:01:21","modified_gmt":"2024-02-20T12:01:21","slug":"lescola-2","status":"publish","type":"page","link":"https:\/\/agora.xtec.cat\/esc-hortsavinya\/lescola-2\/","title":{"rendered":"L&#8217;escola"},"content":{"rendered":"<h3>QUI SOM?<\/h3>\n<p>Som una escola d\u2019educaci\u00f3 infantil i educaci\u00f3 prim\u00e0ria (3 a 12 anys) que est\u00e0 situada enmig del parc natural del Montnegre.<\/p>\n<h3>ON ES TROBA HORTSAVINY\u00c0?<\/h3>\n<p><span lang=\"CA\"><br \/>\nHortsaviny\u00e0 \u00e9s un llogarret que pertany al municipi de Tordera i est\u00e0 situat al cor del Mass\u00eds del Montnegre. Parlar d&#8217;Hortsaviny\u00e0 \u00e9s parlar de natura en el seu estat m\u00e9s pur; masies, boscos frondosos, vegetaci\u00f3 mediterr\u00e0nia, passejades, silenci i aire pur. D&#8217;un temps en\u00e7\u00e0, un grup de ve\u00efns que viuen en masies han fet ren\u00e9ixer la vida en aquest paratge de gran bellesa. <\/span><\/p>\n<p><span lang=\"CA\">D&#8217;Hortsaviny\u00e0, cal destacar l&#8217;esplanada de la bonica esgl\u00e9sia de Sant Llop, l&#8217;esgl\u00e9sia de Santa Eul\u00e0lia d&#8217;Hortsaviny\u00e0, l&#8217;ermita de l&#8217;Erola i Sant Miquel de Vallmanya. Tamb\u00e9 hi podem admirar les alzines gegants de Can Portell.<\/span><\/p>\n<p><span lang=\"CA\">Per accedir a Hortsaviny\u00e0 es pot arribar des de Tordera, pel cam\u00ed de Vallmanya, des de Calella, pel cam\u00ed d&#8217;Hortsaviny\u00e0 o b\u00e9 des de Pineda, agafant Quatre Camins o b\u00e9 el Cam\u00ed de les Costes tot pujant la riera amunt. Tots els trajectes s\u00f3n preciosos i passen per boscos d&#8217;alzina, per pinedes i per boscos de castanyer magn\u00edfics.<\/span><\/p>\n<h3><span lang=\"CA\">COM POTS CONTACTAR AMB NOSALTRES?<\/span><\/h3>\n<p><span lang=\"CA\">Escola d\u2019Hortsaviny\u00e0<\/span><\/p>\n<p><span lang=\"CA\">Pla de l\u2019Esgl\u00e9sia s\/n<\/span><\/p>\n<p><span lang=\"CA\">08490 Tordera<\/span><\/p>\n<p><span lang=\"CA\">Tel. 937443337 \/ 937443070<\/span><\/p>\n<p>Les consultes les podeu fer per correu electr\u00f2nic a esc-hortsavinya@xtec.cat<\/p>\n","protected":false},"excerpt":{"rendered":"<p>QUI SOM? Som una escola d\u2019educaci\u00f3 infantil i educaci\u00f3 prim\u00e0ria (3 a 12 anys) que est\u00e0 situada enmig del parc natural del Montnegre. ON ES TROBA HORTSAVINY\u00c0? Hortsaviny\u00e0 \u00e9s un llogarret que pertany al municipi de Tordera i est\u00e0 situat al cor del Mass\u00eds del Montnegre. Parlar d&#8217;Hortsaviny\u00e0 \u00e9s parlar de natura en el seu [&hellip;]<\/p>\n","protected":false},"author":3,"featured_media":0,"parent":0,"menu_order":0,"comment_status":"open","ping_status":"open","template":"","meta":{"_bbp_topic_count":0,"_bbp_reply_count":0,"_bbp_total_topic_count":0,"_bbp_total_reply_count":0,"_bbp_voice_count":0,"_bbp_anonymous_reply_count":0,"_bbp_topic_count_hidden":0,"_bbp_reply_count_hidden":0,"_bbp_forum_subforum_count":0,"site-sidebar-layout":"default","site-content-layout":"","ast-site-content-layout":"","site-content-style":"default","site-sidebar-style":"default","ast-global-header-display":"","ast-banner-title-visibility":"","ast-main-header-display":"","ast-hfb-above-header-display":"","ast-hfb-below-header-display":"","ast-hfb-mobile-header-display":"","site-post-title":"","ast-breadcrumbs-content":"","ast-featured-img":"","footer-sml-layout":"","theme-transparent-header-meta":"","adv-header-id-meta":"","stick-header-meta":"","header-above-stick-meta":"","header-main-stick-meta":"","header-below-stick-meta":"","astra-migrate-meta-layouts":"default","ast-page-background-enabled":"default","ast-page-background-meta":{"desktop":{"background-color":"var(--ast-global-color-4)","background-image":"","background-repeat":"repeat","background-position":"center center","background-size":"auto","background-attachment":"scroll","background-type":"","background-media":"","overlay-type":"","overlay-color":"","overlay-opacity":"","overlay-gradient":""},"tablet":{"background-color":"","background-image":"","background-repeat":"repeat","background-position":"center center","background-size":"auto","background-attachment":"scroll","background-type":"","background-media":"","overlay-type":"","overlay-color":"","overlay-opacity":"","overlay-gradient":""},"mobile":{"background-color":"","background-image":"","background-repeat":"repeat","background-position":"center center","background-size":"auto","background-attachment":"scroll","background-type":"","background-media":"","overlay-type":"","overlay-color":"","overlay-opacity":"","overlay-gradient":""}},"ast-content-background-meta":{"desktop":{"background-color":"var(--ast-global-color-5)","background-image":"","background-repeat":"repeat","background-position":"center center","background-size":"auto","background-attachment":"scroll","background-type":"","background-media":"","overlay-type":"","overlay-color":"","overlay-opacity":"","overlay-gradient":""},"tablet":{"background-color":"var(--ast-global-color-5)","background-image":"","background-repeat":"repeat","background-position":"center center","background-size":"auto","background-attachment":"scroll","background-type":"","background-media":"","overlay-type":"","overlay-color":"","overlay-opacity":"","overlay-gradient":""},"mobile":{"background-color":"var(--ast-global-color-5)","background-image":"","background-repeat":"repeat","background-position":"center center","background-size":"auto","background-attachment":"scroll","background-type":"","background-media":"","overlay-type":"","overlay-color":"","overlay-opacity":"","overlay-gradient":""}},"footnotes":""},"class_list":["post-2856","page","type-page","status-publish","hentry"],"post_mailing_queue_ids":[],"_links":{"self":[{"href":"https:\/\/agora.xtec.cat\/esc-hortsavinya\/wp-json\/wp\/v2\/pages\/2856","targetHints":{"allow":["GET"]}}],"collection":[{"href":"https:\/\/agora.xtec.cat\/esc-hortsavinya\/wp-json\/wp\/v2\/pages"}],"about":[{"href":"https:\/\/agora.xtec.cat\/esc-hortsavinya\/wp-json\/wp\/v2\/types\/page"}],"author":[{"embeddable":true,"href":"https:\/\/agora.xtec.cat\/esc-hortsavinya\/wp-json\/wp\/v2\/users\/3"}],"replies":[{"embeddable":true,"href":"https:\/\/agora.xtec.cat\/esc-hortsavinya\/wp-json\/wp\/v2\/comments?post=2856"}],"version-history":[{"count":1,"href":"https:\/\/agora.xtec.cat\/esc-hortsavinya\/wp-json\/wp\/v2\/pages\/2856\/revisions"}],"predecessor-version":[{"id":3145,"href":"https:\/\/agora.xtec.cat\/esc-hortsavinya\/wp-json\/wp\/v2\/pages\/2856\/revisions\/3145"}],"wp:attachment":[{"href":"https:\/\/agora.xtec.cat\/esc-hortsavinya\/wp-json\/wp\/v2\/media?parent=2856"}],"curies":[{"name":"wp","href":"https:\/\/api.w.org\/{rel}","templated":true}]}}