{"id":262,"date":"2013-06-21T22:19:04","date_gmt":"2013-06-21T21:19:04","guid":{"rendered":"http:\/\/blocs.xtec.cat\/hortsavinya\/?page_id=262"},"modified":"2026-04-24T10:48:01","modified_gmt":"2026-04-24T08:48:01","slug":"mapa","status":"publish","type":"page","link":"https:\/\/agora.xtec.cat\/esc-hortsavinya\/lescola-2\/mapa\/","title":{"rendered":"Contacte i mapa"},"content":{"rendered":"<p><span style=\"font-size: 16px;\">Escola d\u2019Hortsaviny\u00e0<\/span><\/p>\n<p>Pla de l\u2019Esgl\u00e9sia s\/n\u00a008490 Tordera<\/p>\n<p>a8059093@xtec.cat \u00a0 \u00a0\u00a0Tel. 937432548\/937443070<\/p>\n<p>La geolocalitzaci\u00f3 d&#8217;Hortsaviny\u00e0 \u00e9s 2.628714,41.667811 (longitud,latitud <a href=\"https:\/\/ca.wikipedia.org\/wiki\/ETRS89\" target=\"_blank\" rel=\"noopener\">ETRS89<\/a>)<br \/>\no <a title=\"WGS84\" href=\"https:\/\/ca.wikipedia.org\/wiki\/WGS84\">WGS84<\/a> 41\u00b0\u00a040\u2032\u00a04.12\u2033\u00a0N, 2\u00b0\u00a037\u2032\u00a043.37\u2033\u00a0E<\/p>\n<p>La localitzaci\u00f3 al mapa de l&#8217;Institut Cartogr\u00e0fic de Catalunya \u00e9s<br \/>\n<iframe loading=\"lazy\" src=\"http:\/\/www.icc.cat\/vissir3\/?lang=cat&amp;mp_zoom=n%3A8&amp;etrs89x=2.628714&amp;etrs89y=41.667811\" width=\"680\" height=\"500\" frameborder=\"0\" marginwidth=\"0\" marginheight=\"0\" scrolling=\"no\"><\/iframe><\/p>\n<p>I a Google Maps<br \/>\n<iframe loading=\"lazy\" src=\"https:\/\/maps.google.es\/maps\/ms?msa=0&amp;msid=218233670277935674337.0004dfb07567fbd748349&amp;ie=UTF8&amp;ll=41.66741,2.628986&amp;spn=0,0&amp;t=k&amp;output=embed\" width=\"680\" height=\"500\" frameborder=\"0\" scrolling=\"no\"><\/iframe><br \/>\nMostra <a href=\"https:\/\/maps.google.es\/maps\/ms?msa=0&amp;msid=218233670277935674337.0004dfb07567fbd748349&amp;ie=UTF8&amp;ll=41.66741,2.628986&amp;spn=0,0&amp;t=k&amp;source=embed\">Escola d&#8217;Hortsaviny\u00e0<\/a> en un mapa m\u00e9s gran<\/p>\n<p>&nbsp;<\/p>\n","protected":false},"excerpt":{"rendered":"<p>Escola d\u2019Hortsaviny\u00e0 Pla de l\u2019Esgl\u00e9sia s\/n\u00a008490 Tordera a8059093@xtec.cat \u00a0 \u00a0\u00a0Tel. 937432548\/937443070 La geolocalitzaci\u00f3 d&#8217;Hortsaviny\u00e0 \u00e9s 2.628714,41.667811 (longitud,latitud ETRS89) o WGS84 41\u00b0\u00a040\u2032\u00a04.12\u2033\u00a0N, 2\u00b0\u00a037\u2032\u00a043.37\u2033\u00a0E La localitzaci\u00f3 al mapa de l&#8217;Institut Cartogr\u00e0fic de Catalunya \u00e9s I a Google Maps Mostra Escola d&#8217;Hortsaviny\u00e0 en un mapa m\u00e9s gran &nbsp;<\/p>\n","protected":false},"author":3,"featured_media":0,"parent":2856,"menu_order":0,"comment_status":"open","ping_status":"open","template":"","meta":{"_bbp_topic_count":0,"_bbp_reply_count":0,"_bbp_total_topic_count":0,"_bbp_total_reply_count":0,"_bbp_voice_count":0,"_bbp_anonymous_reply_count":0,"_bbp_topic_count_hidden":0,"_bbp_reply_count_hidden":0,"_bbp_forum_subforum_count":0,"site-sidebar-layout":"default","site-content-layout":"","ast-site-content-layout":"default","site-content-style":"default","site-sidebar-style":"default","ast-global-header-display":"","ast-banner-title-visibility":"","ast-main-header-display":"","ast-hfb-above-header-display":"","ast-hfb-below-header-display":"","ast-hfb-mobile-header-display":"","site-post-title":"","ast-breadcrumbs-content":"","ast-featured-img":"","footer-sml-layout":"","theme-transparent-header-meta":"default","adv-header-id-meta":"","stick-header-meta":"","header-above-stick-meta":"","header-main-stick-meta":"","header-below-stick-meta":"","astra-migrate-meta-layouts":"set","ast-page-background-enabled":"default","ast-page-background-meta":{"desktop":{"background-color":"var(--ast-global-color-4)","background-image":"","background-repeat":"repeat","background-position":"center center","background-size":"auto","background-attachment":"scroll","background-type":"","background-media":"","overlay-type":"","overlay-color":"","overlay-opacity":"","overlay-gradient":""},"tablet":{"background-color":"","background-image":"","background-repeat":"repeat","background-position":"center center","background-size":"auto","background-attachment":"scroll","background-type":"","background-media":"","overlay-type":"","overlay-color":"","overlay-opacity":"","overlay-gradient":""},"mobile":{"background-color":"","background-image":"","background-repeat":"repeat","background-position":"center center","background-size":"auto","background-attachment":"scroll","background-type":"","background-media":"","overlay-type":"","overlay-color":"","overlay-opacity":"","overlay-gradient":""}},"ast-content-background-meta":{"desktop":{"background-color":"var(--ast-global-color-5)","background-image":"","background-repeat":"repeat","background-position":"center center","background-size":"auto","background-attachment":"scroll","background-type":"","background-media":"","overlay-type":"","overlay-color":"","overlay-opacity":"","overlay-gradient":""},"tablet":{"background-color":"var(--ast-global-color-5)","background-image":"","background-repeat":"repeat","background-position":"center center","background-size":"auto","background-attachment":"scroll","background-type":"","background-media":"","overlay-type":"","overlay-color":"","overlay-opacity":"","overlay-gradient":""},"mobile":{"background-color":"var(--ast-global-color-5)","background-image":"","background-repeat":"repeat","background-position":"center center","background-size":"auto","background-attachment":"scroll","background-type":"","background-media":"","overlay-type":"","overlay-color":"","overlay-opacity":"","overlay-gradient":""}},"footnotes":""},"class_list":["post-262","page","type-page","status-publish","hentry"],"post_mailing_queue_ids":[],"_links":{"self":[{"href":"https:\/\/agora.xtec.cat\/esc-hortsavinya\/wp-json\/wp\/v2\/pages\/262","targetHints":{"allow":["GET"]}}],"collection":[{"href":"https:\/\/agora.xtec.cat\/esc-hortsavinya\/wp-json\/wp\/v2\/pages"}],"about":[{"href":"https:\/\/agora.xtec.cat\/esc-hortsavinya\/wp-json\/wp\/v2\/types\/page"}],"author":[{"embeddable":true,"href":"https:\/\/agora.xtec.cat\/esc-hortsavinya\/wp-json\/wp\/v2\/users\/3"}],"replies":[{"embeddable":true,"href":"https:\/\/agora.xtec.cat\/esc-hortsavinya\/wp-json\/wp\/v2\/comments?post=262"}],"version-history":[{"count":1,"href":"https:\/\/agora.xtec.cat\/esc-hortsavinya\/wp-json\/wp\/v2\/pages\/262\/revisions"}],"predecessor-version":[{"id":3485,"href":"https:\/\/agora.xtec.cat\/esc-hortsavinya\/wp-json\/wp\/v2\/pages\/262\/revisions\/3485"}],"up":[{"embeddable":true,"href":"https:\/\/agora.xtec.cat\/esc-hortsavinya\/wp-json\/wp\/v2\/pages\/2856"}],"wp:attachment":[{"href":"https:\/\/agora.xtec.cat\/esc-hortsavinya\/wp-json\/wp\/v2\/media?parent=262"}],"curies":[{"name":"wp","href":"https:\/\/api.w.org\/{rel}","templated":true}]}}