{"id":1605,"date":"2015-07-03T10:14:45","date_gmt":"2015-07-03T08:14:45","guid":{"rendered":"http:\/\/blocs.xtec.cat\/hortsavinya\/?page_id=1605"},"modified":"2015-07-03T10:14:45","modified_gmt":"2015-07-03T08:14:45","slug":"lectures-recomanades","status":"publish","type":"page","link":"https:\/\/agora.xtec.cat\/esc-hortsavinya\/families-2\/lectures-recomanades\/","title":{"rendered":"Lectures recomanades"},"content":{"rendered":"<p>Us deixem un llistat de col\u00b7leccions de llibres recomanades segons les edats.<\/p>\n<p>Penseu que aquest llistat \u00e9s de contes i novel\u00b7les per\u00f2 tamb\u00e9 \u00e9s possible que al vostre fill li agradi llegir llibres de temes concrets: cavalls, cotxes, pl\u00e0stica, espai&#8230;<\/p>\n<p>El realment important \u00e9s que puguin llegir all\u00f2 que els agrada.<br \/>\n<strong>INFANTIL &#8211; COL\u00b7LECCIONS<\/strong><br \/>\n<em>LLETRA DE PAL<\/em><br \/>\n-Bosc de colors. Ed. Barcanova<br \/>\n-Cavall de mar. Ed. Animallibres<br \/>\n-Cavall volador. Ed. Combel<br \/>\n-La Sika i en Jan. Ed. Barcanova<br \/>\n-En Pol \/ La Laura. Ed. Baula<br \/>\n-Petits contes. Ed. Baula<br \/>\n-Petits descobriments. Ed. Baula<br \/>\n-El meu barri. Ed. Br\u00faixola<br \/>\n-Petits m\u00f3ns. Ed. Baula<br \/>\n-Contes i emocions. Ed. Baula<br \/>\n<em>DOBLE TEXT (PAL I LLIGADA)<\/em><br \/>\n-Cavall volador, zoo \/ acci\u00f3. Ed. Combel<br \/>\n-Bosc de colors \/ Els Tinatons. Ed. Barcanova<br \/>\n-Vull llegir. Ed. Cru\u00eflla<br \/>\n-Sirenetes. Ed. La Galera<br \/>\n-Pol i Laia. Ed. Baula<br \/>\n-M\u2019agradaria ser. Ed. Baula<br \/>\n-El Blauet. Ed. Animallibres<br \/>\n-Anem. Ed. Nadal<\/p>\n<p><em>LLETRA LLIGADA<\/em><br \/>\n-Llegim fent drecera. Ed. Salvatella<br \/>\n-Contes amb sentiments. Ed. Cru\u00eflla<br \/>\n-Cavall volador. Ed. Combel<br \/>\n-Dolents de conte. Ed. Baula<br \/>\n-Contes esbojarrats. Ed. Baula<br \/>\n-Ala Delta. Ed. Baula<br \/>\n-I per qu\u00e8 no? Ed. Baula<br \/>\n-Sopa de llibres. Ed. Barcanova<br \/>\n-Llar de contes. Ed. Barcanova<br \/>\n-Bestioles del jard\u00ed. Ed. Animallibres<\/p>\n<p><strong>PRIM\u00c0RIA \u2013 CICLE INICIAL 1r \/ 2n &#8211; COL\u00b7LECCIONS (lletra d\u2019impremta)<\/strong><br \/>\n-Bat Pat (catal\u00e0 i castell\u00e0). Ed. Estrella Polar<br \/>\n-Vaixell de vapor (colors blanc i blau) (catal\u00e0 i castell\u00e0). Ed Cru\u00eflla<br \/>\n-Bernat Barroer. Ed. Cru\u00eflla<br \/>\n&#8211; Ger\u00f3nimo Stilton. Ed. Destino<br \/>\n&#8211; Sopa de llibres (+ 6 anys) (catal\u00e0 i castell\u00e0). Ed. Barcanova<br \/>\n-Escola de pirates. Ed. Pirueta<br \/>\n&#8211; La colla Pegadol\u00e7a. Ed. Baula<br \/>\n-Petit drac Coco. Ed. La Galera<br \/>\n-El bagul dels monstres. Ed. Animallibres<br \/>\n-Els dinoamics. Ed. Estrella Polar<\/p>\n<p><strong>PRIM\u00c0RIA \u2013 CICLE MITJ\u00c0 3r \/ 4t &#8211; COL\u00b7LECCIONS<\/strong><br \/>\n-Grumets 8 anys (catal\u00e0 i castell\u00e0). Ed. La Galera<br \/>\n-Vaixell de vapor (colors: blau i taronja) (catal\u00e0 i castell\u00e0). Ed. Cru\u00eflla<br \/>\n-Sopa de llibres (+8 anys) (catal\u00e0 i castell\u00e0). Ed. Barcanova<br \/>\n-Gol! (catal\u00e0 i castell\u00e0). Ed. La Galera<br \/>\n-Escola de dansa (catal\u00e0 i castell\u00e0). Ed. La Galera<br \/>\n-Ger\u00f3nimo Stilton (catal\u00e0 i castell\u00e0). Ed. Destino<br \/>\n-Agatha Mistery. Ed. La Galera<br \/>\n-Leila Blue. Ed. La Galera<br \/>\n-La companyia del balta. Ed. Cru\u00eflla<br \/>\n-L\u2019Agus i els monstres. Ed. Combel<br \/>\n-Zona Zombi. Ed. Baula<\/p>\n<p><strong>PRIM\u00c0RIA \u2013 CICLE SUPERIOR 5\u00e8\/ 6\u00e8 &#8211; COL\u00b7LECCIONS<\/strong><br \/>\n-Grumets 10 anys (catal\u00e0 i castell\u00e0). Ed. La Galera<br \/>\n-Vaixell de vapor (colors taronja i vermell) (catal\u00e0 i castell\u00e0). Ed. Cru\u00eflla<br \/>\n-El mussol detectiu. Ed. Animallibres<br \/>\n-Sopa de llibres (+ 10 anys) (catal\u00e0 i castell\u00e0). Ed. Barcanova<br \/>\n-Tom Gates. Ed. Br\u00faixola<br \/>\n&#8211; Diari del Greg (catal\u00e0 i castell\u00e0). Ed. Emp\u00faries<br \/>\n-Els sense por (catal\u00e0 i castellan). Ed. Edeb\u00e9<br \/>\n-Diari d\u2019una penjada (catal\u00e0 i castell\u00e0). Ed. Estrella Polar<br \/>\n-Zona Zombi. Ed. Baula<br \/>\n-La increible hist\u00f2ria de\u2026 Ed. Montena<br \/>\n-Jan Plata. Ed. La Galera<br \/>\n-Oriol Pelacanyes. Ed. Baula<br \/>\n-Els bessons Tapper. Ed. RBA (en catal\u00e0 i castell\u00e0)<\/p>\n<p>Amb motiu de l\u2019any Roald Dahl recomanem:<\/p>\n<p>-Dahl, Roald: El Gran Amic Gegant. Ed. La Magrana, 2003<br \/>\n-Dahl, Roald: \u00a1Qu\u00e9 asco de bichos! El cocodrilo enorme. Ed. Alfaguara, 2008<br \/>\n-Dahl, Roald: El fant\u00e0stic senyor Guillot. Ed. La Magrana, 2009<br \/>\n-Dahl, Roald: Les grans aventures d\u2019en Charlie i el se\u00f1or Willy Wonka. Ed. La Magrana, 2009<br \/>\n-Dahl, Roald: Agu trot. Ed. Estrella Polar, 2010<br \/>\n-Dahl, Roald: Charlie i la f\u00e0brica de xocolata. Ed. La Magrana, 2011<br \/>\n-Dahl, Roald: Charlie i el gran ascensor de vidre. Ed. La Magrana, 2012<br \/>\n-Dahl, Roald: James i el pr\u00e9ssec gegant. Ed. La Magrana, 2012<br \/>\n-Dahl, Roald: En Charlie i la f\u00e0brica de xocolata. Un llibre pop-up. Ed. Combel, 2012<br \/>\n-Dahl, Roald: Boy (relatos de la infancia) Ed. Alfaguara, 2013<br \/>\n-Dahl, Roald: Els Culdolla. Ed. La Magrana, 2014<br \/>\n-Dahl, Roald: Versos perversos. Ed. Alfaguara, 2014<br \/>\n-Dahl, Roald: Les bruixes. Ed. Estrella Polar, 2014<br \/>\n-Dahl, Roald: Matilda. Ed. Estrella Polar, 2014<br \/>\n-Dahl, Roald: La meravellosa medecina d\u2019en Jordi. Ed. Estrella Polar, 2014<\/p>\n","protected":false},"excerpt":{"rendered":"<p>Us deixem un llistat de col\u00b7leccions de llibres recomanades segons les edats. Penseu que aquest llistat \u00e9s de contes i novel\u00b7les per\u00f2 tamb\u00e9 \u00e9s possible que al vostre fill li agradi llegir llibres de temes concrets: cavalls, cotxes, pl\u00e0stica, espai&#8230; El realment important \u00e9s que puguin llegir all\u00f2 que els agrada. INFANTIL &#8211; COL\u00b7LECCIONS LLETRA [&hellip;]<\/p>\n","protected":false},"author":3,"featured_media":0,"parent":931,"menu_order":0,"comment_status":"closed","ping_status":"closed","template":"","meta":{"_bbp_topic_count":0,"_bbp_reply_count":0,"_bbp_total_topic_count":0,"_bbp_total_reply_count":0,"_bbp_voice_count":0,"_bbp_anonymous_reply_count":0,"_bbp_topic_count_hidden":0,"_bbp_reply_count_hidden":0,"_bbp_forum_subforum_count":0,"site-sidebar-layout":"default","site-content-layout":"","ast-site-content-layout":"","site-content-style":"default","site-sidebar-style":"default","ast-global-header-display":"","ast-banner-title-visibility":"","ast-main-header-display":"","ast-hfb-above-header-display":"","ast-hfb-below-header-display":"","ast-hfb-mobile-header-display":"","site-post-title":"","ast-breadcrumbs-content":"","ast-featured-img":"","footer-sml-layout":"","theme-transparent-header-meta":"","adv-header-id-meta":"","stick-header-meta":"","header-above-stick-meta":"","header-main-stick-meta":"","header-below-stick-meta":"","astra-migrate-meta-layouts":"default","ast-page-background-enabled":"default","ast-page-background-meta":{"desktop":{"background-color":"var(--ast-global-color-4)","background-image":"","background-repeat":"repeat","background-position":"center center","background-size":"auto","background-attachment":"scroll","background-type":"","background-media":"","overlay-type":"","overlay-color":"","overlay-opacity":"","overlay-gradient":""},"tablet":{"background-color":"","background-image":"","background-repeat":"repeat","background-position":"center center","background-size":"auto","background-attachment":"scroll","background-type":"","background-media":"","overlay-type":"","overlay-color":"","overlay-opacity":"","overlay-gradient":""},"mobile":{"background-color":"","background-image":"","background-repeat":"repeat","background-position":"center center","background-size":"auto","background-attachment":"scroll","background-type":"","background-media":"","overlay-type":"","overlay-color":"","overlay-opacity":"","overlay-gradient":""}},"ast-content-background-meta":{"desktop":{"background-color":"var(--ast-global-color-5)","background-image":"","background-repeat":"repeat","background-position":"center center","background-size":"auto","background-attachment":"scroll","background-type":"","background-media":"","overlay-type":"","overlay-color":"","overlay-opacity":"","overlay-gradient":""},"tablet":{"background-color":"var(--ast-global-color-5)","background-image":"","background-repeat":"repeat","background-position":"center center","background-size":"auto","background-attachment":"scroll","background-type":"","background-media":"","overlay-type":"","overlay-color":"","overlay-opacity":"","overlay-gradient":""},"mobile":{"background-color":"var(--ast-global-color-5)","background-image":"","background-repeat":"repeat","background-position":"center center","background-size":"auto","background-attachment":"scroll","background-type":"","background-media":"","overlay-type":"","overlay-color":"","overlay-opacity":"","overlay-gradient":""}},"footnotes":""},"class_list":["post-1605","page","type-page","status-publish","hentry"],"post_mailing_queue_ids":[],"_links":{"self":[{"href":"https:\/\/agora.xtec.cat\/esc-hortsavinya\/wp-json\/wp\/v2\/pages\/1605","targetHints":{"allow":["GET"]}}],"collection":[{"href":"https:\/\/agora.xtec.cat\/esc-hortsavinya\/wp-json\/wp\/v2\/pages"}],"about":[{"href":"https:\/\/agora.xtec.cat\/esc-hortsavinya\/wp-json\/wp\/v2\/types\/page"}],"author":[{"embeddable":true,"href":"https:\/\/agora.xtec.cat\/esc-hortsavinya\/wp-json\/wp\/v2\/users\/3"}],"replies":[{"embeddable":true,"href":"https:\/\/agora.xtec.cat\/esc-hortsavinya\/wp-json\/wp\/v2\/comments?post=1605"}],"version-history":[{"count":0,"href":"https:\/\/agora.xtec.cat\/esc-hortsavinya\/wp-json\/wp\/v2\/pages\/1605\/revisions"}],"up":[{"embeddable":true,"href":"https:\/\/agora.xtec.cat\/esc-hortsavinya\/wp-json\/wp\/v2\/pages\/931"}],"wp:attachment":[{"href":"https:\/\/agora.xtec.cat\/esc-hortsavinya\/wp-json\/wp\/v2\/media?parent=1605"}],"curies":[{"name":"wp","href":"https:\/\/api.w.org\/{rel}","templated":true}]}}