{"id":945,"date":"2026-02-01T17:20:12","date_gmt":"2026-02-01T16:20:12","guid":{"rendered":"https:\/\/agora.xtec.cat\/esc-guillemvic\/?page_id=945"},"modified":"2026-02-01T19:43:52","modified_gmt":"2026-02-01T18:43:52","slug":"salut","status":"publish","type":"page","link":"https:\/\/agora.xtec.cat\/esc-guillemvic\/salut\/","title":{"rendered":"Salut"},"content":{"rendered":"\n<figure class=\"wp-block-image size-large is-resized\"><a href=\"https:\/\/agora.xtec.cat\/esc-guillemvic\/wp-content\/uploads\/usu3482\/2026\/02\/ChatGPT-Image-1-de-febr.-del-2026-12_12_44-1.png\"><img loading=\"lazy\" decoding=\"async\" width=\"1024\" height=\"683\" src=\"https:\/\/agora.xtec.cat\/esc-guillemvic\/wp-content\/uploads\/usu3482\/2026\/02\/ChatGPT-Image-1-de-febr.-del-2026-12_12_44-1-1024x683.png\" alt=\"\" class=\"wp-image-953\" style=\"width:342px;height:auto\" srcset=\"https:\/\/agora.xtec.cat\/esc-guillemvic\/wp-content\/uploads\/usu3482\/2026\/02\/ChatGPT-Image-1-de-febr.-del-2026-12_12_44-1-1024x683.png 1024w, https:\/\/agora.xtec.cat\/esc-guillemvic\/wp-content\/uploads\/usu3482\/2026\/02\/ChatGPT-Image-1-de-febr.-del-2026-12_12_44-1-300x200.png 300w, https:\/\/agora.xtec.cat\/esc-guillemvic\/wp-content\/uploads\/usu3482\/2026\/02\/ChatGPT-Image-1-de-febr.-del-2026-12_12_44-1-768x512.png 768w, https:\/\/agora.xtec.cat\/esc-guillemvic\/wp-content\/uploads\/usu3482\/2026\/02\/ChatGPT-Image-1-de-febr.-del-2026-12_12_44-1.png 1536w\" sizes=\"auto, (max-width: 1024px) 100vw, 1024px\" \/><\/a><\/figure>\n\n\n\n<p>En aquesta secci\u00f3 trobareu informaci\u00f3 que fa refer\u00e8ncia directa a q\u00fcestions de salut relacionades directament amb l&#8217;alumnat del centre, com per exemple, <strong>medicaments, vacunes i par\u00e0sits<\/strong>. Tamb\u00e9 hi ha a disposici\u00f3 les autoritzacions per subministrar medicaments en casos puntuals i excepcionals.<\/p>\n\n\n\n<p><a href=\"https:\/\/salutpublica.gencat.cat\/ca\/ambits\/promocio\/vacunacions\/vacunacio-centres-educatius\/index.html\" target=\"_blank\" rel=\"noreferrer noopener\">Vacunaci\u00f3 als centres educatius<\/a><\/p>\n\n\n\n<p><a href=\"https:\/\/salutweb.gencat.cat\/ca\/departament\/ambits-estrategics\/atencio-primaria-comunitaria\/salut-bucodental\/\" target=\"_blank\" rel=\"noreferrer noopener\">Programa de salut bucodental a l\u2019entorn escolar<\/a><\/p>\n\n\n\n<p><a href=\"https:\/\/canalsalut.gencat.cat\/ca\/detalls\/article\/polls-00004\" data-type=\"link\" data-id=\"https:\/\/canalsalut.gencat.cat\/ca\/detalls\/article\/polls-00004\" target=\"_blank\" rel=\"noreferrer noopener\">Polls<\/a><\/p>\n\n\n\n<h2 class=\"wp-block-heading has-medium-font-size\">Autoritzacions medicaments<\/h2>\n\n\n\n<div class=\"wp-block-file\"><a id=\"wp-block-file--media-39d3b694-b1d7-4c94-9a52-d74a9fcd62dd\" href=\"https:\/\/agora.xtec.cat\/esc-guillemvic\/wp-content\/uploads\/usu3482\/2026\/02\/MODEL-7-nou-autoritzacio-paracetamol.docx-2.pdf\">MODEL 7 nou autoritzaci\u00f3 paracetamol.docx<\/a><a href=\"https:\/\/agora.xtec.cat\/esc-guillemvic\/wp-content\/uploads\/usu3482\/2026\/02\/MODEL-7-nou-autoritzacio-paracetamol.docx-2.pdf\" class=\"wp-block-file__button wp-element-button\" download aria-describedby=\"wp-block-file--media-39d3b694-b1d7-4c94-9a52-d74a9fcd62dd\">Baixa<\/a><\/div>\n\n\n\n<div class=\"wp-block-file\"><a id=\"wp-block-file--media-b96fa52e-a9a5-4a2f-b3f6-dee02de45952\" href=\"https:\/\/agora.xtec.cat\/esc-guillemvic\/wp-content\/uploads\/usu3482\/2026\/02\/MODEL-17-autoritzacio-medicaments-2.pdf\">MODEL 17 autoritzaci\u00f3 medicaments<\/a><a href=\"https:\/\/agora.xtec.cat\/esc-guillemvic\/wp-content\/uploads\/usu3482\/2026\/02\/MODEL-17-autoritzacio-medicaments-2.pdf\" class=\"wp-block-file__button wp-element-button\" download aria-describedby=\"wp-block-file--media-b96fa52e-a9a5-4a2f-b3f6-dee02de45952\">Baixa<\/a><\/div>\n","protected":false},"excerpt":{"rendered":"<p>En aquesta secci\u00f3 trobareu informaci\u00f3 que fa refer\u00e8ncia directa a q\u00fcestions de salut relacionades directament amb l&#8217;alumnat del centre, com per exemple, medicaments, vacunes i par\u00e0sits. Tamb\u00e9 hi ha a disposici\u00f3 les autoritzacions per subministrar medicaments en casos puntuals i excepcionals. Vacunaci\u00f3 als centres educatius Programa de salut bucodental a l\u2019entorn escolar Polls Autoritzacions medicaments<\/p>\n","protected":false},"author":1,"featured_media":928,"parent":0,"menu_order":0,"comment_status":"closed","ping_status":"close","template":"","meta":{"site-sidebar-layout":"default","site-content-layout":"","ast-site-content-layout":"default","site-content-style":"default","site-sidebar-style":"default","ast-global-header-display":"","ast-banner-title-visibility":"","ast-main-header-display":"","ast-hfb-above-header-display":"","ast-hfb-below-header-display":"","ast-hfb-mobile-header-display":"","site-post-title":"","ast-breadcrumbs-content":"","ast-featured-img":"","footer-sml-layout":"","theme-transparent-header-meta":"","adv-header-id-meta":"","stick-header-meta":"","header-above-stick-meta":"","header-main-stick-meta":"","header-below-stick-meta":"","astra-migrate-meta-layouts":"set","ast-page-background-enabled":"default","ast-page-background-meta":{"desktop":{"background-color":"var(--ast-global-color-4)","background-image":"","background-repeat":"repeat","background-position":"center center","background-size":"auto","background-attachment":"scroll","background-type":"","background-media":"","overlay-type":"","overlay-color":"","overlay-opacity":"","overlay-gradient":""},"tablet":{"background-color":"","background-image":"","background-repeat":"repeat","background-position":"center center","background-size":"auto","background-attachment":"scroll","background-type":"","background-media":"","overlay-type":"","overlay-color":"","overlay-opacity":"","overlay-gradient":""},"mobile":{"background-color":"","background-image":"","background-repeat":"repeat","background-position":"center center","background-size":"auto","background-attachment":"scroll","background-type":"","background-media":"","overlay-type":"","overlay-color":"","overlay-opacity":"","overlay-gradient":""}},"ast-content-background-meta":{"desktop":{"background-color":"var(--ast-global-color-5)","background-image":"","background-repeat":"repeat","background-position":"center center","background-size":"auto","background-attachment":"scroll","background-type":"","background-media":"","overlay-type":"","overlay-color":"","overlay-opacity":"","overlay-gradient":""},"tablet":{"background-color":"var(--ast-global-color-5)","background-image":"","background-repeat":"repeat","background-position":"center center","background-size":"auto","background-attachment":"scroll","background-type":"","background-media":"","overlay-type":"","overlay-color":"","overlay-opacity":"","overlay-gradient":""},"mobile":{"background-color":"var(--ast-global-color-5)","background-image":"","background-repeat":"repeat","background-position":"center center","background-size":"auto","background-attachment":"scroll","background-type":"","background-media":"","overlay-type":"","overlay-color":"","overlay-opacity":"","overlay-gradient":""}},"footnotes":""},"class_list":["post-945","page","type-page","status-publish","has-post-thumbnail","hentry"],"post_mailing_queue_ids":[],"_links":{"self":[{"href":"https:\/\/agora.xtec.cat\/esc-guillemvic\/wp-json\/wp\/v2\/pages\/945","targetHints":{"allow":["GET"]}}],"collection":[{"href":"https:\/\/agora.xtec.cat\/esc-guillemvic\/wp-json\/wp\/v2\/pages"}],"about":[{"href":"https:\/\/agora.xtec.cat\/esc-guillemvic\/wp-json\/wp\/v2\/types\/page"}],"author":[{"embeddable":true,"href":"https:\/\/agora.xtec.cat\/esc-guillemvic\/wp-json\/wp\/v2\/users\/1"}],"replies":[{"embeddable":true,"href":"https:\/\/agora.xtec.cat\/esc-guillemvic\/wp-json\/wp\/v2\/comments?post=945"}],"version-history":[{"count":3,"href":"https:\/\/agora.xtec.cat\/esc-guillemvic\/wp-json\/wp\/v2\/pages\/945\/revisions"}],"predecessor-version":[{"id":958,"href":"https:\/\/agora.xtec.cat\/esc-guillemvic\/wp-json\/wp\/v2\/pages\/945\/revisions\/958"}],"wp:featuredmedia":[{"embeddable":true,"href":"https:\/\/agora.xtec.cat\/esc-guillemvic\/wp-json\/wp\/v2\/media\/928"}],"wp:attachment":[{"href":"https:\/\/agora.xtec.cat\/esc-guillemvic\/wp-json\/wp\/v2\/media?parent=945"}],"curies":[{"name":"wp","href":"https:\/\/api.w.org\/{rel}","templated":true}]}}