{"id":858,"date":"2026-01-29T09:54:06","date_gmt":"2026-01-29T08:54:06","guid":{"rendered":"https:\/\/agora.xtec.cat\/esc-guillemvic\/?page_id=858"},"modified":"2026-02-05T10:17:34","modified_gmt":"2026-02-05T09:17:34","slug":"altres-serveis","status":"publish","type":"page","link":"https:\/\/agora.xtec.cat\/esc-guillemvic\/serveis\/serveis-afa\/altres-serveis\/","title":{"rendered":"Altres serveis"},"content":{"rendered":"\n<p>A m\u00e9s dels <strong>serveis habituals<\/strong>, l\u2019AFA de l\u2019<strong>Escola Guillem de Mont-rodon<\/strong> ofereix altres serveis puntuals o vinculats a moments concrets del curs escolar, amb l\u2019objectiu de donar resposta a necessitats espec\u00edfiques de conciliaci\u00f3 de les fam\u00edlies.<\/p>\n\n\n\n<h3 class=\"wp-block-heading\"><strong>Acompanyament a l\u2019EMVic<\/strong><\/h3>\n\n\n\n<p>Servei d\u2019acompanyament dels infants que participen en activitats de l\u2019<strong>Escola de M\u00fasica de Vic<\/strong>, facilitant els despla\u00e7aments i la coordinaci\u00f3 amb els horaris escolars.<\/p>\n\n\n\n<h3 class=\"wp-block-heading\"><strong>Tardes de juny<\/strong><\/h3>\n\n\n\n<p>Servei d\u2019acompanyament i atenci\u00f3 als infants durant les tardes dels dies de jornada lectiva intensiva. Pensat per mantenir el ritme i la conciliaci\u00f3 durant l&#8217;\u00faltim tram del curs.<\/p>\n\n\n\n<h3 class=\"wp-block-heading\"><strong>Bona tarda<\/strong><\/h3>\n\n\n\n<p>Servei de vigil\u00e0ncia i atenci\u00f3 als infants en la franja hor\u00e0ria de <strong>17 h a 18.15 h<\/strong>, amb l\u2019objectiu de facilitar la conciliaci\u00f3 familiar en finalitzar la jornada lectiva.<\/p>\n\n\n\n<h3 class=\"wp-block-heading\">Contacte<\/h3>\n\n\n\n<p>Per a consultes relacionades amb l\u2019<strong>acompanyament a l\u2019EMVic<\/strong>, <strong>Tardes de juny<\/strong> i <strong>Bona tarda<\/strong>, us podeu adre\u00e7ar a <strong>Menjador<\/strong><\/p>\n\n\n\n<p><a href=\"https:\/\/agora.xtec.cat\/esc-guillemvic\/serveis\/contacte\/\" data-type=\"page\" data-id=\"822\">Contacte<\/a><\/p>\n\n\n\n<p><\/p>\n","protected":false},"excerpt":{"rendered":"<p>A m\u00e9s dels serveis habituals, l\u2019AFA de l\u2019Escola Guillem de Mont-rodon ofereix altres serveis puntuals o vinculats a moments concrets del curs escolar, amb l\u2019objectiu de donar resposta a necessitats espec\u00edfiques de conciliaci\u00f3 de les fam\u00edlies. Acompanyament a l\u2019EMVic Servei d\u2019acompanyament dels infants que participen en activitats de l\u2019Escola de M\u00fasica de Vic, facilitant els [&hellip;]<\/p>\n","protected":false},"author":1,"featured_media":0,"parent":816,"menu_order":40,"comment_status":"closed","ping_status":"closed","template":"","meta":{"site-sidebar-layout":"default","site-content-layout":"","ast-site-content-layout":"default","site-content-style":"default","site-sidebar-style":"default","ast-global-header-display":"","ast-banner-title-visibility":"","ast-main-header-display":"","ast-hfb-above-header-display":"","ast-hfb-below-header-display":"","ast-hfb-mobile-header-display":"","site-post-title":"","ast-breadcrumbs-content":"","ast-featured-img":"","footer-sml-layout":"","theme-transparent-header-meta":"","adv-header-id-meta":"","stick-header-meta":"","header-above-stick-meta":"","header-main-stick-meta":"","header-below-stick-meta":"","astra-migrate-meta-layouts":"set","ast-page-background-enabled":"default","ast-page-background-meta":{"desktop":{"background-color":"var(--ast-global-color-4)","background-image":"","background-repeat":"repeat","background-position":"center center","background-size":"auto","background-attachment":"scroll","background-type":"","background-media":"","overlay-type":"","overlay-color":"","overlay-opacity":"","overlay-gradient":""},"tablet":{"background-color":"","background-image":"","background-repeat":"repeat","background-position":"center center","background-size":"auto","background-attachment":"scroll","background-type":"","background-media":"","overlay-type":"","overlay-color":"","overlay-opacity":"","overlay-gradient":""},"mobile":{"background-color":"","background-image":"","background-repeat":"repeat","background-position":"center center","background-size":"auto","background-attachment":"scroll","background-type":"","background-media":"","overlay-type":"","overlay-color":"","overlay-opacity":"","overlay-gradient":""}},"ast-content-background-meta":{"desktop":{"background-color":"var(--ast-global-color-5)","background-image":"","background-repeat":"repeat","background-position":"center center","background-size":"auto","background-attachment":"scroll","background-type":"","background-media":"","overlay-type":"","overlay-color":"","overlay-opacity":"","overlay-gradient":""},"tablet":{"background-color":"var(--ast-global-color-5)","background-image":"","background-repeat":"repeat","background-position":"center center","background-size":"auto","background-attachment":"scroll","background-type":"","background-media":"","overlay-type":"","overlay-color":"","overlay-opacity":"","overlay-gradient":""},"mobile":{"background-color":"var(--ast-global-color-5)","background-image":"","background-repeat":"repeat","background-position":"center center","background-size":"auto","background-attachment":"scroll","background-type":"","background-media":"","overlay-type":"","overlay-color":"","overlay-opacity":"","overlay-gradient":""}},"footnotes":""},"class_list":["post-858","page","type-page","status-publish","hentry"],"post_mailing_queue_ids":[],"_links":{"self":[{"href":"https:\/\/agora.xtec.cat\/esc-guillemvic\/wp-json\/wp\/v2\/pages\/858","targetHints":{"allow":["GET"]}}],"collection":[{"href":"https:\/\/agora.xtec.cat\/esc-guillemvic\/wp-json\/wp\/v2\/pages"}],"about":[{"href":"https:\/\/agora.xtec.cat\/esc-guillemvic\/wp-json\/wp\/v2\/types\/page"}],"author":[{"embeddable":true,"href":"https:\/\/agora.xtec.cat\/esc-guillemvic\/wp-json\/wp\/v2\/users\/1"}],"replies":[{"embeddable":true,"href":"https:\/\/agora.xtec.cat\/esc-guillemvic\/wp-json\/wp\/v2\/comments?post=858"}],"version-history":[{"count":4,"href":"https:\/\/agora.xtec.cat\/esc-guillemvic\/wp-json\/wp\/v2\/pages\/858\/revisions"}],"predecessor-version":[{"id":1000,"href":"https:\/\/agora.xtec.cat\/esc-guillemvic\/wp-json\/wp\/v2\/pages\/858\/revisions\/1000"}],"up":[{"embeddable":true,"href":"https:\/\/agora.xtec.cat\/esc-guillemvic\/wp-json\/wp\/v2\/pages\/816"}],"wp:attachment":[{"href":"https:\/\/agora.xtec.cat\/esc-guillemvic\/wp-json\/wp\/v2\/media?parent=858"}],"curies":[{"name":"wp","href":"https:\/\/api.w.org\/{rel}","templated":true}]}}