{"id":822,"date":"2026-01-27T21:46:42","date_gmt":"2026-01-27T20:46:42","guid":{"rendered":"https:\/\/agora.xtec.cat\/esc-guillemvic\/?page_id=822"},"modified":"2026-01-29T10:06:18","modified_gmt":"2026-01-29T09:06:18","slug":"contacte","status":"publish","type":"page","link":"https:\/\/agora.xtec.cat\/esc-guillemvic\/serveis\/contacte\/","title":{"rendered":"Contacte"},"content":{"rendered":"\n<p>L\u2019AFA est\u00e0 formada per fam\u00edlies volunt\u00e0ries. Intentem donar resposta tan aviat com ens \u00e9s possible i agra\u00efm la comprensi\u00f3.<\/p>\n\n\n\n<h3 class=\"wp-block-heading\"><strong>AFA. <\/strong>Per a consultes generals, participaci\u00f3, comissions o propostes.<\/h3>\n\n\n\n<ul class=\"wp-block-list\">\n<li>\ud83d\udcf2 <strong>TELLFY<\/strong>: Contacta amb Informaci\u00f3<br><\/li>\n\n\n\n<li>\ud83d\udce7 <a href=\"mailto:afa@escolaguillem.cat\">afa@escolaguillem.cat<\/a><br><\/li>\n<\/ul>\n\n\n\n<h3 class=\"wp-block-heading\"><strong>Menjador i acollida. <\/strong>Per a q\u00fcestions relacionades amb el funcionament d\u2019aquests serveis.<\/h3>\n\n\n\n<ul class=\"wp-block-list\">\n<li>\ud83d\udcf2 <strong>TELLFY<\/strong>: Contacta amb menjador<br><\/li>\n\n\n\n<li>\ud83d\udce7 <a href=\"mailto:menjador@escolaguillem.cat\">menjador@escolaguillem.cat<\/a> <strong><br><\/strong><\/li>\n\n\n\n<li>\ud83d\udcde 630 08 59 46<strong><br><\/strong><\/li>\n\n\n\n<li>\ud83d\udd52 <strong>Atenci\u00f3 presencial<\/strong> en l\u2019horari establert a l\u2019escola<br><\/li>\n<\/ul>\n\n\n\n<h3 class=\"wp-block-heading\"><strong>Extraescolars. <\/strong>Per a consultes sobre l\u2019oferta, inscripcions o organitzaci\u00f3.<\/h3>\n\n\n\n<ul class=\"wp-block-list\">\n<li>\ud83d\udcf2 <strong>TELLFY<\/strong>: Contacta amb extraescolars<strong><br><\/strong><\/li>\n\n\n\n<li>\ud83d\udce7 <a href=\"mailto:extraescolars@escolaguillem.cat\">extraescolars@escolaguillem.cat<\/a><\/li>\n<\/ul>\n","protected":false},"excerpt":{"rendered":"<p>L\u2019AFA est\u00e0 formada per fam\u00edlies volunt\u00e0ries. Intentem donar resposta tan aviat com ens \u00e9s possible i agra\u00efm la comprensi\u00f3. AFA. Per a consultes generals, participaci\u00f3, comissions o propostes. Menjador i acollida. Per a q\u00fcestions relacionades amb el funcionament d\u2019aquests serveis. Extraescolars. Per a consultes sobre l\u2019oferta, inscripcions o organitzaci\u00f3.<\/p>\n","protected":false},"author":1,"featured_media":0,"parent":66,"menu_order":0,"comment_status":"closed","ping_status":"close","template":"","meta":{"site-sidebar-layout":"default","site-content-layout":"","ast-site-content-layout":"default","site-content-style":"default","site-sidebar-style":"default","ast-global-header-display":"","ast-banner-title-visibility":"","ast-main-header-display":"","ast-hfb-above-header-display":"","ast-hfb-below-header-display":"","ast-hfb-mobile-header-display":"","site-post-title":"","ast-breadcrumbs-content":"","ast-featured-img":"","footer-sml-layout":"","theme-transparent-header-meta":"","adv-header-id-meta":"","stick-header-meta":"","header-above-stick-meta":"","header-main-stick-meta":"","header-below-stick-meta":"","astra-migrate-meta-layouts":"set","ast-page-background-enabled":"default","ast-page-background-meta":{"desktop":{"background-color":"var(--ast-global-color-4)","background-image":"","background-repeat":"repeat","background-position":"center center","background-size":"auto","background-attachment":"scroll","background-type":"","background-media":"","overlay-type":"","overlay-color":"","overlay-opacity":"","overlay-gradient":""},"tablet":{"background-color":"","background-image":"","background-repeat":"repeat","background-position":"center center","background-size":"auto","background-attachment":"scroll","background-type":"","background-media":"","overlay-type":"","overlay-color":"","overlay-opacity":"","overlay-gradient":""},"mobile":{"background-color":"","background-image":"","background-repeat":"repeat","background-position":"center center","background-size":"auto","background-attachment":"scroll","background-type":"","background-media":"","overlay-type":"","overlay-color":"","overlay-opacity":"","overlay-gradient":""}},"ast-content-background-meta":{"desktop":{"background-color":"var(--ast-global-color-5)","background-image":"","background-repeat":"repeat","background-position":"center center","background-size":"auto","background-attachment":"scroll","background-type":"","background-media":"","overlay-type":"","overlay-color":"","overlay-opacity":"","overlay-gradient":""},"tablet":{"background-color":"var(--ast-global-color-5)","background-image":"","background-repeat":"repeat","background-position":"center center","background-size":"auto","background-attachment":"scroll","background-type":"","background-media":"","overlay-type":"","overlay-color":"","overlay-opacity":"","overlay-gradient":""},"mobile":{"background-color":"var(--ast-global-color-5)","background-image":"","background-repeat":"repeat","background-position":"center center","background-size":"auto","background-attachment":"scroll","background-type":"","background-media":"","overlay-type":"","overlay-color":"","overlay-opacity":"","overlay-gradient":""}},"footnotes":""},"class_list":["post-822","page","type-page","status-publish","hentry"],"post_mailing_queue_ids":[],"_links":{"self":[{"href":"https:\/\/agora.xtec.cat\/esc-guillemvic\/wp-json\/wp\/v2\/pages\/822","targetHints":{"allow":["GET"]}}],"collection":[{"href":"https:\/\/agora.xtec.cat\/esc-guillemvic\/wp-json\/wp\/v2\/pages"}],"about":[{"href":"https:\/\/agora.xtec.cat\/esc-guillemvic\/wp-json\/wp\/v2\/types\/page"}],"author":[{"embeddable":true,"href":"https:\/\/agora.xtec.cat\/esc-guillemvic\/wp-json\/wp\/v2\/users\/1"}],"replies":[{"embeddable":true,"href":"https:\/\/agora.xtec.cat\/esc-guillemvic\/wp-json\/wp\/v2\/comments?post=822"}],"version-history":[{"count":4,"href":"https:\/\/agora.xtec.cat\/esc-guillemvic\/wp-json\/wp\/v2\/pages\/822\/revisions"}],"predecessor-version":[{"id":863,"href":"https:\/\/agora.xtec.cat\/esc-guillemvic\/wp-json\/wp\/v2\/pages\/822\/revisions\/863"}],"up":[{"embeddable":true,"href":"https:\/\/agora.xtec.cat\/esc-guillemvic\/wp-json\/wp\/v2\/pages\/66"}],"wp:attachment":[{"href":"https:\/\/agora.xtec.cat\/esc-guillemvic\/wp-json\/wp\/v2\/media?parent=822"}],"curies":[{"name":"wp","href":"https:\/\/api.w.org\/{rel}","templated":true}]}}