{"id":813,"date":"2026-01-27T21:30:42","date_gmt":"2026-01-27T20:30:42","guid":{"rendered":"https:\/\/agora.xtec.cat\/esc-guillemvic\/?page_id=813"},"modified":"2026-01-27T21:56:39","modified_gmt":"2026-01-27T20:56:39","slug":"qui-som","status":"publish","type":"page","link":"https:\/\/agora.xtec.cat\/esc-guillemvic\/serveis\/qui-som\/","title":{"rendered":"Qui som"},"content":{"rendered":"\n<h3 class=\"wp-block-heading\"><strong>Qu\u00e8 \u00e9s l\u2019AFA<\/strong><\/h3>\n\n\n\n<p>L\u2019Associaci\u00f3 de Fam\u00edlies d\u2019Alumnes (AFA) de l\u2019<strong>Escola Guillem de Mont-rodon<\/strong> \u00e9s una entitat sense \u00e0nim de lucre, legalment reconeguda, formada per les fam\u00edlies de l\u2019escola.<\/p>\n\n\n\n<p>L\u2019AFA som totes les fam\u00edlies del centre: les que hi participen activament, les que col\u00b7laboren puntualment i les que prenen part de les activitats que s\u2019organitzen. L\u2019associaci\u00f3 vol ser oberta, viva i participativa, i ent\u00e9n la implicaci\u00f3 de les fam\u00edlies com un element clau per enfortir el projecte educatiu i la comunitat.<\/p>\n\n\n\n<h3 class=\"wp-block-heading\"><strong>Quina \u00e9s la funci\u00f3 de l\u2019AFA<\/strong><\/h3>\n\n\n\n<p>L\u2019AFA treballa conjuntament amb l\u2019escola per contribuir a la millor formaci\u00f3 possible dels infants i a la millora del dia a dia del centre.<\/p>\n\n\n\n<p>Les seves funcions principals s\u00f3n:<\/p>\n\n\n\n<ul class=\"wp-block-list\">\n<li>Donar suport a les fam\u00edlies, a l\u2019alumnat i al professorat.<br><\/li>\n\n\n\n<li>Impulsar i gestionar serveis i activitats complement\u00e0ries.<br><\/li>\n\n\n\n<li>Fomentar la participaci\u00f3 de les fam\u00edlies i la vida comunit\u00e0ria.<br><\/li>\n\n\n\n<li>Actuar com a interlocutora de les fam\u00edlies davant l\u2019equip docent i la direcci\u00f3 del centre.<br><\/li>\n\n\n\n<li>Participar en els espais de representaci\u00f3 del centre, com el Consell Escolar.<br><\/li>\n\n\n\n<li>Gestionar els recursos de l\u2019associaci\u00f3 amb criteris de responsabilitat i transpar\u00e8ncia.<\/li>\n<\/ul>\n\n\n\n<h3 class=\"wp-block-heading\"><strong>Com ens organitzem<\/strong><\/h3>\n\n\n\n<p>Per garantir un bon funcionament, l\u2019AFA s\u2019organitza a trav\u00e9s d\u2019una estructura clara i flexible que combina coordinaci\u00f3 i participaci\u00f3.La <strong>Junta de l\u2019AFA<\/strong> s\u2019encarrega de la gesti\u00f3 del dia a dia de l\u2019associaci\u00f3, de donar continu\u00eftat als projectes i de coordinar-se amb l\u2019escola. Actua com a \u00f2rgan de servei a l\u2019assemblea i vetlla pel compliment dels acords i dels estatuts.<\/p>\n","protected":false},"excerpt":{"rendered":"<p>Qu\u00e8 \u00e9s l\u2019AFA L\u2019Associaci\u00f3 de Fam\u00edlies d\u2019Alumnes (AFA) de l\u2019Escola Guillem de Mont-rodon \u00e9s una entitat sense \u00e0nim de lucre, legalment reconeguda, formada per les fam\u00edlies de l\u2019escola. L\u2019AFA som totes les fam\u00edlies del centre: les que hi participen activament, les que col\u00b7laboren puntualment i les que prenen part de les activitats que s\u2019organitzen. L\u2019associaci\u00f3 [&hellip;]<\/p>\n","protected":false},"author":1,"featured_media":0,"parent":66,"menu_order":0,"comment_status":"closed","ping_status":"close","template":"","meta":{"site-sidebar-layout":"default","site-content-layout":"","ast-site-content-layout":"default","site-content-style":"default","site-sidebar-style":"default","ast-global-header-display":"","ast-banner-title-visibility":"","ast-main-header-display":"","ast-hfb-above-header-display":"","ast-hfb-below-header-display":"","ast-hfb-mobile-header-display":"","site-post-title":"","ast-breadcrumbs-content":"","ast-featured-img":"","footer-sml-layout":"","theme-transparent-header-meta":"","adv-header-id-meta":"","stick-header-meta":"","header-above-stick-meta":"","header-main-stick-meta":"","header-below-stick-meta":"","astra-migrate-meta-layouts":"set","ast-page-background-enabled":"default","ast-page-background-meta":{"desktop":{"background-color":"var(--ast-global-color-4)","background-image":"","background-repeat":"repeat","background-position":"center center","background-size":"auto","background-attachment":"scroll","background-type":"","background-media":"","overlay-type":"","overlay-color":"","overlay-opacity":"","overlay-gradient":""},"tablet":{"background-color":"","background-image":"","background-repeat":"repeat","background-position":"center center","background-size":"auto","background-attachment":"scroll","background-type":"","background-media":"","overlay-type":"","overlay-color":"","overlay-opacity":"","overlay-gradient":""},"mobile":{"background-color":"","background-image":"","background-repeat":"repeat","background-position":"center center","background-size":"auto","background-attachment":"scroll","background-type":"","background-media":"","overlay-type":"","overlay-color":"","overlay-opacity":"","overlay-gradient":""}},"ast-content-background-meta":{"desktop":{"background-color":"var(--ast-global-color-5)","background-image":"","background-repeat":"repeat","background-position":"center center","background-size":"auto","background-attachment":"scroll","background-type":"","background-media":"","overlay-type":"","overlay-color":"","overlay-opacity":"","overlay-gradient":""},"tablet":{"background-color":"var(--ast-global-color-5)","background-image":"","background-repeat":"repeat","background-position":"center center","background-size":"auto","background-attachment":"scroll","background-type":"","background-media":"","overlay-type":"","overlay-color":"","overlay-opacity":"","overlay-gradient":""},"mobile":{"background-color":"var(--ast-global-color-5)","background-image":"","background-repeat":"repeat","background-position":"center center","background-size":"auto","background-attachment":"scroll","background-type":"","background-media":"","overlay-type":"","overlay-color":"","overlay-opacity":"","overlay-gradient":""}},"footnotes":""},"class_list":["post-813","page","type-page","status-publish","hentry"],"post_mailing_queue_ids":[],"_links":{"self":[{"href":"https:\/\/agora.xtec.cat\/esc-guillemvic\/wp-json\/wp\/v2\/pages\/813","targetHints":{"allow":["GET"]}}],"collection":[{"href":"https:\/\/agora.xtec.cat\/esc-guillemvic\/wp-json\/wp\/v2\/pages"}],"about":[{"href":"https:\/\/agora.xtec.cat\/esc-guillemvic\/wp-json\/wp\/v2\/types\/page"}],"author":[{"embeddable":true,"href":"https:\/\/agora.xtec.cat\/esc-guillemvic\/wp-json\/wp\/v2\/users\/1"}],"replies":[{"embeddable":true,"href":"https:\/\/agora.xtec.cat\/esc-guillemvic\/wp-json\/wp\/v2\/comments?post=813"}],"version-history":[{"count":2,"href":"https:\/\/agora.xtec.cat\/esc-guillemvic\/wp-json\/wp\/v2\/pages\/813\/revisions"}],"predecessor-version":[{"id":826,"href":"https:\/\/agora.xtec.cat\/esc-guillemvic\/wp-json\/wp\/v2\/pages\/813\/revisions\/826"}],"up":[{"embeddable":true,"href":"https:\/\/agora.xtec.cat\/esc-guillemvic\/wp-json\/wp\/v2\/pages\/66"}],"wp:attachment":[{"href":"https:\/\/agora.xtec.cat\/esc-guillemvic\/wp-json\/wp\/v2\/media?parent=813"}],"curies":[{"name":"wp","href":"https:\/\/api.w.org\/{rel}","templated":true}]}}