{"id":73,"date":"2014-09-18T14:01:51","date_gmt":"2014-09-18T13:01:51","guid":{"rendered":"https:\/\/agora.xtec.cat\/esc-guillemvic\/?page_id=73"},"modified":"2026-02-01T10:29:37","modified_gmt":"2026-02-01T09:29:37","slug":"menjador-escolar","status":"publish","type":"page","link":"https:\/\/agora.xtec.cat\/esc-guillemvic\/serveis\/serveis-afa\/menjador-escolar\/","title":{"rendered":"Menjador escolar"},"content":{"rendered":"\n<p>L\u2019Espai Migdia \u00e9s un projecte central de l&#8217;AFA on la cura aliment\u00e0ria i l&#8217;educaci\u00f3 en valors es donen la m\u00e0. No \u00e9s nom\u00e9s una pausa; \u00e9s un temps per a l&#8217;aprenentatge de l&#8217;autonomia i la conviv\u00e8ncia saludable.<\/p>\n\n\n\n<div class=\"wp-block-columns is-layout-flex wp-container-core-columns-is-layout-1 wp-block-columns-is-layout-flex\">\n<div class=\"wp-block-column is-layout-flow wp-block-column-is-layout-flow\">\n<figure class=\"wp-block-image size-large is-resized\"><a href=\"https:\/\/agora.xtec.cat\/esc-guillemvic\/wp-content\/uploads\/usu3482\/2026\/02\/ANMP0000-1-scaled.jpg\"><img loading=\"lazy\" decoding=\"async\" width=\"1024\" height=\"632\" src=\"https:\/\/agora.xtec.cat\/esc-guillemvic\/wp-content\/uploads\/usu3482\/2026\/02\/ANMP0000-1-1024x632.jpg\" alt=\"\" class=\"wp-image-886\" style=\"width:335px;height:auto\" srcset=\"https:\/\/agora.xtec.cat\/esc-guillemvic\/wp-content\/uploads\/usu3482\/2026\/02\/ANMP0000-1-1024x632.jpg 1024w, https:\/\/agora.xtec.cat\/esc-guillemvic\/wp-content\/uploads\/usu3482\/2026\/02\/ANMP0000-1-300x185.jpg 300w, https:\/\/agora.xtec.cat\/esc-guillemvic\/wp-content\/uploads\/usu3482\/2026\/02\/ANMP0000-1-768x474.jpg 768w, https:\/\/agora.xtec.cat\/esc-guillemvic\/wp-content\/uploads\/usu3482\/2026\/02\/ANMP0000-1-1536x947.jpg 1536w, https:\/\/agora.xtec.cat\/esc-guillemvic\/wp-content\/uploads\/usu3482\/2026\/02\/ANMP0000-1-2048x1263.jpg 2048w\" sizes=\"auto, (max-width: 1024px) 100vw, 1024px\" \/><\/a><\/figure>\n<\/div>\n\n\n\n<div class=\"wp-block-column is-layout-flow wp-block-column-is-layout-flow\">\n<figure class=\"wp-block-image size-large\"><a href=\"https:\/\/agora.xtec.cat\/esc-guillemvic\/wp-content\/uploads\/usu3482\/2026\/02\/ANMP0001-1-scaled.jpg\"><img loading=\"lazy\" decoding=\"async\" width=\"1024\" height=\"592\" src=\"https:\/\/agora.xtec.cat\/esc-guillemvic\/wp-content\/uploads\/usu3482\/2026\/02\/ANMP0001-1-1024x592.jpg\" alt=\"\" class=\"wp-image-887\" srcset=\"https:\/\/agora.xtec.cat\/esc-guillemvic\/wp-content\/uploads\/usu3482\/2026\/02\/ANMP0001-1-1024x592.jpg 1024w, https:\/\/agora.xtec.cat\/esc-guillemvic\/wp-content\/uploads\/usu3482\/2026\/02\/ANMP0001-1-300x173.jpg 300w, https:\/\/agora.xtec.cat\/esc-guillemvic\/wp-content\/uploads\/usu3482\/2026\/02\/ANMP0001-1-768x444.jpg 768w, https:\/\/agora.xtec.cat\/esc-guillemvic\/wp-content\/uploads\/usu3482\/2026\/02\/ANMP0001-1-1536x888.jpg 1536w, https:\/\/agora.xtec.cat\/esc-guillemvic\/wp-content\/uploads\/usu3482\/2026\/02\/ANMP0001-1-2048x1184.jpg 2048w\" sizes=\"auto, (max-width: 1024px) 100vw, 1024px\" \/><\/a><\/figure>\n<\/div>\n<\/div>\n\n\n\n<h3 class=\"wp-block-heading\"><strong>Una Funci\u00f3 Educativa i Nutricional<\/strong><\/h3>\n\n\n\n<p>A la nostra <strong>cuina pr\u00f2pia<\/strong>, elaborem men\u00fas equilibrats supervisats per una nutricionista-dietista, apostant sempre per <strong>productes de proximitat i prove\u00efdors locals<\/strong>. Pedag\u00f2gicament, fomentem que els infants descobreixin els aliments amb curiositat i calma. L&#8217;aprenentatge no s&#8217;atura: a trav\u00e9s del <strong>self-service<\/strong> i l&#8217;h\u00e0bit de <strong>parar i desparar la taula<\/strong>, els nostres infants guanyen autonomia i responsabilitat sobre el seu propi espai.<\/p>\n\n\n\n<h3 class=\"wp-block-heading\"><strong>Log\u00edstica i Atenci\u00f3 Personalitzada<\/strong><\/h3>\n\n\n\n<ul class=\"wp-block-list\">\n<li><strong>Educaci\u00f3 Infantil (I3-I4): Un entorn segur.<\/strong>\n<ul class=\"wp-block-list\">\n<li>Els m\u00e9s petits dinen a la seva pr\u00f2pia aula per mantenir la calma i la seguretat.<\/li>\n\n\n\n<li>Les monitores utilitzen <strong>carros espec\u00edfics<\/strong> per portar el menjar i els utensilis, recreant un ambient familiar.<\/li>\n\n\n\n<li>Comencen l&#8217;\u00e0pat a les 12:30h i, despr\u00e9s de recollir, gaudeixen d&#8217;un merescut descans (migdiada) a l&#8217;aula de Psicomotricitat fins a les 14:30h.<\/li>\n<\/ul>\n<\/li>\n\n\n\n<li><strong>I5 i Prim\u00e0ria: Creixement i H\u00e0bits.<\/strong>\n<ul class=\"wp-block-list\">\n<li>Dinen al menjador escolar en torns que respecten el seu ritme: <strong>I5 (12:40h)<\/strong>, <strong>1r a 3r (13:00h)<\/strong> i <strong>4t a 6\u00e8 (14:00h)<\/strong>.<\/li>\n\n\n\n<li>Potenciem la higiene personal i el comprom\u00eds de netejar l&#8217;espai compartit despr\u00e9s de dinar.<\/li>\n<\/ul>\n<\/li>\n<\/ul>\n\n\n\n<h3 class=\"wp-block-heading\"><strong>El Valor del Lleure<\/strong><\/h3>\n\n\n\n<p>La franja d&#8217;esbarjo \u00e9s un espai de desconnexi\u00f3 i joc lliure on el monitoratge vetlla per relacions saludables i inclusives. Els m\u00e9s grans (4t-6\u00e8) gaudeixen d&#8217;aquest temps de 13:00h a 14:00h, mentre que els grups d&#8217;I5 a 3r ho fan de 14:00h a 15:00h, combinant-ho sovint amb propostes l\u00fadiques o extraescolars. \u00c9s un moment per jugar, riure i cr\u00e9ixer fora de l&#8217;aula.<\/p>\n\n\n\n<p><a href=\"https:\/\/agora.xtec.cat\/esc-guillemvic\/wp-content\/uploads\/usu3482\/2026\/01\/Menu-exemple.pdf\" target=\"_blank\" rel=\"noreferrer noopener\">Men\u00fa exemple<\/a><\/p>\n\n\n\n<p><a href=\"https:\/\/agora.xtec.cat\/esc-guillemvic\/wp-content\/uploads\/usu3482\/2026\/01\/Menu-exemple-alternatiu.pdf\" target=\"_blank\" rel=\"noreferrer noopener\">Men\u00fa exemple alternatiu<\/a><\/p>\n\n\n\n<p><a href=\"https:\/\/agora.xtec.cat\/esc-guillemvic\/serveis\/contacte\/\" data-type=\"page\" data-id=\"822\">Contacte<\/a><\/p>\n","protected":false},"excerpt":{"rendered":"<p>L\u2019Espai Migdia \u00e9s un projecte central de l&#8217;AFA on la cura aliment\u00e0ria i l&#8217;educaci\u00f3 en valors es donen la m\u00e0. No \u00e9s nom\u00e9s una pausa; \u00e9s un temps per a l&#8217;aprenentatge de l&#8217;autonomia i la conviv\u00e8ncia saludable. Una Funci\u00f3 Educativa i Nutricional A la nostra cuina pr\u00f2pia, elaborem men\u00fas equilibrats supervisats per una nutricionista-dietista, apostant [&hellip;]<\/p>\n","protected":false},"author":1,"featured_media":0,"parent":816,"menu_order":0,"comment_status":"closed","ping_status":"closed","template":"","meta":{"site-sidebar-layout":"default","site-content-layout":"","ast-site-content-layout":"default","site-content-style":"default","site-sidebar-style":"default","ast-global-header-display":"","ast-banner-title-visibility":"","ast-main-header-display":"","ast-hfb-above-header-display":"","ast-hfb-below-header-display":"","ast-hfb-mobile-header-display":"","site-post-title":"","ast-breadcrumbs-content":"","ast-featured-img":"","footer-sml-layout":"","theme-transparent-header-meta":"","adv-header-id-meta":"","stick-header-meta":"","header-above-stick-meta":"","header-main-stick-meta":"","header-below-stick-meta":"","astra-migrate-meta-layouts":"set","ast-page-background-enabled":"default","ast-page-background-meta":{"desktop":{"background-color":"var(--ast-global-color-4)","background-image":"","background-repeat":"repeat","background-position":"center center","background-size":"auto","background-attachment":"scroll","background-type":"","background-media":"","overlay-type":"","overlay-color":"","overlay-opacity":"","overlay-gradient":""},"tablet":{"background-color":"","background-image":"","background-repeat":"repeat","background-position":"center center","background-size":"auto","background-attachment":"scroll","background-type":"","background-media":"","overlay-type":"","overlay-color":"","overlay-opacity":"","overlay-gradient":""},"mobile":{"background-color":"","background-image":"","background-repeat":"repeat","background-position":"center center","background-size":"auto","background-attachment":"scroll","background-type":"","background-media":"","overlay-type":"","overlay-color":"","overlay-opacity":"","overlay-gradient":""}},"ast-content-background-meta":{"desktop":{"background-color":"var(--ast-global-color-5)","background-image":"","background-repeat":"repeat","background-position":"center center","background-size":"auto","background-attachment":"scroll","background-type":"","background-media":"","overlay-type":"","overlay-color":"","overlay-opacity":"","overlay-gradient":""},"tablet":{"background-color":"var(--ast-global-color-5)","background-image":"","background-repeat":"repeat","background-position":"center center","background-size":"auto","background-attachment":"scroll","background-type":"","background-media":"","overlay-type":"","overlay-color":"","overlay-opacity":"","overlay-gradient":""},"mobile":{"background-color":"var(--ast-global-color-5)","background-image":"","background-repeat":"repeat","background-position":"center center","background-size":"auto","background-attachment":"scroll","background-type":"","background-media":"","overlay-type":"","overlay-color":"","overlay-opacity":"","overlay-gradient":""}},"footnotes":""},"class_list":["post-73","page","type-page","status-publish","hentry"],"post_mailing_queue_ids":[],"_links":{"self":[{"href":"https:\/\/agora.xtec.cat\/esc-guillemvic\/wp-json\/wp\/v2\/pages\/73","targetHints":{"allow":["GET"]}}],"collection":[{"href":"https:\/\/agora.xtec.cat\/esc-guillemvic\/wp-json\/wp\/v2\/pages"}],"about":[{"href":"https:\/\/agora.xtec.cat\/esc-guillemvic\/wp-json\/wp\/v2\/types\/page"}],"author":[{"embeddable":true,"href":"https:\/\/agora.xtec.cat\/esc-guillemvic\/wp-json\/wp\/v2\/users\/1"}],"replies":[{"embeddable":true,"href":"https:\/\/agora.xtec.cat\/esc-guillemvic\/wp-json\/wp\/v2\/comments?post=73"}],"version-history":[{"count":5,"href":"https:\/\/agora.xtec.cat\/esc-guillemvic\/wp-json\/wp\/v2\/pages\/73\/revisions"}],"predecessor-version":[{"id":888,"href":"https:\/\/agora.xtec.cat\/esc-guillemvic\/wp-json\/wp\/v2\/pages\/73\/revisions\/888"}],"up":[{"embeddable":true,"href":"https:\/\/agora.xtec.cat\/esc-guillemvic\/wp-json\/wp\/v2\/pages\/816"}],"wp:attachment":[{"href":"https:\/\/agora.xtec.cat\/esc-guillemvic\/wp-json\/wp\/v2\/media?parent=73"}],"curies":[{"name":"wp","href":"https:\/\/api.w.org\/{rel}","templated":true}]}}