{"id":66,"date":"2014-09-18T12:40:47","date_gmt":"2014-09-18T11:40:47","guid":{"rendered":"https:\/\/agora.xtec.cat\/esc-guillemvic\/?page_id=66"},"modified":"2026-01-27T21:20:12","modified_gmt":"2026-01-27T20:20:12","slug":"serveis","status":"publish","type":"page","link":"https:\/\/agora.xtec.cat\/esc-guillemvic\/serveis\/","title":{"rendered":"AFA"},"content":{"rendered":"<h3><b>AFA de l\u2019Escola Guillem de Mont-rodon<\/b><\/h3>\n<p><span style=\"font-weight: 400;\">L\u2019Associaci\u00f3 de Fam\u00edlies d\u2019Alumnes (AFA) del Guillem \u00e9s l\u2019espai on les fam\u00edlies ens organitzem per participar activament en la vida de l\u2019escola i contribuir al projecte educatiu del centre.<\/span><\/p>\n<p><span style=\"font-weight: 400;\">Treballem conjuntament amb l\u2019equip docent i la direcci\u00f3 per millorar el dia a dia dels infants, donar suport a les fam\u00edlies, impulsar serveis com el menjador i les activitats extraescolars, i fomentar la participaci\u00f3 i la vida comunit\u00e0ria.<\/span><\/p>\n<p><span style=\"font-weight: 400;\">L\u2019AFA som totes les fam\u00edlies de l\u2019escola: les que s\u2019impliquen activament, les que col\u00b7laboren puntualment i les que participen de les activitats que es duen a terme. Cada aportaci\u00f3 suma.<\/span><\/p>\n<h3><b>Participa-hi<\/b><\/h3>\n<p><span style=\"font-weight: 400;\">L\u2019AFA \u00e9s una associaci\u00f3 oberta i viva. Tothom pot participar-hi segons el seu temps i disponibilitat, ja sigui a trav\u00e9s de les comissions o col\u00b7laborant puntualment quan cal.<\/span><\/p>\n<p><b>La for\u00e7a de l\u2019AFA \u00e9s la participaci\u00f3 de les fam\u00edlies.<\/b><\/p>\n","protected":false},"excerpt":{"rendered":"<p>AFA de l\u2019Escola Guillem de Mont-rodon L\u2019Associaci\u00f3 de Fam\u00edlies d\u2019Alumnes (AFA) del Guillem \u00e9s l\u2019espai on les fam\u00edlies ens organitzem per participar activament en la vida de l\u2019escola i contribuir al projecte educatiu del centre. Treballem conjuntament amb l\u2019equip docent i la direcci\u00f3 per millorar el dia a dia dels infants, donar suport a les [&hellip;]<\/p>\n","protected":false},"author":1,"featured_media":0,"parent":0,"menu_order":0,"comment_status":"closed","ping_status":"closed","template":"","meta":{"site-sidebar-layout":"default","site-content-layout":"","ast-site-content-layout":"default","site-content-style":"default","site-sidebar-style":"default","ast-global-header-display":"","ast-banner-title-visibility":"","ast-main-header-display":"","ast-hfb-above-header-display":"","ast-hfb-below-header-display":"","ast-hfb-mobile-header-display":"","site-post-title":"","ast-breadcrumbs-content":"","ast-featured-img":"","footer-sml-layout":"","theme-transparent-header-meta":"","adv-header-id-meta":"","stick-header-meta":"","header-above-stick-meta":"","header-main-stick-meta":"","header-below-stick-meta":"","astra-migrate-meta-layouts":"set","ast-page-background-enabled":"default","ast-page-background-meta":{"desktop":{"background-color":"var(--ast-global-color-4)","background-image":"","background-repeat":"repeat","background-position":"center center","background-size":"auto","background-attachment":"scroll","background-type":"","background-media":"","overlay-type":"","overlay-color":"","overlay-opacity":"","overlay-gradient":""},"tablet":{"background-color":"","background-image":"","background-repeat":"repeat","background-position":"center center","background-size":"auto","background-attachment":"scroll","background-type":"","background-media":"","overlay-type":"","overlay-color":"","overlay-opacity":"","overlay-gradient":""},"mobile":{"background-color":"","background-image":"","background-repeat":"repeat","background-position":"center center","background-size":"auto","background-attachment":"scroll","background-type":"","background-media":"","overlay-type":"","overlay-color":"","overlay-opacity":"","overlay-gradient":""}},"ast-content-background-meta":{"desktop":{"background-color":"var(--ast-global-color-5)","background-image":"","background-repeat":"repeat","background-position":"center center","background-size":"auto","background-attachment":"scroll","background-type":"","background-media":"","overlay-type":"","overlay-color":"","overlay-opacity":"","overlay-gradient":""},"tablet":{"background-color":"var(--ast-global-color-5)","background-image":"","background-repeat":"repeat","background-position":"center center","background-size":"auto","background-attachment":"scroll","background-type":"","background-media":"","overlay-type":"","overlay-color":"","overlay-opacity":"","overlay-gradient":""},"mobile":{"background-color":"var(--ast-global-color-5)","background-image":"","background-repeat":"repeat","background-position":"center center","background-size":"auto","background-attachment":"scroll","background-type":"","background-media":"","overlay-type":"","overlay-color":"","overlay-opacity":"","overlay-gradient":""}},"footnotes":""},"class_list":["post-66","page","type-page","status-publish","hentry"],"post_mailing_queue_ids":[],"_links":{"self":[{"href":"https:\/\/agora.xtec.cat\/esc-guillemvic\/wp-json\/wp\/v2\/pages\/66","targetHints":{"allow":["GET"]}}],"collection":[{"href":"https:\/\/agora.xtec.cat\/esc-guillemvic\/wp-json\/wp\/v2\/pages"}],"about":[{"href":"https:\/\/agora.xtec.cat\/esc-guillemvic\/wp-json\/wp\/v2\/types\/page"}],"author":[{"embeddable":true,"href":"https:\/\/agora.xtec.cat\/esc-guillemvic\/wp-json\/wp\/v2\/users\/1"}],"replies":[{"embeddable":true,"href":"https:\/\/agora.xtec.cat\/esc-guillemvic\/wp-json\/wp\/v2\/comments?post=66"}],"version-history":[{"count":2,"href":"https:\/\/agora.xtec.cat\/esc-guillemvic\/wp-json\/wp\/v2\/pages\/66\/revisions"}],"predecessor-version":[{"id":812,"href":"https:\/\/agora.xtec.cat\/esc-guillemvic\/wp-json\/wp\/v2\/pages\/66\/revisions\/812"}],"wp:attachment":[{"href":"https:\/\/agora.xtec.cat\/esc-guillemvic\/wp-json\/wp\/v2\/media?parent=66"}],"curies":[{"name":"wp","href":"https:\/\/api.w.org\/{rel}","templated":true}]}}