{"id":32,"date":"2014-09-18T12:31:33","date_gmt":"2014-09-18T11:31:33","guid":{"rendered":"https:\/\/agora.xtec.cat\/esc-guillemvic\/?page_id=32"},"modified":"2026-02-01T09:20:19","modified_gmt":"2026-02-01T08:20:19","slug":"calendari-del-curs","status":"publish","type":"page","link":"https:\/\/agora.xtec.cat\/esc-guillemvic\/lescola\/calendari-del-curs\/","title":{"rendered":"Calendari del curs"},"content":{"rendered":"\n<figure class=\"wp-block-image size-large is-resized\" style=\"margin-top:0;margin-bottom:0\"><a href=\"https:\/\/agora.xtec.cat\/esc-guillemvic\/wp-content\/uploads\/usu3482\/2025\/10\/calendari-25-26.jpg\"><img loading=\"lazy\" decoding=\"async\" width=\"724\" height=\"1024\" src=\"https:\/\/agora.xtec.cat\/esc-guillemvic\/wp-content\/uploads\/usu3482\/2025\/10\/calendari-25-26-724x1024.jpg\" alt=\"\" class=\"wp-image-706\" style=\"width:691px;height:auto\" srcset=\"https:\/\/agora.xtec.cat\/esc-guillemvic\/wp-content\/uploads\/usu3482\/2025\/10\/calendari-25-26-724x1024.jpg 724w, https:\/\/agora.xtec.cat\/esc-guillemvic\/wp-content\/uploads\/usu3482\/2025\/10\/calendari-25-26-212x300.jpg 212w, https:\/\/agora.xtec.cat\/esc-guillemvic\/wp-content\/uploads\/usu3482\/2025\/10\/calendari-25-26-768x1086.jpg 768w, https:\/\/agora.xtec.cat\/esc-guillemvic\/wp-content\/uploads\/usu3482\/2025\/10\/calendari-25-26-1086x1536.jpg 1086w, https:\/\/agora.xtec.cat\/esc-guillemvic\/wp-content\/uploads\/usu3482\/2025\/10\/calendari-25-26.jpg 1240w\" sizes=\"auto, (max-width: 724px) 100vw, 724px\" \/><\/a><\/figure>\n\n\n\n<h4 class=\"wp-block-heading has-medium-font-size\"><strong>Inici de curs:<\/strong><\/h4>\n\n\n\n<p>8 de setembre de 2025<\/p>\n\n\n\n<p class=\"has-medium-font-size\"><strong><strong>Festes locals:<\/strong><\/strong><\/p>\n\n\n\n<ul class=\"wp-block-list\">\n<li>25 de maig de 2026<\/li>\n\n\n\n<li>6 de juliol de 2026<\/li>\n<\/ul>\n\n\n\n<h4 class=\"wp-block-heading has-medium-font-size\"><strong>Vacances:<\/strong><\/h4>\n\n\n\n<ul class=\"wp-block-list\">\n<li>Del 22 de desembre de 2025 al 7 de gener de 2026&nbsp; (ambd\u00f3s inclosos)<\/li>\n\n\n\n<li>Del 28 de mar\u00e7 al 6 d&#8217;abril de 2026 (ambd\u00f3s inclosos)<\/li>\n\n\n\n<li>A partir del 20 de juny de 2026.<\/li>\n<\/ul>\n\n\n\n<h4 class=\"wp-block-heading has-medium-font-size\"><strong>Dies festius de lliure disposici\u00f3:<\/strong><\/h4>\n\n\n\n<ul class=\"wp-block-list\">\n<li>10 d&#8217;octubre de 2025<\/li>\n\n\n\n<li>3 de novembre de 2025<\/li>\n\n\n\n<li>5 de desembre de 2025<\/li>\n\n\n\n<li>16 de febrer de 2026<\/li>\n\n\n\n<li>30 d&#8217;abril de 2026<\/li>\n<\/ul>\n\n\n\n<h4 class=\"wp-block-heading has-medium-font-size\"><strong>Jornada intensiva:<\/strong><\/h4>\n\n\n\n<ul class=\"wp-block-list\">\n<li>19 de desembre de 2025<\/li>\n\n\n\n<li>27 de mar\u00e7 de 2026<\/li>\n\n\n\n<li>8 al 19 de juny de 2026 (ambd\u00f3s inclosos)<\/li>\n<\/ul>\n\n\n\n<p>L\u2019<b>horari lectiu<\/b>\u00a0del centre \u00e9s de 09:00h a 13:00h i de 15:00h a 17:00h per a tots els alumnes del centre. Durant la jornada intensiva l&#8217;horari \u00e9s de 09:00h a 13:00 h (Els alumnes que utilitzen el servei de menjador surten a les 15:00h)<\/p>\n\n\n\n<p>Per als alumnes que inicien l\u2019escolaritzaci\u00f3 a I3 s\u2019organitza un breu per\u00edode d\u2019adaptaci\u00f3 que suposa una certa modificaci\u00f3 dels horaris dels primers dies de classe, i que es fa saber a les fam\u00edlies en les reunions pr\u00e8vies corresponents.<\/p>\n\n\n\n<p><\/p>\n","protected":false},"excerpt":{"rendered":"<p>Inici de curs: 8 de setembre de 2025 Festes locals: Vacances: Dies festius de lliure disposici\u00f3: Jornada intensiva: L\u2019horari lectiu\u00a0del centre \u00e9s de 09:00h a 13:00h i de 15:00h a 17:00h per a tots els alumnes del centre. Durant la jornada intensiva l&#8217;horari \u00e9s de 09:00h a 13:00 h (Els alumnes que utilitzen el servei [&hellip;]<\/p>\n","protected":false},"author":1,"featured_media":0,"parent":22,"menu_order":50,"comment_status":"closed","ping_status":"closed","template":"","meta":{"site-sidebar-layout":"default","site-content-layout":"","ast-site-content-layout":"default","site-content-style":"default","site-sidebar-style":"default","ast-global-header-display":"","ast-banner-title-visibility":"","ast-main-header-display":"","ast-hfb-above-header-display":"","ast-hfb-below-header-display":"","ast-hfb-mobile-header-display":"","site-post-title":"","ast-breadcrumbs-content":"","ast-featured-img":"","footer-sml-layout":"","theme-transparent-header-meta":"","adv-header-id-meta":"","stick-header-meta":"","header-above-stick-meta":"","header-main-stick-meta":"","header-below-stick-meta":"","astra-migrate-meta-layouts":"set","ast-page-background-enabled":"default","ast-page-background-meta":{"desktop":{"background-color":"var(--ast-global-color-4)","background-image":"","background-repeat":"repeat","background-position":"center center","background-size":"auto","background-attachment":"scroll","background-type":"","background-media":"","overlay-type":"","overlay-color":"","overlay-opacity":"","overlay-gradient":""},"tablet":{"background-color":"","background-image":"","background-repeat":"repeat","background-position":"center center","background-size":"auto","background-attachment":"scroll","background-type":"","background-media":"","overlay-type":"","overlay-color":"","overlay-opacity":"","overlay-gradient":""},"mobile":{"background-color":"","background-image":"","background-repeat":"repeat","background-position":"center center","background-size":"auto","background-attachment":"scroll","background-type":"","background-media":"","overlay-type":"","overlay-color":"","overlay-opacity":"","overlay-gradient":""}},"ast-content-background-meta":{"desktop":{"background-color":"var(--ast-global-color-5)","background-image":"","background-repeat":"repeat","background-position":"center center","background-size":"auto","background-attachment":"scroll","background-type":"","background-media":"","overlay-type":"","overlay-color":"","overlay-opacity":"","overlay-gradient":""},"tablet":{"background-color":"var(--ast-global-color-5)","background-image":"","background-repeat":"repeat","background-position":"center center","background-size":"auto","background-attachment":"scroll","background-type":"","background-media":"","overlay-type":"","overlay-color":"","overlay-opacity":"","overlay-gradient":""},"mobile":{"background-color":"var(--ast-global-color-5)","background-image":"","background-repeat":"repeat","background-position":"center center","background-size":"auto","background-attachment":"scroll","background-type":"","background-media":"","overlay-type":"","overlay-color":"","overlay-opacity":"","overlay-gradient":""}},"footnotes":""},"class_list":["post-32","page","type-page","status-publish","hentry"],"post_mailing_queue_ids":[],"_links":{"self":[{"href":"https:\/\/agora.xtec.cat\/esc-guillemvic\/wp-json\/wp\/v2\/pages\/32","targetHints":{"allow":["GET"]}}],"collection":[{"href":"https:\/\/agora.xtec.cat\/esc-guillemvic\/wp-json\/wp\/v2\/pages"}],"about":[{"href":"https:\/\/agora.xtec.cat\/esc-guillemvic\/wp-json\/wp\/v2\/types\/page"}],"author":[{"embeddable":true,"href":"https:\/\/agora.xtec.cat\/esc-guillemvic\/wp-json\/wp\/v2\/users\/1"}],"replies":[{"embeddable":true,"href":"https:\/\/agora.xtec.cat\/esc-guillemvic\/wp-json\/wp\/v2\/comments?post=32"}],"version-history":[{"count":6,"href":"https:\/\/agora.xtec.cat\/esc-guillemvic\/wp-json\/wp\/v2\/pages\/32\/revisions"}],"predecessor-version":[{"id":873,"href":"https:\/\/agora.xtec.cat\/esc-guillemvic\/wp-json\/wp\/v2\/pages\/32\/revisions\/873"}],"up":[{"embeddable":true,"href":"https:\/\/agora.xtec.cat\/esc-guillemvic\/wp-json\/wp\/v2\/pages\/22"}],"wp:attachment":[{"href":"https:\/\/agora.xtec.cat\/esc-guillemvic\/wp-json\/wp\/v2\/media?parent=32"}],"curies":[{"name":"wp","href":"https:\/\/api.w.org\/{rel}","templated":true}]}}