{"id":28,"date":"2014-09-18T12:29:35","date_gmt":"2014-09-18T11:29:35","guid":{"rendered":"https:\/\/agora.xtec.cat\/esc-guillemvic\/?page_id=28"},"modified":"2026-02-05T10:05:39","modified_gmt":"2026-02-05T09:05:39","slug":"consell-escolar","status":"publish","type":"page","link":"https:\/\/agora.xtec.cat\/esc-guillemvic\/lescola\/consell-escolar\/","title":{"rendered":"Equip docent i professionals del centre"},"content":{"rendered":"\n<figure class=\"wp-block-image size-large is-resized\"><a href=\"https:\/\/agora.xtec.cat\/esc-guillemvic\/wp-content\/uploads\/usu3482\/2025\/10\/Equip-docent-25-26.jpeg\"><img loading=\"lazy\" decoding=\"async\" width=\"1024\" height=\"599\" src=\"https:\/\/agora.xtec.cat\/esc-guillemvic\/wp-content\/uploads\/usu3482\/2025\/10\/Equip-docent-25-26-1024x599.jpeg\" alt=\"\" class=\"wp-image-732\" style=\"width:839px;height:auto\" srcset=\"https:\/\/agora.xtec.cat\/esc-guillemvic\/wp-content\/uploads\/usu3482\/2025\/10\/Equip-docent-25-26-1024x599.jpeg 1024w, https:\/\/agora.xtec.cat\/esc-guillemvic\/wp-content\/uploads\/usu3482\/2025\/10\/Equip-docent-25-26-300x175.jpeg 300w, https:\/\/agora.xtec.cat\/esc-guillemvic\/wp-content\/uploads\/usu3482\/2025\/10\/Equip-docent-25-26-768x449.jpeg 768w, https:\/\/agora.xtec.cat\/esc-guillemvic\/wp-content\/uploads\/usu3482\/2025\/10\/Equip-docent-25-26-1536x898.jpeg 1536w, https:\/\/agora.xtec.cat\/esc-guillemvic\/wp-content\/uploads\/usu3482\/2025\/10\/Equip-docent-25-26.jpeg 1633w\" sizes=\"auto, (max-width: 1024px) 100vw, 1024px\" \/><\/a><\/figure>\n\n\n\n<h2 class=\"wp-block-heading has-medium-font-size\">Educaci\u00f3 Infantil<\/h2>\n\n\n\n<ul class=\"wp-block-list\">\n<li><strong>I3I4 A<\/strong>: Neus Viladecans nviladec@escolaguillem.cat<\/li>\n\n\n\n<li><strong>I3I4 B<\/strong>: Carme Mas mmas2243@escolaguillem.cat<\/li>\n\n\n\n<li><strong>I3I4 C<\/strong>: Eva Horno ehorno@escolaguillem.cat<\/li>\n\n\n\n<li><strong>I3I4 D<\/strong>: Teresa Carreras tcarrera@escolaguillem.cat<\/li>\n\n\n\n<li>I<strong>5 A<\/strong>: Carme Gallardo cgallar6@escolaguillem.cat<\/li>\n\n\n\n<li><strong>I5 B<\/strong>: Judit Capdevila&nbsp; jcapde33@escolaguillem.cat<\/li>\n\n\n\n<li><strong>Mestres de suport al cicle<\/strong>: M\u00f2nica Homs, Vicky Gasch, Neus Palomar, Rosa Maria Comellas, Carla Nogu\u00e9 i Irene Alongina.<\/li>\n<\/ul>\n\n\n\n<h2 class=\"wp-block-heading has-medium-font-size\">Cicle Inicial<\/h2>\n\n\n\n<ul class=\"wp-block-list\">\n<li><strong>1r A<\/strong>: Mariona Caralt&nbsp; &nbsp;mcaralt2@escolaguillem.cat<\/li>\n\n\n\n<li><strong>1r B<\/strong>: Andrea Ruiz&nbsp; &nbsp;aruiz73@escolaguillem.cat<\/li>\n\n\n\n<li><strong>2n A<\/strong>: Merc\u00e8 Dav\u00ed&nbsp; &nbsp;mdavi2@escolaguillem.cat<\/li>\n\n\n\n<li><strong>2n B<\/strong>: Sandra De Planell\u00a0 \u00a0splanell@escolaguillem.cat<\/li>\n\n\n\n<li><strong>Mestres especialistes i de suport al cicle: <\/strong>Meritxell Portet, Marta Agraz, Albert Barret, Rafa Pe\u00f1a, Mireia Castell\u00e0, Anna Portol\u00e9s,&nbsp;Anna Are\u00f1as, Marta Pujol i Jordi Borr\u00e0s.<\/li>\n<\/ul>\n\n\n\n<h2 class=\"wp-block-heading has-medium-font-size\">Cicle Mitj\u00e0<\/h2>\n\n\n\n<ul class=\"wp-block-list\">\n<li><strong>3r A<\/strong>: S\u00edlvia Ferrer&nbsp; &nbsp;sferre7@escolaguillem.cat<\/li>\n\n\n\n<li><strong>3r B<\/strong>:&nbsp;Josep Llu\u00eds Font&nbsp; &nbsp;jfont23@escolaguillem.cat<\/li>\n\n\n\n<li><strong>4t A<\/strong>: Ramon Redorta&nbsp;&nbsp; &nbsp;rredorta@escolaguillem.cat<\/li>\n\n\n\n<li><strong>4t B<\/strong>: Arian Jorquera&nbsp; &nbsp; &nbsp;ajorquer@escolaguillem.cat<\/li>\n\n\n\n<li><strong>Mestres especialistes i de suport al cicle:<\/strong> Marta Agraz,&nbsp;Meritxell Portet&nbsp;(3r), Isabel Llanas (4t), Albert Barret, Anna Are\u00f1as, Laia Aguilar, Alba Grau i Ester Ortega.<\/li>\n<\/ul>\n\n\n\n<h2 class=\"wp-block-heading has-medium-font-size\">Cicle Superior<\/h2>\n\n\n\n<ul class=\"wp-block-list\">\n<li><strong>5\u00e8 A: <\/strong>Dolors Villanueva&nbsp; &nbsp;mvilla62@escolaguillem.cat<\/li>\n\n\n\n<li><strong>5\u00e8 B: <\/strong>Eva Arrufat&nbsp; &nbsp; earrufa2@escolaguillem.cat<\/li>\n\n\n\n<li><strong>6\u00e8 A: <\/strong>Eli Parareda&nbsp; &nbsp;eparared@escolaguillem.cat<\/li>\n\n\n\n<li><strong>6\u00e8 B<\/strong>:&nbsp;Alba Garc\u00eda&nbsp;&nbsp; &nbsp;agarc567@escolaguillem.cat<\/li>\n\n\n\n<li><strong>Mestres especialistes i de suport al cicle:<\/strong> Isabel Llanas, Marga Pou, Albert Barret, Jordi Borr\u00e0s,&nbsp;Laia Aguilar i Anna Are\u00f1as.<\/li>\n<\/ul>\n\n\n\n<h2 class=\"wp-block-heading has-medium-font-size\">Equip MESI (<em>Suport a la Inclusi\u00f3<\/em>)<\/h2>\n\n\n\n<ul class=\"wp-block-list\">\n<li><strong>Mestres d&#8217;Educaci\u00f3 Especial<\/strong>: Neus Palomar, Rafa Pe\u00f1a i Laia Aguilar<\/li>\n\n\n\n<li><strong>Aula d&#8217;Acollida:<\/strong> Alba Grau<\/li>\n\n\n\n<li><strong>Audici\u00f3 i Llenguatge:<\/strong> Irene Alongina i Mireia Castell\u00e0<\/li>\n\n\n\n<li><strong>SIEI<\/strong>: Marta Pujol i Ester Ortega<\/li>\n\n\n\n<li><strong>AIS:<\/strong> Jaume Esp\u00ed<\/li>\n\n\n\n<li><strong>Educadors: <\/strong>Dolors Garc\u00eda i Roger Fontanals<\/li>\n\n\n\n<li><strong>Auxiliar d&#8217;Educaci\u00f3 Especial<\/strong>: Anna Vilar<\/li>\n\n\n\n<li><strong>T\u00e8cnic\/a especialista d&#8217;Educaci\u00f3 Infantil (TEEI)<\/strong>: Mireia Aragon\u00e8s<\/li>\n\n\n\n<li><strong>Monitores de suport: <\/strong>Pilar S\u00e1nchez, Roser Sadurn\u00ed, Roser Sentmart\u00ed, Maria Jos\u00e9 Estrada i Maria Coma<\/li>\n\n\n\n<li><strong>Equip d\u2019assessorament i orientaci\u00f3 psicopedag\u00f2gic (EAP):<\/strong> Gemma Comas<\/li>\n\n\n\n<li><strong>Serveis Socials:<\/strong> Cesca Morera<\/li>\n<\/ul>\n\n\n\n<h2 class=\"wp-block-heading has-medium-font-size\">Coordinacions<\/h2>\n\n\n\n<ul class=\"wp-block-list\">\n<li><strong>Educaci\u00f3 infantil:<\/strong> M\u00f2nica Homs<\/li>\n\n\n\n<li><strong>Cicle inicial:<\/strong> Mariona Caralt<\/li>\n\n\n\n<li><strong>Cicle mitj\u00e0:<\/strong>&nbsp;Marta Agraz<\/li>\n\n\n\n<li><strong>Cicle superior: <\/strong>Dolors Villanueva<\/li>\n\n\n\n<li><strong>Coordinadora de riscos laborals:<\/strong> Judit Capdevila<\/li>\n\n\n\n<li><strong>Coordinadora ling\u00fc\u00edstica (LIC):<\/strong> Isabel Llanas<\/li>\n\n\n\n<li><strong>Coordinador de Tecnologies d&#8217;Aprenentatge i Coneixement (TAC): <\/strong>Josep Llu\u00eds Font<\/li>\n\n\n\n<li><strong>Coordinadora de coeducaci\u00f3, conviv\u00e8ncia i benestar de l\u2019alumnat (COCOBE)<\/strong>: Marta Pujol<\/li>\n<\/ul>\n\n\n\n<h2 class=\"wp-block-heading has-medium-font-size\">C\u00e0rrecs equip directiu<\/h2>\n\n\n\n<ul class=\"wp-block-list\">\n<li><strong>Directora:<\/strong> Vicky Gasch<\/li>\n\n\n\n<li><strong>Cap d\u2019estudis:<\/strong> Jordi Borr\u00e0s<\/li>\n\n\n\n<li><strong>Secretari:<\/strong> Rafa Pe\u00f1a<\/li>\n<\/ul>\n\n\n\n<h2 class=\"wp-block-heading has-medium-font-size\">Altres professionals<\/h2>\n\n\n\n<ul class=\"wp-block-list\">\n<li><strong>Administrativa:<\/strong>&nbsp;M. Carme Molist<\/li>\n\n\n\n<li><strong>Conserge:<\/strong> Dani Agramunt<\/li>\n\n\n\n<li><strong>Personal de neteja:<\/strong> Carme P\u00e9rez, Agustina Mi\u00f1arro i Mar Heredia<\/li>\n<\/ul>\n","protected":false},"excerpt":{"rendered":"<p>Educaci\u00f3 Infantil Cicle Inicial Cicle Mitj\u00e0 Cicle Superior Equip MESI (Suport a la Inclusi\u00f3) Coordinacions C\u00e0rrecs equip directiu Altres professionals<\/p>\n","protected":false},"author":1,"featured_media":0,"parent":22,"menu_order":30,"comment_status":"closed","ping_status":"closed","template":"","meta":{"site-sidebar-layout":"default","site-content-layout":"","ast-site-content-layout":"default","site-content-style":"default","site-sidebar-style":"default","ast-global-header-display":"","ast-banner-title-visibility":"","ast-main-header-display":"","ast-hfb-above-header-display":"","ast-hfb-below-header-display":"","ast-hfb-mobile-header-display":"","site-post-title":"","ast-breadcrumbs-content":"","ast-featured-img":"","footer-sml-layout":"","theme-transparent-header-meta":"","adv-header-id-meta":"","stick-header-meta":"","header-above-stick-meta":"","header-main-stick-meta":"","header-below-stick-meta":"","astra-migrate-meta-layouts":"set","ast-page-background-enabled":"default","ast-page-background-meta":{"desktop":{"background-color":"var(--ast-global-color-4)","background-image":"","background-repeat":"repeat","background-position":"center center","background-size":"auto","background-attachment":"scroll","background-type":"","background-media":"","overlay-type":"","overlay-color":"","overlay-opacity":"","overlay-gradient":""},"tablet":{"background-color":"","background-image":"","background-repeat":"repeat","background-position":"center center","background-size":"auto","background-attachment":"scroll","background-type":"","background-media":"","overlay-type":"","overlay-color":"","overlay-opacity":"","overlay-gradient":""},"mobile":{"background-color":"","background-image":"","background-repeat":"repeat","background-position":"center center","background-size":"auto","background-attachment":"scroll","background-type":"","background-media":"","overlay-type":"","overlay-color":"","overlay-opacity":"","overlay-gradient":""}},"ast-content-background-meta":{"desktop":{"background-color":"var(--ast-global-color-5)","background-image":"","background-repeat":"repeat","background-position":"center center","background-size":"auto","background-attachment":"scroll","background-type":"","background-media":"","overlay-type":"","overlay-color":"","overlay-opacity":"","overlay-gradient":""},"tablet":{"background-color":"var(--ast-global-color-5)","background-image":"","background-repeat":"repeat","background-position":"center center","background-size":"auto","background-attachment":"scroll","background-type":"","background-media":"","overlay-type":"","overlay-color":"","overlay-opacity":"","overlay-gradient":""},"mobile":{"background-color":"var(--ast-global-color-5)","background-image":"","background-repeat":"repeat","background-position":"center center","background-size":"auto","background-attachment":"scroll","background-type":"","background-media":"","overlay-type":"","overlay-color":"","overlay-opacity":"","overlay-gradient":""}},"footnotes":""},"class_list":["post-28","page","type-page","status-publish","hentry"],"post_mailing_queue_ids":[],"_links":{"self":[{"href":"https:\/\/agora.xtec.cat\/esc-guillemvic\/wp-json\/wp\/v2\/pages\/28","targetHints":{"allow":["GET"]}}],"collection":[{"href":"https:\/\/agora.xtec.cat\/esc-guillemvic\/wp-json\/wp\/v2\/pages"}],"about":[{"href":"https:\/\/agora.xtec.cat\/esc-guillemvic\/wp-json\/wp\/v2\/types\/page"}],"author":[{"embeddable":true,"href":"https:\/\/agora.xtec.cat\/esc-guillemvic\/wp-json\/wp\/v2\/users\/1"}],"replies":[{"embeddable":true,"href":"https:\/\/agora.xtec.cat\/esc-guillemvic\/wp-json\/wp\/v2\/comments?post=28"}],"version-history":[{"count":6,"href":"https:\/\/agora.xtec.cat\/esc-guillemvic\/wp-json\/wp\/v2\/pages\/28\/revisions"}],"predecessor-version":[{"id":999,"href":"https:\/\/agora.xtec.cat\/esc-guillemvic\/wp-json\/wp\/v2\/pages\/28\/revisions\/999"}],"up":[{"embeddable":true,"href":"https:\/\/agora.xtec.cat\/esc-guillemvic\/wp-json\/wp\/v2\/pages\/22"}],"wp:attachment":[{"href":"https:\/\/agora.xtec.cat\/esc-guillemvic\/wp-json\/wp\/v2\/media?parent=28"}],"curies":[{"name":"wp","href":"https:\/\/api.w.org\/{rel}","templated":true}]}}