{"id":1122,"date":"2026-03-29T10:24:16","date_gmt":"2026-03-29T08:24:16","guid":{"rendered":"https:\/\/agora.xtec.cat\/esc-guillemvic\/?page_id=1122"},"modified":"2026-03-29T10:34:45","modified_gmt":"2026-03-29T08:34:45","slug":"informacio-i-gestio-de-serveis","status":"publish","type":"page","link":"https:\/\/agora.xtec.cat\/esc-guillemvic\/serveis\/serveis-afa\/informacio-i-gestio-de-serveis\/","title":{"rendered":"Informaci\u00f3 i gesti\u00f3 de serveis"},"content":{"rendered":"\n<p>L\u2019AFA de l\u2019Escola Guillem de Mont-rodon posa a disposici\u00f3 de les fam\u00edlies diferents eines per facilitar la gesti\u00f3 dels serveis i activitats.<\/p>\n\n\n\n<p><strong>Pagaments en l\u00ednia<\/strong><\/p>\n\n\n\n<p>L\u2019AFA disposa d\u2019un sistema de pagament en l\u00ednia (TPV virtual), accessible a trav\u00e9s de la web del centre i de la plataforma Tellfy.<\/p>\n\n\n\n<p>\ud83d\udc49 Accedeix al TPV virtual de l\u2019AFA: <a href=\"https:\/\/afaguillem.tpvweb.com\" target=\"_blank\" rel=\"noreferrer noopener\">https:\/\/afaguillem.tpvweb.com<\/a><\/p>\n\n\n\n<p><strong>Informaci\u00f3 de serveis i tarifes<\/strong><\/p>\n\n\n\n<p>Podeu consultar el d\u00edptic informatiu amb el detall dels serveis i les tarifes orientatives:<\/p>\n\n\n\n<p>\ud83d\udc49 <a href=\"https:\/\/agora.xtec.cat\/esc-guillemvic\/wp-content\/uploads\/usu3482\/2026\/03\/AFA_DipticPortesObertes_2026_digital_v4-2.pdf\" data-type=\"link\" data-id=\"https:\/\/agora.xtec.cat\/esc-guillemvic\/wp-content\/uploads\/usu3482\/2026\/03\/AFA_DipticPortesObertes_2026_digital_v4-2.pdf\" target=\"_blank\" rel=\"noreferrer noopener\">Descarrega el d\u00edptic de l\u2019AFA<\/a><\/p>\n\n\n\n<p><i>Les tarifes poden estar subjectes a modificacions segons el curs escolar.<\/i><\/p>\n\n\n\n<p><\/p>\n","protected":false},"excerpt":{"rendered":"<p>L\u2019AFA de l\u2019Escola Guillem de Mont-rodon posa a disposici\u00f3 de les fam\u00edlies diferents eines per facilitar la gesti\u00f3 dels serveis i activitats. Pagaments en l\u00ednia L\u2019AFA disposa d\u2019un sistema de pagament en l\u00ednia (TPV virtual), accessible a trav\u00e9s de la web del centre i de la plataforma Tellfy. \ud83d\udc49 Accedeix al TPV virtual de l\u2019AFA: [&hellip;]<\/p>\n","protected":false},"author":1,"featured_media":0,"parent":816,"menu_order":50,"comment_status":"closed","ping_status":"closed","template":"","meta":{"site-sidebar-layout":"default","site-content-layout":"","ast-site-content-layout":"default","site-content-style":"default","site-sidebar-style":"default","ast-global-header-display":"","ast-banner-title-visibility":"","ast-main-header-display":"","ast-hfb-above-header-display":"","ast-hfb-below-header-display":"","ast-hfb-mobile-header-display":"","site-post-title":"","ast-breadcrumbs-content":"","ast-featured-img":"","footer-sml-layout":"","theme-transparent-header-meta":"","adv-header-id-meta":"","stick-header-meta":"","header-above-stick-meta":"","header-main-stick-meta":"","header-below-stick-meta":"","astra-migrate-meta-layouts":"set","ast-page-background-enabled":"default","ast-page-background-meta":{"desktop":{"background-color":"var(--ast-global-color-4)","background-image":"","background-repeat":"repeat","background-position":"center center","background-size":"auto","background-attachment":"scroll","background-type":"","background-media":"","overlay-type":"","overlay-color":"","overlay-opacity":"","overlay-gradient":""},"tablet":{"background-color":"","background-image":"","background-repeat":"repeat","background-position":"center center","background-size":"auto","background-attachment":"scroll","background-type":"","background-media":"","overlay-type":"","overlay-color":"","overlay-opacity":"","overlay-gradient":""},"mobile":{"background-color":"","background-image":"","background-repeat":"repeat","background-position":"center center","background-size":"auto","background-attachment":"scroll","background-type":"","background-media":"","overlay-type":"","overlay-color":"","overlay-opacity":"","overlay-gradient":""}},"ast-content-background-meta":{"desktop":{"background-color":"var(--ast-global-color-5)","background-image":"","background-repeat":"repeat","background-position":"center center","background-size":"auto","background-attachment":"scroll","background-type":"","background-media":"","overlay-type":"","overlay-color":"","overlay-opacity":"","overlay-gradient":""},"tablet":{"background-color":"var(--ast-global-color-5)","background-image":"","background-repeat":"repeat","background-position":"center center","background-size":"auto","background-attachment":"scroll","background-type":"","background-media":"","overlay-type":"","overlay-color":"","overlay-opacity":"","overlay-gradient":""},"mobile":{"background-color":"var(--ast-global-color-5)","background-image":"","background-repeat":"repeat","background-position":"center center","background-size":"auto","background-attachment":"scroll","background-type":"","background-media":"","overlay-type":"","overlay-color":"","overlay-opacity":"","overlay-gradient":""}},"footnotes":""},"class_list":["post-1122","page","type-page","status-publish","hentry"],"post_mailing_queue_ids":[],"_links":{"self":[{"href":"https:\/\/agora.xtec.cat\/esc-guillemvic\/wp-json\/wp\/v2\/pages\/1122","targetHints":{"allow":["GET"]}}],"collection":[{"href":"https:\/\/agora.xtec.cat\/esc-guillemvic\/wp-json\/wp\/v2\/pages"}],"about":[{"href":"https:\/\/agora.xtec.cat\/esc-guillemvic\/wp-json\/wp\/v2\/types\/page"}],"author":[{"embeddable":true,"href":"https:\/\/agora.xtec.cat\/esc-guillemvic\/wp-json\/wp\/v2\/users\/1"}],"replies":[{"embeddable":true,"href":"https:\/\/agora.xtec.cat\/esc-guillemvic\/wp-json\/wp\/v2\/comments?post=1122"}],"version-history":[{"count":2,"href":"https:\/\/agora.xtec.cat\/esc-guillemvic\/wp-json\/wp\/v2\/pages\/1122\/revisions"}],"predecessor-version":[{"id":1127,"href":"https:\/\/agora.xtec.cat\/esc-guillemvic\/wp-json\/wp\/v2\/pages\/1122\/revisions\/1127"}],"up":[{"embeddable":true,"href":"https:\/\/agora.xtec.cat\/esc-guillemvic\/wp-json\/wp\/v2\/pages\/816"}],"wp:attachment":[{"href":"https:\/\/agora.xtec.cat\/esc-guillemvic\/wp-json\/wp\/v2\/media?parent=1122"}],"curies":[{"name":"wp","href":"https:\/\/api.w.org\/{rel}","templated":true}]}}